{"id":4127,"date":"2021-03-22T14:45:25","date_gmt":"2021-03-22T13:45:25","guid":{"rendered":"https:\/\/insieme.ch\/produit\/so-viel-schutz-wie-ich-brauche\/"},"modified":"2024-07-16T16:34:25","modified_gmt":"2024-07-16T14:34:25","slug":"la-protection-dont-jai-besoin","status":"publish","type":"product","link":"https:\/\/insieme.ch\/fr\/produit\/la-protection-dont-jai-besoin\/","title":{"rendered":"\u00ab&#160;La protection dont j\u2019ai besoin\u2026&#160;\u00bb"},"content":{"rendered":"<p>Le nouveau droit de la protection de l\u2019adulte modifie le syst\u00e8me des curatelles. La brochure explique les enjeux du nouveau droit afin d\u2019 aider les parents \u00e0 offrir le meilleur soutien possible \u00e0 leur enfant.<\/p>\n","protected":false},"excerpt":{"rendered":"<p>\u00abLa protection dont j\u2019ai besoin\u2026 \u00bb: les aspects concernant les personnes mentalement handicap\u00e9es et leurs proches, insieme Suisse, 2012, 30 pages. Brochure r\u00e9alis\u00e9e avec le soutien de l\u2019association Cerebral.<\/p>\n<p><strong>Nous sommes en train d\u2019actualiser la publication !<\/strong><\/p>\n","protected":false},"featured_media":4126,"template":"","meta":{"_acf_changed":false},"product_brand":[],"product_cat":[150],"product_tag":[],"class_list":{"0":"post-4127","1":"product","2":"type-product","3":"status-publish","4":"has-post-thumbnail","6":"product_cat-publication","7":"wp-sticky","9":"first","10":"instock","11":"shipping-taxable","12":"purchasable","13":"product-type-variable"},"acf":[],"yoast_head":"<!-- This site is optimized with the Yoast SEO plugin v27.3 - https:\/\/yoast.com\/product\/yoast-seo-wordpress\/ -->\n<title>\u00abLa protection dont j\u2019ai besoin\u2026\u00bb<\/title>\n<meta name=\"robots\" content=\"index, follow, max-snippet:-1, max-image-preview:large, max-video-preview:-1\" \/>\n<link rel=\"canonical\" href=\"https:\/\/insieme.ch\/fr\/produit\/la-protection-dont-jai-besoin\/\" \/>\n<meta property=\"og:locale\" content=\"fr_FR\" \/>\n<meta property=\"og:type\" content=\"article\" \/>\n<meta property=\"og:title\" content=\"\u00abLa protection dont j\u2019ai besoin\u2026\u00bb\" \/>\n<meta property=\"og:description\" content=\"\u00abLa protection dont j\u2019ai besoin\u2026 \u00bb: les aspects concernant les personnes mentalement handicap\u00e9es et leurs proches, insieme Suisse, 2012, 30 pages. Brochure r\u00e9alis\u00e9e avec le soutien de l\u2019association Cerebral.  Nous sommes en train d\u2019actualiser la publication !\" \/>\n<meta property=\"og:url\" content=\"https:\/\/insieme.ch\/fr\/produit\/la-protection-dont-jai-besoin\/\" \/>\n<meta property=\"og:site_name\" content=\"insieme.ch\" \/>\n<meta property=\"article:modified_time\" content=\"2024-07-16T14:34:25+00:00\" \/>\n<meta property=\"og:image\" content=\"https:\/\/insieme.ch\/wp-inside\/uploads\/2021\/03\/la-protection-dont-j-ai-besoin.png\" \/>\n\t<meta property=\"og:image:width\" content=\"583\" \/>\n\t<meta property=\"og:image:height\" content=\"825\" \/>\n\t<meta property=\"og:image:type\" content=\"image\/png\" \/>\n<meta name=\"twitter:card\" content=\"summary_large_image\" \/>\n<script type=\"application\/ld+json\" class=\"yoast-schema-graph\">{\"@context\":\"https:\\\/\\\/schema.org\",\"@graph\":[{\"@type\":\"WebPage\",\"@id\":\"https:\\\/\\\/insieme.ch\\\/fr\\\/produit\\\/la-protection-dont-jai-besoin\\\/\",\"url\":\"https:\\\/\\\/insieme.ch\\\/fr\\\/produit\\\/la-protection-dont-jai-besoin\\\/\",\"name\":\"\u00abLa protection dont j\u2019ai besoin\u2026\u00bb\",\"isPartOf\":{\"@id\":\"https:\\\/\\\/insieme.ch\\\/fr\\\/#website\"},\"primaryImageOfPage\":{\"@id\":\"https:\\\/\\\/insieme.ch\\\/fr\\\/produit\\\/la-protection-dont-jai-besoin\\\/#primaryimage\"},\"image\":{\"@id\":\"https:\\\/\\\/insieme.ch\\\/fr\\\/produit\\\/la-protection-dont-jai-besoin\\\/#primaryimage\"},\"thumbnailUrl\":\"https:\\\/\\\/insieme.ch\\\/wp-inside\\\/uploads\\\/2021\\\/03\\\/la-protection-dont-j-ai-besoin.png\",\"datePublished\":\"2021-03-22T13:45:25+00:00\",\"dateModified\":\"2024-07-16T14:34:25+00:00\",\"breadcrumb\":{\"@id\":\"https:\\\/\\\/insieme.ch\\\/fr\\\/produit\\\/la-protection-dont-jai-besoin\\\/#breadcrumb\"},\"inLanguage\":\"fr-FR\",\"potentialAction\":[{\"@type\":\"ReadAction\",\"target\":[\"https:\\\/\\\/insieme.ch\\\/fr\\\/produit\\\/la-protection-dont-jai-besoin\\\/\"]}]},{\"@type\":\"ImageObject\",\"inLanguage\":\"fr-FR\",\"@id\":\"https:\\\/\\\/insieme.ch\\\/fr\\\/produit\\\/la-protection-dont-jai-besoin\\\/#primaryimage\",\"url\":\"https:\\\/\\\/insieme.ch\\\/wp-inside\\\/uploads\\\/2021\\\/03\\\/la-protection-dont-j-ai-besoin.png\",\"contentUrl\":\"https:\\\/\\\/insieme.ch\\\/wp-inside\\\/uploads\\\/2021\\\/03\\\/la-protection-dont-j-ai-besoin.png\",\"width\":583,\"height\":825},{\"@type\":\"BreadcrumbList\",\"@id\":\"https:\\\/\\\/insieme.ch\\\/fr\\\/produit\\\/la-protection-dont-jai-besoin\\\/#breadcrumb\",\"itemListElement\":[{\"@type\":\"ListItem\",\"position\":1,\"name\":\"Accueil\",\"item\":\"https:\\\/\\\/insieme.ch\\\/fr\\\/\"},{\"@type\":\"ListItem\",\"position\":2,\"name\":\"Publications\",\"item\":\"https:\\\/\\\/insieme.ch\\\/fr\\\/a-propos\\\/publications\\\/\"},{\"@type\":\"ListItem\",\"position\":3,\"name\":\"Publication\",\"item\":\"https:\\\/\\\/insieme.ch\\\/fr\\\/categorie-produit\\\/publication\\\/\"},{\"@type\":\"ListItem\",\"position\":4,\"name\":\"\u00ab&#160;La protection dont j\u2019ai besoin\u2026&#160;\u00bb\"}]},{\"@type\":\"WebSite\",\"@id\":\"https:\\\/\\\/insieme.ch\\\/fr\\\/#website\",\"url\":\"https:\\\/\\\/insieme.ch\\\/fr\\\/\",\"name\":\"insieme.ch\",\"description\":\"\",\"publisher\":{\"@id\":\"https:\\\/\\\/insieme.ch\\\/fr\\\/#organization\"},\"potentialAction\":[{\"@type\":\"SearchAction\",\"target\":{\"@type\":\"EntryPoint\",\"urlTemplate\":\"https:\\\/\\\/insieme.ch\\\/fr\\\/?s={search_term_string}\"},\"query-input\":{\"@type\":\"PropertyValueSpecification\",\"valueRequired\":true,\"valueName\":\"search_term_string\"}}],\"inLanguage\":\"fr-FR\"},{\"@type\":\"Organization\",\"@id\":\"https:\\\/\\\/insieme.ch\\\/fr\\\/#organization\",\"name\":\"insieme\",\"url\":\"https:\\\/\\\/insieme.ch\\\/fr\\\/\",\"logo\":{\"@type\":\"ImageObject\",\"inLanguage\":\"fr-FR\",\"@id\":\"https:\\\/\\\/insieme.ch\\\/fr\\\/#\\\/schema\\\/logo\\\/image\\\/\",\"url\":\"https:\\\/\\\/insieme.ch\\\/wp-inside\\\/uploads\\\/2021\\\/03\\\/logo-insieme.jpg\",\"contentUrl\":\"https:\\\/\\\/insieme.ch\\\/wp-inside\\\/uploads\\\/2021\\\/03\\\/logo-insieme.jpg\",\"width\":250,\"height\":250,\"caption\":\"insieme\"},\"image\":{\"@id\":\"https:\\\/\\\/insieme.ch\\\/fr\\\/#\\\/schema\\\/logo\\\/image\\\/\"}}]}<\/script>\n<!-- \/ Yoast SEO plugin. -->","yoast_head_json":{"title":"\u00abLa protection dont j\u2019ai besoin\u2026\u00bb","robots":{"index":"index","follow":"follow","max-snippet":"max-snippet:-1","max-image-preview":"max-image-preview:large","max-video-preview":"max-video-preview:-1"},"canonical":"https:\/\/insieme.ch\/fr\/produit\/la-protection-dont-jai-besoin\/","og_locale":"fr_FR","og_type":"article","og_title":"\u00abLa protection dont j\u2019ai besoin\u2026\u00bb","og_description":"\u00abLa protection dont j\u2019ai besoin\u2026 \u00bb: les aspects concernant les personnes mentalement handicap\u00e9es et leurs proches, insieme Suisse, 2012, 30 pages. Brochure r\u00e9alis\u00e9e avec le soutien de l\u2019association Cerebral.  Nous sommes en train d\u2019actualiser la publication !","og_url":"https:\/\/insieme.ch\/fr\/produit\/la-protection-dont-jai-besoin\/","og_site_name":"insieme.ch","article_modified_time":"2024-07-16T14:34:25+00:00","og_image":[{"width":583,"height":825,"url":"https:\/\/insieme.ch\/wp-inside\/uploads\/2021\/03\/la-protection-dont-j-ai-besoin.png","type":"image\/png"}],"twitter_card":"summary_large_image","schema":{"@context":"https:\/\/schema.org","@graph":[{"@type":"WebPage","@id":"https:\/\/insieme.ch\/fr\/produit\/la-protection-dont-jai-besoin\/","url":"https:\/\/insieme.ch\/fr\/produit\/la-protection-dont-jai-besoin\/","name":"\u00abLa protection dont j\u2019ai besoin\u2026\u00bb","isPartOf":{"@id":"https:\/\/insieme.ch\/fr\/#website"},"primaryImageOfPage":{"@id":"https:\/\/insieme.ch\/fr\/produit\/la-protection-dont-jai-besoin\/#primaryimage"},"image":{"@id":"https:\/\/insieme.ch\/fr\/produit\/la-protection-dont-jai-besoin\/#primaryimage"},"thumbnailUrl":"https:\/\/insieme.ch\/wp-inside\/uploads\/2021\/03\/la-protection-dont-j-ai-besoin.png","datePublished":"2021-03-22T13:45:25+00:00","dateModified":"2024-07-16T14:34:25+00:00","breadcrumb":{"@id":"https:\/\/insieme.ch\/fr\/produit\/la-protection-dont-jai-besoin\/#breadcrumb"},"inLanguage":"fr-FR","potentialAction":[{"@type":"ReadAction","target":["https:\/\/insieme.ch\/fr\/produit\/la-protection-dont-jai-besoin\/"]}]},{"@type":"ImageObject","inLanguage":"fr-FR","@id":"https:\/\/insieme.ch\/fr\/produit\/la-protection-dont-jai-besoin\/#primaryimage","url":"https:\/\/insieme.ch\/wp-inside\/uploads\/2021\/03\/la-protection-dont-j-ai-besoin.png","contentUrl":"https:\/\/insieme.ch\/wp-inside\/uploads\/2021\/03\/la-protection-dont-j-ai-besoin.png","width":583,"height":825},{"@type":"BreadcrumbList","@id":"https:\/\/insieme.ch\/fr\/produit\/la-protection-dont-jai-besoin\/#breadcrumb","itemListElement":[{"@type":"ListItem","position":1,"name":"Accueil","item":"https:\/\/insieme.ch\/fr\/"},{"@type":"ListItem","position":2,"name":"Publications","item":"https:\/\/insieme.ch\/fr\/a-propos\/publications\/"},{"@type":"ListItem","position":3,"name":"Publication","item":"https:\/\/insieme.ch\/fr\/categorie-produit\/publication\/"},{"@type":"ListItem","position":4,"name":"\u00ab&#160;La protection dont j\u2019ai besoin\u2026&#160;\u00bb"}]},{"@type":"WebSite","@id":"https:\/\/insieme.ch\/fr\/#website","url":"https:\/\/insieme.ch\/fr\/","name":"insieme.ch","description":"","publisher":{"@id":"https:\/\/insieme.ch\/fr\/#organization"},"potentialAction":[{"@type":"SearchAction","target":{"@type":"EntryPoint","urlTemplate":"https:\/\/insieme.ch\/fr\/?s={search_term_string}"},"query-input":{"@type":"PropertyValueSpecification","valueRequired":true,"valueName":"search_term_string"}}],"inLanguage":"fr-FR"},{"@type":"Organization","@id":"https:\/\/insieme.ch\/fr\/#organization","name":"insieme","url":"https:\/\/insieme.ch\/fr\/","logo":{"@type":"ImageObject","inLanguage":"fr-FR","@id":"https:\/\/insieme.ch\/fr\/#\/schema\/logo\/image\/","url":"https:\/\/insieme.ch\/wp-inside\/uploads\/2021\/03\/logo-insieme.jpg","contentUrl":"https:\/\/insieme.ch\/wp-inside\/uploads\/2021\/03\/logo-insieme.jpg","width":250,"height":250,"caption":"insieme"},"image":{"@id":"https:\/\/insieme.ch\/fr\/#\/schema\/logo\/image\/"}}]}},"_links":{"self":[{"href":"https:\/\/insieme.ch\/fr\/wp-json\/wp\/v2\/product\/4127","targetHints":{"allow":["GET"]}}],"collection":[{"href":"https:\/\/insieme.ch\/fr\/wp-json\/wp\/v2\/product"}],"about":[{"href":"https:\/\/insieme.ch\/fr\/wp-json\/wp\/v2\/types\/product"}],"wp:featuredmedia":[{"embeddable":true,"href":"https:\/\/insieme.ch\/fr\/wp-json\/wp\/v2\/media\/4126"}],"wp:attachment":[{"href":"https:\/\/insieme.ch\/fr\/wp-json\/wp\/v2\/media?parent=4127"}],"wp:term":[{"taxonomy":"product_brand","embeddable":true,"href":"https:\/\/insieme.ch\/fr\/wp-json\/wp\/v2\/product_brand?post=4127"},{"taxonomy":"product_cat","embeddable":true,"href":"https:\/\/insieme.ch\/fr\/wp-json\/wp\/v2\/product_cat?post=4127"},{"taxonomy":"product_tag","embeddable":true,"href":"https:\/\/insieme.ch\/fr\/wp-json\/wp\/v2\/product_tag?post=4127"}],"curies":[{"name":"wp","href":"https:\/\/api.w.org\/{rel}","templated":true}]}}