{"id":3927,"date":"2021-03-19T17:05:28","date_gmt":"2021-03-19T16:05:28","guid":{"rendered":"https:\/\/insieme.ch\/produit\/digital-dabei\/"},"modified":"2022-11-28T11:20:51","modified_gmt":"2022-11-28T10:20:51","slug":"inclusion-numerique","status":"publish","type":"product","link":"https:\/\/insieme.ch\/fr\/produit\/inclusion-numerique\/","title":{"rendered":"Inclusion num\u00e9rique&#160;!"},"content":{"rendered":"<p>La brochure \u00e9labor\u00e9e par insieme Suisse et la BFF de Berne aide les parents d\u2019enfants en situation de handicap mental dans son \u00e9ducation aux m\u00e9dias. Elle donne des conseils concrets sur la fa\u00e7on d&#8217;accompagner un enfant dans l&#8217;utilisation d&#8217;Instagram, de Facebook ou de jeux, et encourage les parents \u00e0 s\u2019investir activement dans cet accompagnement. Cette brochure peut aussi \u00eatre utilis\u00e9e par le personnel travaillant en institutions ou en \u00e9coles sp\u00e9cialis\u00e9es.<\/p>\n<p><a href=\"https:\/\/insieme.ch\/wp-inside\/uploads\/2021\/03\/brochure_inclusion-numerique.pdf\">T\u00e9l\u00e9charger la brochure en format PDF<\/a><\/p>\n<p>&nbsp;<\/p>\n","protected":false},"excerpt":{"rendered":"<p>Inclusion num\u00e9rique ! : accompagner les personnes avec un handicap mental dans l\u2019utilisation des m\u00e9dias num\u00e9rique, 2019.<br \/>\n\u00abInclusion num\u00e9rique!\u00bb est un projet men\u00e9 en collaboration avec la Berufs- Fach- und Fortbildungsschule (BFF) de Berne. Il b\u00e9n\u00e9ficie du soutien de Pr\u00e9vention Suisse de la criminalit\u00e9 (PSC) et de la plateforme \u00abJeunes et m\u00e9dias\u00bb de l\u2019Office f\u00e9d\u00e9ral des assurances sociales (OFAS).<\/p>\n","protected":false},"featured_media":3557,"template":"","meta":{"_acf_changed":false},"product_brand":[],"product_cat":[150],"product_tag":[],"class_list":{"0":"post-3927","1":"product","2":"type-product","3":"status-publish","4":"has-post-thumbnail","6":"product_cat-publication","7":"wp-sticky","9":"first","10":"instock","11":"shipping-taxable","12":"purchasable","13":"product-type-variable"},"acf":[],"yoast_head":"<!-- This site is optimized with the Yoast SEO plugin v27.3 - https:\/\/yoast.com\/product\/yoast-seo-wordpress\/ -->\n<title>Inclusion num\u00e9rique !<\/title>\n<meta name=\"description\" content=\"La brochure \u00e9labor\u00e9e par insieme Suisse et la BFF de Berne aide les parents d\u2019enfants en situation de handicap mental dans son \u00e9ducation aux m\u00e9dias.\" \/>\n<meta name=\"robots\" content=\"index, follow, max-snippet:-1, max-image-preview:large, max-video-preview:-1\" \/>\n<link rel=\"canonical\" href=\"https:\/\/insieme.ch\/fr\/produit\/inclusion-numerique\/\" \/>\n<meta property=\"og:locale\" content=\"fr_FR\" \/>\n<meta property=\"og:type\" content=\"article\" \/>\n<meta property=\"og:title\" content=\"Inclusion num\u00e9rique !\" \/>\n<meta property=\"og:description\" content=\"La brochure \u00e9labor\u00e9e par insieme Suisse et la BFF de Berne aide les parents d\u2019enfants en situation de handicap mental dans son \u00e9ducation aux m\u00e9dias.\" \/>\n<meta property=\"og:url\" content=\"https:\/\/insieme.ch\/fr\/produit\/inclusion-numerique\/\" \/>\n<meta property=\"og:site_name\" content=\"insieme.ch\" \/>\n<meta property=\"article:modified_time\" content=\"2022-11-28T10:20:51+00:00\" \/>\n<meta property=\"og:image\" content=\"https:\/\/insieme.ch\/wp-inside\/uploads\/2021\/03\/inclusion-numerique.png\" \/>\n\t<meta property=\"og:image:width\" content=\"583\" \/>\n\t<meta property=\"og:image:height\" content=\"826\" \/>\n\t<meta property=\"og:image:type\" content=\"image\/png\" \/>\n<meta name=\"twitter:card\" content=\"summary_large_image\" \/>\n<script type=\"application\/ld+json\" class=\"yoast-schema-graph\">{\"@context\":\"https:\\\/\\\/schema.org\",\"@graph\":[{\"@type\":\"WebPage\",\"@id\":\"https:\\\/\\\/insieme.ch\\\/fr\\\/produit\\\/inclusion-numerique\\\/\",\"url\":\"https:\\\/\\\/insieme.ch\\\/fr\\\/produit\\\/inclusion-numerique\\\/\",\"name\":\"Inclusion num\u00e9rique !\",\"isPartOf\":{\"@id\":\"https:\\\/\\\/insieme.ch\\\/fr\\\/#website\"},\"primaryImageOfPage\":{\"@id\":\"https:\\\/\\\/insieme.ch\\\/fr\\\/produit\\\/inclusion-numerique\\\/#primaryimage\"},\"image\":{\"@id\":\"https:\\\/\\\/insieme.ch\\\/fr\\\/produit\\\/inclusion-numerique\\\/#primaryimage\"},\"thumbnailUrl\":\"https:\\\/\\\/insieme.ch\\\/wp-inside\\\/uploads\\\/2021\\\/03\\\/inclusion-numerique.png\",\"datePublished\":\"2021-03-19T16:05:28+00:00\",\"dateModified\":\"2022-11-28T10:20:51+00:00\",\"description\":\"La brochure \u00e9labor\u00e9e par insieme Suisse et la BFF de Berne aide les parents d\u2019enfants en situation de handicap mental dans son \u00e9ducation aux m\u00e9dias.\",\"breadcrumb\":{\"@id\":\"https:\\\/\\\/insieme.ch\\\/fr\\\/produit\\\/inclusion-numerique\\\/#breadcrumb\"},\"inLanguage\":\"fr-FR\",\"potentialAction\":[{\"@type\":\"ReadAction\",\"target\":[\"https:\\\/\\\/insieme.ch\\\/fr\\\/produit\\\/inclusion-numerique\\\/\"]}]},{\"@type\":\"ImageObject\",\"inLanguage\":\"fr-FR\",\"@id\":\"https:\\\/\\\/insieme.ch\\\/fr\\\/produit\\\/inclusion-numerique\\\/#primaryimage\",\"url\":\"https:\\\/\\\/insieme.ch\\\/wp-inside\\\/uploads\\\/2021\\\/03\\\/inclusion-numerique.png\",\"contentUrl\":\"https:\\\/\\\/insieme.ch\\\/wp-inside\\\/uploads\\\/2021\\\/03\\\/inclusion-numerique.png\",\"width\":583,\"height\":826,\"caption\":\"Meine spezielle Schwester mein besonderer Bruder\"},{\"@type\":\"BreadcrumbList\",\"@id\":\"https:\\\/\\\/insieme.ch\\\/fr\\\/produit\\\/inclusion-numerique\\\/#breadcrumb\",\"itemListElement\":[{\"@type\":\"ListItem\",\"position\":1,\"name\":\"Accueil\",\"item\":\"https:\\\/\\\/insieme.ch\\\/fr\\\/\"},{\"@type\":\"ListItem\",\"position\":2,\"name\":\"Publications\",\"item\":\"https:\\\/\\\/insieme.ch\\\/fr\\\/a-propos\\\/publications\\\/\"},{\"@type\":\"ListItem\",\"position\":3,\"name\":\"Publication\",\"item\":\"https:\\\/\\\/insieme.ch\\\/fr\\\/categorie-produit\\\/publication\\\/\"},{\"@type\":\"ListItem\",\"position\":4,\"name\":\"Inclusion num\u00e9rique&#160;!\"}]},{\"@type\":\"WebSite\",\"@id\":\"https:\\\/\\\/insieme.ch\\\/fr\\\/#website\",\"url\":\"https:\\\/\\\/insieme.ch\\\/fr\\\/\",\"name\":\"insieme.ch\",\"description\":\"\",\"publisher\":{\"@id\":\"https:\\\/\\\/insieme.ch\\\/fr\\\/#organization\"},\"potentialAction\":[{\"@type\":\"SearchAction\",\"target\":{\"@type\":\"EntryPoint\",\"urlTemplate\":\"https:\\\/\\\/insieme.ch\\\/fr\\\/?s={search_term_string}\"},\"query-input\":{\"@type\":\"PropertyValueSpecification\",\"valueRequired\":true,\"valueName\":\"search_term_string\"}}],\"inLanguage\":\"fr-FR\"},{\"@type\":\"Organization\",\"@id\":\"https:\\\/\\\/insieme.ch\\\/fr\\\/#organization\",\"name\":\"insieme\",\"url\":\"https:\\\/\\\/insieme.ch\\\/fr\\\/\",\"logo\":{\"@type\":\"ImageObject\",\"inLanguage\":\"fr-FR\",\"@id\":\"https:\\\/\\\/insieme.ch\\\/fr\\\/#\\\/schema\\\/logo\\\/image\\\/\",\"url\":\"https:\\\/\\\/insieme.ch\\\/wp-inside\\\/uploads\\\/2021\\\/03\\\/logo-insieme.jpg\",\"contentUrl\":\"https:\\\/\\\/insieme.ch\\\/wp-inside\\\/uploads\\\/2021\\\/03\\\/logo-insieme.jpg\",\"width\":250,\"height\":250,\"caption\":\"insieme\"},\"image\":{\"@id\":\"https:\\\/\\\/insieme.ch\\\/fr\\\/#\\\/schema\\\/logo\\\/image\\\/\"}}]}<\/script>\n<!-- \/ Yoast SEO plugin. -->","yoast_head_json":{"title":"Inclusion num\u00e9rique !","description":"La brochure \u00e9labor\u00e9e par insieme Suisse et la BFF de Berne aide les parents d\u2019enfants en situation de handicap mental dans son \u00e9ducation aux m\u00e9dias.","robots":{"index":"index","follow":"follow","max-snippet":"max-snippet:-1","max-image-preview":"max-image-preview:large","max-video-preview":"max-video-preview:-1"},"canonical":"https:\/\/insieme.ch\/fr\/produit\/inclusion-numerique\/","og_locale":"fr_FR","og_type":"article","og_title":"Inclusion num\u00e9rique !","og_description":"La brochure \u00e9labor\u00e9e par insieme Suisse et la BFF de Berne aide les parents d\u2019enfants en situation de handicap mental dans son \u00e9ducation aux m\u00e9dias.","og_url":"https:\/\/insieme.ch\/fr\/produit\/inclusion-numerique\/","og_site_name":"insieme.ch","article_modified_time":"2022-11-28T10:20:51+00:00","og_image":[{"width":583,"height":826,"url":"https:\/\/insieme.ch\/wp-inside\/uploads\/2021\/03\/inclusion-numerique.png","type":"image\/png"}],"twitter_card":"summary_large_image","schema":{"@context":"https:\/\/schema.org","@graph":[{"@type":"WebPage","@id":"https:\/\/insieme.ch\/fr\/produit\/inclusion-numerique\/","url":"https:\/\/insieme.ch\/fr\/produit\/inclusion-numerique\/","name":"Inclusion num\u00e9rique !","isPartOf":{"@id":"https:\/\/insieme.ch\/fr\/#website"},"primaryImageOfPage":{"@id":"https:\/\/insieme.ch\/fr\/produit\/inclusion-numerique\/#primaryimage"},"image":{"@id":"https:\/\/insieme.ch\/fr\/produit\/inclusion-numerique\/#primaryimage"},"thumbnailUrl":"https:\/\/insieme.ch\/wp-inside\/uploads\/2021\/03\/inclusion-numerique.png","datePublished":"2021-03-19T16:05:28+00:00","dateModified":"2022-11-28T10:20:51+00:00","description":"La brochure \u00e9labor\u00e9e par insieme Suisse et la BFF de Berne aide les parents d\u2019enfants en situation de handicap mental dans son \u00e9ducation aux m\u00e9dias.","breadcrumb":{"@id":"https:\/\/insieme.ch\/fr\/produit\/inclusion-numerique\/#breadcrumb"},"inLanguage":"fr-FR","potentialAction":[{"@type":"ReadAction","target":["https:\/\/insieme.ch\/fr\/produit\/inclusion-numerique\/"]}]},{"@type":"ImageObject","inLanguage":"fr-FR","@id":"https:\/\/insieme.ch\/fr\/produit\/inclusion-numerique\/#primaryimage","url":"https:\/\/insieme.ch\/wp-inside\/uploads\/2021\/03\/inclusion-numerique.png","contentUrl":"https:\/\/insieme.ch\/wp-inside\/uploads\/2021\/03\/inclusion-numerique.png","width":583,"height":826,"caption":"Meine spezielle Schwester mein besonderer Bruder"},{"@type":"BreadcrumbList","@id":"https:\/\/insieme.ch\/fr\/produit\/inclusion-numerique\/#breadcrumb","itemListElement":[{"@type":"ListItem","position":1,"name":"Accueil","item":"https:\/\/insieme.ch\/fr\/"},{"@type":"ListItem","position":2,"name":"Publications","item":"https:\/\/insieme.ch\/fr\/a-propos\/publications\/"},{"@type":"ListItem","position":3,"name":"Publication","item":"https:\/\/insieme.ch\/fr\/categorie-produit\/publication\/"},{"@type":"ListItem","position":4,"name":"Inclusion num\u00e9rique&#160;!"}]},{"@type":"WebSite","@id":"https:\/\/insieme.ch\/fr\/#website","url":"https:\/\/insieme.ch\/fr\/","name":"insieme.ch","description":"","publisher":{"@id":"https:\/\/insieme.ch\/fr\/#organization"},"potentialAction":[{"@type":"SearchAction","target":{"@type":"EntryPoint","urlTemplate":"https:\/\/insieme.ch\/fr\/?s={search_term_string}"},"query-input":{"@type":"PropertyValueSpecification","valueRequired":true,"valueName":"search_term_string"}}],"inLanguage":"fr-FR"},{"@type":"Organization","@id":"https:\/\/insieme.ch\/fr\/#organization","name":"insieme","url":"https:\/\/insieme.ch\/fr\/","logo":{"@type":"ImageObject","inLanguage":"fr-FR","@id":"https:\/\/insieme.ch\/fr\/#\/schema\/logo\/image\/","url":"https:\/\/insieme.ch\/wp-inside\/uploads\/2021\/03\/logo-insieme.jpg","contentUrl":"https:\/\/insieme.ch\/wp-inside\/uploads\/2021\/03\/logo-insieme.jpg","width":250,"height":250,"caption":"insieme"},"image":{"@id":"https:\/\/insieme.ch\/fr\/#\/schema\/logo\/image\/"}}]}},"_links":{"self":[{"href":"https:\/\/insieme.ch\/fr\/wp-json\/wp\/v2\/product\/3927","targetHints":{"allow":["GET"]}}],"collection":[{"href":"https:\/\/insieme.ch\/fr\/wp-json\/wp\/v2\/product"}],"about":[{"href":"https:\/\/insieme.ch\/fr\/wp-json\/wp\/v2\/types\/product"}],"wp:featuredmedia":[{"embeddable":true,"href":"https:\/\/insieme.ch\/fr\/wp-json\/wp\/v2\/media\/3557"}],"wp:attachment":[{"href":"https:\/\/insieme.ch\/fr\/wp-json\/wp\/v2\/media?parent=3927"}],"wp:term":[{"taxonomy":"product_brand","embeddable":true,"href":"https:\/\/insieme.ch\/fr\/wp-json\/wp\/v2\/product_brand?post=3927"},{"taxonomy":"product_cat","embeddable":true,"href":"https:\/\/insieme.ch\/fr\/wp-json\/wp\/v2\/product_cat?post=3927"},{"taxonomy":"product_tag","embeddable":true,"href":"https:\/\/insieme.ch\/fr\/wp-json\/wp\/v2\/product_tag?post=3927"}],"curies":[{"name":"wp","href":"https:\/\/api.w.org\/{rel}","templated":true}]}}