{"id":3925,"date":"2021-03-19T14:51:03","date_gmt":"2021-03-19T13:51:03","guid":{"rendered":"https:\/\/insieme.ch\/produit\/insieme-magazin\/"},"modified":"2023-01-31T11:32:27","modified_gmt":"2023-01-31T10:32:27","slug":"magazine-insieme","status":"publish","type":"product","link":"https:\/\/insieme.ch\/fr\/produit\/magazine-insieme\/","title":{"rendered":"Magazine insieme (abonnement)"},"content":{"rendered":"<p>Le magazine insieme pr\u00e9sente et approfondit des th\u00e8mes li\u00e9s \u00e0 la vie et au quotidien des personnes en situation de handicap mental. Il informe les proches et le public sur les actualit\u00e9s en lien avec la d\u00e9ficience intellectuelle: nouveaux modes de vie en mati\u00e8re de logement, de travail et de loisirs. Reportages, portraits et t\u00e9moignages mettent en avant des personnes en situation de handicap mental avec leurs forces, leurs potentiels et leur besoin de soutien. Les questions actuelles relatives \u00e0 la politique sociale, la m\u00e9decine et l\u2019accompagnement sp\u00e9cialis\u00e9 sont approfondies \u00e0 travers des interviews.<\/p>\n","protected":false},"excerpt":{"rendered":"<p>Le magazine insieme para\u00eet trois fois par ann\u00e9e et contient 24 pages.<\/p>\n<p>La souscription \u00e0 un abonnement annuel implique la r\u00e9ception de trois \u00e9ditions du magazine.<\/p>\n","protected":false},"featured_media":10584,"template":"","meta":{"_acf_changed":false},"product_brand":[],"product_cat":[150],"product_tag":[],"class_list":{"0":"post-3925","1":"product","2":"type-product","3":"status-publish","4":"has-post-thumbnail","6":"product_cat-publication","7":"wp-sticky","9":"first","10":"instock","11":"shipping-taxable","12":"purchasable","13":"product-type-variable"},"acf":[],"yoast_head":"<!-- This site is optimized with the Yoast SEO plugin v27.3 - https:\/\/yoast.com\/product\/yoast-seo-wordpress\/ -->\n<title>Magazine insieme (abonnement)<\/title>\n<meta name=\"description\" content=\"Le magazine insieme pr\u00e9sente et approfondit des th\u00e8mes li\u00e9s \u00e0 la vie et au quotidien des personnes en situation de handicap mental.\" \/>\n<meta name=\"robots\" content=\"index, follow, max-snippet:-1, max-image-preview:large, max-video-preview:-1\" \/>\n<link rel=\"canonical\" href=\"https:\/\/insieme.ch\/fr\/produit\/magazine-insieme\/\" \/>\n<meta property=\"og:locale\" content=\"fr_FR\" \/>\n<meta property=\"og:type\" content=\"article\" \/>\n<meta property=\"og:title\" content=\"Magazine insieme (abonnement)\" \/>\n<meta property=\"og:description\" content=\"Le magazine insieme pr\u00e9sente et approfondit des th\u00e8mes li\u00e9s \u00e0 la vie et au quotidien des personnes en situation de handicap mental.\" \/>\n<meta property=\"og:url\" content=\"https:\/\/insieme.ch\/fr\/produit\/magazine-insieme\/\" \/>\n<meta property=\"og:site_name\" content=\"insieme.ch\" \/>\n<meta property=\"article:modified_time\" content=\"2023-01-31T10:32:27+00:00\" \/>\n<meta property=\"og:image\" content=\"https:\/\/insieme.ch\/wp-inside\/uploads\/2021\/09\/cover.jpg\" \/>\n\t<meta property=\"og:image:width\" content=\"595\" \/>\n\t<meta property=\"og:image:height\" content=\"841\" \/>\n\t<meta property=\"og:image:type\" content=\"image\/jpeg\" \/>\n<meta name=\"twitter:card\" content=\"summary_large_image\" \/>\n<meta name=\"twitter:label1\" content=\"Dur\u00e9e de lecture estim\u00e9e\" \/>\n\t<meta name=\"twitter:data1\" content=\"1 minute\" \/>\n<script type=\"application\/ld+json\" class=\"yoast-schema-graph\">{\"@context\":\"https:\\\/\\\/schema.org\",\"@graph\":[{\"@type\":\"WebPage\",\"@id\":\"https:\\\/\\\/insieme.ch\\\/fr\\\/produit\\\/magazine-insieme\\\/\",\"url\":\"https:\\\/\\\/insieme.ch\\\/fr\\\/produit\\\/magazine-insieme\\\/\",\"name\":\"Magazine insieme (abonnement)\",\"isPartOf\":{\"@id\":\"https:\\\/\\\/insieme.ch\\\/fr\\\/#website\"},\"primaryImageOfPage\":{\"@id\":\"https:\\\/\\\/insieme.ch\\\/fr\\\/produit\\\/magazine-insieme\\\/#primaryimage\"},\"image\":{\"@id\":\"https:\\\/\\\/insieme.ch\\\/fr\\\/produit\\\/magazine-insieme\\\/#primaryimage\"},\"thumbnailUrl\":\"https:\\\/\\\/insieme.ch\\\/wp-inside\\\/uploads\\\/2021\\\/09\\\/cover.jpg\",\"datePublished\":\"2021-03-19T13:51:03+00:00\",\"dateModified\":\"2023-01-31T10:32:27+00:00\",\"description\":\"Le magazine insieme pr\u00e9sente et approfondit des th\u00e8mes li\u00e9s \u00e0 la vie et au quotidien des personnes en situation de handicap mental.\",\"breadcrumb\":{\"@id\":\"https:\\\/\\\/insieme.ch\\\/fr\\\/produit\\\/magazine-insieme\\\/#breadcrumb\"},\"inLanguage\":\"fr-FR\",\"potentialAction\":[{\"@type\":\"ReadAction\",\"target\":[\"https:\\\/\\\/insieme.ch\\\/fr\\\/produit\\\/magazine-insieme\\\/\"]}]},{\"@type\":\"ImageObject\",\"inLanguage\":\"fr-FR\",\"@id\":\"https:\\\/\\\/insieme.ch\\\/fr\\\/produit\\\/magazine-insieme\\\/#primaryimage\",\"url\":\"https:\\\/\\\/insieme.ch\\\/wp-inside\\\/uploads\\\/2021\\\/09\\\/cover.jpg\",\"contentUrl\":\"https:\\\/\\\/insieme.ch\\\/wp-inside\\\/uploads\\\/2021\\\/09\\\/cover.jpg\",\"width\":595,\"height\":841},{\"@type\":\"BreadcrumbList\",\"@id\":\"https:\\\/\\\/insieme.ch\\\/fr\\\/produit\\\/magazine-insieme\\\/#breadcrumb\",\"itemListElement\":[{\"@type\":\"ListItem\",\"position\":1,\"name\":\"Accueil\",\"item\":\"https:\\\/\\\/insieme.ch\\\/fr\\\/\"},{\"@type\":\"ListItem\",\"position\":2,\"name\":\"Publications\",\"item\":\"https:\\\/\\\/insieme.ch\\\/fr\\\/a-propos\\\/publications\\\/\"},{\"@type\":\"ListItem\",\"position\":3,\"name\":\"Publication\",\"item\":\"https:\\\/\\\/insieme.ch\\\/fr\\\/categorie-produit\\\/publication\\\/\"},{\"@type\":\"ListItem\",\"position\":4,\"name\":\"Magazine insieme (abonnement)\"}]},{\"@type\":\"WebSite\",\"@id\":\"https:\\\/\\\/insieme.ch\\\/fr\\\/#website\",\"url\":\"https:\\\/\\\/insieme.ch\\\/fr\\\/\",\"name\":\"insieme.ch\",\"description\":\"\",\"publisher\":{\"@id\":\"https:\\\/\\\/insieme.ch\\\/fr\\\/#organization\"},\"potentialAction\":[{\"@type\":\"SearchAction\",\"target\":{\"@type\":\"EntryPoint\",\"urlTemplate\":\"https:\\\/\\\/insieme.ch\\\/fr\\\/?s={search_term_string}\"},\"query-input\":{\"@type\":\"PropertyValueSpecification\",\"valueRequired\":true,\"valueName\":\"search_term_string\"}}],\"inLanguage\":\"fr-FR\"},{\"@type\":\"Organization\",\"@id\":\"https:\\\/\\\/insieme.ch\\\/fr\\\/#organization\",\"name\":\"insieme\",\"url\":\"https:\\\/\\\/insieme.ch\\\/fr\\\/\",\"logo\":{\"@type\":\"ImageObject\",\"inLanguage\":\"fr-FR\",\"@id\":\"https:\\\/\\\/insieme.ch\\\/fr\\\/#\\\/schema\\\/logo\\\/image\\\/\",\"url\":\"https:\\\/\\\/insieme.ch\\\/wp-inside\\\/uploads\\\/2021\\\/03\\\/logo-insieme.jpg\",\"contentUrl\":\"https:\\\/\\\/insieme.ch\\\/wp-inside\\\/uploads\\\/2021\\\/03\\\/logo-insieme.jpg\",\"width\":250,\"height\":250,\"caption\":\"insieme\"},\"image\":{\"@id\":\"https:\\\/\\\/insieme.ch\\\/fr\\\/#\\\/schema\\\/logo\\\/image\\\/\"}}]}<\/script>\n<!-- \/ Yoast SEO plugin. -->","yoast_head_json":{"title":"Magazine insieme (abonnement)","description":"Le magazine insieme pr\u00e9sente et approfondit des th\u00e8mes li\u00e9s \u00e0 la vie et au quotidien des personnes en situation de handicap mental.","robots":{"index":"index","follow":"follow","max-snippet":"max-snippet:-1","max-image-preview":"max-image-preview:large","max-video-preview":"max-video-preview:-1"},"canonical":"https:\/\/insieme.ch\/fr\/produit\/magazine-insieme\/","og_locale":"fr_FR","og_type":"article","og_title":"Magazine insieme (abonnement)","og_description":"Le magazine insieme pr\u00e9sente et approfondit des th\u00e8mes li\u00e9s \u00e0 la vie et au quotidien des personnes en situation de handicap mental.","og_url":"https:\/\/insieme.ch\/fr\/produit\/magazine-insieme\/","og_site_name":"insieme.ch","article_modified_time":"2023-01-31T10:32:27+00:00","og_image":[{"width":595,"height":841,"url":"https:\/\/insieme.ch\/wp-inside\/uploads\/2021\/09\/cover.jpg","type":"image\/jpeg"}],"twitter_card":"summary_large_image","twitter_misc":{"Dur\u00e9e de lecture estim\u00e9e":"1 minute"},"schema":{"@context":"https:\/\/schema.org","@graph":[{"@type":"WebPage","@id":"https:\/\/insieme.ch\/fr\/produit\/magazine-insieme\/","url":"https:\/\/insieme.ch\/fr\/produit\/magazine-insieme\/","name":"Magazine insieme (abonnement)","isPartOf":{"@id":"https:\/\/insieme.ch\/fr\/#website"},"primaryImageOfPage":{"@id":"https:\/\/insieme.ch\/fr\/produit\/magazine-insieme\/#primaryimage"},"image":{"@id":"https:\/\/insieme.ch\/fr\/produit\/magazine-insieme\/#primaryimage"},"thumbnailUrl":"https:\/\/insieme.ch\/wp-inside\/uploads\/2021\/09\/cover.jpg","datePublished":"2021-03-19T13:51:03+00:00","dateModified":"2023-01-31T10:32:27+00:00","description":"Le magazine insieme pr\u00e9sente et approfondit des th\u00e8mes li\u00e9s \u00e0 la vie et au quotidien des personnes en situation de handicap mental.","breadcrumb":{"@id":"https:\/\/insieme.ch\/fr\/produit\/magazine-insieme\/#breadcrumb"},"inLanguage":"fr-FR","potentialAction":[{"@type":"ReadAction","target":["https:\/\/insieme.ch\/fr\/produit\/magazine-insieme\/"]}]},{"@type":"ImageObject","inLanguage":"fr-FR","@id":"https:\/\/insieme.ch\/fr\/produit\/magazine-insieme\/#primaryimage","url":"https:\/\/insieme.ch\/wp-inside\/uploads\/2021\/09\/cover.jpg","contentUrl":"https:\/\/insieme.ch\/wp-inside\/uploads\/2021\/09\/cover.jpg","width":595,"height":841},{"@type":"BreadcrumbList","@id":"https:\/\/insieme.ch\/fr\/produit\/magazine-insieme\/#breadcrumb","itemListElement":[{"@type":"ListItem","position":1,"name":"Accueil","item":"https:\/\/insieme.ch\/fr\/"},{"@type":"ListItem","position":2,"name":"Publications","item":"https:\/\/insieme.ch\/fr\/a-propos\/publications\/"},{"@type":"ListItem","position":3,"name":"Publication","item":"https:\/\/insieme.ch\/fr\/categorie-produit\/publication\/"},{"@type":"ListItem","position":4,"name":"Magazine insieme (abonnement)"}]},{"@type":"WebSite","@id":"https:\/\/insieme.ch\/fr\/#website","url":"https:\/\/insieme.ch\/fr\/","name":"insieme.ch","description":"","publisher":{"@id":"https:\/\/insieme.ch\/fr\/#organization"},"potentialAction":[{"@type":"SearchAction","target":{"@type":"EntryPoint","urlTemplate":"https:\/\/insieme.ch\/fr\/?s={search_term_string}"},"query-input":{"@type":"PropertyValueSpecification","valueRequired":true,"valueName":"search_term_string"}}],"inLanguage":"fr-FR"},{"@type":"Organization","@id":"https:\/\/insieme.ch\/fr\/#organization","name":"insieme","url":"https:\/\/insieme.ch\/fr\/","logo":{"@type":"ImageObject","inLanguage":"fr-FR","@id":"https:\/\/insieme.ch\/fr\/#\/schema\/logo\/image\/","url":"https:\/\/insieme.ch\/wp-inside\/uploads\/2021\/03\/logo-insieme.jpg","contentUrl":"https:\/\/insieme.ch\/wp-inside\/uploads\/2021\/03\/logo-insieme.jpg","width":250,"height":250,"caption":"insieme"},"image":{"@id":"https:\/\/insieme.ch\/fr\/#\/schema\/logo\/image\/"}}]}},"_links":{"self":[{"href":"https:\/\/insieme.ch\/fr\/wp-json\/wp\/v2\/product\/3925","targetHints":{"allow":["GET"]}}],"collection":[{"href":"https:\/\/insieme.ch\/fr\/wp-json\/wp\/v2\/product"}],"about":[{"href":"https:\/\/insieme.ch\/fr\/wp-json\/wp\/v2\/types\/product"}],"wp:featuredmedia":[{"embeddable":true,"href":"https:\/\/insieme.ch\/fr\/wp-json\/wp\/v2\/media\/10584"}],"wp:attachment":[{"href":"https:\/\/insieme.ch\/fr\/wp-json\/wp\/v2\/media?parent=3925"}],"wp:term":[{"taxonomy":"product_brand","embeddable":true,"href":"https:\/\/insieme.ch\/fr\/wp-json\/wp\/v2\/product_brand?post=3925"},{"taxonomy":"product_cat","embeddable":true,"href":"https:\/\/insieme.ch\/fr\/wp-json\/wp\/v2\/product_cat?post=3925"},{"taxonomy":"product_tag","embeddable":true,"href":"https:\/\/insieme.ch\/fr\/wp-json\/wp\/v2\/product_tag?post=3925"}],"curies":[{"name":"wp","href":"https:\/\/api.w.org\/{rel}","templated":true}]}}