{"id":3888,"date":"2021-03-19T15:51:40","date_gmt":"2021-03-19T14:51:40","guid":{"rendered":"https:\/\/insieme.ch\/produit\/vorgeburtliche-tests-sie-entscheiden\/"},"modified":"2021-03-25T11:18:46","modified_gmt":"2021-03-25T10:18:46","slug":"tests-prenatals-a-vous-de-choisir","status":"publish","type":"product","link":"https:\/\/insieme.ch\/fr\/produit\/tests-prenatals-a-vous-de-choisir\/","title":{"rendered":"Tests Pr\u00e9natals&#160;: \u00e0 vous de choisir&#160;!"},"content":{"rendered":"<p>La brochure insieme \u00abTests pr\u00e9natals : \u00e0 vous de choisir!\u00bb sensibilise les futurs parents \u00e0 l\u2019importance de r\u00e9fl\u00e9chir le plus t\u00f4t possible aux tests. Elle leur propose des informations simples et concises sur les tests et sur leurs droits. Enfin, elle les soutient en leur offrant des fiches de questions destin\u00e9es \u00e0 la consultation m\u00e9dicale.<\/p>\n","protected":false},"excerpt":{"rendered":"<p>Les informations disponibles dans la brochure \u00abTests pr\u00e9natals: \u00e0 vous de choisir!\u00bb et sont le r\u00e9sultat d\u2019une \u00e9troite collaboration entre insieme Suisse et plusieurs gyn\u00e9cologues, 2017.<br \/>\nFrais de port non compris.<\/p>\n","protected":false},"featured_media":3820,"template":"","meta":{"_acf_changed":false},"product_brand":[],"product_cat":[150],"product_tag":[],"class_list":{"0":"post-3888","1":"product","2":"type-product","3":"status-publish","4":"has-post-thumbnail","6":"product_cat-publication","7":"wp-sticky","9":"first","10":"instock","11":"shipping-taxable","12":"purchasable","13":"product-type-variable"},"acf":[],"yoast_head":"<!-- This site is optimized with the Yoast SEO plugin v27.3 - https:\/\/yoast.com\/product\/yoast-seo-wordpress\/ -->\n<title>Tests Pr\u00e9natals: \u00e0 vous de choisir!<\/title>\n<meta name=\"robots\" content=\"index, follow, max-snippet:-1, max-image-preview:large, max-video-preview:-1\" \/>\n<link rel=\"canonical\" href=\"https:\/\/insieme.ch\/fr\/produit\/tests-prenatals-a-vous-de-choisir\/\" \/>\n<meta property=\"og:locale\" content=\"fr_FR\" \/>\n<meta property=\"og:type\" content=\"article\" \/>\n<meta property=\"og:title\" content=\"Tests Pr\u00e9natals: \u00e0 vous de choisir!\" \/>\n<meta property=\"og:description\" content=\"Les informations disponibles dans la brochure \u00abTests pr\u00e9natals: \u00e0 vous de choisir!\u00bb et sont le r\u00e9sultat d\u2019une \u00e9troite collaboration entre insieme Suisse et plusieurs gyn\u00e9cologues, 2017. Frais de port non compris.\" \/>\n<meta property=\"og:url\" content=\"https:\/\/insieme.ch\/fr\/produit\/tests-prenatals-a-vous-de-choisir\/\" \/>\n<meta property=\"og:site_name\" content=\"insieme.ch\" \/>\n<meta property=\"article:modified_time\" content=\"2021-03-25T10:18:46+00:00\" \/>\n<meta property=\"og:image\" content=\"https:\/\/insieme.ch\/wp-inside\/uploads\/2021\/03\/tests-prenatals-a-vous-de-choisir-1.png\" \/>\n\t<meta property=\"og:image:width\" content=\"583\" \/>\n\t<meta property=\"og:image:height\" content=\"826\" \/>\n\t<meta property=\"og:image:type\" content=\"image\/png\" \/>\n<meta name=\"twitter:card\" content=\"summary_large_image\" \/>\n<script type=\"application\/ld+json\" class=\"yoast-schema-graph\">{\"@context\":\"https:\\\/\\\/schema.org\",\"@graph\":[{\"@type\":\"WebPage\",\"@id\":\"https:\\\/\\\/insieme.ch\\\/fr\\\/produit\\\/tests-prenatals-a-vous-de-choisir\\\/\",\"url\":\"https:\\\/\\\/insieme.ch\\\/fr\\\/produit\\\/tests-prenatals-a-vous-de-choisir\\\/\",\"name\":\"Tests Pr\u00e9natals: \u00e0 vous de choisir!\",\"isPartOf\":{\"@id\":\"https:\\\/\\\/insieme.ch\\\/fr\\\/#website\"},\"primaryImageOfPage\":{\"@id\":\"https:\\\/\\\/insieme.ch\\\/fr\\\/produit\\\/tests-prenatals-a-vous-de-choisir\\\/#primaryimage\"},\"image\":{\"@id\":\"https:\\\/\\\/insieme.ch\\\/fr\\\/produit\\\/tests-prenatals-a-vous-de-choisir\\\/#primaryimage\"},\"thumbnailUrl\":\"https:\\\/\\\/insieme.ch\\\/wp-inside\\\/uploads\\\/2021\\\/03\\\/tests-prenatals-a-vous-de-choisir-1.png\",\"datePublished\":\"2021-03-19T14:51:40+00:00\",\"dateModified\":\"2021-03-25T10:18:46+00:00\",\"breadcrumb\":{\"@id\":\"https:\\\/\\\/insieme.ch\\\/fr\\\/produit\\\/tests-prenatals-a-vous-de-choisir\\\/#breadcrumb\"},\"inLanguage\":\"fr-FR\",\"potentialAction\":[{\"@type\":\"ReadAction\",\"target\":[\"https:\\\/\\\/insieme.ch\\\/fr\\\/produit\\\/tests-prenatals-a-vous-de-choisir\\\/\"]}]},{\"@type\":\"ImageObject\",\"inLanguage\":\"fr-FR\",\"@id\":\"https:\\\/\\\/insieme.ch\\\/fr\\\/produit\\\/tests-prenatals-a-vous-de-choisir\\\/#primaryimage\",\"url\":\"https:\\\/\\\/insieme.ch\\\/wp-inside\\\/uploads\\\/2021\\\/03\\\/tests-prenatals-a-vous-de-choisir-1.png\",\"contentUrl\":\"https:\\\/\\\/insieme.ch\\\/wp-inside\\\/uploads\\\/2021\\\/03\\\/tests-prenatals-a-vous-de-choisir-1.png\",\"width\":583,\"height\":826},{\"@type\":\"BreadcrumbList\",\"@id\":\"https:\\\/\\\/insieme.ch\\\/fr\\\/produit\\\/tests-prenatals-a-vous-de-choisir\\\/#breadcrumb\",\"itemListElement\":[{\"@type\":\"ListItem\",\"position\":1,\"name\":\"Accueil\",\"item\":\"https:\\\/\\\/insieme.ch\\\/fr\\\/\"},{\"@type\":\"ListItem\",\"position\":2,\"name\":\"Publications\",\"item\":\"https:\\\/\\\/insieme.ch\\\/fr\\\/a-propos\\\/publications\\\/\"},{\"@type\":\"ListItem\",\"position\":3,\"name\":\"Publication\",\"item\":\"https:\\\/\\\/insieme.ch\\\/fr\\\/categorie-produit\\\/publication\\\/\"},{\"@type\":\"ListItem\",\"position\":4,\"name\":\"Tests Pr\u00e9natals&#160;: \u00e0 vous de choisir&#160;!\"}]},{\"@type\":\"WebSite\",\"@id\":\"https:\\\/\\\/insieme.ch\\\/fr\\\/#website\",\"url\":\"https:\\\/\\\/insieme.ch\\\/fr\\\/\",\"name\":\"insieme.ch\",\"description\":\"\",\"publisher\":{\"@id\":\"https:\\\/\\\/insieme.ch\\\/fr\\\/#organization\"},\"potentialAction\":[{\"@type\":\"SearchAction\",\"target\":{\"@type\":\"EntryPoint\",\"urlTemplate\":\"https:\\\/\\\/insieme.ch\\\/fr\\\/?s={search_term_string}\"},\"query-input\":{\"@type\":\"PropertyValueSpecification\",\"valueRequired\":true,\"valueName\":\"search_term_string\"}}],\"inLanguage\":\"fr-FR\"},{\"@type\":\"Organization\",\"@id\":\"https:\\\/\\\/insieme.ch\\\/fr\\\/#organization\",\"name\":\"insieme\",\"url\":\"https:\\\/\\\/insieme.ch\\\/fr\\\/\",\"logo\":{\"@type\":\"ImageObject\",\"inLanguage\":\"fr-FR\",\"@id\":\"https:\\\/\\\/insieme.ch\\\/fr\\\/#\\\/schema\\\/logo\\\/image\\\/\",\"url\":\"https:\\\/\\\/insieme.ch\\\/wp-inside\\\/uploads\\\/2021\\\/03\\\/logo-insieme.jpg\",\"contentUrl\":\"https:\\\/\\\/insieme.ch\\\/wp-inside\\\/uploads\\\/2021\\\/03\\\/logo-insieme.jpg\",\"width\":250,\"height\":250,\"caption\":\"insieme\"},\"image\":{\"@id\":\"https:\\\/\\\/insieme.ch\\\/fr\\\/#\\\/schema\\\/logo\\\/image\\\/\"}}]}<\/script>\n<!-- \/ Yoast SEO plugin. -->","yoast_head_json":{"title":"Tests Pr\u00e9natals: \u00e0 vous de choisir!","robots":{"index":"index","follow":"follow","max-snippet":"max-snippet:-1","max-image-preview":"max-image-preview:large","max-video-preview":"max-video-preview:-1"},"canonical":"https:\/\/insieme.ch\/fr\/produit\/tests-prenatals-a-vous-de-choisir\/","og_locale":"fr_FR","og_type":"article","og_title":"Tests Pr\u00e9natals: \u00e0 vous de choisir!","og_description":"Les informations disponibles dans la brochure \u00abTests pr\u00e9natals: \u00e0 vous de choisir!\u00bb et sont le r\u00e9sultat d\u2019une \u00e9troite collaboration entre insieme Suisse et plusieurs gyn\u00e9cologues, 2017. Frais de port non compris.","og_url":"https:\/\/insieme.ch\/fr\/produit\/tests-prenatals-a-vous-de-choisir\/","og_site_name":"insieme.ch","article_modified_time":"2021-03-25T10:18:46+00:00","og_image":[{"width":583,"height":826,"url":"https:\/\/insieme.ch\/wp-inside\/uploads\/2021\/03\/tests-prenatals-a-vous-de-choisir-1.png","type":"image\/png"}],"twitter_card":"summary_large_image","schema":{"@context":"https:\/\/schema.org","@graph":[{"@type":"WebPage","@id":"https:\/\/insieme.ch\/fr\/produit\/tests-prenatals-a-vous-de-choisir\/","url":"https:\/\/insieme.ch\/fr\/produit\/tests-prenatals-a-vous-de-choisir\/","name":"Tests Pr\u00e9natals: \u00e0 vous de choisir!","isPartOf":{"@id":"https:\/\/insieme.ch\/fr\/#website"},"primaryImageOfPage":{"@id":"https:\/\/insieme.ch\/fr\/produit\/tests-prenatals-a-vous-de-choisir\/#primaryimage"},"image":{"@id":"https:\/\/insieme.ch\/fr\/produit\/tests-prenatals-a-vous-de-choisir\/#primaryimage"},"thumbnailUrl":"https:\/\/insieme.ch\/wp-inside\/uploads\/2021\/03\/tests-prenatals-a-vous-de-choisir-1.png","datePublished":"2021-03-19T14:51:40+00:00","dateModified":"2021-03-25T10:18:46+00:00","breadcrumb":{"@id":"https:\/\/insieme.ch\/fr\/produit\/tests-prenatals-a-vous-de-choisir\/#breadcrumb"},"inLanguage":"fr-FR","potentialAction":[{"@type":"ReadAction","target":["https:\/\/insieme.ch\/fr\/produit\/tests-prenatals-a-vous-de-choisir\/"]}]},{"@type":"ImageObject","inLanguage":"fr-FR","@id":"https:\/\/insieme.ch\/fr\/produit\/tests-prenatals-a-vous-de-choisir\/#primaryimage","url":"https:\/\/insieme.ch\/wp-inside\/uploads\/2021\/03\/tests-prenatals-a-vous-de-choisir-1.png","contentUrl":"https:\/\/insieme.ch\/wp-inside\/uploads\/2021\/03\/tests-prenatals-a-vous-de-choisir-1.png","width":583,"height":826},{"@type":"BreadcrumbList","@id":"https:\/\/insieme.ch\/fr\/produit\/tests-prenatals-a-vous-de-choisir\/#breadcrumb","itemListElement":[{"@type":"ListItem","position":1,"name":"Accueil","item":"https:\/\/insieme.ch\/fr\/"},{"@type":"ListItem","position":2,"name":"Publications","item":"https:\/\/insieme.ch\/fr\/a-propos\/publications\/"},{"@type":"ListItem","position":3,"name":"Publication","item":"https:\/\/insieme.ch\/fr\/categorie-produit\/publication\/"},{"@type":"ListItem","position":4,"name":"Tests Pr\u00e9natals&#160;: \u00e0 vous de choisir&#160;!"}]},{"@type":"WebSite","@id":"https:\/\/insieme.ch\/fr\/#website","url":"https:\/\/insieme.ch\/fr\/","name":"insieme.ch","description":"","publisher":{"@id":"https:\/\/insieme.ch\/fr\/#organization"},"potentialAction":[{"@type":"SearchAction","target":{"@type":"EntryPoint","urlTemplate":"https:\/\/insieme.ch\/fr\/?s={search_term_string}"},"query-input":{"@type":"PropertyValueSpecification","valueRequired":true,"valueName":"search_term_string"}}],"inLanguage":"fr-FR"},{"@type":"Organization","@id":"https:\/\/insieme.ch\/fr\/#organization","name":"insieme","url":"https:\/\/insieme.ch\/fr\/","logo":{"@type":"ImageObject","inLanguage":"fr-FR","@id":"https:\/\/insieme.ch\/fr\/#\/schema\/logo\/image\/","url":"https:\/\/insieme.ch\/wp-inside\/uploads\/2021\/03\/logo-insieme.jpg","contentUrl":"https:\/\/insieme.ch\/wp-inside\/uploads\/2021\/03\/logo-insieme.jpg","width":250,"height":250,"caption":"insieme"},"image":{"@id":"https:\/\/insieme.ch\/fr\/#\/schema\/logo\/image\/"}}]}},"_links":{"self":[{"href":"https:\/\/insieme.ch\/fr\/wp-json\/wp\/v2\/product\/3888","targetHints":{"allow":["GET"]}}],"collection":[{"href":"https:\/\/insieme.ch\/fr\/wp-json\/wp\/v2\/product"}],"about":[{"href":"https:\/\/insieme.ch\/fr\/wp-json\/wp\/v2\/types\/product"}],"wp:featuredmedia":[{"embeddable":true,"href":"https:\/\/insieme.ch\/fr\/wp-json\/wp\/v2\/media\/3820"}],"wp:attachment":[{"href":"https:\/\/insieme.ch\/fr\/wp-json\/wp\/v2\/media?parent=3888"}],"wp:term":[{"taxonomy":"product_brand","embeddable":true,"href":"https:\/\/insieme.ch\/fr\/wp-json\/wp\/v2\/product_brand?post=3888"},{"taxonomy":"product_cat","embeddable":true,"href":"https:\/\/insieme.ch\/fr\/wp-json\/wp\/v2\/product_cat?post=3888"},{"taxonomy":"product_tag","embeddable":true,"href":"https:\/\/insieme.ch\/fr\/wp-json\/wp\/v2\/product_tag?post=3888"}],"curies":[{"name":"wp","href":"https:\/\/api.w.org\/{rel}","templated":true}]}}