{"id":19976,"date":"2023-09-01T10:10:12","date_gmt":"2023-09-01T08:34:37","guid":{"rendered":"https:\/\/insieme.ch\/?post_type=product&#038;p=19976"},"modified":"2023-10-05T16:09:00","modified_gmt":"2023-10-05T14:09:00","slug":"guide-pour-voter-en-langue-facile-2023","status":"publish","type":"product","link":"https:\/\/insieme.ch\/fr\/produit\/guide-pour-voter-en-langue-facile-2023\/","title":{"rendered":"Guide pour voter en langue facile 2023"},"content":{"rendered":"<p>Nombre de personnes souhaitent pouvoir voter et d\u00e9fendre leurs int\u00e9r\u00eats. Mais, souvent, elles n&#8217;ont pas re\u00e7u la formation civique n\u00e9cessaire ni des informations accessibles. Avec son \u00ab\u2009Guide pour voter en langue facile \u00e0 lire\u2009\u00bb, r\u00e9alis\u00e9 dans le cadre des \u00e9lections d\u2019octobre 2023, insieme Suisse veut pallier \u00e0 ce manque.<\/p>\n<p><strong><a href=\"https:\/\/insieme.ch\/wp-inside\/uploads\/2023\/09\/guide-pour-voter-en-langue-facile-a-lire-pour-les-elections-2023_accessible-1.pdf\">T\u00e9l\u00e9charger le guide en fran\u00e7ais (PDF)<\/a><\/strong><\/p>\n<p><strong><a href=\"https:\/\/insieme.ch\/wp-inside\/uploads\/2023\/09\/istruzioni-di-voto-in-lingua-facile-per-le-elezioni-2023_accessibile.pdf\" target=\"_blank\" rel=\"noopener\">T\u00e9l\u00e9charger le guide en italien (PDF)<\/a><\/strong><\/p>\n<p><strong><a class=\"button\" href=\"http:\/\/insieme.ch\/votations\" target=\"_blank\" rel=\"noopener\">Plus d&#8217;informations<\/a><\/strong><\/p>\n","protected":false},"excerpt":{"rendered":"<p>&nbsp;<\/p>\n<p>\u00ab Guide pour voter en langue facile \u00e0 lire: pour l&#8217;\u00e9lection du Conseil national, pour l&#8217;\u00e9lections du Conseil des Etats \u00bb, 32 pages, Chancellerie f\u00e9d\u00e9rale (maison d&#8217;\u00e9dition), septembre 2023<\/p>\n<p>Les \u00e9lections f\u00e9d\u00e9rales au Conseil national et au Conseil des Etats auront lieu en octobre 2023. A cette occasion, tout comme lors de \u00e9lections de 2019, insieme Suisse met \u00e0 disposition une brochure explicative, r\u00e9alis\u00e9 conjointement avec capito Z\u00fcrich et la Chancellerie f\u00e9d\u00e9rale.<\/p>\n<p>Frais de port en sus.<\/p>\n","protected":false},"featured_media":19962,"template":"","meta":{"_acf_changed":false},"product_brand":[],"product_cat":[150],"product_tag":[],"class_list":{"0":"post-19976","1":"product","2":"type-product","3":"status-publish","4":"has-post-thumbnail","6":"product_cat-publication","7":"wp-sticky","9":"first","10":"instock","11":"shipping-taxable","12":"purchasable","13":"product-type-variable"},"acf":[],"yoast_head":"<!-- This site is optimized with the Yoast SEO plugin v27.4 - https:\/\/yoast.com\/product\/yoast-seo-wordpress\/ -->\n<title>Guide pour voter en langue facile 2023<\/title>\n<meta name=\"description\" content=\"Nombre de personnes souhaitent pouvoir voter et d\u00e9fendre leurs int\u00e9r\u00eats. Mais, souvent, elles n&#039;ont pas re\u00e7u la formation civique n\u00e9cessaire ni des informations accessibles.\" \/>\n<meta name=\"robots\" content=\"index, follow, max-snippet:-1, max-image-preview:large, max-video-preview:-1\" \/>\n<link rel=\"canonical\" href=\"https:\/\/insieme.ch\/fr\/produit\/guide-pour-voter-en-langue-facile-2023\/\" \/>\n<meta property=\"og:locale\" content=\"fr_FR\" \/>\n<meta property=\"og:type\" content=\"article\" \/>\n<meta property=\"og:title\" content=\"Guide pour voter en langue facile 2023\" \/>\n<meta property=\"og:description\" content=\"Nombre de personnes souhaitent pouvoir voter et d\u00e9fendre leurs int\u00e9r\u00eats. Mais, souvent, elles n&#039;ont pas re\u00e7u la formation civique n\u00e9cessaire ni des informations accessibles.\" \/>\n<meta property=\"og:url\" content=\"https:\/\/insieme.ch\/fr\/produit\/guide-pour-voter-en-langue-facile-2023\/\" \/>\n<meta property=\"og:site_name\" content=\"insieme.ch\" \/>\n<meta property=\"article:modified_time\" content=\"2023-10-05T14:09:00+00:00\" \/>\n<meta property=\"og:image\" content=\"https:\/\/insieme.ch\/wp-inside\/uploads\/2023\/09\/guide-pour-voter-jpg-fr.webp\" \/>\n\t<meta property=\"og:image:width\" content=\"688\" \/>\n\t<meta property=\"og:image:height\" content=\"973\" \/>\n\t<meta property=\"og:image:type\" content=\"image\/webp\" \/>\n<meta name=\"twitter:card\" content=\"summary_large_image\" \/>\n<script type=\"application\/ld+json\" class=\"yoast-schema-graph\">{\"@context\":\"https:\\\/\\\/schema.org\",\"@graph\":[{\"@type\":\"WebPage\",\"@id\":\"https:\\\/\\\/insieme.ch\\\/fr\\\/produit\\\/guide-pour-voter-en-langue-facile-2023\\\/\",\"url\":\"https:\\\/\\\/insieme.ch\\\/fr\\\/produit\\\/guide-pour-voter-en-langue-facile-2023\\\/\",\"name\":\"Guide pour voter en langue facile 2023\",\"isPartOf\":{\"@id\":\"https:\\\/\\\/insieme.ch\\\/fr\\\/#website\"},\"primaryImageOfPage\":{\"@id\":\"https:\\\/\\\/insieme.ch\\\/fr\\\/produit\\\/guide-pour-voter-en-langue-facile-2023\\\/#primaryimage\"},\"image\":{\"@id\":\"https:\\\/\\\/insieme.ch\\\/fr\\\/produit\\\/guide-pour-voter-en-langue-facile-2023\\\/#primaryimage\"},\"thumbnailUrl\":\"https:\\\/\\\/insieme.ch\\\/wp-inside\\\/uploads\\\/2023\\\/09\\\/guide-pour-voter-jpg-fr.webp\",\"datePublished\":\"2023-09-01T08:34:37+00:00\",\"dateModified\":\"2023-10-05T14:09:00+00:00\",\"description\":\"Nombre de personnes souhaitent pouvoir voter et d\u00e9fendre leurs int\u00e9r\u00eats. Mais, souvent, elles n'ont pas re\u00e7u la formation civique n\u00e9cessaire ni des informations accessibles.\",\"breadcrumb\":{\"@id\":\"https:\\\/\\\/insieme.ch\\\/fr\\\/produit\\\/guide-pour-voter-en-langue-facile-2023\\\/#breadcrumb\"},\"inLanguage\":\"fr-FR\",\"potentialAction\":[{\"@type\":\"ReadAction\",\"target\":[\"https:\\\/\\\/insieme.ch\\\/fr\\\/produit\\\/guide-pour-voter-en-langue-facile-2023\\\/\"]}]},{\"@type\":\"ImageObject\",\"inLanguage\":\"fr-FR\",\"@id\":\"https:\\\/\\\/insieme.ch\\\/fr\\\/produit\\\/guide-pour-voter-en-langue-facile-2023\\\/#primaryimage\",\"url\":\"https:\\\/\\\/insieme.ch\\\/wp-inside\\\/uploads\\\/2023\\\/09\\\/guide-pour-voter-jpg-fr.webp\",\"contentUrl\":\"https:\\\/\\\/insieme.ch\\\/wp-inside\\\/uploads\\\/2023\\\/09\\\/guide-pour-voter-jpg-fr.webp\",\"width\":688,\"height\":973},{\"@type\":\"BreadcrumbList\",\"@id\":\"https:\\\/\\\/insieme.ch\\\/fr\\\/produit\\\/guide-pour-voter-en-langue-facile-2023\\\/#breadcrumb\",\"itemListElement\":[{\"@type\":\"ListItem\",\"position\":1,\"name\":\"Accueil\",\"item\":\"https:\\\/\\\/insieme.ch\\\/fr\\\/\"},{\"@type\":\"ListItem\",\"position\":2,\"name\":\"Publications\",\"item\":\"https:\\\/\\\/insieme.ch\\\/fr\\\/a-propos\\\/publications\\\/\"},{\"@type\":\"ListItem\",\"position\":3,\"name\":\"Publication\",\"item\":\"https:\\\/\\\/insieme.ch\\\/fr\\\/categorie-produit\\\/publication\\\/\"},{\"@type\":\"ListItem\",\"position\":4,\"name\":\"Guide pour voter en langue facile 2023\"}]},{\"@type\":\"WebSite\",\"@id\":\"https:\\\/\\\/insieme.ch\\\/fr\\\/#website\",\"url\":\"https:\\\/\\\/insieme.ch\\\/fr\\\/\",\"name\":\"insieme.ch\",\"description\":\"\",\"publisher\":{\"@id\":\"https:\\\/\\\/insieme.ch\\\/fr\\\/#organization\"},\"potentialAction\":[{\"@type\":\"SearchAction\",\"target\":{\"@type\":\"EntryPoint\",\"urlTemplate\":\"https:\\\/\\\/insieme.ch\\\/fr\\\/?s={search_term_string}\"},\"query-input\":{\"@type\":\"PropertyValueSpecification\",\"valueRequired\":true,\"valueName\":\"search_term_string\"}}],\"inLanguage\":\"fr-FR\"},{\"@type\":\"Organization\",\"@id\":\"https:\\\/\\\/insieme.ch\\\/fr\\\/#organization\",\"name\":\"insieme\",\"url\":\"https:\\\/\\\/insieme.ch\\\/fr\\\/\",\"logo\":{\"@type\":\"ImageObject\",\"inLanguage\":\"fr-FR\",\"@id\":\"https:\\\/\\\/insieme.ch\\\/fr\\\/#\\\/schema\\\/logo\\\/image\\\/\",\"url\":\"https:\\\/\\\/insieme.ch\\\/wp-inside\\\/uploads\\\/2021\\\/03\\\/logo-insieme.jpg\",\"contentUrl\":\"https:\\\/\\\/insieme.ch\\\/wp-inside\\\/uploads\\\/2021\\\/03\\\/logo-insieme.jpg\",\"width\":250,\"height\":250,\"caption\":\"insieme\"},\"image\":{\"@id\":\"https:\\\/\\\/insieme.ch\\\/fr\\\/#\\\/schema\\\/logo\\\/image\\\/\"}}]}<\/script>\n<!-- \/ Yoast SEO plugin. -->","yoast_head_json":{"title":"Guide pour voter en langue facile 2023","description":"Nombre de personnes souhaitent pouvoir voter et d\u00e9fendre leurs int\u00e9r\u00eats. Mais, souvent, elles n'ont pas re\u00e7u la formation civique n\u00e9cessaire ni des informations accessibles.","robots":{"index":"index","follow":"follow","max-snippet":"max-snippet:-1","max-image-preview":"max-image-preview:large","max-video-preview":"max-video-preview:-1"},"canonical":"https:\/\/insieme.ch\/fr\/produit\/guide-pour-voter-en-langue-facile-2023\/","og_locale":"fr_FR","og_type":"article","og_title":"Guide pour voter en langue facile 2023","og_description":"Nombre de personnes souhaitent pouvoir voter et d\u00e9fendre leurs int\u00e9r\u00eats. Mais, souvent, elles n'ont pas re\u00e7u la formation civique n\u00e9cessaire ni des informations accessibles.","og_url":"https:\/\/insieme.ch\/fr\/produit\/guide-pour-voter-en-langue-facile-2023\/","og_site_name":"insieme.ch","article_modified_time":"2023-10-05T14:09:00+00:00","og_image":[{"width":688,"height":973,"url":"https:\/\/insieme.ch\/wp-inside\/uploads\/2023\/09\/guide-pour-voter-jpg-fr.webp","type":"image\/webp"}],"twitter_card":"summary_large_image","schema":{"@context":"https:\/\/schema.org","@graph":[{"@type":"WebPage","@id":"https:\/\/insieme.ch\/fr\/produit\/guide-pour-voter-en-langue-facile-2023\/","url":"https:\/\/insieme.ch\/fr\/produit\/guide-pour-voter-en-langue-facile-2023\/","name":"Guide pour voter en langue facile 2023","isPartOf":{"@id":"https:\/\/insieme.ch\/fr\/#website"},"primaryImageOfPage":{"@id":"https:\/\/insieme.ch\/fr\/produit\/guide-pour-voter-en-langue-facile-2023\/#primaryimage"},"image":{"@id":"https:\/\/insieme.ch\/fr\/produit\/guide-pour-voter-en-langue-facile-2023\/#primaryimage"},"thumbnailUrl":"https:\/\/insieme.ch\/wp-inside\/uploads\/2023\/09\/guide-pour-voter-jpg-fr.webp","datePublished":"2023-09-01T08:34:37+00:00","dateModified":"2023-10-05T14:09:00+00:00","description":"Nombre de personnes souhaitent pouvoir voter et d\u00e9fendre leurs int\u00e9r\u00eats. Mais, souvent, elles n'ont pas re\u00e7u la formation civique n\u00e9cessaire ni des informations accessibles.","breadcrumb":{"@id":"https:\/\/insieme.ch\/fr\/produit\/guide-pour-voter-en-langue-facile-2023\/#breadcrumb"},"inLanguage":"fr-FR","potentialAction":[{"@type":"ReadAction","target":["https:\/\/insieme.ch\/fr\/produit\/guide-pour-voter-en-langue-facile-2023\/"]}]},{"@type":"ImageObject","inLanguage":"fr-FR","@id":"https:\/\/insieme.ch\/fr\/produit\/guide-pour-voter-en-langue-facile-2023\/#primaryimage","url":"https:\/\/insieme.ch\/wp-inside\/uploads\/2023\/09\/guide-pour-voter-jpg-fr.webp","contentUrl":"https:\/\/insieme.ch\/wp-inside\/uploads\/2023\/09\/guide-pour-voter-jpg-fr.webp","width":688,"height":973},{"@type":"BreadcrumbList","@id":"https:\/\/insieme.ch\/fr\/produit\/guide-pour-voter-en-langue-facile-2023\/#breadcrumb","itemListElement":[{"@type":"ListItem","position":1,"name":"Accueil","item":"https:\/\/insieme.ch\/fr\/"},{"@type":"ListItem","position":2,"name":"Publications","item":"https:\/\/insieme.ch\/fr\/a-propos\/publications\/"},{"@type":"ListItem","position":3,"name":"Publication","item":"https:\/\/insieme.ch\/fr\/categorie-produit\/publication\/"},{"@type":"ListItem","position":4,"name":"Guide pour voter en langue facile 2023"}]},{"@type":"WebSite","@id":"https:\/\/insieme.ch\/fr\/#website","url":"https:\/\/insieme.ch\/fr\/","name":"insieme.ch","description":"","publisher":{"@id":"https:\/\/insieme.ch\/fr\/#organization"},"potentialAction":[{"@type":"SearchAction","target":{"@type":"EntryPoint","urlTemplate":"https:\/\/insieme.ch\/fr\/?s={search_term_string}"},"query-input":{"@type":"PropertyValueSpecification","valueRequired":true,"valueName":"search_term_string"}}],"inLanguage":"fr-FR"},{"@type":"Organization","@id":"https:\/\/insieme.ch\/fr\/#organization","name":"insieme","url":"https:\/\/insieme.ch\/fr\/","logo":{"@type":"ImageObject","inLanguage":"fr-FR","@id":"https:\/\/insieme.ch\/fr\/#\/schema\/logo\/image\/","url":"https:\/\/insieme.ch\/wp-inside\/uploads\/2021\/03\/logo-insieme.jpg","contentUrl":"https:\/\/insieme.ch\/wp-inside\/uploads\/2021\/03\/logo-insieme.jpg","width":250,"height":250,"caption":"insieme"},"image":{"@id":"https:\/\/insieme.ch\/fr\/#\/schema\/logo\/image\/"}}]}},"_links":{"self":[{"href":"https:\/\/insieme.ch\/fr\/wp-json\/wp\/v2\/product\/19976","targetHints":{"allow":["GET"]}}],"collection":[{"href":"https:\/\/insieme.ch\/fr\/wp-json\/wp\/v2\/product"}],"about":[{"href":"https:\/\/insieme.ch\/fr\/wp-json\/wp\/v2\/types\/product"}],"wp:featuredmedia":[{"embeddable":true,"href":"https:\/\/insieme.ch\/fr\/wp-json\/wp\/v2\/media\/19962"}],"wp:attachment":[{"href":"https:\/\/insieme.ch\/fr\/wp-json\/wp\/v2\/media?parent=19976"}],"wp:term":[{"taxonomy":"product_brand","embeddable":true,"href":"https:\/\/insieme.ch\/fr\/wp-json\/wp\/v2\/product_brand?post=19976"},{"taxonomy":"product_cat","embeddable":true,"href":"https:\/\/insieme.ch\/fr\/wp-json\/wp\/v2\/product_cat?post=19976"},{"taxonomy":"product_tag","embeddable":true,"href":"https:\/\/insieme.ch\/fr\/wp-json\/wp\/v2\/product_tag?post=19976"}],"curies":[{"name":"wp","href":"https:\/\/api.w.org\/{rel}","templated":true}]}}