{"id":19107,"date":"2022-06-15T13:20:11","date_gmt":"2023-05-11T13:14:11","guid":{"rendered":"https:\/\/insieme.ch\/?post_type=product&#038;p=19107"},"modified":"2023-09-15T11:26:11","modified_gmt":"2023-09-15T09:26:11","slug":"ta-sexualite-tes-droits-2","status":"publish","type":"product","link":"https:\/\/insieme.ch\/fr\/produit\/ta-sexualite-tes-droits-2\/","title":{"rendered":"Ta sexualit\u00e9 \u2013 tes droits"},"content":{"rendered":"","protected":false},"excerpt":{"rendered":"<p>Brochure informative sur la sant\u00e9 sexuelle \u00e0 destination des jeunes (d\u00e8s 13 ans) r\u00e9dig\u00e9e en Facile \u00e0 lire.<\/p>\n","protected":false},"featured_media":19104,"template":"","meta":{"_acf_changed":false},"product_brand":[],"product_cat":[150],"product_tag":[],"class_list":{"0":"post-19107","1":"product","2":"type-product","3":"status-publish","4":"has-post-thumbnail","6":"product_cat-publication","7":"wp-sticky","9":"first","10":"outofstock","11":"shipping-taxable","12":"purchasable","13":"product-type-variable"},"acf":[],"yoast_head":"<!-- This site is optimized with the Yoast SEO plugin v27.3 - https:\/\/yoast.com\/product\/yoast-seo-wordpress\/ -->\n<title>Ta sexualit\u00e9 \u2013 tes droits en Facile \u00e0 lire<\/title>\n<meta name=\"description\" content=\"Brochure informative sur la sant\u00e9 sexuelle \u00e0 destination des jeunes (d\u00e8s 13 ans) r\u00e9dig\u00e9e en Facile \u00e0 lire.\" \/>\n<meta name=\"robots\" content=\"index, follow, max-snippet:-1, max-image-preview:large, max-video-preview:-1\" \/>\n<link rel=\"canonical\" href=\"https:\/\/insieme.ch\/fr\/produit\/ta-sexualite-tes-droits-2\/\" \/>\n<meta property=\"og:locale\" content=\"fr_FR\" \/>\n<meta property=\"og:type\" content=\"article\" \/>\n<meta property=\"og:title\" content=\"Ta sexualit\u00e9 \u2013 tes droits en Facile \u00e0 lire\" \/>\n<meta property=\"og:description\" content=\"Brochure informative sur la sant\u00e9 sexuelle \u00e0 destination des jeunes (d\u00e8s 13 ans) r\u00e9dig\u00e9e en Facile \u00e0 lire.\" \/>\n<meta property=\"og:url\" content=\"https:\/\/insieme.ch\/fr\/produit\/ta-sexualite-tes-droits-2\/\" \/>\n<meta property=\"og:site_name\" content=\"insieme.ch\" \/>\n<meta property=\"article:modified_time\" content=\"2023-09-15T09:26:11+00:00\" \/>\n<meta property=\"og:image\" content=\"https:\/\/insieme.ch\/wp-inside\/uploads\/2022\/06\/ta-sex_tes-droits.jpg\" \/>\n\t<meta property=\"og:image:width\" content=\"642\" \/>\n\t<meta property=\"og:image:height\" content=\"609\" \/>\n\t<meta property=\"og:image:type\" content=\"image\/jpeg\" \/>\n<meta name=\"twitter:card\" content=\"summary_large_image\" \/>\n<script type=\"application\/ld+json\" class=\"yoast-schema-graph\">{\"@context\":\"https:\\\/\\\/schema.org\",\"@graph\":[{\"@type\":\"WebPage\",\"@id\":\"https:\\\/\\\/insieme.ch\\\/fr\\\/produit\\\/ta-sexualite-tes-droits-2\\\/\",\"url\":\"https:\\\/\\\/insieme.ch\\\/fr\\\/produit\\\/ta-sexualite-tes-droits-2\\\/\",\"name\":\"Ta sexualit\u00e9 \u2013 tes droits en Facile \u00e0 lire\",\"isPartOf\":{\"@id\":\"https:\\\/\\\/insieme.ch\\\/fr\\\/#website\"},\"primaryImageOfPage\":{\"@id\":\"https:\\\/\\\/insieme.ch\\\/fr\\\/produit\\\/ta-sexualite-tes-droits-2\\\/#primaryimage\"},\"image\":{\"@id\":\"https:\\\/\\\/insieme.ch\\\/fr\\\/produit\\\/ta-sexualite-tes-droits-2\\\/#primaryimage\"},\"thumbnailUrl\":\"https:\\\/\\\/insieme.ch\\\/wp-inside\\\/uploads\\\/2022\\\/06\\\/ta-sex_tes-droits.jpg\",\"datePublished\":\"2023-05-11T13:14:11+00:00\",\"dateModified\":\"2023-09-15T09:26:11+00:00\",\"description\":\"Brochure informative sur la sant\u00e9 sexuelle \u00e0 destination des jeunes (d\u00e8s 13 ans) r\u00e9dig\u00e9e en Facile \u00e0 lire.\",\"breadcrumb\":{\"@id\":\"https:\\\/\\\/insieme.ch\\\/fr\\\/produit\\\/ta-sexualite-tes-droits-2\\\/#breadcrumb\"},\"inLanguage\":\"fr-FR\",\"potentialAction\":[{\"@type\":\"ReadAction\",\"target\":[\"https:\\\/\\\/insieme.ch\\\/fr\\\/produit\\\/ta-sexualite-tes-droits-2\\\/\"]}]},{\"@type\":\"ImageObject\",\"inLanguage\":\"fr-FR\",\"@id\":\"https:\\\/\\\/insieme.ch\\\/fr\\\/produit\\\/ta-sexualite-tes-droits-2\\\/#primaryimage\",\"url\":\"https:\\\/\\\/insieme.ch\\\/wp-inside\\\/uploads\\\/2022\\\/06\\\/ta-sex_tes-droits.jpg\",\"contentUrl\":\"https:\\\/\\\/insieme.ch\\\/wp-inside\\\/uploads\\\/2022\\\/06\\\/ta-sex_tes-droits.jpg\",\"width\":642,\"height\":609},{\"@type\":\"BreadcrumbList\",\"@id\":\"https:\\\/\\\/insieme.ch\\\/fr\\\/produit\\\/ta-sexualite-tes-droits-2\\\/#breadcrumb\",\"itemListElement\":[{\"@type\":\"ListItem\",\"position\":1,\"name\":\"Accueil\",\"item\":\"https:\\\/\\\/insieme.ch\\\/fr\\\/\"},{\"@type\":\"ListItem\",\"position\":2,\"name\":\"Publications\",\"item\":\"https:\\\/\\\/insieme.ch\\\/fr\\\/a-propos\\\/publications\\\/\"},{\"@type\":\"ListItem\",\"position\":3,\"name\":\"Publication\",\"item\":\"https:\\\/\\\/insieme.ch\\\/fr\\\/categorie-produit\\\/publication\\\/\"},{\"@type\":\"ListItem\",\"position\":4,\"name\":\"Ta sexualit\u00e9 \u2013 tes droits\"}]},{\"@type\":\"WebSite\",\"@id\":\"https:\\\/\\\/insieme.ch\\\/fr\\\/#website\",\"url\":\"https:\\\/\\\/insieme.ch\\\/fr\\\/\",\"name\":\"insieme.ch\",\"description\":\"\",\"publisher\":{\"@id\":\"https:\\\/\\\/insieme.ch\\\/fr\\\/#organization\"},\"potentialAction\":[{\"@type\":\"SearchAction\",\"target\":{\"@type\":\"EntryPoint\",\"urlTemplate\":\"https:\\\/\\\/insieme.ch\\\/fr\\\/?s={search_term_string}\"},\"query-input\":{\"@type\":\"PropertyValueSpecification\",\"valueRequired\":true,\"valueName\":\"search_term_string\"}}],\"inLanguage\":\"fr-FR\"},{\"@type\":\"Organization\",\"@id\":\"https:\\\/\\\/insieme.ch\\\/fr\\\/#organization\",\"name\":\"insieme\",\"url\":\"https:\\\/\\\/insieme.ch\\\/fr\\\/\",\"logo\":{\"@type\":\"ImageObject\",\"inLanguage\":\"fr-FR\",\"@id\":\"https:\\\/\\\/insieme.ch\\\/fr\\\/#\\\/schema\\\/logo\\\/image\\\/\",\"url\":\"https:\\\/\\\/insieme.ch\\\/wp-inside\\\/uploads\\\/2021\\\/03\\\/logo-insieme.jpg\",\"contentUrl\":\"https:\\\/\\\/insieme.ch\\\/wp-inside\\\/uploads\\\/2021\\\/03\\\/logo-insieme.jpg\",\"width\":250,\"height\":250,\"caption\":\"insieme\"},\"image\":{\"@id\":\"https:\\\/\\\/insieme.ch\\\/fr\\\/#\\\/schema\\\/logo\\\/image\\\/\"}}]}<\/script>\n<!-- \/ Yoast SEO plugin. -->","yoast_head_json":{"title":"Ta sexualit\u00e9 \u2013 tes droits en Facile \u00e0 lire","description":"Brochure informative sur la sant\u00e9 sexuelle \u00e0 destination des jeunes (d\u00e8s 13 ans) r\u00e9dig\u00e9e en Facile \u00e0 lire.","robots":{"index":"index","follow":"follow","max-snippet":"max-snippet:-1","max-image-preview":"max-image-preview:large","max-video-preview":"max-video-preview:-1"},"canonical":"https:\/\/insieme.ch\/fr\/produit\/ta-sexualite-tes-droits-2\/","og_locale":"fr_FR","og_type":"article","og_title":"Ta sexualit\u00e9 \u2013 tes droits en Facile \u00e0 lire","og_description":"Brochure informative sur la sant\u00e9 sexuelle \u00e0 destination des jeunes (d\u00e8s 13 ans) r\u00e9dig\u00e9e en Facile \u00e0 lire.","og_url":"https:\/\/insieme.ch\/fr\/produit\/ta-sexualite-tes-droits-2\/","og_site_name":"insieme.ch","article_modified_time":"2023-09-15T09:26:11+00:00","og_image":[{"width":642,"height":609,"url":"https:\/\/insieme.ch\/wp-inside\/uploads\/2022\/06\/ta-sex_tes-droits.jpg","type":"image\/jpeg"}],"twitter_card":"summary_large_image","schema":{"@context":"https:\/\/schema.org","@graph":[{"@type":"WebPage","@id":"https:\/\/insieme.ch\/fr\/produit\/ta-sexualite-tes-droits-2\/","url":"https:\/\/insieme.ch\/fr\/produit\/ta-sexualite-tes-droits-2\/","name":"Ta sexualit\u00e9 \u2013 tes droits en Facile \u00e0 lire","isPartOf":{"@id":"https:\/\/insieme.ch\/fr\/#website"},"primaryImageOfPage":{"@id":"https:\/\/insieme.ch\/fr\/produit\/ta-sexualite-tes-droits-2\/#primaryimage"},"image":{"@id":"https:\/\/insieme.ch\/fr\/produit\/ta-sexualite-tes-droits-2\/#primaryimage"},"thumbnailUrl":"https:\/\/insieme.ch\/wp-inside\/uploads\/2022\/06\/ta-sex_tes-droits.jpg","datePublished":"2023-05-11T13:14:11+00:00","dateModified":"2023-09-15T09:26:11+00:00","description":"Brochure informative sur la sant\u00e9 sexuelle \u00e0 destination des jeunes (d\u00e8s 13 ans) r\u00e9dig\u00e9e en Facile \u00e0 lire.","breadcrumb":{"@id":"https:\/\/insieme.ch\/fr\/produit\/ta-sexualite-tes-droits-2\/#breadcrumb"},"inLanguage":"fr-FR","potentialAction":[{"@type":"ReadAction","target":["https:\/\/insieme.ch\/fr\/produit\/ta-sexualite-tes-droits-2\/"]}]},{"@type":"ImageObject","inLanguage":"fr-FR","@id":"https:\/\/insieme.ch\/fr\/produit\/ta-sexualite-tes-droits-2\/#primaryimage","url":"https:\/\/insieme.ch\/wp-inside\/uploads\/2022\/06\/ta-sex_tes-droits.jpg","contentUrl":"https:\/\/insieme.ch\/wp-inside\/uploads\/2022\/06\/ta-sex_tes-droits.jpg","width":642,"height":609},{"@type":"BreadcrumbList","@id":"https:\/\/insieme.ch\/fr\/produit\/ta-sexualite-tes-droits-2\/#breadcrumb","itemListElement":[{"@type":"ListItem","position":1,"name":"Accueil","item":"https:\/\/insieme.ch\/fr\/"},{"@type":"ListItem","position":2,"name":"Publications","item":"https:\/\/insieme.ch\/fr\/a-propos\/publications\/"},{"@type":"ListItem","position":3,"name":"Publication","item":"https:\/\/insieme.ch\/fr\/categorie-produit\/publication\/"},{"@type":"ListItem","position":4,"name":"Ta sexualit\u00e9 \u2013 tes droits"}]},{"@type":"WebSite","@id":"https:\/\/insieme.ch\/fr\/#website","url":"https:\/\/insieme.ch\/fr\/","name":"insieme.ch","description":"","publisher":{"@id":"https:\/\/insieme.ch\/fr\/#organization"},"potentialAction":[{"@type":"SearchAction","target":{"@type":"EntryPoint","urlTemplate":"https:\/\/insieme.ch\/fr\/?s={search_term_string}"},"query-input":{"@type":"PropertyValueSpecification","valueRequired":true,"valueName":"search_term_string"}}],"inLanguage":"fr-FR"},{"@type":"Organization","@id":"https:\/\/insieme.ch\/fr\/#organization","name":"insieme","url":"https:\/\/insieme.ch\/fr\/","logo":{"@type":"ImageObject","inLanguage":"fr-FR","@id":"https:\/\/insieme.ch\/fr\/#\/schema\/logo\/image\/","url":"https:\/\/insieme.ch\/wp-inside\/uploads\/2021\/03\/logo-insieme.jpg","contentUrl":"https:\/\/insieme.ch\/wp-inside\/uploads\/2021\/03\/logo-insieme.jpg","width":250,"height":250,"caption":"insieme"},"image":{"@id":"https:\/\/insieme.ch\/fr\/#\/schema\/logo\/image\/"}}]}},"_links":{"self":[{"href":"https:\/\/insieme.ch\/fr\/wp-json\/wp\/v2\/product\/19107","targetHints":{"allow":["GET"]}}],"collection":[{"href":"https:\/\/insieme.ch\/fr\/wp-json\/wp\/v2\/product"}],"about":[{"href":"https:\/\/insieme.ch\/fr\/wp-json\/wp\/v2\/types\/product"}],"wp:featuredmedia":[{"embeddable":true,"href":"https:\/\/insieme.ch\/fr\/wp-json\/wp\/v2\/media\/19104"}],"wp:attachment":[{"href":"https:\/\/insieme.ch\/fr\/wp-json\/wp\/v2\/media?parent=19107"}],"wp:term":[{"taxonomy":"product_brand","embeddable":true,"href":"https:\/\/insieme.ch\/fr\/wp-json\/wp\/v2\/product_brand?post=19107"},{"taxonomy":"product_cat","embeddable":true,"href":"https:\/\/insieme.ch\/fr\/wp-json\/wp\/v2\/product_cat?post=19107"},{"taxonomy":"product_tag","embeddable":true,"href":"https:\/\/insieme.ch\/fr\/wp-json\/wp\/v2\/product_tag?post=19107"}],"curies":[{"name":"wp","href":"https:\/\/api.w.org\/{rel}","templated":true}]}}