{"id":8,"date":"2021-02-01T15:03:36","date_gmt":"2021-02-01T14:03:36","guid":{"rendered":"https:\/\/insieme.ch?page_id=8"},"modified":"2026-04-07T13:37:19","modified_gmt":"2026-04-07T11:37:19","slug":"accueil","status":"publish","type":"page","link":"https:\/\/insieme.ch\/fr\/","title":{"rendered":"Accueil"},"content":{"rendered":"<p><!-- flzn:zn_slider --><\/p>\n<div id=\"flzn-slider-1\" class=\"zone zn-slider\">\n<div class=\"zone-block zn-slider-block pdd-top-off pdd-bottom-off alignfull va-top\">\n<div class=\"slick-slider rs_skip rs_preserve zn-slider-carousel\">\n<div class=\"slick-item rs_skip\">\n<div class=\"zn-slider-carousel-slide\">\n<p>\t\t\t\t\t\t<span class=\"zn-slider-carousel-imgbg rs_skip rs_preserve\" data-interchange=\"[https:\/\/insieme.ch\/wp-inside\/uploads\/2026\/04\/banner_balanced_1920x600-425x300.jpeg, small],[https:\/\/insieme.ch\/wp-inside\/uploads\/2026\/04\/banner_balanced_1920x600-1280x600.jpeg, gsmall],[https:\/\/insieme.ch\/wp-inside\/uploads\/2026\/04\/banner_balanced_1920x600-1280x600.jpeg, glarge],[https:\/\/insieme.ch\/wp-inside\/uploads\/2026\/04\/banner_balanced_1920x600.jpeg, xlarge],\"><\/span><\/p>\n<div class=\"zn-slider-carousel-img-wrapper\">\n<div class=\"overlay\"><\/div>\n<p>\t\t\t\t\t\t\t<img decoding=\"async\" class=\"zn-slider-carousel-img rs_skip rs_preserve\" src=\"https:\/\/insieme.ch\/wp-inside\/uploads\/2026\/04\/banner_balanced_1920x600-425x300.jpeg\" alt=\"\" data-interchange=\"[https:\/\/insieme.ch\/wp-inside\/uploads\/2026\/04\/banner_balanced_1920x600-425x300.jpeg, small],[https:\/\/insieme.ch\/wp-inside\/uploads\/2026\/04\/banner_balanced_1920x600-1280x600.jpeg, gsmall],[https:\/\/insieme.ch\/wp-inside\/uploads\/2026\/04\/banner_balanced_1920x600-1280x600.jpeg, glarge],[https:\/\/insieme.ch\/wp-inside\/uploads\/2026\/04\/banner_balanced_1920x600.jpeg, xlarge],\">\n\t\t\t\t\t\t<\/div>\n<div class=\"zn-slider-carousel-box rs_skip rs_preserve\">\n<div class=\"row\">\n<div class=\"columns xlarge-push-1\">\n<div class=\"zn-slider-carousel-content rs_skip rs_preserve\">\n<div class=\"readspeaker_button_container\">\n<div id=\"readspeaker_button\" class=\"rs_skip rsbtn rs_preserve\"><a rel=\"nofollow\" class=\"rsbtn_play\" accesskey=\"L\" title=\"Ecoutez le texte avec ReadSpeaker webReader\" href=\"\/\/app-eu.readspeaker.com\/cgi-bin\/rsent?customerid=12240&#038;lang=fr_fr&#038;readid=global-main&#038;url=https%3A%2F%2Finsieme.ch%2Ffr%2F\"><span class=\"rsbtn_left rsimg rspart\"><span class=\"rsbtn_text\"><span>Ecouter<\/span><\/span><\/span><span class=\"rsbtn_right rsimg rsplay rspart\"><\/span><\/a><\/div>\n<\/div>\n<p>\t\t\t\t\t\t\t\t\t\t\t\t\t\t\t\t\t\t\t\t\t\t\t\t\t\t\t\t\t\t\t<strong class=\"h2 zn-slider-carousel-title with-deco\"><br \/>\n\t\t\t\t\t\t\t\t\t\t\t<a href=\"https:\/\/wemakeit.com\/projects\/gemeinsam-in-die-schule\" title=\"\" target=\"_blank\">Ensemble \u00e0 l&#8217;\u00e9cole: un projet pour encourager l&#8217;\u00e9cole inclusive <\/a>\t\t\t\t\t\t\t\t\t\t\t<span class=\"title-deco\"><\/span><br \/>\n\t\t\t\t\t\t\t\t\t\t<\/strong><\/p><\/div>\n<div class=\"zn-slider-carousel-descbox\">\n<p>\t\t\t\t\t\t\t\t\t\t\t\t\t\t\t\t\t\t\t\t\t<a class=\"zn-slider-carousel-link button\" href=\"https:\/\/wemakeit.com\/projects\/gemeinsam-in-die-schule\" title=\"\" target=\"_blank\"><br \/>\n\t\t\t\t\t\t\t\t\t\t\t\tSoutenir notre crowdfunding\t\t\t\t\t\t\t\t\t\t\t<\/a><\/p><\/div>\n<\/p><\/div>\n<\/p><\/div>\n<\/p><\/div>\n<\/p><\/div>\n<\/p><\/div>\n<div class=\"slick-item rs_skip\">\n<div class=\"zn-slider-carousel-slide\">\n<p>\t\t\t\t\t\t<span class=\"zn-slider-carousel-imgbg rs_skip rs_preserve\" data-interchange=\"[https:\/\/insieme.ch\/wp-inside\/uploads\/2023\/04\/headerbild-425x300.jpg, small],[https:\/\/insieme.ch\/wp-inside\/uploads\/2023\/04\/headerbild-1280x600.jpg, gsmall],[https:\/\/insieme.ch\/wp-inside\/uploads\/2023\/04\/headerbild-1280x600.jpg, glarge],[https:\/\/insieme.ch\/wp-inside\/uploads\/2023\/04\/headerbild.jpg, xlarge],\"><\/span><\/p>\n<div class=\"zn-slider-carousel-img-wrapper\">\n<div class=\"overlay\"><\/div>\n<p>\t\t\t\t\t\t\t<img decoding=\"async\" class=\"zn-slider-carousel-img rs_skip rs_preserve\" src=\"https:\/\/insieme.ch\/wp-inside\/uploads\/2023\/04\/headerbild-425x300.jpg\" alt=\"\" data-interchange=\"[https:\/\/insieme.ch\/wp-inside\/uploads\/2023\/04\/headerbild-425x300.jpg, small],[https:\/\/insieme.ch\/wp-inside\/uploads\/2023\/04\/headerbild-1280x600.jpg, gsmall],[https:\/\/insieme.ch\/wp-inside\/uploads\/2023\/04\/headerbild-1280x600.jpg, glarge],[https:\/\/insieme.ch\/wp-inside\/uploads\/2023\/04\/headerbild.jpg, xlarge],\">\n\t\t\t\t\t\t<\/div>\n<div class=\"zn-slider-carousel-box rs_skip rs_preserve\">\n<div class=\"row\">\n<div class=\"columns xlarge-push-1\">\n<div class=\"zn-slider-carousel-content rs_skip rs_preserve\">\n\t\t\t\t\t\t\t\t\t\t\t\t\t\t\t\t\t\t\t\t<strong class=\"h2 zn-slider-carousel-title with-deco\"><br \/>\n\t\t\t\t\t\t\t\t\t\t\t<a href=\"https:\/\/insieme.ch\/fr\/nos-activites\/projets-et-realisations\/ca-joue\/\" title=\"\" target=\"_blank\">Loisirs: des projets pilotes con\u00e7us par les personnes en situation de handicap<\/a>\t\t\t\t\t\t\t\t\t\t\t<span class=\"title-deco\"><\/span><br \/>\n\t\t\t\t\t\t\t\t\t\t<\/strong><\/p><\/div>\n<div class=\"zn-slider-carousel-descbox\">\n<p>\t\t\t\t\t\t\t\t\t\t\t\t\t\t\t\t\t\t\t\t\t<a class=\"zn-slider-carousel-link button\" href=\"https:\/\/insieme.ch\/fr\/nos-activites\/projets-et-realisations\/ca-joue\/\" title=\"\" target=\"_blank\"><br \/>\n\t\t\t\t\t\t\t\t\t\t\t\tEn savoir plus\t\t\t\t\t\t\t\t\t\t\t<\/a><\/p><\/div>\n<\/p><\/div>\n<\/p><\/div>\n<\/p><\/div>\n<\/p><\/div>\n<\/p><\/div>\n<div class=\"slick-item rs_skip\">\n<div class=\"zn-slider-carousel-slide\">\n<p>\t\t\t\t\t\t<span class=\"zn-slider-carousel-imgbg rs_skip rs_preserve\" data-interchange=\"[https:\/\/insieme.ch\/wp-inside\/uploads\/2021\/04\/nick-morrison-fhnnjk1yj7y-unsplash-2-425x300.jpg, small],[https:\/\/insieme.ch\/wp-inside\/uploads\/2021\/04\/nick-morrison-fhnnjk1yj7y-unsplash-2-1280x860.jpg, gsmall],[https:\/\/insieme.ch\/wp-inside\/uploads\/2021\/04\/nick-morrison-fhnnjk1yj7y-unsplash-2-1280x860.jpg, glarge],[https:\/\/insieme.ch\/wp-inside\/uploads\/2021\/04\/nick-morrison-fhnnjk1yj7y-unsplash-2-1920x860.jpg, xlarge],\"><\/span><\/p>\n<div class=\"zn-slider-carousel-img-wrapper\">\n<div class=\"overlay\"><\/div>\n<p>\t\t\t\t\t\t\t<img decoding=\"async\" class=\"zn-slider-carousel-img rs_skip rs_preserve\" src=\"https:\/\/insieme.ch\/wp-inside\/uploads\/2021\/04\/nick-morrison-fhnnjk1yj7y-unsplash-2-425x300.jpg\" alt=\"\" data-interchange=\"[https:\/\/insieme.ch\/wp-inside\/uploads\/2021\/04\/nick-morrison-fhnnjk1yj7y-unsplash-2-425x300.jpg, small],[https:\/\/insieme.ch\/wp-inside\/uploads\/2021\/04\/nick-morrison-fhnnjk1yj7y-unsplash-2-1280x860.jpg, gsmall],[https:\/\/insieme.ch\/wp-inside\/uploads\/2021\/04\/nick-morrison-fhnnjk1yj7y-unsplash-2-1280x860.jpg, glarge],[https:\/\/insieme.ch\/wp-inside\/uploads\/2021\/04\/nick-morrison-fhnnjk1yj7y-unsplash-2-1920x860.jpg, xlarge],\">\n\t\t\t\t\t\t<\/div>\n<div class=\"zn-slider-carousel-box rs_skip rs_preserve\">\n<div class=\"row\">\n<div class=\"columns xlarge-push-1\">\n<div class=\"zn-slider-carousel-content rs_skip rs_preserve\">\n\t\t\t\t\t\t\t\t\t\t\t\t\t\t\t\t\t\t\t\t<strong class=\"h2 zn-slider-carousel-title with-deco\"><br \/>\n\t\t\t\t\t\t\t\t\t\t\t<a href=\"http:\/\/blog.insieme.ch\/fr\/\" title=\"\" target=\"_blank\">Le blog insieme \u00ab r\u00e9cits extra-ordinaires \u00bb est un espace d\u2019expression inclusif.<\/a>\t\t\t\t\t\t\t\t\t\t\t<span class=\"title-deco\"><\/span><br \/>\n\t\t\t\t\t\t\t\t\t\t<\/strong><\/p><\/div>\n<div class=\"zn-slider-carousel-descbox\">\n<p>\t\t\t\t\t\t\t\t\t\t\t\t\t\t\t\t\t\t\t\t\t<a class=\"zn-slider-carousel-link button\" href=\"http:\/\/blog.insieme.ch\/fr\/\" title=\"\" target=\"_blank\"><br \/>\n\t\t\t\t\t\t\t\t\t\t\t\tEn savoir plus\t\t\t\t\t\t\t\t\t\t\t<\/a><\/p><\/div>\n<\/p><\/div>\n<\/p><\/div>\n<\/p><\/div>\n<\/p><\/div>\n<\/p><\/div>\n<\/p><\/div>\n<div class=\"zn-slider-carousel-control custom-control rs_skip rs_preserve\">\n<div class=\"zn-slider-carousel-progress slider-progress\">\n<div class=\"progress\"><\/div>\n<\/p><\/div>\n<div class=\"custom-control-arrow-dots zn-slider-carousel-control-arrows-dots\">\n<div class=\"zn-slider-carousel-control-arrows custom-control-arrows\"><\/div>\n<div class=\"zn-slider-carousel-control-dots custom-control-dots\"><\/div>\n<\/p><\/div>\n<div class=\"slick-play-pause\">\n\t\t\t\t<button class=\"slick-play zn-slider-carousel-play\" title=\"Play slider\"><i class=\"skf skf-play\"><\/i><\/button><br \/>\n\t\t\t\t<button class=\"slick-pause zn-slider-carousel-pause\" title=\"Pause slider\"><i class=\"skf skf-pause\" ><\/i><\/button>\n\t\t\t<\/div>\n<\/p><\/div>\n<\/p><\/div>\n<\/div>\n<p><!-- \/flzn:zn_slider --><br \/>\n<!-- flzn:zn_homepagebanner --><\/p>\n<div id=\"flzn-homepagebanner-1\" class=\"zone zn-homepagebanner with-bg bg-color\"><span class=\"zone-bg bg-color bgc-white alignfull\"><\/span><\/p>\n<div class=\"zone-block zn-homepagebanner-block pdd-custom alignwide va-center\">\n<div class=\"row zn-homepagebanner-row\">\n<div class=\"columns zn-homepagebanner-col-content large-12 columns\">\n<div class=\"columns-inner\">\n<div class=\"zn-homepagebanner-content\">\n<div class=\"zn-homepagebanner-titlebox\">\n<h1 class=\"zn-homepagebanner-title titlepage\">\n\t\t\t\t\t\t\tinsieme s\u2019engage pour les personnes en situation de handicap mental. Et avec elles.\t\t\t\t\t\t<\/h1>\n<\/p><\/div>\n<div class=\"zn-homepagebanner-btnwrapper\">\n\t\t\t\t\t\t\t<a class=\"button\" href=\"https:\/\/insieme.ch\/fr\/a-propos\/\" target=\"\" title=\"En savoir plus\"><br \/>\n\t\t\t\t\t\t\t\tEn savoir plus\t\t\t\t\t\t\t<\/a>\n\t\t\t\t\t\t<\/div>\n<\/p><\/div>\n<\/p><\/div>\n<\/p><\/div>\n<\/p><\/div>\n<\/p><\/div>\n<\/div>\n<p><!-- \/flzn:zn_homepagebanner --><\/p>\n","protected":false},"excerpt":{"rendered":"<p>Ecouter Ensemble \u00e0 l&#8217;\u00e9cole: un projet pour encourager l&#8217;\u00e9cole inclusive Soutenir notre crowdfunding Loisirs: des projets pilotes con\u00e7us par les personnes en situation de handicap En savoir plus Le blog [&hellip;]<\/p>\n","protected":false},"author":7,"featured_media":0,"parent":0,"menu_order":114,"comment_status":"closed","ping_status":"closed","template":"","meta":{"_acf_changed":false,"footnotes":""},"class_list":["post-8","page","type-page","status-publish","hentry","wp-sticky"],"acf":[],"yoast_head":"<!-- This site is optimized with the Yoast SEO plugin v27.3 - https:\/\/yoast.com\/product\/yoast-seo-wordpress\/ -->\n<title>Association aide personne handicap\u00e9e mentale Suisse<\/title>\n<meta name=\"robots\" content=\"index, follow, max-snippet:-1, max-image-preview:large, max-video-preview:-1\" \/>\n<link rel=\"canonical\" href=\"https:\/\/insieme.ch\/fr\/\" \/>\n<meta property=\"og:locale\" content=\"fr_FR\" \/>\n<meta property=\"og:type\" content=\"article\" \/>\n<meta property=\"og:title\" content=\"Association aide personne handicap\u00e9e mentale Suisse\" \/>\n<meta property=\"og:description\" content=\"Ecouter Ensemble \u00e0 l&#8217;\u00e9cole: un projet pour encourager l&#8217;\u00e9cole inclusive Soutenir notre crowdfunding Loisirs: des projets pilotes con\u00e7us par les personnes en situation de handicap En savoir plus Le blog [&hellip;]\" \/>\n<meta property=\"og:url\" content=\"https:\/\/insieme.ch\/fr\/\" \/>\n<meta property=\"og:site_name\" content=\"insieme.ch\" \/>\n<meta property=\"article:modified_time\" content=\"2026-04-07T11:37:19+00:00\" \/>\n<meta property=\"og:image\" content=\"https:\/\/insieme.ch\/wp-inside\/uploads\/2026\/04\/banner_balanced_1920x600-425x300.jpeg\" \/>\n<meta name=\"twitter:card\" content=\"summary_large_image\" \/>\n<script type=\"application\/ld+json\" class=\"yoast-schema-graph\">{\"@context\":\"https:\\\/\\\/schema.org\",\"@graph\":[{\"@type\":\"WebPage\",\"@id\":\"https:\\\/\\\/insieme.ch\\\/fr\\\/\",\"url\":\"https:\\\/\\\/insieme.ch\\\/fr\\\/\",\"name\":\"Association aide personne handicap\u00e9e mentale Suisse\",\"isPartOf\":{\"@id\":\"https:\\\/\\\/insieme.ch\\\/fr\\\/#website\"},\"primaryImageOfPage\":{\"@id\":\"https:\\\/\\\/insieme.ch\\\/fr\\\/#primaryimage\"},\"image\":{\"@id\":\"https:\\\/\\\/insieme.ch\\\/fr\\\/#primaryimage\"},\"thumbnailUrl\":\"https:\\\/\\\/insieme.ch\\\/wp-inside\\\/uploads\\\/2026\\\/04\\\/banner_balanced_1920x600-425x300.jpeg\",\"datePublished\":\"2021-02-01T14:03:36+00:00\",\"dateModified\":\"2026-04-07T11:37:19+00:00\",\"breadcrumb\":{\"@id\":\"https:\\\/\\\/insieme.ch\\\/fr\\\/#breadcrumb\"},\"inLanguage\":\"fr-FR\",\"potentialAction\":[{\"@type\":\"ReadAction\",\"target\":[\"https:\\\/\\\/insieme.ch\\\/fr\\\/\"]}]},{\"@type\":\"ImageObject\",\"inLanguage\":\"fr-FR\",\"@id\":\"https:\\\/\\\/insieme.ch\\\/fr\\\/#primaryimage\",\"url\":\"https:\\\/\\\/insieme.ch\\\/wp-inside\\\/uploads\\\/2026\\\/04\\\/banner_balanced_1920x600-425x300.jpeg\",\"contentUrl\":\"https:\\\/\\\/insieme.ch\\\/wp-inside\\\/uploads\\\/2026\\\/04\\\/banner_balanced_1920x600-425x300.jpeg\"},{\"@type\":\"BreadcrumbList\",\"@id\":\"https:\\\/\\\/insieme.ch\\\/fr\\\/#breadcrumb\",\"itemListElement\":[{\"@type\":\"ListItem\",\"position\":1,\"name\":\"Accueil\",\"item\":\"https:\\\/\\\/insieme.ch\\\/fr\\\/\"},{\"@type\":\"ListItem\",\"position\":2,\"name\":\"Accueil\"}]},{\"@type\":\"WebSite\",\"@id\":\"https:\\\/\\\/insieme.ch\\\/fr\\\/#website\",\"url\":\"https:\\\/\\\/insieme.ch\\\/fr\\\/\",\"name\":\"insieme.ch\",\"description\":\"\",\"publisher\":{\"@id\":\"https:\\\/\\\/insieme.ch\\\/fr\\\/#organization\"},\"potentialAction\":[{\"@type\":\"SearchAction\",\"target\":{\"@type\":\"EntryPoint\",\"urlTemplate\":\"https:\\\/\\\/insieme.ch\\\/fr\\\/?s={search_term_string}\"},\"query-input\":{\"@type\":\"PropertyValueSpecification\",\"valueRequired\":true,\"valueName\":\"search_term_string\"}}],\"inLanguage\":\"fr-FR\"},{\"@type\":\"Organization\",\"@id\":\"https:\\\/\\\/insieme.ch\\\/fr\\\/#organization\",\"name\":\"insieme\",\"url\":\"https:\\\/\\\/insieme.ch\\\/fr\\\/\",\"logo\":{\"@type\":\"ImageObject\",\"inLanguage\":\"fr-FR\",\"@id\":\"https:\\\/\\\/insieme.ch\\\/fr\\\/#\\\/schema\\\/logo\\\/image\\\/\",\"url\":\"https:\\\/\\\/insieme.ch\\\/wp-inside\\\/uploads\\\/2021\\\/03\\\/logo-insieme.jpg\",\"contentUrl\":\"https:\\\/\\\/insieme.ch\\\/wp-inside\\\/uploads\\\/2021\\\/03\\\/logo-insieme.jpg\",\"width\":250,\"height\":250,\"caption\":\"insieme\"},\"image\":{\"@id\":\"https:\\\/\\\/insieme.ch\\\/fr\\\/#\\\/schema\\\/logo\\\/image\\\/\"}}]}<\/script>\n<!-- \/ Yoast SEO plugin. -->","yoast_head_json":{"title":"Association aide personne handicap\u00e9e mentale Suisse","robots":{"index":"index","follow":"follow","max-snippet":"max-snippet:-1","max-image-preview":"max-image-preview:large","max-video-preview":"max-video-preview:-1"},"canonical":"https:\/\/insieme.ch\/fr\/","og_locale":"fr_FR","og_type":"article","og_title":"Association aide personne handicap\u00e9e mentale Suisse","og_description":"Ecouter Ensemble \u00e0 l&#8217;\u00e9cole: un projet pour encourager l&#8217;\u00e9cole inclusive Soutenir notre crowdfunding Loisirs: des projets pilotes con\u00e7us par les personnes en situation de handicap En savoir plus Le blog [&hellip;]","og_url":"https:\/\/insieme.ch\/fr\/","og_site_name":"insieme.ch","article_modified_time":"2026-04-07T11:37:19+00:00","og_image":[{"url":"https:\/\/insieme.ch\/wp-inside\/uploads\/2026\/04\/banner_balanced_1920x600-425x300.jpeg","type":"","width":"","height":""}],"twitter_card":"summary_large_image","schema":{"@context":"https:\/\/schema.org","@graph":[{"@type":"WebPage","@id":"https:\/\/insieme.ch\/fr\/","url":"https:\/\/insieme.ch\/fr\/","name":"Association aide personne handicap\u00e9e mentale Suisse","isPartOf":{"@id":"https:\/\/insieme.ch\/fr\/#website"},"primaryImageOfPage":{"@id":"https:\/\/insieme.ch\/fr\/#primaryimage"},"image":{"@id":"https:\/\/insieme.ch\/fr\/#primaryimage"},"thumbnailUrl":"https:\/\/insieme.ch\/wp-inside\/uploads\/2026\/04\/banner_balanced_1920x600-425x300.jpeg","datePublished":"2021-02-01T14:03:36+00:00","dateModified":"2026-04-07T11:37:19+00:00","breadcrumb":{"@id":"https:\/\/insieme.ch\/fr\/#breadcrumb"},"inLanguage":"fr-FR","potentialAction":[{"@type":"ReadAction","target":["https:\/\/insieme.ch\/fr\/"]}]},{"@type":"ImageObject","inLanguage":"fr-FR","@id":"https:\/\/insieme.ch\/fr\/#primaryimage","url":"https:\/\/insieme.ch\/wp-inside\/uploads\/2026\/04\/banner_balanced_1920x600-425x300.jpeg","contentUrl":"https:\/\/insieme.ch\/wp-inside\/uploads\/2026\/04\/banner_balanced_1920x600-425x300.jpeg"},{"@type":"BreadcrumbList","@id":"https:\/\/insieme.ch\/fr\/#breadcrumb","itemListElement":[{"@type":"ListItem","position":1,"name":"Accueil","item":"https:\/\/insieme.ch\/fr\/"},{"@type":"ListItem","position":2,"name":"Accueil"}]},{"@type":"WebSite","@id":"https:\/\/insieme.ch\/fr\/#website","url":"https:\/\/insieme.ch\/fr\/","name":"insieme.ch","description":"","publisher":{"@id":"https:\/\/insieme.ch\/fr\/#organization"},"potentialAction":[{"@type":"SearchAction","target":{"@type":"EntryPoint","urlTemplate":"https:\/\/insieme.ch\/fr\/?s={search_term_string}"},"query-input":{"@type":"PropertyValueSpecification","valueRequired":true,"valueName":"search_term_string"}}],"inLanguage":"fr-FR"},{"@type":"Organization","@id":"https:\/\/insieme.ch\/fr\/#organization","name":"insieme","url":"https:\/\/insieme.ch\/fr\/","logo":{"@type":"ImageObject","inLanguage":"fr-FR","@id":"https:\/\/insieme.ch\/fr\/#\/schema\/logo\/image\/","url":"https:\/\/insieme.ch\/wp-inside\/uploads\/2021\/03\/logo-insieme.jpg","contentUrl":"https:\/\/insieme.ch\/wp-inside\/uploads\/2021\/03\/logo-insieme.jpg","width":250,"height":250,"caption":"insieme"},"image":{"@id":"https:\/\/insieme.ch\/fr\/#\/schema\/logo\/image\/"}}]}},"_links":{"self":[{"href":"https:\/\/insieme.ch\/fr\/wp-json\/wp\/v2\/pages\/8","targetHints":{"allow":["GET"]}}],"collection":[{"href":"https:\/\/insieme.ch\/fr\/wp-json\/wp\/v2\/pages"}],"about":[{"href":"https:\/\/insieme.ch\/fr\/wp-json\/wp\/v2\/types\/page"}],"author":[{"embeddable":true,"href":"https:\/\/insieme.ch\/fr\/wp-json\/wp\/v2\/users\/7"}],"replies":[{"embeddable":true,"href":"https:\/\/insieme.ch\/fr\/wp-json\/wp\/v2\/comments?post=8"}],"version-history":[{"count":51,"href":"https:\/\/insieme.ch\/fr\/wp-json\/wp\/v2\/pages\/8\/revisions"}],"predecessor-version":[{"id":34051,"href":"https:\/\/insieme.ch\/fr\/wp-json\/wp\/v2\/pages\/8\/revisions\/34051"}],"wp:attachment":[{"href":"https:\/\/insieme.ch\/fr\/wp-json\/wp\/v2\/media?parent=8"}],"curies":[{"name":"wp","href":"https:\/\/api.w.org\/{rel}","templated":true}]}}