{"id":3641,"date":"2021-03-19T10:13:15","date_gmt":"2021-03-19T09:13:15","guid":{"rendered":"https:\/\/insieme.ch\/?page_id=3641"},"modified":"2025-02-25T09:00:00","modified_gmt":"2025-02-25T08:00:00","slug":"famille-theme-falc","status":"publish","type":"page","link":"https:\/\/insieme.ch\/fr\/famille-theme-falc\/","title":{"rendered":"Famille (Th\u00e8me) FALC"},"content":{"rendered":"<p><!-- flzn:zn_pagebanner --><\/p>\n<header id=\"flzn-pagebanner-1\" class=\"zone zn-pagebanner with-bg bg-color\"><span class=\"zone-bg bg-color bgc-yellow-light alignfull\"><\/span><\/p>\n<div class=\"zone-block zn-pagebanner-block alignwide va-center\">\n<div class=\"row zn-pagebanner-row\">\n<div class=\"columns zn-pagebanner-col-content\">\n<div class=\"columns-inner\">\n<div class=\"zn-pagebanner-content\"><\/div>\n<\/p><\/div>\n<\/p><\/div>\n<\/p><\/div>\n<\/p><\/div>\n<\/header>\n<p><!-- \/flzn:zn_pagebanner --><br \/>\n<!-- flzn:zn_text --><\/p>\n<div id=\"flzn-text-1\" class=\"zone zn-text with-bg bg-color\"><span class=\"zone-bg bg-color bgc-white alignfull\"><\/span><\/p>\n<div class=\"zone-block zn-text-block alignwide va-top\">\n<div class=\"row mw-content-zone  type-style aucun\">\n<div class=\"columns large-12\">\n<div class=\"row large-up-1 with-nice-alignment nbloc-1\">\n<div class=\"column zn-text-col\">\n<div class=\"column-inner\">\n<div class=\"wig-content mw-content\">\n<h2><strong>\u00catre prot\u00e9g\u00e9 par sa famille<\/strong><\/h2>\n<p>Beaucoup d\u2019enfants avec un handicap mental deviennent grands en \u00e9tant prot\u00e9g\u00e9s par leur famille.<br \/>\nIls apprennent des choses de leurs parents et de leurs fr\u00e8res et s\u0153urs.<br \/>\nIls grandissent. Ils deviennent des adultes.<\/p>\n<p>Les parents et les fr\u00e8res et s\u0153urs apprennent aussi des choses de leur enfant avec un handicap mental.<br \/>\nLes parents s&rsquo;adaptent le mieux possible \u00e0 l&rsquo;enfant avec un handicap mental.<\/p>\n<p>Dans beaucoup de familles, les parents prennent soin de leur enfant tout au long de sa vie.<br \/>\nAussi quand leur enfant est devenu un adulte.<\/p>\n<p>Les personnes avec un handicap mental sont souvent<strong> tr\u00e8s proches de leur famille.<\/strong><br \/>\nC\u2019est pourquoi&#160;:<\/p>\n<ul>\n<li>insieme s&rsquo;engage \u00e0 donner <strong>un bon soutien <\/strong>aux parents qui s&rsquo;occupent de leurs enfants.<\/li>\n<li>insieme facilite les<strong> \u00e9changes entre les familles<\/strong> ayant un enfant avec un handicap mental.<\/li>\n<\/ul>\n<p><strong>\u00catre adulte apporte de nouveaux d\u00e9sirs<\/strong><\/p>\n<p>Les adultes avec un handicap mental ont les m\u00eames d\u00e9sirs que toutes les autres personnes&#160;:<br \/>\nIls souhaitent vivre une belle relation avec une autre personne.<br \/>\nCertains adultes avec un handicap mental <strong>aimeraient se marier et avoir des enfants.<\/strong><\/p>\n<h3>Les personnes avec un handicap mental ont-elles le droit d\u2019avoir des enfants&#160;?<\/h3>\n<p>Se marier et avoir des enfants&#160;:<br \/>\nCela donne du souci aux parents.<br \/>\nLes parents se demandent&#160;:<\/p>\n<ul>\n<li>Mon fils a-t-il le droit de devenir papa&#160;?<\/li>\n<li>Ma fille peut-elle s&rsquo;occuper de ses enfants&#160;?<\/li>\n<\/ul>\n<p>La r\u00e9ponse n\u2019est pas simple.<br \/>\nAvoir un enfant est une <strong>tr\u00e8s grande responsabilit\u00e9<\/strong>.<br \/>\nIl faut beaucoup discuter et voir ensemble ce qui est possible et\u00a0 ce qui n\u2019est pas possible.<br \/>\nImportant&#160;:<br \/>\nLes parents et les personnes avec un handicap mental ont peut-\u00eatre besoin de parler de ce sujet.<br \/>\ninsieme vous aide dans cette discussion.<\/p>\n<\/p><\/div>\n<\/p><\/div>\n<\/p><\/div>\n<\/p><\/div>\n<\/p><\/div>\n<\/p><\/div>\n<\/div>\n<\/div>\n<p><!-- \/flzn:zn_text --><\/p>\n","protected":false},"excerpt":{"rendered":"<p>\u00catre prot\u00e9g\u00e9 par sa famille Beaucoup d\u2019enfants avec un handicap mental deviennent grands en \u00e9tant prot\u00e9g\u00e9s par leur famille. Ils apprennent des choses de leurs parents et de leurs fr\u00e8res [&hellip;]<\/p>\n","protected":false},"author":7,"featured_media":0,"parent":0,"menu_order":126,"comment_status":"closed","ping_status":"closed","template":"","meta":{"_acf_changed":false,"footnotes":""},"class_list":["post-3641","page","type-page","status-publish","hentry","wp-sticky"],"acf":[],"yoast_head":"<!-- This site is optimized with the Yoast SEO plugin v27.4 - https:\/\/yoast.com\/product\/yoast-seo-wordpress\/ -->\n<title>Famille (Th\u00e8me) FALC<\/title>\n<meta name=\"robots\" content=\"index, follow, max-snippet:-1, max-image-preview:large, max-video-preview:-1\" \/>\n<link rel=\"canonical\" href=\"https:\/\/insieme.ch\/fr\/famille-theme-falc\/\" \/>\n<meta property=\"og:locale\" content=\"fr_FR\" \/>\n<meta property=\"og:type\" content=\"article\" \/>\n<meta property=\"og:title\" content=\"Famille (Th\u00e8me) FALC\" \/>\n<meta property=\"og:description\" content=\"\u00catre prot\u00e9g\u00e9 par sa famille Beaucoup d\u2019enfants avec un handicap mental deviennent grands en \u00e9tant prot\u00e9g\u00e9s par leur famille. Ils apprennent des choses de leurs parents et de leurs fr\u00e8res [&hellip;]\" \/>\n<meta property=\"og:url\" content=\"https:\/\/insieme.ch\/fr\/famille-theme-falc\/\" \/>\n<meta property=\"og:site_name\" content=\"insieme.ch\" \/>\n<meta property=\"article:modified_time\" content=\"2025-02-25T08:00:00+00:00\" \/>\n<meta property=\"og:image\" content=\"https:\/\/insieme.ch\/wp-inside\/uploads\/2021\/04\/2021-04-29-insieme-logo-1200-630.jpg\" \/>\n\t<meta property=\"og:image:width\" content=\"1200\" \/>\n\t<meta property=\"og:image:height\" content=\"630\" \/>\n\t<meta property=\"og:image:type\" content=\"image\/jpeg\" \/>\n<meta name=\"twitter:card\" content=\"summary_large_image\" \/>\n<meta name=\"twitter:label1\" content=\"Dur\u00e9e de lecture estim\u00e9e\" \/>\n\t<meta name=\"twitter:data1\" content=\"2 minutes\" \/>\n<script type=\"application\/ld+json\" class=\"yoast-schema-graph\">{\"@context\":\"https:\\\/\\\/schema.org\",\"@graph\":[{\"@type\":\"WebPage\",\"@id\":\"https:\\\/\\\/insieme.ch\\\/fr\\\/famille-theme-falc\\\/\",\"url\":\"https:\\\/\\\/insieme.ch\\\/fr\\\/famille-theme-falc\\\/\",\"name\":\"Famille (Th\u00e8me) FALC\",\"isPartOf\":{\"@id\":\"https:\\\/\\\/insieme.ch\\\/fr\\\/#website\"},\"datePublished\":\"2021-03-19T09:13:15+00:00\",\"dateModified\":\"2025-02-25T08:00:00+00:00\",\"breadcrumb\":{\"@id\":\"https:\\\/\\\/insieme.ch\\\/fr\\\/famille-theme-falc\\\/#breadcrumb\"},\"inLanguage\":\"fr-FR\",\"potentialAction\":[{\"@type\":\"ReadAction\",\"target\":[\"https:\\\/\\\/insieme.ch\\\/fr\\\/famille-theme-falc\\\/\"]}]},{\"@type\":\"BreadcrumbList\",\"@id\":\"https:\\\/\\\/insieme.ch\\\/fr\\\/famille-theme-falc\\\/#breadcrumb\",\"itemListElement\":[{\"@type\":\"ListItem\",\"position\":1,\"name\":\"Accueil\",\"item\":\"https:\\\/\\\/insieme.ch\\\/fr\\\/\"},{\"@type\":\"ListItem\",\"position\":2,\"name\":\"Famille (Th\u00e8me) FALC\"}]},{\"@type\":\"WebSite\",\"@id\":\"https:\\\/\\\/insieme.ch\\\/fr\\\/#website\",\"url\":\"https:\\\/\\\/insieme.ch\\\/fr\\\/\",\"name\":\"insieme.ch\",\"description\":\"\",\"publisher\":{\"@id\":\"https:\\\/\\\/insieme.ch\\\/fr\\\/#organization\"},\"potentialAction\":[{\"@type\":\"SearchAction\",\"target\":{\"@type\":\"EntryPoint\",\"urlTemplate\":\"https:\\\/\\\/insieme.ch\\\/fr\\\/?s={search_term_string}\"},\"query-input\":{\"@type\":\"PropertyValueSpecification\",\"valueRequired\":true,\"valueName\":\"search_term_string\"}}],\"inLanguage\":\"fr-FR\"},{\"@type\":\"Organization\",\"@id\":\"https:\\\/\\\/insieme.ch\\\/fr\\\/#organization\",\"name\":\"insieme\",\"url\":\"https:\\\/\\\/insieme.ch\\\/fr\\\/\",\"logo\":{\"@type\":\"ImageObject\",\"inLanguage\":\"fr-FR\",\"@id\":\"https:\\\/\\\/insieme.ch\\\/fr\\\/#\\\/schema\\\/logo\\\/image\\\/\",\"url\":\"https:\\\/\\\/insieme.ch\\\/wp-inside\\\/uploads\\\/2021\\\/03\\\/logo-insieme.jpg\",\"contentUrl\":\"https:\\\/\\\/insieme.ch\\\/wp-inside\\\/uploads\\\/2021\\\/03\\\/logo-insieme.jpg\",\"width\":250,\"height\":250,\"caption\":\"insieme\"},\"image\":{\"@id\":\"https:\\\/\\\/insieme.ch\\\/fr\\\/#\\\/schema\\\/logo\\\/image\\\/\"}}]}<\/script>\n<!-- \/ Yoast SEO plugin. -->","yoast_head_json":{"title":"Famille (Th\u00e8me) FALC","robots":{"index":"index","follow":"follow","max-snippet":"max-snippet:-1","max-image-preview":"max-image-preview:large","max-video-preview":"max-video-preview:-1"},"canonical":"https:\/\/insieme.ch\/fr\/famille-theme-falc\/","og_locale":"fr_FR","og_type":"article","og_title":"Famille (Th\u00e8me) FALC","og_description":"\u00catre prot\u00e9g\u00e9 par sa famille Beaucoup d\u2019enfants avec un handicap mental deviennent grands en \u00e9tant prot\u00e9g\u00e9s par leur famille. Ils apprennent des choses de leurs parents et de leurs fr\u00e8res [&hellip;]","og_url":"https:\/\/insieme.ch\/fr\/famille-theme-falc\/","og_site_name":"insieme.ch","article_modified_time":"2025-02-25T08:00:00+00:00","og_image":[{"width":1200,"height":630,"url":"https:\/\/insieme.ch\/wp-inside\/uploads\/2021\/04\/2021-04-29-insieme-logo-1200-630.jpg","type":"image\/jpeg"}],"twitter_card":"summary_large_image","twitter_misc":{"Dur\u00e9e de lecture estim\u00e9e":"2 minutes"},"schema":{"@context":"https:\/\/schema.org","@graph":[{"@type":"WebPage","@id":"https:\/\/insieme.ch\/fr\/famille-theme-falc\/","url":"https:\/\/insieme.ch\/fr\/famille-theme-falc\/","name":"Famille (Th\u00e8me) FALC","isPartOf":{"@id":"https:\/\/insieme.ch\/fr\/#website"},"datePublished":"2021-03-19T09:13:15+00:00","dateModified":"2025-02-25T08:00:00+00:00","breadcrumb":{"@id":"https:\/\/insieme.ch\/fr\/famille-theme-falc\/#breadcrumb"},"inLanguage":"fr-FR","potentialAction":[{"@type":"ReadAction","target":["https:\/\/insieme.ch\/fr\/famille-theme-falc\/"]}]},{"@type":"BreadcrumbList","@id":"https:\/\/insieme.ch\/fr\/famille-theme-falc\/#breadcrumb","itemListElement":[{"@type":"ListItem","position":1,"name":"Accueil","item":"https:\/\/insieme.ch\/fr\/"},{"@type":"ListItem","position":2,"name":"Famille (Th\u00e8me) FALC"}]},{"@type":"WebSite","@id":"https:\/\/insieme.ch\/fr\/#website","url":"https:\/\/insieme.ch\/fr\/","name":"insieme.ch","description":"","publisher":{"@id":"https:\/\/insieme.ch\/fr\/#organization"},"potentialAction":[{"@type":"SearchAction","target":{"@type":"EntryPoint","urlTemplate":"https:\/\/insieme.ch\/fr\/?s={search_term_string}"},"query-input":{"@type":"PropertyValueSpecification","valueRequired":true,"valueName":"search_term_string"}}],"inLanguage":"fr-FR"},{"@type":"Organization","@id":"https:\/\/insieme.ch\/fr\/#organization","name":"insieme","url":"https:\/\/insieme.ch\/fr\/","logo":{"@type":"ImageObject","inLanguage":"fr-FR","@id":"https:\/\/insieme.ch\/fr\/#\/schema\/logo\/image\/","url":"https:\/\/insieme.ch\/wp-inside\/uploads\/2021\/03\/logo-insieme.jpg","contentUrl":"https:\/\/insieme.ch\/wp-inside\/uploads\/2021\/03\/logo-insieme.jpg","width":250,"height":250,"caption":"insieme"},"image":{"@id":"https:\/\/insieme.ch\/fr\/#\/schema\/logo\/image\/"}}]}},"_links":{"self":[{"href":"https:\/\/insieme.ch\/fr\/wp-json\/wp\/v2\/pages\/3641","targetHints":{"allow":["GET"]}}],"collection":[{"href":"https:\/\/insieme.ch\/fr\/wp-json\/wp\/v2\/pages"}],"about":[{"href":"https:\/\/insieme.ch\/fr\/wp-json\/wp\/v2\/types\/page"}],"author":[{"embeddable":true,"href":"https:\/\/insieme.ch\/fr\/wp-json\/wp\/v2\/users\/7"}],"replies":[{"embeddable":true,"href":"https:\/\/insieme.ch\/fr\/wp-json\/wp\/v2\/comments?post=3641"}],"version-history":[{"count":2,"href":"https:\/\/insieme.ch\/fr\/wp-json\/wp\/v2\/pages\/3641\/revisions"}],"predecessor-version":[{"id":3650,"href":"https:\/\/insieme.ch\/fr\/wp-json\/wp\/v2\/pages\/3641\/revisions\/3650"}],"wp:attachment":[{"href":"https:\/\/insieme.ch\/fr\/wp-json\/wp\/v2\/media?parent=3641"}],"curies":[{"name":"wp","href":"https:\/\/api.w.org\/{rel}","templated":true}]}}