{"id":32545,"date":"2026-03-13T07:23:52","date_gmt":"2026-03-13T06:23:52","guid":{"rendered":"https:\/\/insieme.ch\/?page_id=32545"},"modified":"2026-04-14T09:47:22","modified_gmt":"2026-04-14T07:47:22","slug":"la-boite-pour-plus-de-participation-dans-vos-projets","status":"publish","type":"page","link":"https:\/\/insieme.ch\/fr\/nos-activites\/projets-et-realisations\/la-boite-pour-plus-de-participation-dans-vos-projets\/","title":{"rendered":"La Bo\u00eete"},"content":{"rendered":"<p><!-- flzn:zn_pagebanner --><\/p>\n<header id=\"flzn-pagebanner-1\" class=\"zone zn-pagebanner with-bg bg-color bg-imgs\"><span class=\"zone-bg bg-color bgc-white alignfull\"><\/span><\/p>\n<div class=\"zone-block zn-pagebanner-block alignwide va-center\"><\/div>\n<\/header>\n<p><!-- \/flzn:zn_pagebanner --><br \/>\n<!-- flzn:zn_falc --><\/p>\n<div id=\"flzn-falc-1\" class=\"zone zn-falc with-bg bg-color\"><span class=\"zone-bg bg-color bgc-white alignfull\"><\/span><\/p>\n<div class=\"zone-block zn-falc-block alignwide va-top\">\n<div class=\"row mw-content-zone\">\n<div class=\"large-12 columns\">\n<div class=\"row with-nice-alignment va-top\">\n<div class=\"columns large-12 zn-falc-col\">\n<div class=\"columns-inner zn-falc-col-inner\">\n<ul class=\"accordion zn-falc-accordion mw-1250 rs_preserve\" data-accordion data-accordion data-multi-expand=\"true\" data-allow-all-closed=\"true\">\n<li class=\"accordion-item zn-falc-item\" data-accordion-item>\n\t\t\t\t\t\t\t\t\t\t<a href=\"#\" class=\"accordion-title zn-falc-item-title\"><br \/>\n\t\t\t\t\t\t\t\t\t\t\t<i class=\"skf skf-ico-falc-square\"><\/i><\/p>\n<h3 class=\"zn-falc-item-titletxt\">Voir la version FALC (Facile \u00e0 lire et \u00e0 comprendre)<\/h3>\n<p>\t\t\t\t\t\t\t\t\t\t<\/a><\/p>\n<div class=\"accordion-content zn-falc-item-content\" data-tab-content>\n<div class=\"zn-falc-item-desc wig-content\">\n<h2>Cette page parle de la participation<\/h2>\n<p>Cette page explique comment faire de la participation dans les projets.<br \/>\nElle s\u2019appelle \u00ab La Bo\u00eete \u00bb.<\/p>\n<h2>C\u2019est quoi un projet ?<\/h2>\n<p>Un projet, c\u2019est une id\u00e9e ou un plan pour faire quelque chose.<br \/>\nPar exemple :<\/p>\n<ul>\n<li>Un groupe veut que les personnes du quartier se connaissent mieux.<br \/>\nAlors le groupe organise une f\u00eate dans le quartier.<\/li>\n<\/ul>\n<h2>Pourquoi participer \u00e0 des projets ?<\/h2>\n<p>Participer \u00e0 des projets, c\u2019est tr\u00e8s important.<br \/>\nLes personnes avec un handicap mental ont elles aussi le droit de :<\/p>\n<ul>\n<li>donner leur avis sur les projets,<\/li>\n<li>proposer des id\u00e9es pour changer le projet,<\/li>\n<li>prendre des d\u00e9cisions sur les projets,<\/li>\n<li>avoir du soutien pour faire leurs propres projets.<\/li>\n<\/ul>\n<p>Tout cela s\u2019appelle la participation.<\/p>\n<h2>A quoi sert la page La Bo\u00eete ?<\/h2>\n<p>La Bo\u00eete aide \u00e0 :<\/p>\n<ul>\n<li>comprendre la participation,<\/li>\n<li>donner son avis,<\/li>\n<li>s\u2019\u00e9couter,<\/li>\n<li>d\u00e9cider ensemble.<\/li>\n<\/ul>\n<h2>Que trouve-t-on dans la bo\u00eete ?<\/h2>\n<p>La bo\u00eete a 3 parties :<\/p>\n<ol>\n<li>Une page pour les responsables de projets<br \/>\nCette page aide \u00e0 organiser la participation.<br \/>\nElle est ici :\u00a0<a href=\"https:\/\/insieme.ch\/fr\/nos-activites\/projets-et-realisations\/la-boite-pour-plus-de-participation-dans-vos-projets\/je-gere-un-projet\/\" target=\"_blank\" rel=\"noopener\">Je g\u00e8re un projet<\/a><\/li>\n<li>Une page pour les personnes qui participent<br \/>\nCette page aide \u00e0 bien participer au projet<br \/>\nElle aide \u00e0 dire :<br \/>\n\u2022 J\u2019ai besoin de cela pour participer,<br \/>\n\u2022 J\u2019ai besoin de cela pour donner mon avis.<br \/>\nElle est ici :\u00a0<a href=\"https:\/\/insieme.ch\/fr\/nos-activites\/projets-et-realisations\/la-boite-pour-plus-de-participation-dans-vos-projets\/je-participe-a-un-projet\/\" target=\"_blank\" rel=\"noopener\">Je participe \u00e0 un projet<\/a><\/li>\n<li>Une page \u00ab biblioth\u00e8que \u00bb<br \/>\nSur cette page, il y a des fiches avec des conseils.<br \/>\nPar exemple :<br \/>\n\u2022 des conseils pour organiser une rencontre,<br \/>\n\u2022 des informations sur le Facile \u00e0 lire et \u00e0 comprendre (FALC),<br \/>\n\u2022 des id\u00e9es d\u2019activit\u00e9s pour r\u00e9fl\u00e9chir ensemble.<br \/>\nCette page se trouve ici :\u00a0<a href=\"https:\/\/insieme.ch\/fr\/nos-activites\/projets-et-realisations\/la-boite-pour-plus-de-participation-dans-vos-projets\/bibliotheque-de-documents\/\" target=\"_blank\" rel=\"noopener\">Biblioth\u00e8que de contenus<\/a><\/li>\n<\/ol>\n<\/div><\/div>\n<\/li>\n<\/ul><\/div>\n<\/p><\/div>\n<\/p><\/div>\n<\/p><\/div>\n<\/p><\/div>\n<\/p><\/div>\n<\/div>\n<p><!-- \/flzn:zn_falc --><br \/>\n<!-- flzn:zn_text --><\/p>\n<div id=\"flzn-text-1\" class=\"zone zn-text with-bg bg-color bg-is-dark with-color-title with-color-title-orange\"><span class=\"zone-bg bg-color bgc-orange-degrade alignfull\"><\/span><\/p>\n<div class=\"zone-block zn-text-block alignwide va-top\">\n<div class=\"row mw-content-zone type-style \">\n<div class=\"columns large-12\">\n<div class=\"zn-text-titlebox\">\n<h2 class=\"zone-title zn-text-title zone-title titleline\">\n\t\t\t\t\t\tPourquoi la participation est-elle importante\u00a0?\t\t\t\t\t<\/h2>\n<\/p><\/div>\n<div class=\"row large-up-1 with-nice-alignment nbloc-1\">\n<div class=\"column zn-text-col\">\n<div class=\"column-inner\">\n<div class=\"wig-content mw-content\">\n<p style=\"text-align: left;\">Quand les personnes vivant avec un handicap mental participent\u00a0\u00e0 un projet :<\/p>\n<ul style=\"text-align: left;\">\n<li style=\"text-align: left;\">Le projet est plus pertinent, car il r\u00e9pond mieux \u00e0 leurs besoins r\u00e9els.<\/li>\n<li style=\"text-align: left;\">Le projet et ses r\u00e9sultats sont plus accessibles.<\/li>\n<li style=\"text-align: left;\">Le droit des personnes en situation de handicap \u00e0 participer est respect\u00e9.<\/li>\n<\/ul>\n<p style=\"text-align: left;\">La participation permet ainsi de cr\u00e9er des projets plus utiles et plus inclusifs.<\/p>\n<\/p><\/div>\n<\/p><\/div>\n<\/p><\/div>\n<\/p><\/div>\n<\/p><\/div>\n<\/p><\/div>\n<\/div>\n<\/div>\n<p><!-- \/flzn:zn_text --><br \/>\n<!-- flzn:zn_text_img --><\/p>\n<div id=\"flzn-textimg-1\" class=\"zone zn-textimg with-bg bg-color with-color-title with-color-title-orange\"><span class=\"zone-bg bg-color bgc-white alignfull\"><\/span><\/p>\n<div class=\"zone-block zn-textimg-block alignwide va-center\">\n<div class=\"row mw-content-zone\">\n<div class=\"columns large-12\">\n<div class=\"row with-nice-alignment zn-textimg-row va-center\" data-equalizer data-equalize-on=\"large\">\n<div class=\"columns large-6 large-push-6 zn-textimg-colimg\" data-equalizer-watch>\n<div class=\"columns-inner zn-textimg-col-inner\">\n<div class=\"zn-textimg-imgbox\" title=\"la_boite_participation_projet1\">\n<figure class=\"zn-textimg-figure\">\n\t\t\t\t\t\t\t<img decoding=\"async\" class=\"zn-textimg-img\" src=\"https:\/\/insieme.ch\/wp-inside\/uploads\/2026\/03\/la_boite_participation_projet1-800x640.jpg\" alt=\"\"\/><br \/>\n\t\t\t\t\t\t\t\t\t\t\t\t\t<\/figure>\n<\/p><\/div>\n<\/p><\/div>\n<\/p><\/div>\n<div class=\"columns large-6 large-pull-6 zn-textimg-coldesc\" data-equalizer-watch>\n<div class=\"columns-inner zn-textimg-descbox\">\n<div class=\"zn-textimg-desc wig-content\">\n<h2 class=\"titleorange\">Pourquoi La Bo\u00eete?<\/h2>\n<p>Vous souhaitez que les personnes vivant avec un handicap mental puissent participer activement \u00e0 vos projets ?<br \/>\nOu vous participez vous-m\u00eame \u00e0 des projets et souhaitez mieux comprendre, donner votre avis ou \u00eatre entendu\u00b7e ?<\/p>\n<p>La Bo\u00eete est l\u00e0 pour vous soutenir dans votre d\u00e9marche.<\/p>\n<\/div><\/div>\n<\/p><\/div>\n<\/p><\/div>\n<\/p><\/div>\n<\/p><\/div>\n<\/div>\n<\/div>\n<p><!-- \/flzn:zn_text_img --><br \/>\n<!-- flzn:zn_text_img --><\/p>\n<div id=\"flzn-textimg-2\" class=\"zone zn-textimg with-bg bg-color with-color-title with-color-title-orange\"><span class=\"zone-bg bg-color bgc-white alignfull\"><\/span><\/p>\n<div class=\"zone-block zn-textimg-block alignwide va-center\">\n<div class=\"row mw-content-zone\">\n<div class=\"columns large-12\">\n<div class=\"row with-nice-alignment zn-textimg-row va-center\" data-equalizer data-equalize-on=\"large\">\n<div class=\"columns large-6 zn-textimg-colimg\" data-equalizer-watch>\n<div class=\"columns-inner zn-textimg-col-inner\">\n<div class=\"zn-textimg-imgbox\" title=\"Insieme Team\">\n<figure class=\"zn-textimg-figure\">\n\t\t\t\t\t\t\t<img decoding=\"async\" class=\"zn-textimg-img\" src=\"https:\/\/insieme.ch\/wp-inside\/uploads\/2025\/11\/dsc5745-800x536.jpg\" alt=\"\"\/><figcaption class=\"zn-textimg-caption\">Insieme Team<br \/>\n\u00a9 Danielle Liniger<\/figcaption><\/figure>\n<\/p><\/div>\n<\/p><\/div>\n<\/p><\/div>\n<div class=\"columns large-6 zn-textimg-coldesc\" data-equalizer-watch>\n<div class=\"columns-inner zn-textimg-descbox\">\n<div class=\"zn-textimg-desc wig-content\">\n<h2 class=\"titleorange\">Que trouverez-vous dans La Bo\u00eete?<\/h2>\n<ul>\n<li>des outils simples pour r\u00e9fl\u00e9chir \u00e0 la participation dans votre projet, que vous soyez participant\u00b7e\u00b7ou responsable de projet;<\/li>\n<li>des fiches et mod\u00e8les en Facile \u00e0 lire et \u00e0 comprendre (FALC);<\/li>\n<li>des activit\u00e9s pour construire, planifier ou am\u00e9liorer un projet ensemble;<\/li>\n<li>des conseils pratiques et des id\u00e9es pour aller plus loin.<\/li>\n<\/ul>\n<p><a class=\"button orange\" href=\"https:\/\/insieme.ch\/fr\/nos-activites\/projets-et-realisations\/la-boite-pour-plus-de-participation-dans-vos-projets\/bibliotheque-de-documents\/\" target=\"_blank\" rel=\"noopener\">Biblioth\u00e8que de contenus<\/a><\/p>\n<\/div><\/div>\n<\/p><\/div>\n<\/p><\/div>\n<\/p><\/div>\n<\/p><\/div>\n<\/div>\n<\/div>\n<p><!-- \/flzn:zn_text_img --><\/p>\n","protected":false},"excerpt":{"rendered":"<p>La Bo\u00eete propose des outils et des ressources concr\u00e8tes et simples d\u2019utilisation pour permettre aux personnes vivant avec un handicap mental d\u2019avoir leur mot \u00e0 dire dans les projets qui les concernent.<\/p>\n","protected":false},"author":11,"featured_media":0,"parent":1642,"menu_order":11,"comment_status":"closed","ping_status":"closed","template":"","meta":{"_acf_changed":false,"footnotes":""},"class_list":["post-32545","page","type-page","status-publish","hentry","wp-sticky"],"acf":[],"yoast_head":"<!-- This site is optimized with the Yoast SEO plugin v27.4 - https:\/\/yoast.com\/product\/yoast-seo-wordpress\/ -->\n<title>La Bo\u00eete<\/title>\n<meta name=\"description\" content=\"La Bo\u00eete propose des outils pour que les personnes avec un handicap mental aient leur mot \u00e0 dire dans les projets qui les concernent.\" \/>\n<meta name=\"robots\" content=\"noindex, nofollow\" \/>\n<meta property=\"og:locale\" content=\"fr_FR\" \/>\n<meta property=\"og:type\" content=\"article\" \/>\n<meta property=\"og:title\" content=\"La Bo\u00eete\" \/>\n<meta property=\"og:description\" content=\"La Bo\u00eete propose des outils pour que les personnes avec un handicap mental aient leur mot \u00e0 dire dans les projets qui les concernent.\" \/>\n<meta property=\"og:url\" content=\"https:\/\/insieme.ch\/fr\/nos-activites\/projets-et-realisations\/la-boite-pour-plus-de-participation-dans-vos-projets\/\" \/>\n<meta property=\"og:site_name\" content=\"insieme.ch\" \/>\n<meta property=\"article:modified_time\" content=\"2026-04-14T07:47:22+00:00\" \/>\n<meta property=\"og:image\" content=\"https:\/\/insieme.ch\/wp-inside\/uploads\/2026\/03\/la_boite_participation_projet1-800x640.jpg\" \/>\n<meta name=\"twitter:card\" content=\"summary_large_image\" \/>\n<meta name=\"twitter:label1\" content=\"Dur\u00e9e de lecture estim\u00e9e\" \/>\n\t<meta name=\"twitter:data1\" content=\"2 minutes\" \/>\n<script type=\"application\/ld+json\" class=\"yoast-schema-graph\">{\"@context\":\"https:\\\/\\\/schema.org\",\"@graph\":[{\"@type\":\"WebPage\",\"@id\":\"https:\\\/\\\/insieme.ch\\\/fr\\\/nos-activites\\\/projets-et-realisations\\\/la-boite-pour-plus-de-participation-dans-vos-projets\\\/\",\"url\":\"https:\\\/\\\/insieme.ch\\\/fr\\\/nos-activites\\\/projets-et-realisations\\\/la-boite-pour-plus-de-participation-dans-vos-projets\\\/\",\"name\":\"La Bo\u00eete\",\"isPartOf\":{\"@id\":\"https:\\\/\\\/insieme.ch\\\/fr\\\/#website\"},\"primaryImageOfPage\":{\"@id\":\"https:\\\/\\\/insieme.ch\\\/fr\\\/nos-activites\\\/projets-et-realisations\\\/la-boite-pour-plus-de-participation-dans-vos-projets\\\/#primaryimage\"},\"image\":{\"@id\":\"https:\\\/\\\/insieme.ch\\\/fr\\\/nos-activites\\\/projets-et-realisations\\\/la-boite-pour-plus-de-participation-dans-vos-projets\\\/#primaryimage\"},\"thumbnailUrl\":\"https:\\\/\\\/insieme.ch\\\/wp-inside\\\/uploads\\\/2026\\\/03\\\/la_boite_participation_projet1-800x640.jpg\",\"datePublished\":\"2026-03-13T06:23:52+00:00\",\"dateModified\":\"2026-04-14T07:47:22+00:00\",\"description\":\"La Bo\u00eete propose des outils pour que les personnes avec un handicap mental aient leur mot \u00e0 dire dans les projets qui les concernent.\",\"breadcrumb\":{\"@id\":\"https:\\\/\\\/insieme.ch\\\/fr\\\/nos-activites\\\/projets-et-realisations\\\/la-boite-pour-plus-de-participation-dans-vos-projets\\\/#breadcrumb\"},\"inLanguage\":\"fr-FR\",\"potentialAction\":[{\"@type\":\"ReadAction\",\"target\":[\"https:\\\/\\\/insieme.ch\\\/fr\\\/nos-activites\\\/projets-et-realisations\\\/la-boite-pour-plus-de-participation-dans-vos-projets\\\/\"]}]},{\"@type\":\"ImageObject\",\"inLanguage\":\"fr-FR\",\"@id\":\"https:\\\/\\\/insieme.ch\\\/fr\\\/nos-activites\\\/projets-et-realisations\\\/la-boite-pour-plus-de-participation-dans-vos-projets\\\/#primaryimage\",\"url\":\"https:\\\/\\\/insieme.ch\\\/wp-inside\\\/uploads\\\/2026\\\/03\\\/la_boite_participation_projet1-800x640.jpg\",\"contentUrl\":\"https:\\\/\\\/insieme.ch\\\/wp-inside\\\/uploads\\\/2026\\\/03\\\/la_boite_participation_projet1-800x640.jpg\"},{\"@type\":\"BreadcrumbList\",\"@id\":\"https:\\\/\\\/insieme.ch\\\/fr\\\/nos-activites\\\/projets-et-realisations\\\/la-boite-pour-plus-de-participation-dans-vos-projets\\\/#breadcrumb\",\"itemListElement\":[{\"@type\":\"ListItem\",\"position\":1,\"name\":\"Accueil\",\"item\":\"https:\\\/\\\/insieme.ch\\\/fr\\\/\"},{\"@type\":\"ListItem\",\"position\":2,\"name\":\"Activit\u00e9s\",\"item\":\"https:\\\/\\\/insieme.ch\\\/fr\\\/unsere-aktivitaeten\\\/\"},{\"@type\":\"ListItem\",\"position\":3,\"name\":\"Projets et r\u00e9alisations\",\"item\":\"https:\\\/\\\/insieme.ch\\\/fr\\\/nos-activites\\\/projets-et-realisations\\\/\"},{\"@type\":\"ListItem\",\"position\":4,\"name\":\"La Bo\u00eete\"}]},{\"@type\":\"WebSite\",\"@id\":\"https:\\\/\\\/insieme.ch\\\/fr\\\/#website\",\"url\":\"https:\\\/\\\/insieme.ch\\\/fr\\\/\",\"name\":\"insieme.ch\",\"description\":\"\",\"publisher\":{\"@id\":\"https:\\\/\\\/insieme.ch\\\/fr\\\/#organization\"},\"potentialAction\":[{\"@type\":\"SearchAction\",\"target\":{\"@type\":\"EntryPoint\",\"urlTemplate\":\"https:\\\/\\\/insieme.ch\\\/fr\\\/?s={search_term_string}\"},\"query-input\":{\"@type\":\"PropertyValueSpecification\",\"valueRequired\":true,\"valueName\":\"search_term_string\"}}],\"inLanguage\":\"fr-FR\"},{\"@type\":\"Organization\",\"@id\":\"https:\\\/\\\/insieme.ch\\\/fr\\\/#organization\",\"name\":\"insieme\",\"url\":\"https:\\\/\\\/insieme.ch\\\/fr\\\/\",\"logo\":{\"@type\":\"ImageObject\",\"inLanguage\":\"fr-FR\",\"@id\":\"https:\\\/\\\/insieme.ch\\\/fr\\\/#\\\/schema\\\/logo\\\/image\\\/\",\"url\":\"https:\\\/\\\/insieme.ch\\\/wp-inside\\\/uploads\\\/2021\\\/03\\\/logo-insieme.jpg\",\"contentUrl\":\"https:\\\/\\\/insieme.ch\\\/wp-inside\\\/uploads\\\/2021\\\/03\\\/logo-insieme.jpg\",\"width\":250,\"height\":250,\"caption\":\"insieme\"},\"image\":{\"@id\":\"https:\\\/\\\/insieme.ch\\\/fr\\\/#\\\/schema\\\/logo\\\/image\\\/\"}}]}<\/script>\n<!-- \/ Yoast SEO plugin. -->","yoast_head_json":{"title":"La Bo\u00eete","description":"La Bo\u00eete propose des outils pour que les personnes avec un handicap mental aient leur mot \u00e0 dire dans les projets qui les concernent.","robots":{"index":"noindex","follow":"nofollow"},"og_locale":"fr_FR","og_type":"article","og_title":"La Bo\u00eete","og_description":"La Bo\u00eete propose des outils pour que les personnes avec un handicap mental aient leur mot \u00e0 dire dans les projets qui les concernent.","og_url":"https:\/\/insieme.ch\/fr\/nos-activites\/projets-et-realisations\/la-boite-pour-plus-de-participation-dans-vos-projets\/","og_site_name":"insieme.ch","article_modified_time":"2026-04-14T07:47:22+00:00","og_image":[{"url":"https:\/\/insieme.ch\/wp-inside\/uploads\/2026\/03\/la_boite_participation_projet1-800x640.jpg","type":"","width":"","height":""}],"twitter_card":"summary_large_image","twitter_misc":{"Dur\u00e9e de lecture estim\u00e9e":"2 minutes"},"schema":{"@context":"https:\/\/schema.org","@graph":[{"@type":"WebPage","@id":"https:\/\/insieme.ch\/fr\/nos-activites\/projets-et-realisations\/la-boite-pour-plus-de-participation-dans-vos-projets\/","url":"https:\/\/insieme.ch\/fr\/nos-activites\/projets-et-realisations\/la-boite-pour-plus-de-participation-dans-vos-projets\/","name":"La Bo\u00eete","isPartOf":{"@id":"https:\/\/insieme.ch\/fr\/#website"},"primaryImageOfPage":{"@id":"https:\/\/insieme.ch\/fr\/nos-activites\/projets-et-realisations\/la-boite-pour-plus-de-participation-dans-vos-projets\/#primaryimage"},"image":{"@id":"https:\/\/insieme.ch\/fr\/nos-activites\/projets-et-realisations\/la-boite-pour-plus-de-participation-dans-vos-projets\/#primaryimage"},"thumbnailUrl":"https:\/\/insieme.ch\/wp-inside\/uploads\/2026\/03\/la_boite_participation_projet1-800x640.jpg","datePublished":"2026-03-13T06:23:52+00:00","dateModified":"2026-04-14T07:47:22+00:00","description":"La Bo\u00eete propose des outils pour que les personnes avec un handicap mental aient leur mot \u00e0 dire dans les projets qui les concernent.","breadcrumb":{"@id":"https:\/\/insieme.ch\/fr\/nos-activites\/projets-et-realisations\/la-boite-pour-plus-de-participation-dans-vos-projets\/#breadcrumb"},"inLanguage":"fr-FR","potentialAction":[{"@type":"ReadAction","target":["https:\/\/insieme.ch\/fr\/nos-activites\/projets-et-realisations\/la-boite-pour-plus-de-participation-dans-vos-projets\/"]}]},{"@type":"ImageObject","inLanguage":"fr-FR","@id":"https:\/\/insieme.ch\/fr\/nos-activites\/projets-et-realisations\/la-boite-pour-plus-de-participation-dans-vos-projets\/#primaryimage","url":"https:\/\/insieme.ch\/wp-inside\/uploads\/2026\/03\/la_boite_participation_projet1-800x640.jpg","contentUrl":"https:\/\/insieme.ch\/wp-inside\/uploads\/2026\/03\/la_boite_participation_projet1-800x640.jpg"},{"@type":"BreadcrumbList","@id":"https:\/\/insieme.ch\/fr\/nos-activites\/projets-et-realisations\/la-boite-pour-plus-de-participation-dans-vos-projets\/#breadcrumb","itemListElement":[{"@type":"ListItem","position":1,"name":"Accueil","item":"https:\/\/insieme.ch\/fr\/"},{"@type":"ListItem","position":2,"name":"Activit\u00e9s","item":"https:\/\/insieme.ch\/fr\/unsere-aktivitaeten\/"},{"@type":"ListItem","position":3,"name":"Projets et r\u00e9alisations","item":"https:\/\/insieme.ch\/fr\/nos-activites\/projets-et-realisations\/"},{"@type":"ListItem","position":4,"name":"La Bo\u00eete"}]},{"@type":"WebSite","@id":"https:\/\/insieme.ch\/fr\/#website","url":"https:\/\/insieme.ch\/fr\/","name":"insieme.ch","description":"","publisher":{"@id":"https:\/\/insieme.ch\/fr\/#organization"},"potentialAction":[{"@type":"SearchAction","target":{"@type":"EntryPoint","urlTemplate":"https:\/\/insieme.ch\/fr\/?s={search_term_string}"},"query-input":{"@type":"PropertyValueSpecification","valueRequired":true,"valueName":"search_term_string"}}],"inLanguage":"fr-FR"},{"@type":"Organization","@id":"https:\/\/insieme.ch\/fr\/#organization","name":"insieme","url":"https:\/\/insieme.ch\/fr\/","logo":{"@type":"ImageObject","inLanguage":"fr-FR","@id":"https:\/\/insieme.ch\/fr\/#\/schema\/logo\/image\/","url":"https:\/\/insieme.ch\/wp-inside\/uploads\/2021\/03\/logo-insieme.jpg","contentUrl":"https:\/\/insieme.ch\/wp-inside\/uploads\/2021\/03\/logo-insieme.jpg","width":250,"height":250,"caption":"insieme"},"image":{"@id":"https:\/\/insieme.ch\/fr\/#\/schema\/logo\/image\/"}}]}},"_links":{"self":[{"href":"https:\/\/insieme.ch\/fr\/wp-json\/wp\/v2\/pages\/32545","targetHints":{"allow":["GET"]}}],"collection":[{"href":"https:\/\/insieme.ch\/fr\/wp-json\/wp\/v2\/pages"}],"about":[{"href":"https:\/\/insieme.ch\/fr\/wp-json\/wp\/v2\/types\/page"}],"author":[{"embeddable":true,"href":"https:\/\/insieme.ch\/fr\/wp-json\/wp\/v2\/users\/11"}],"replies":[{"embeddable":true,"href":"https:\/\/insieme.ch\/fr\/wp-json\/wp\/v2\/comments?post=32545"}],"version-history":[{"count":49,"href":"https:\/\/insieme.ch\/fr\/wp-json\/wp\/v2\/pages\/32545\/revisions"}],"predecessor-version":[{"id":34269,"href":"https:\/\/insieme.ch\/fr\/wp-json\/wp\/v2\/pages\/32545\/revisions\/34269"}],"up":[{"embeddable":true,"href":"https:\/\/insieme.ch\/fr\/wp-json\/wp\/v2\/pages\/1642"}],"wp:attachment":[{"href":"https:\/\/insieme.ch\/fr\/wp-json\/wp\/v2\/media?parent=32545"}],"curies":[{"name":"wp","href":"https:\/\/api.w.org\/{rel}","templated":true}]}}