{"id":32538,"date":"2026-03-13T07:23:25","date_gmt":"2026-03-13T06:23:25","guid":{"rendered":"https:\/\/insieme.ch\/?page_id=32538"},"modified":"2026-04-09T14:21:59","modified_gmt":"2026-04-09T12:21:59","slug":"je-participe-a-un-projet","status":"publish","type":"page","link":"https:\/\/insieme.ch\/fr\/nos-activites\/projets-et-realisations\/la-boite-pour-plus-de-participation-dans-vos-projets\/je-participe-a-un-projet\/","title":{"rendered":"Je participe \u00e0 un projet"},"content":{"rendered":"<p><!-- flzn:zn_bannerquizz --><\/p>\n<div id=\"flzn-bannerquizz-1\" class=\"zone zn-bannerquizz with-bg bg-color bg-is-dark\"><span class=\"zone-bg bg-color bgc-orange-degrade alignfull\"><\/span><\/p>\n<div class=\"zone-block zn-bannerquizz-block alignwide va-center\">\n<div class=\"row zn-bannerquizz-row\">\n<div class=\"columns zn-bannerquizz-col-content\">\n<figure class=\"zn-image-figure\">\n\t\t\t\t\t<img decoding=\"async\" class=\"zn-image-img rs_preserve\" src=\"https:\/\/insieme.ch\/wp-inside\/uploads\/2026\/02\/logo_laboite_f_white-300x163.png\" alt=\"\"  loading=\"lazy\" \/><br \/>\n\t\t\t\t<\/figure>\n<\/p><\/div>\n<\/p><\/div>\n<\/div>\n<\/div>\n<p><!-- \/flzn:zn_bannerquizz --><br \/>\n<!-- flzn:zn_pagebanner --><\/p>\n<header id=\"flzn-pagebanner-1\" class=\"zone zn-pagebanner with-bg bg-color with-color-title with-color-title-orange\"><span class=\"zone-bg bg-color bgc-white alignfull\"><\/span><\/p>\n<div class=\"zone-block zn-pagebanner-block alignwide va-center\"><\/div>\n<\/header>\n<p><!-- \/flzn:zn_pagebanner --><br \/>\n<!-- flzn:zn_falc --><\/p>\n<div id=\"flzn-falc-1\" class=\"zone zn-falc with-bg bg-color\"><span class=\"zone-bg bg-color bgc-white alignfull\"><\/span><\/p>\n<div class=\"zone-block zn-falc-block alignwide va-top\">\n<div class=\"row mw-content-zone\">\n<div class=\"large-12 columns\">\n<div class=\"row with-nice-alignment va-top\">\n<div class=\"columns large-12 zn-falc-col\">\n<div class=\"columns-inner zn-falc-col-inner\">\n<ul class=\"accordion zn-falc-accordion mw-1250 rs_preserve\" data-accordion data-accordion data-multi-expand=\"true\" data-allow-all-closed=\"true\">\n<li class=\"accordion-item zn-falc-item\" data-accordion-item>\n\t\t\t\t\t\t\t\t\t\t<a href=\"#\" class=\"accordion-title zn-falc-item-title\"><br \/>\n\t\t\t\t\t\t\t\t\t\t\t<i class=\"skf skf-ico-falc-square\"><\/i><\/p>\n<h3 class=\"zn-falc-item-titletxt\">Voir la version FALC (Facile \u00e0 lire et \u00e0 comprendre)<\/h3>\n<p>\t\t\t\t\t\t\t\t\t\t<\/a><\/p>\n<div class=\"accordion-content zn-falc-item-content\" data-tab-content>\n<div class=\"zn-falc-item-desc wig-content\">\n<p>Cette page est pour les personnes qui participent \u00e0 des projets.<\/p>\n<h2>Pour que la participation fonctionne bien, il faut :<\/h2>\n<ul>\n<li>des r\u00f4les<br \/>\nTout le monde conna\u00eet bien son r\u00f4le.<\/li>\n<li>un projet bien expliqu\u00e9<br \/>\nTout le monde comprend le projet.<\/li>\n<li>une bonne \u00e9coute<br \/>\nTout le monde s\u2019\u00e9coute dans le projet.<\/li>\n<li>du respect.<br \/>\nTout le monde se respecte dans le projet.<\/li>\n<\/ul>\n<p>Toutes les personnes sont diff\u00e9rentes.<br \/>\nAlors c\u2019est important de v\u00e9rifier souvent\u00a0:<\/p>\n<ul>\n<li>Est-ce que tout le monde se sent bien dans le projet\u00a0?<\/li>\n<li>Est-ce qu\u2019on travaille bien ensemble\u00a0?<\/li>\n<\/ul>\n<h2><strong>Un questionnaire pour r\u00e9fl\u00e9chir ensemble<\/strong><\/h2>\n<p>Sur cette page, il y a un questionnaire.<br \/>\nCe questionnaire aide \u00e0 regarder si on travaille bien ensemble.<br \/>\nOn peut le remplir \u00e0 diff\u00e9rents moments du projet :<\/p>\n<ul>\n<li>Au d\u00e9but du projet,<\/li>\n<li>Au milieu du projet.<\/li>\n<\/ul>\n<p>A la fin du questionnaire, il y a des id\u00e9es\u00a0:<\/p>\n<ul>\n<li>Des id\u00e9es pour une discussion.<\/li>\n<li>Des id\u00e9es pour mieux travailler ensemble.<\/li>\n<\/ul>\n<p>Le questionnaire est ici\u00a0:<a href=\"https:\/\/insieme.ch\/fr\/questionnaire-ma-participation\/\" target=\"_blank\" rel=\"noopener\">Questionnaire \u00ab\u00a0ma participation\u00a0\u00bb<\/a><\/p>\n<h2>Des aides et des conseils<\/h2>\n<p>insieme a aussi cr\u00e9\u00e9 des fiches avec des informations et des conseils.<br \/>\nToutes les fiches sont regroup\u00e9es sur cette page :\u00a0<a href=\"https:\/\/insieme.ch\/fr\/nos-activites\/projets-et-realisations\/la-boite-pour-plus-de-participation-dans-vos-projets\/bibliotheque-de-documents\/\" target=\"_blank\" rel=\"noopener\">Biblioth\u00e8que de contenus<\/a><\/p>\n<h2>Vous avez le droit de participer<\/h2>\n<p>C\u2019est important d\u2019avoir l\u2019avis des personnes avec handicap sur les projets.<br \/>\nVous avez le droit :<\/p>\n<ul>\n<li>de comprendre,<\/li>\n<li>de donner votre avis,<\/li>\n<li>d\u2019\u00eatre \u00e9cout\u00e9 ou \u00e9cout\u00e9e.<\/li>\n<\/ul>\n<p>Sinon, ce n\u2019est <strong>pas<\/strong> une vraie participation.<\/p>\n<\/div><\/div>\n<\/li>\n<\/ul><\/div>\n<\/p><\/div>\n<\/p><\/div>\n<\/p><\/div>\n<\/p><\/div>\n<\/p><\/div>\n<\/div>\n<p><!-- \/flzn:zn_falc --><br \/>\n<!-- flzn:zn_text_img --><\/p>\n<div id=\"flzn-textimg-1\" class=\"zone zn-textimg with-bg bg-color with-color-title with-color-title-orange\"><span class=\"zone-bg bg-color bgc-white alignfull\"><\/span><\/p>\n<div class=\"zone-block zn-textimg-block alignwide va-center\">\n<div class=\"row mw-content-zone\">\n<div class=\"columns large-12\">\n<div class=\"row with-nice-alignment zn-textimg-row va-center\" data-equalizer data-equalize-on=\"large\">\n<div class=\"columns large-6 large-push-6 zn-textimg-colimg\" data-equalizer-watch>\n<div class=\"columns-inner zn-textimg-col-inner\">\n<div class=\"zn-textimg-imgbox\" title=\"_DSC5572\">\n<figure class=\"zn-textimg-figure\">\n\t\t\t\t\t\t\t<img decoding=\"async\" class=\"zn-textimg-img\" src=\"https:\/\/insieme.ch\/wp-inside\/uploads\/2025\/11\/dsc5572-800x536.jpg\" alt=\"\"\/><br \/>\n\t\t\t\t\t\t\t\t\t\t\t\t\t<\/figure>\n<\/p><\/div>\n<\/p><\/div>\n<\/p><\/div>\n<div class=\"columns large-6 large-pull-6 zn-textimg-coldesc\" data-equalizer-watch>\n<div class=\"columns-inner zn-textimg-descbox\">\n<div class=\"zn-textimg-desc wig-content\">\n<h2 class=\"titleline titleorange\">R\u00e9fl\u00e9chir \u00e0 la participation<\/h2>\n<p>Pour que la participation fonctionne, elle doit \u00eatre bien organis\u00e9e. Tout le monde doit comprendre le sens du\u00a0 projet et conna\u00eetre son r\u00f4le. Chacun\u00b7e doit \u00eatre respect\u00e9\u00b7e et \u00e9cout\u00e9\u00b7e.<\/p>\n<p>Les personnes qui pilotent le projet ont \u00e9galement pour responsabilit\u00e9 d&#8217;organiser la participation des personnes en situation de handicap. Il est donc essentiel de v\u00e9rifier r\u00e9guli\u00e8rement\u00a0si la collaboration fonctionne bien pour tout le monde:\u00a0 Est-ce que chacun\u00b7e se sent \u00e9cout\u00e9 et respect\u00e9\u00a0?<\/p>\n<\/div><\/div>\n<\/p><\/div>\n<\/p><\/div>\n<\/p><\/div>\n<\/p><\/div>\n<\/div>\n<\/div>\n<p><!-- \/flzn:zn_text_img --><br \/>\n<!-- flzn:zn_button --><\/p>\n<div id=\"flzn-button-1\" class=\"zone zn-button with-bg bg-color bg-is-dark with-color-title with-color-title-orange\"><span class=\"zone-bg bg-color bgc-orange-degrade alignfull\"><\/span><\/p>\n<div class=\"zone-block zn-button-block alignfull va-top text-center\">\n<div class=\"zn-button-bgbox block-alignfull oneblock\">\n<div class=\"zn-button-bgbox-bg rs_preserve\" ><\/div>\n<\/p><\/div>\n<div class=\"zn-button-list row small-up-1 medium-up-1 nb-bloc-1  alignfull va-top text-center oneblock\" data-equalizer data-equalize-on=\"large\">\n<div class=\"zn-button-bloc column\" data-equalizer-watch>\n<div class=\"column-inner\">\n<div class=\"zn-button-innerbox\">\n<div class=\"zn-button-bloc-titledesc\">\n<h2 class=\"zn-button-bloc-title h2 zone-title titleline\">\n\t\t\t\t\t\t\t\t\t\tLa collaboration vous convient-elle?\t\t\t\t\t\t\t\t\t<\/h2>\n<div class=\"zn-button-bloc-desc\">\n<p>Nous avons cr\u00e9\u00e9 un questionnaire d\u2019auto-\u00e9valuation. Il permet aux participant\u00b7e\u00b7s \u00a0de v\u00e9rifier que la participation et la collaboration au sein du projet leur convient. Il peut \u00eatre utilis\u00e9 dans tous types de projets.<\/p>\n<\/p><\/div>\n<\/p><\/div>\n<div class=\"zn-button-buttons-box\">\n<p>\t\t\t\t\t\t\t\t\t\t\t\t\t\t\t\t\t\t\t\t\t\t\t\t\t\t\t<a class=\"button secondary white\" href=\"https:\/\/insieme.ch\/fr\/nos-activites\/projets-et-realisations\/la-boite-pour-plus-de-participation-dans-vos-projets\/je-participe-a-un-projet\/questionnaire-ma-participation\/\" target=\"_blank\" title=\"Questionnaire \u00ab\u00a0ma participation\u00a0\u00bb\"><\/p>\n<p>\t\t\t\t\t\t\t\t\t\t\t\t\t\t\t\t\t\t\t\t\t\t\t\t\t\t\t\t\t\t\t\tEvaluez votre participation\t\t\t\t\t\t\t\t\t\t\t\t\t\t\t\t\t\t\t<\/a>\n\t\t\t\t\t\t\t\t\t\t\t\t\t\t\t\t\t\t\t\t\t<\/div>\n<\/p><\/div>\n<\/p><\/div>\n<\/p><\/div>\n<\/p><\/div>\n<\/div>\n<\/div>\n<p><!-- \/flzn:zn_button --><br \/>\n<!-- flzn:zn_text_img --><\/p>\n<div id=\"flzn-textimg-2\" class=\"zone zn-textimg with-bg bg-color with-color-title with-color-title-orange\"><span class=\"zone-bg bg-color bgc-white alignfull\"><\/span><\/p>\n<div class=\"zone-block zn-textimg-block alignwide va-center\">\n<div class=\"row mw-content-zone\">\n<div class=\"columns large-12\">\n<div class=\"row with-nice-alignment zn-textimg-row va-center\" data-equalizer data-equalize-on=\"large\">\n<div class=\"columns large-6 zn-textimg-colimg\" data-equalizer-watch>\n<div class=\"columns-inner zn-textimg-col-inner\">\n<div class=\"zn-textimg-imgbox\" title=\"Insieme Team\">\n<figure class=\"zn-textimg-figure\">\n\t\t\t\t\t\t\t<img decoding=\"async\" class=\"zn-textimg-img\" src=\"https:\/\/insieme.ch\/wp-inside\/uploads\/2025\/11\/dsc5745-800x536.jpg\" alt=\"\"\/><figcaption class=\"zn-textimg-caption\">Insieme Team<br \/>\n\u00a9 Danielle Liniger<\/figcaption><\/figure>\n<\/p><\/div>\n<\/p><\/div>\n<\/p><\/div>\n<div class=\"columns large-6 zn-textimg-coldesc\" data-equalizer-watch>\n<div class=\"columns-inner zn-textimg-descbox\">\n<div class=\"zn-textimg-desc wig-content\">\n<h2 class=\"titleorange\">Des documents pour vous aider<\/h2>\n<p>Bien travailler ensemble demande de r\u00e9fl\u00e9chir \u00e0 de nombreux aspects. Par exemple : comment organiser une rencontre o\u00f9 tout le monde se sente \u00e0 l\u2019aise ? Comment expliquer des informations de mani\u00e8re claire et accessible ? \u00a0Pour soutenir ce travail, plusieurs documents sont disponibles. Ils proposent des outils et des conseils pour favoriser une bonne collaboration et organiser une participation de qualit\u00e9.<\/p>\n<p><a class=\"button\" href=\"https:\/\/insieme.ch\/fr\/nos-activites\/projets-et-realisations\/la-boite-pour-plus-de-participation-dans-vos-projets\/bibliotheque-de-documents\/\" target=\"_blank\" rel=\"noopener\">Voir tous les documents<\/a><\/p>\n<\/div><\/div>\n<\/p><\/div>\n<\/p><\/div>\n<\/p><\/div>\n<\/p><\/div>\n<\/div>\n<\/div>\n<p><!-- \/flzn:zn_text_img --><\/p>\n","protected":false},"excerpt":{"rendered":"<p>Participer \u00e0 un projet, c\u2019est pouvoir comprendre les discussions, donner son avis et ses id\u00e9es, \u00eatre \u00e9cout\u00e9\u00b7e et participer aux d\u00e9cisions.<\/p>\n","protected":false},"author":11,"featured_media":32831,"parent":32545,"menu_order":10,"comment_status":"closed","ping_status":"closed","template":"","meta":{"_acf_changed":false,"footnotes":""},"class_list":["post-32538","page","type-page","status-publish","has-post-thumbnail","hentry","wp-sticky"],"acf":[],"yoast_head":"<!-- This site is optimized with the Yoast SEO plugin v27.4 - https:\/\/yoast.com\/product\/yoast-seo-wordpress\/ -->\n<title>Je participe \u00e0 un projet<\/title>\n<meta name=\"description\" content=\"Participer \u00e0 un projet, c\u2019est pouvoir comprendre les discussions, donner son avis et ses id\u00e9es, \u00eatre \u00e9cout\u00e9\u00b7e et participer aux d\u00e9cisions.\" \/>\n<meta name=\"robots\" content=\"noindex, nofollow\" \/>\n<meta property=\"og:locale\" content=\"fr_FR\" \/>\n<meta property=\"og:type\" content=\"article\" \/>\n<meta property=\"og:title\" content=\"Je participe \u00e0 un projet\" \/>\n<meta property=\"og:description\" content=\"Participer \u00e0 un projet, c\u2019est pouvoir comprendre les discussions, donner son avis et ses id\u00e9es, \u00eatre \u00e9cout\u00e9\u00b7e et participer aux d\u00e9cisions.\" \/>\n<meta property=\"og:url\" content=\"https:\/\/insieme.ch\/fr\/nos-activites\/projets-et-realisations\/la-boite-pour-plus-de-participation-dans-vos-projets\/je-participe-a-un-projet\/\" \/>\n<meta property=\"og:site_name\" content=\"insieme.ch\" \/>\n<meta property=\"article:modified_time\" content=\"2026-04-09T12:21:59+00:00\" \/>\n<meta property=\"og:image\" content=\"https:\/\/insieme.ch\/wp-inside\/uploads\/2026\/02\/icone_je_participe_projet_ich_nehme_an_projekt_teil.jpg\" \/>\n\t<meta property=\"og:image:width\" content=\"320\" \/>\n\t<meta property=\"og:image:height\" content=\"320\" \/>\n\t<meta property=\"og:image:type\" content=\"image\/jpeg\" \/>\n<meta name=\"twitter:card\" content=\"summary_large_image\" \/>\n<meta name=\"twitter:label1\" content=\"Dur\u00e9e de lecture estim\u00e9e\" \/>\n\t<meta name=\"twitter:data1\" content=\"2 minutes\" \/>\n<script type=\"application\/ld+json\" class=\"yoast-schema-graph\">{\"@context\":\"https:\\\/\\\/schema.org\",\"@graph\":[{\"@type\":\"WebPage\",\"@id\":\"https:\\\/\\\/insieme.ch\\\/fr\\\/nos-activites\\\/projets-et-realisations\\\/la-boite-pour-plus-de-participation-dans-vos-projets\\\/je-participe-a-un-projet\\\/\",\"url\":\"https:\\\/\\\/insieme.ch\\\/fr\\\/nos-activites\\\/projets-et-realisations\\\/la-boite-pour-plus-de-participation-dans-vos-projets\\\/je-participe-a-un-projet\\\/\",\"name\":\"Je participe \u00e0 un projet\",\"isPartOf\":{\"@id\":\"https:\\\/\\\/insieme.ch\\\/fr\\\/#website\"},\"primaryImageOfPage\":{\"@id\":\"https:\\\/\\\/insieme.ch\\\/fr\\\/nos-activites\\\/projets-et-realisations\\\/la-boite-pour-plus-de-participation-dans-vos-projets\\\/je-participe-a-un-projet\\\/#primaryimage\"},\"image\":{\"@id\":\"https:\\\/\\\/insieme.ch\\\/fr\\\/nos-activites\\\/projets-et-realisations\\\/la-boite-pour-plus-de-participation-dans-vos-projets\\\/je-participe-a-un-projet\\\/#primaryimage\"},\"thumbnailUrl\":\"https:\\\/\\\/insieme.ch\\\/wp-inside\\\/uploads\\\/2026\\\/02\\\/icone_je_participe_projet_ich_nehme_an_projekt_teil.jpg\",\"datePublished\":\"2026-03-13T06:23:25+00:00\",\"dateModified\":\"2026-04-09T12:21:59+00:00\",\"description\":\"Participer \u00e0 un projet, c\u2019est pouvoir comprendre les discussions, donner son avis et ses id\u00e9es, \u00eatre \u00e9cout\u00e9\u00b7e et participer aux d\u00e9cisions.\",\"breadcrumb\":{\"@id\":\"https:\\\/\\\/insieme.ch\\\/fr\\\/nos-activites\\\/projets-et-realisations\\\/la-boite-pour-plus-de-participation-dans-vos-projets\\\/je-participe-a-un-projet\\\/#breadcrumb\"},\"inLanguage\":\"fr-FR\",\"potentialAction\":[{\"@type\":\"ReadAction\",\"target\":[\"https:\\\/\\\/insieme.ch\\\/fr\\\/nos-activites\\\/projets-et-realisations\\\/la-boite-pour-plus-de-participation-dans-vos-projets\\\/je-participe-a-un-projet\\\/\"]}]},{\"@type\":\"ImageObject\",\"inLanguage\":\"fr-FR\",\"@id\":\"https:\\\/\\\/insieme.ch\\\/fr\\\/nos-activites\\\/projets-et-realisations\\\/la-boite-pour-plus-de-participation-dans-vos-projets\\\/je-participe-a-un-projet\\\/#primaryimage\",\"url\":\"https:\\\/\\\/insieme.ch\\\/wp-inside\\\/uploads\\\/2026\\\/02\\\/icone_je_participe_projet_ich_nehme_an_projekt_teil.jpg\",\"contentUrl\":\"https:\\\/\\\/insieme.ch\\\/wp-inside\\\/uploads\\\/2026\\\/02\\\/icone_je_participe_projet_ich_nehme_an_projekt_teil.jpg\",\"width\":320,\"height\":320,\"caption\":\"Trois personnages se tiennent par les \u00e9paules\"},{\"@type\":\"BreadcrumbList\",\"@id\":\"https:\\\/\\\/insieme.ch\\\/fr\\\/nos-activites\\\/projets-et-realisations\\\/la-boite-pour-plus-de-participation-dans-vos-projets\\\/je-participe-a-un-projet\\\/#breadcrumb\",\"itemListElement\":[{\"@type\":\"ListItem\",\"position\":1,\"name\":\"Accueil\",\"item\":\"https:\\\/\\\/insieme.ch\\\/fr\\\/\"},{\"@type\":\"ListItem\",\"position\":2,\"name\":\"Activit\u00e9s\",\"item\":\"https:\\\/\\\/insieme.ch\\\/fr\\\/unsere-aktivitaeten\\\/\"},{\"@type\":\"ListItem\",\"position\":3,\"name\":\"Projets et r\u00e9alisations\",\"item\":\"https:\\\/\\\/insieme.ch\\\/fr\\\/nos-activites\\\/projets-et-realisations\\\/\"},{\"@type\":\"ListItem\",\"position\":4,\"name\":\"La Bo\u00eete\",\"item\":\"https:\\\/\\\/insieme.ch\\\/fr\\\/nos-activites\\\/projets-et-realisations\\\/la-boite-pour-plus-de-participation-dans-vos-projets\\\/\"},{\"@type\":\"ListItem\",\"position\":5,\"name\":\"Je participe \u00e0 un projet\"}]},{\"@type\":\"WebSite\",\"@id\":\"https:\\\/\\\/insieme.ch\\\/fr\\\/#website\",\"url\":\"https:\\\/\\\/insieme.ch\\\/fr\\\/\",\"name\":\"insieme.ch\",\"description\":\"\",\"publisher\":{\"@id\":\"https:\\\/\\\/insieme.ch\\\/fr\\\/#organization\"},\"potentialAction\":[{\"@type\":\"SearchAction\",\"target\":{\"@type\":\"EntryPoint\",\"urlTemplate\":\"https:\\\/\\\/insieme.ch\\\/fr\\\/?s={search_term_string}\"},\"query-input\":{\"@type\":\"PropertyValueSpecification\",\"valueRequired\":true,\"valueName\":\"search_term_string\"}}],\"inLanguage\":\"fr-FR\"},{\"@type\":\"Organization\",\"@id\":\"https:\\\/\\\/insieme.ch\\\/fr\\\/#organization\",\"name\":\"insieme\",\"url\":\"https:\\\/\\\/insieme.ch\\\/fr\\\/\",\"logo\":{\"@type\":\"ImageObject\",\"inLanguage\":\"fr-FR\",\"@id\":\"https:\\\/\\\/insieme.ch\\\/fr\\\/#\\\/schema\\\/logo\\\/image\\\/\",\"url\":\"https:\\\/\\\/insieme.ch\\\/wp-inside\\\/uploads\\\/2021\\\/03\\\/logo-insieme.jpg\",\"contentUrl\":\"https:\\\/\\\/insieme.ch\\\/wp-inside\\\/uploads\\\/2021\\\/03\\\/logo-insieme.jpg\",\"width\":250,\"height\":250,\"caption\":\"insieme\"},\"image\":{\"@id\":\"https:\\\/\\\/insieme.ch\\\/fr\\\/#\\\/schema\\\/logo\\\/image\\\/\"}}]}<\/script>\n<!-- \/ Yoast SEO plugin. -->","yoast_head_json":{"title":"Je participe \u00e0 un projet","description":"Participer \u00e0 un projet, c\u2019est pouvoir comprendre les discussions, donner son avis et ses id\u00e9es, \u00eatre \u00e9cout\u00e9\u00b7e et participer aux d\u00e9cisions.","robots":{"index":"noindex","follow":"nofollow"},"og_locale":"fr_FR","og_type":"article","og_title":"Je participe \u00e0 un projet","og_description":"Participer \u00e0 un projet, c\u2019est pouvoir comprendre les discussions, donner son avis et ses id\u00e9es, \u00eatre \u00e9cout\u00e9\u00b7e et participer aux d\u00e9cisions.","og_url":"https:\/\/insieme.ch\/fr\/nos-activites\/projets-et-realisations\/la-boite-pour-plus-de-participation-dans-vos-projets\/je-participe-a-un-projet\/","og_site_name":"insieme.ch","article_modified_time":"2026-04-09T12:21:59+00:00","og_image":[{"width":320,"height":320,"url":"https:\/\/insieme.ch\/wp-inside\/uploads\/2026\/02\/icone_je_participe_projet_ich_nehme_an_projekt_teil.jpg","type":"image\/jpeg"}],"twitter_card":"summary_large_image","twitter_misc":{"Dur\u00e9e de lecture estim\u00e9e":"2 minutes"},"schema":{"@context":"https:\/\/schema.org","@graph":[{"@type":"WebPage","@id":"https:\/\/insieme.ch\/fr\/nos-activites\/projets-et-realisations\/la-boite-pour-plus-de-participation-dans-vos-projets\/je-participe-a-un-projet\/","url":"https:\/\/insieme.ch\/fr\/nos-activites\/projets-et-realisations\/la-boite-pour-plus-de-participation-dans-vos-projets\/je-participe-a-un-projet\/","name":"Je participe \u00e0 un projet","isPartOf":{"@id":"https:\/\/insieme.ch\/fr\/#website"},"primaryImageOfPage":{"@id":"https:\/\/insieme.ch\/fr\/nos-activites\/projets-et-realisations\/la-boite-pour-plus-de-participation-dans-vos-projets\/je-participe-a-un-projet\/#primaryimage"},"image":{"@id":"https:\/\/insieme.ch\/fr\/nos-activites\/projets-et-realisations\/la-boite-pour-plus-de-participation-dans-vos-projets\/je-participe-a-un-projet\/#primaryimage"},"thumbnailUrl":"https:\/\/insieme.ch\/wp-inside\/uploads\/2026\/02\/icone_je_participe_projet_ich_nehme_an_projekt_teil.jpg","datePublished":"2026-03-13T06:23:25+00:00","dateModified":"2026-04-09T12:21:59+00:00","description":"Participer \u00e0 un projet, c\u2019est pouvoir comprendre les discussions, donner son avis et ses id\u00e9es, \u00eatre \u00e9cout\u00e9\u00b7e et participer aux d\u00e9cisions.","breadcrumb":{"@id":"https:\/\/insieme.ch\/fr\/nos-activites\/projets-et-realisations\/la-boite-pour-plus-de-participation-dans-vos-projets\/je-participe-a-un-projet\/#breadcrumb"},"inLanguage":"fr-FR","potentialAction":[{"@type":"ReadAction","target":["https:\/\/insieme.ch\/fr\/nos-activites\/projets-et-realisations\/la-boite-pour-plus-de-participation-dans-vos-projets\/je-participe-a-un-projet\/"]}]},{"@type":"ImageObject","inLanguage":"fr-FR","@id":"https:\/\/insieme.ch\/fr\/nos-activites\/projets-et-realisations\/la-boite-pour-plus-de-participation-dans-vos-projets\/je-participe-a-un-projet\/#primaryimage","url":"https:\/\/insieme.ch\/wp-inside\/uploads\/2026\/02\/icone_je_participe_projet_ich_nehme_an_projekt_teil.jpg","contentUrl":"https:\/\/insieme.ch\/wp-inside\/uploads\/2026\/02\/icone_je_participe_projet_ich_nehme_an_projekt_teil.jpg","width":320,"height":320,"caption":"Trois personnages se tiennent par les \u00e9paules"},{"@type":"BreadcrumbList","@id":"https:\/\/insieme.ch\/fr\/nos-activites\/projets-et-realisations\/la-boite-pour-plus-de-participation-dans-vos-projets\/je-participe-a-un-projet\/#breadcrumb","itemListElement":[{"@type":"ListItem","position":1,"name":"Accueil","item":"https:\/\/insieme.ch\/fr\/"},{"@type":"ListItem","position":2,"name":"Activit\u00e9s","item":"https:\/\/insieme.ch\/fr\/unsere-aktivitaeten\/"},{"@type":"ListItem","position":3,"name":"Projets et r\u00e9alisations","item":"https:\/\/insieme.ch\/fr\/nos-activites\/projets-et-realisations\/"},{"@type":"ListItem","position":4,"name":"La Bo\u00eete","item":"https:\/\/insieme.ch\/fr\/nos-activites\/projets-et-realisations\/la-boite-pour-plus-de-participation-dans-vos-projets\/"},{"@type":"ListItem","position":5,"name":"Je participe \u00e0 un projet"}]},{"@type":"WebSite","@id":"https:\/\/insieme.ch\/fr\/#website","url":"https:\/\/insieme.ch\/fr\/","name":"insieme.ch","description":"","publisher":{"@id":"https:\/\/insieme.ch\/fr\/#organization"},"potentialAction":[{"@type":"SearchAction","target":{"@type":"EntryPoint","urlTemplate":"https:\/\/insieme.ch\/fr\/?s={search_term_string}"},"query-input":{"@type":"PropertyValueSpecification","valueRequired":true,"valueName":"search_term_string"}}],"inLanguage":"fr-FR"},{"@type":"Organization","@id":"https:\/\/insieme.ch\/fr\/#organization","name":"insieme","url":"https:\/\/insieme.ch\/fr\/","logo":{"@type":"ImageObject","inLanguage":"fr-FR","@id":"https:\/\/insieme.ch\/fr\/#\/schema\/logo\/image\/","url":"https:\/\/insieme.ch\/wp-inside\/uploads\/2021\/03\/logo-insieme.jpg","contentUrl":"https:\/\/insieme.ch\/wp-inside\/uploads\/2021\/03\/logo-insieme.jpg","width":250,"height":250,"caption":"insieme"},"image":{"@id":"https:\/\/insieme.ch\/fr\/#\/schema\/logo\/image\/"}}]}},"_links":{"self":[{"href":"https:\/\/insieme.ch\/fr\/wp-json\/wp\/v2\/pages\/32538","targetHints":{"allow":["GET"]}}],"collection":[{"href":"https:\/\/insieme.ch\/fr\/wp-json\/wp\/v2\/pages"}],"about":[{"href":"https:\/\/insieme.ch\/fr\/wp-json\/wp\/v2\/types\/page"}],"author":[{"embeddable":true,"href":"https:\/\/insieme.ch\/fr\/wp-json\/wp\/v2\/users\/11"}],"replies":[{"embeddable":true,"href":"https:\/\/insieme.ch\/fr\/wp-json\/wp\/v2\/comments?post=32538"}],"version-history":[{"count":20,"href":"https:\/\/insieme.ch\/fr\/wp-json\/wp\/v2\/pages\/32538\/revisions"}],"predecessor-version":[{"id":34125,"href":"https:\/\/insieme.ch\/fr\/wp-json\/wp\/v2\/pages\/32538\/revisions\/34125"}],"up":[{"embeddable":true,"href":"https:\/\/insieme.ch\/fr\/wp-json\/wp\/v2\/pages\/32545"}],"wp:featuredmedia":[{"embeddable":true,"href":"https:\/\/insieme.ch\/fr\/wp-json\/wp\/v2\/media\/32831"}],"wp:attachment":[{"href":"https:\/\/insieme.ch\/fr\/wp-json\/wp\/v2\/media?parent=32538"}],"curies":[{"name":"wp","href":"https:\/\/api.w.org\/{rel}","templated":true}]}}