{"id":31995,"date":"2026-01-27T14:29:50","date_gmt":"2026-01-27T13:29:50","guid":{"rendered":"https:\/\/insieme.ch\/?page_id=31995"},"modified":"2026-04-09T14:28:04","modified_gmt":"2026-04-09T12:28:04","slug":"je-gere-un-projet","status":"publish","type":"page","link":"https:\/\/insieme.ch\/fr\/nos-activites\/projets-et-realisations\/la-boite-pour-plus-de-participation-dans-vos-projets\/je-gere-un-projet\/","title":{"rendered":"Je g\u00e8re un projet"},"content":{"rendered":"<p><!-- flzn:zn_bannerquizz --><\/p>\n<div id=\"flzn-bannerquizz-1\" class=\"zone zn-bannerquizz with-bg bg-color bg-is-dark\"><span class=\"zone-bg bg-color bgc-orange-degrade alignfull\"><\/span><\/p>\n<div class=\"zone-block zn-bannerquizz-block alignwide va-center\">\n<div class=\"row zn-bannerquizz-row\">\n<div class=\"columns zn-bannerquizz-col-content\">\n<figure class=\"zn-image-figure\">\n\t\t\t\t\t<img decoding=\"async\" class=\"zn-image-img rs_preserve\" src=\"https:\/\/insieme.ch\/wp-inside\/uploads\/2026\/02\/logo_laboite_f_white-300x163.png\" alt=\"\"  loading=\"lazy\" \/><br \/>\n\t\t\t\t<\/figure>\n<\/p><\/div>\n<\/p><\/div>\n<\/div>\n<\/div>\n<p><!-- \/flzn:zn_bannerquizz --><br \/>\n<!-- flzn:zn_pagebanner --><\/p>\n<header id=\"flzn-pagebanner-1\" class=\"zone zn-pagebanner with-bg bg-color with-color-title with-color-title-orange\"><span class=\"zone-bg bg-color bgc-white alignfull\"><\/span><\/p>\n<div class=\"zone-block zn-pagebanner-block alignwide va-center\"><\/div>\n<\/header>\n<p><!-- \/flzn:zn_pagebanner --><br \/>\n<!-- flzn:zn_falc --><\/p>\n<div id=\"flzn-falc-1\" class=\"zone zn-falc with-bg bg-color\"><span class=\"zone-bg bg-color bgc-white alignfull\"><\/span><\/p>\n<div class=\"zone-block zn-falc-block alignwide va-top\">\n<div class=\"row mw-content-zone\">\n<div class=\"large-12 columns\">\n<div class=\"row with-nice-alignment va-top\">\n<div class=\"columns large-12 zn-falc-col\">\n<div class=\"columns-inner zn-falc-col-inner\">\n<ul class=\"accordion zn-falc-accordion mw-1250 rs_preserve\" data-accordion data-accordion data-multi-expand=\"true\" data-allow-all-closed=\"true\">\n<li class=\"accordion-item zn-falc-item\" data-accordion-item>\n\t\t\t\t\t\t\t\t\t\t<a href=\"#\" class=\"accordion-title zn-falc-item-title\"><br \/>\n\t\t\t\t\t\t\t\t\t\t\t<i class=\"skf skf-ico-falc-square\"><\/i><\/p>\n<h3 class=\"zn-falc-item-titletxt\">Voir la version FALC (Facile \u00e0 lire et \u00e0 comprendre)<\/h3>\n<p>\t\t\t\t\t\t\t\t\t\t<\/a><\/p>\n<div class=\"accordion-content zn-falc-item-content\" data-tab-content>\n<div class=\"zn-falc-item-desc wig-content\">\n<h3>Outils pour bien r\u00e9fl\u00e9chir<\/h3>\n<p>Les responsables de projet ne d\u00e9cident pas toujours de tout dans un projet.<br \/>\nDans certains projets, d\u2019autres personnes peuvent d\u00e9cider des choses.<br \/>\nElles peuvent faire changer le projet.<br \/>\nCela s\u2019appelle la participation.<\/p>\n<p>Pour que la participation marche, il faut beaucoup de choses.<br \/>\nPar exemple :<\/p>\n<ul>\n<li>Tout le monde sait quel est son r\u00f4le.<\/li>\n<li>Tout le monde sait comment travailler ensemble.<\/li>\n<li>Tout le monde se respecte.<\/li>\n<li>Tout le monde s\u2019\u00e9coute.<\/li>\n<\/ul>\n<p>Les responsables de projet doivent bien r\u00e9fl\u00e9chir.<br \/>\nIls et elles doivent se demander :<\/p>\n<ul>\n<li>Est-ce que je veux vraiment \u00e9couter les autres ?<\/li>\n<li>Est-ce que j\u2019ai pr\u00e9vu assez de temps pour demander l\u2019avis d\u2019autres personnes ?<\/li>\n<\/ul>\n<p>Nous avons 2 outils pour les aider :<\/p>\n<ol>\n<li>Un questionnaire.<br \/>\nIl n\u2019est pas en Facile \u00e0 Lire.<br \/>\nLe questionnaire est ici :\u00a0<a href=\"https:\/\/insieme.ch\/fr\/nos-activites\/projets-et-realisations\/la-boite-pour-plus-de-participation-dans-vos-projets\/je-gere-un-projet\/auto-evaluation-chef-projet\/\" target=\"_blank\" rel=\"noopener\">J\u2019\u00e9value la participation dans mon projet<\/a><\/li>\n<li>Un tableau qui montre plusieurs niveaux de participation.<br \/>\nIl montre \u00e0 quel point les personnes peuvent faire changer le projet.<br \/>\nLe tableau est ici : [lien]<\/li>\n<\/ol>\n<h3>Outils pour bien organiser la participation<\/h3>\n<p>Les responsables de projet doivent organiser beaucoup de choses\u202f:<\/p>\n<ul>\n<li>Cr\u00e9er des rencontres o\u00f9 tout le monde se sent bien.<\/li>\n<li>Donner des bonnes informations.<\/li>\n<li>Aider \u00e0 d\u00e9cider ensemble.<\/li>\n<\/ul>\n<p>Nous avons des fiches avec des conseils.<br \/>\nToutes ces fiches se trouvent ici\u202f:\u00a0<a href=\"https:\/\/insieme.ch\/fr\/nos-activites\/projets-et-realisations\/la-boite-pour-plus-de-participation-dans-vos-projets\/bibliotheque-de-documents\/\" target=\"_blank\" rel=\"noopener\">Biblioth\u00e8que de contenus<\/a><\/p>\n<h3>V\u00e9rifier que tout le monde est d\u2019accord<\/h3>\n<p>Il faut v\u00e9rifier r\u00e9guli\u00e8rement :<br \/>\nEst-ce que la mani\u00e8re de travailler convient \u00e0 tout le monde ?<\/p>\n<p>Nous avons un questionnaire pour cela.<br \/>\nIl est en Facile \u00e0 lire.<br \/>\nLe questionnaire est ici\u202f:\u00a0<a href=\"https:\/\/insieme.ch\/fr\/questionnaire-ma-participation\/\" target=\"_blank\" rel=\"noopener\">Questionnaire \u00ab\u00a0ma participation\u00a0\u00bb<\/a><\/p>\n<\/div><\/div>\n<\/li>\n<\/ul><\/div>\n<\/p><\/div>\n<\/p><\/div>\n<\/p><\/div>\n<\/p><\/div>\n<\/p><\/div>\n<\/div>\n<p><!-- \/flzn:zn_falc --><br \/>\n<!-- flzn:zn_text_img --><\/p>\n<div id=\"flzn-textimg-1\" class=\"zone zn-textimg with-bg bg-color with-color-title with-color-title-orange\"><span class=\"zone-bg bg-color bgc-white alignfull\"><\/span><\/p>\n<div class=\"zone-block zn-textimg-block alignwide va-center\">\n<div class=\"row mw-content-zone\">\n<div class=\"columns large-12\">\n<div class=\"row with-nice-alignment zn-textimg-row va-center\" data-equalizer data-equalize-on=\"large\">\n<div class=\"columns large-6 large-push-6 zn-textimg-colimg\" data-equalizer-watch>\n<div class=\"columns-inner zn-textimg-col-inner\">\n<div class=\"zn-textimg-imgbox\" title=\"_DSC7045b\">\n<figure class=\"zn-textimg-figure\">\n\t\t\t\t\t\t\t<img decoding=\"async\" class=\"zn-textimg-img\" src=\"https:\/\/insieme.ch\/wp-inside\/uploads\/2025\/11\/dsc7045b-800x536.jpg\" alt=\"\"\/><br \/>\n\t\t\t\t\t\t\t\t\t\t\t\t\t<\/figure>\n<\/p><\/div>\n<\/p><\/div>\n<\/p><\/div>\n<div class=\"columns large-6 large-pull-6 zn-textimg-coldesc\" data-equalizer-watch>\n<div class=\"columns-inner zn-textimg-descbox\">\n<div class=\"zn-textimg-desc wig-content\">\n<h2 class=\"titleorange\">R\u00e9fl\u00e9chir \u00e0 la participation<\/h2>\n<p>Pour qu&#8217;une d\u00e9marche participative fonctionne r\u00e9ellement dans un projet, il est essentiel d\u2019en d\u00e9finir clairement le cadre : que veut-on atteindre avec le projet ? Quel est le but et le degr\u00e9 d\u2019ambition de la d\u00e9marche participative ? Quel pouvoir de d\u00e9cision ont effectivement les personnes impliqu\u00e9es ?<\/p>\n<p>Si ces points ne sont pas clairs, ou que la participation est per\u00e7ue comme purement symbolique, cela peut engendrer beaucoup de frustrations et de d\u00e9motivation. Il est donc indispensable de questionner r\u00e9guli\u00e8rement sa posture, ses objectifs ainsi que les modalit\u00e9s de collaboration mises en place.<\/p>\n<\/div><\/div>\n<\/p><\/div>\n<\/p><\/div>\n<\/p><\/div>\n<\/p><\/div>\n<\/div>\n<\/div>\n<p><!-- \/flzn:zn_text_img --><br \/>\n<!-- flzn:zn_button --><\/p>\n<div id=\"flzn-button-1\" class=\"zone zn-button with-bg bg-color bg-is-dark with-color-title with-color-title-orange\"><span class=\"zone-bg bg-color bgc-orange-degrade alignfull\"><\/span><\/p>\n<div class=\"zone-block zn-button-block alignfull va-top text-center\">\n<div class=\"zn-button-bgbox block-alignfull oneblock\">\n<div class=\"zn-button-bgbox-bg rs_preserve\" ><\/div>\n<\/p><\/div>\n<div class=\"zn-button-list row small-up-1 medium-up-1 nb-bloc-1  alignfull va-top text-center oneblock\" data-equalizer data-equalize-on=\"large\">\n<div class=\"zn-button-bloc column\" data-equalizer-watch>\n<div class=\"column-inner\">\n<div class=\"zn-button-innerbox\">\n<div class=\"zn-button-bloc-titledesc\">\n<h2 class=\"zn-button-bloc-title h2 zone-title titleline\">\n\t\t\t\t\t\t\t\t\t\tEvaluer la participation dans votre projet\t\t\t\t\t\t\t\t\t<\/h2>\n<div class=\"zn-button-bloc-desc\">\n<p>Pour accompagner cette r\u00e9flexion, nous vous proposons deux outils : un questionnaire sur la participation dans vos projets, con\u00e7u pour lancer la r\u00e9flexion sur certains points cl\u00e9s de la d\u00e9marche, \u00e0 utiliser \u00e0 intervalles r\u00e9guliers durant le projet ainsi qu\u2019un tableau des niveaux de participation. Ce dernier permet de situer votre projet et d\u2019identifier les marges de progression.<\/p>\n<\/p><\/div>\n<\/p><\/div>\n<div class=\"zn-button-buttons-box\">\n<p>\t\t\t\t\t\t\t\t\t\t\t\t\t\t\t\t\t\t\t\t\t\t\t\t\t\t\t<a class=\"button secondary white\" href=\"https:\/\/insieme.ch\/fr\/nos-activites\/projets-et-realisations\/la-boite-pour-plus-de-participation-dans-vos-projets\/je-gere-un-projet\/auto-evaluation-chef-projet\/\" target=\"_blank\" title=\"J\u2019\u00e9value la participation dans mon projet\"><\/p>\n<p>\t\t\t\t\t\t\t\t\t\t\t\t\t\t\t\t\t\t\t\t\t\t\t\t\t\t\t\t\t\t\t\tJ&#8217;\u00e9value mon projet!\t\t\t\t\t\t\t\t\t\t\t\t\t\t\t\t\t\t\t<\/a>\n\t\t\t\t\t\t\t\t\t\t\t\t\t\t\t\t\t\t\t\t\t<\/div>\n<\/p><\/div>\n<\/p><\/div>\n<\/p><\/div>\n<\/p><\/div>\n<\/div>\n<\/div>\n<p><!-- \/flzn:zn_button --><br \/>\n<!-- flzn:zn_text --><\/p>\n<div id=\"flzn-text-1\" class=\"zone zn-text with-bg bg-color with-color-title with-color-title-orange\"><span class=\"zone-bg bg-color bgc-white alignfull\"><\/span><\/p>\n<div class=\"zone-block zn-text-block alignwide va-top\">\n<div class=\"row mw-content-zone type-style \">\n<div class=\"columns large-12\">\n<div class=\"row with-nice-alignment nbloc-2 va-top\">\n<div class=\"columns large-6 zn-text-col\">\n<div class=\"columns-inner\">\n<div class=\"wig-content mw-content\">\n<h2 class=\"titleorange\">G\u00e9rer la participation<\/h2>\n<p>Cela veut dire quoi, participer \u00e0 un projet\u00a0?<br \/>\n\u00c0 quoi faut-il \u00eatre attentif quand on pr\u00e9pare un atelier\u00a0?<br \/>\nComment \u00a0cr\u00e9er un climat de confiance favorisant l\u2019expression d\u2019avis sinc\u00e8res sur le projet ?<br \/>\nComment animer une s\u00e9ance en tenant compte des besoins\u00a0 de personnes vivant avec un handicap mental\u00a0?<\/p>\n<p>Des ressources th\u00e9matiques, des mod\u00e8les d\u2019activit\u00e9s et des supports en Facile \u00e0 Lire et \u00e0 Comprendre sont disponibles ci-dessous.<\/p>\n<p><a class=\"button orange\" href=\"https:\/\/insieme.ch\/fr\/nos-activites\/projets-et-realisations\/la-boite-pour-plus-de-participation-dans-vos-projets\/bibliotheque-de-documents\/\" target=\"_blank\" rel=\"noopener\">Biblioth\u00e8que de contenus<\/a><\/p>\n<\/p><\/div>\n<\/p><\/div>\n<\/p><\/div>\n<div class=\"columns large-6 zn-text-col\">\n<div class=\"columns-inner\">\n<div class=\"wig-content mw-content\">\n<h2 class=\"titleorange\">Et qu&#8217;en pensent les participant\u00b7e\u00b7s?<\/h2>\n<p>Votre vision de la participation correspond-elle \u00e0 celles des participant\u00b7e\u00b7s ? Il est conseill\u00e9 de leur demander r\u00e9guli\u00e8rement d\u2019\u00e9valuer la mani\u00e8re dont la participation se d\u00e9roule.<\/p>\n<p>Vous pouvez par exemple utiliser notre questionnaire en Facile \u00e0 Lire et \u00e0 Comprendre destin\u00e9 aux participant\u00b7e\u00b7s. Attention, celui-ci peut s\u2019av\u00e9rer exigeant : pensez \u00e0 fournir l\u2019accompagnement n\u00e9cessaire aux personnes qui en ont besoin.<\/p>\n<p><a class=\"button orange\" href=\"https:\/\/insieme.ch\/fr\/questionnaire-ma-participation\/\" target=\"_blank\" rel=\"noopener\">Questionnaire en FALC<\/a><\/p>\n<\/p><\/div>\n<\/p><\/div>\n<\/p><\/div>\n<\/p><\/div>\n<\/p><\/div>\n<\/p><\/div>\n<\/div>\n<\/div>\n<p><!-- \/flzn:zn_text --><\/p>\n","protected":false},"excerpt":{"rendered":"<p>Pour qu&#8217;une d\u00e9marche participative fonctionne dans un projet, il est essentiel d\u2019en d\u00e9finir clairement le cadre. Il est \u00e9gale indispensable de questionner r\u00e9guli\u00e8rement sa posture, ses objectifs ainsi que les modalit\u00e9s de collaboration.<\/p>\n","protected":false},"author":7,"featured_media":32829,"parent":32545,"menu_order":0,"comment_status":"closed","ping_status":"closed","template":"","meta":{"_acf_changed":false,"footnotes":""},"class_list":["post-31995","page","type-page","status-publish","has-post-thumbnail","hentry","wp-sticky"],"acf":[],"yoast_head":"<!-- This site is optimized with the Yoast SEO plugin v27.4 - https:\/\/yoast.com\/product\/yoast-seo-wordpress\/ -->\n<title>Je g\u00e8re un projet<\/title>\n<meta name=\"description\" content=\"A quoi faut-il penser pour g\u00e9rer un projet de fa\u00e7on participative\u00a0? Comment concevoir des processus participatifs?\" \/>\n<meta name=\"robots\" content=\"noindex, nofollow\" \/>\n<meta property=\"og:locale\" content=\"fr_FR\" \/>\n<meta property=\"og:type\" content=\"article\" \/>\n<meta property=\"og:title\" content=\"Je g\u00e8re un projet\" \/>\n<meta property=\"og:description\" content=\"A quoi faut-il penser pour g\u00e9rer un projet de fa\u00e7on participative\u00a0? Comment concevoir des processus participatifs?\" \/>\n<meta property=\"og:url\" content=\"https:\/\/insieme.ch\/fr\/nos-activites\/projets-et-realisations\/la-boite-pour-plus-de-participation-dans-vos-projets\/je-gere-un-projet\/\" \/>\n<meta property=\"og:site_name\" content=\"insieme.ch\" \/>\n<meta property=\"article:modified_time\" content=\"2026-04-09T12:28:04+00:00\" \/>\n<meta property=\"og:image\" content=\"https:\/\/insieme.ch\/wp-inside\/uploads\/2026\/02\/icone_je_gere_projet_ich_leite_projekt.jpg\" \/>\n\t<meta property=\"og:image:width\" content=\"320\" \/>\n\t<meta property=\"og:image:height\" content=\"320\" \/>\n\t<meta property=\"og:image:type\" content=\"image\/jpeg\" \/>\n<meta name=\"twitter:card\" content=\"summary_large_image\" \/>\n<meta name=\"twitter:label1\" content=\"Dur\u00e9e de lecture estim\u00e9e\" \/>\n\t<meta name=\"twitter:data1\" content=\"3 minutes\" \/>\n<script type=\"application\/ld+json\" class=\"yoast-schema-graph\">{\"@context\":\"https:\\\/\\\/schema.org\",\"@graph\":[{\"@type\":\"WebPage\",\"@id\":\"https:\\\/\\\/insieme.ch\\\/fr\\\/nos-activites\\\/projets-et-realisations\\\/la-boite-pour-plus-de-participation-dans-vos-projets\\\/je-gere-un-projet\\\/\",\"url\":\"https:\\\/\\\/insieme.ch\\\/fr\\\/nos-activites\\\/projets-et-realisations\\\/la-boite-pour-plus-de-participation-dans-vos-projets\\\/je-gere-un-projet\\\/\",\"name\":\"Je g\u00e8re un projet\",\"isPartOf\":{\"@id\":\"https:\\\/\\\/insieme.ch\\\/fr\\\/#website\"},\"primaryImageOfPage\":{\"@id\":\"https:\\\/\\\/insieme.ch\\\/fr\\\/nos-activites\\\/projets-et-realisations\\\/la-boite-pour-plus-de-participation-dans-vos-projets\\\/je-gere-un-projet\\\/#primaryimage\"},\"image\":{\"@id\":\"https:\\\/\\\/insieme.ch\\\/fr\\\/nos-activites\\\/projets-et-realisations\\\/la-boite-pour-plus-de-participation-dans-vos-projets\\\/je-gere-un-projet\\\/#primaryimage\"},\"thumbnailUrl\":\"https:\\\/\\\/insieme.ch\\\/wp-inside\\\/uploads\\\/2026\\\/02\\\/icone_je_gere_projet_ich_leite_projekt.jpg\",\"datePublished\":\"2026-01-27T13:29:50+00:00\",\"dateModified\":\"2026-04-09T12:28:04+00:00\",\"description\":\"A quoi faut-il penser pour g\u00e9rer un projet de fa\u00e7on participative\u00a0? Comment concevoir des processus participatifs?\",\"breadcrumb\":{\"@id\":\"https:\\\/\\\/insieme.ch\\\/fr\\\/nos-activites\\\/projets-et-realisations\\\/la-boite-pour-plus-de-participation-dans-vos-projets\\\/je-gere-un-projet\\\/#breadcrumb\"},\"inLanguage\":\"fr-FR\",\"potentialAction\":[{\"@type\":\"ReadAction\",\"target\":[\"https:\\\/\\\/insieme.ch\\\/fr\\\/nos-activites\\\/projets-et-realisations\\\/la-boite-pour-plus-de-participation-dans-vos-projets\\\/je-gere-un-projet\\\/\"]}]},{\"@type\":\"ImageObject\",\"inLanguage\":\"fr-FR\",\"@id\":\"https:\\\/\\\/insieme.ch\\\/fr\\\/nos-activites\\\/projets-et-realisations\\\/la-boite-pour-plus-de-participation-dans-vos-projets\\\/je-gere-un-projet\\\/#primaryimage\",\"url\":\"https:\\\/\\\/insieme.ch\\\/wp-inside\\\/uploads\\\/2026\\\/02\\\/icone_je_gere_projet_ich_leite_projekt.jpg\",\"contentUrl\":\"https:\\\/\\\/insieme.ch\\\/wp-inside\\\/uploads\\\/2026\\\/02\\\/icone_je_gere_projet_ich_leite_projekt.jpg\",\"width\":320,\"height\":320,\"caption\":\"Un personnage tient des feuilles de papier et sourit\"},{\"@type\":\"BreadcrumbList\",\"@id\":\"https:\\\/\\\/insieme.ch\\\/fr\\\/nos-activites\\\/projets-et-realisations\\\/la-boite-pour-plus-de-participation-dans-vos-projets\\\/je-gere-un-projet\\\/#breadcrumb\",\"itemListElement\":[{\"@type\":\"ListItem\",\"position\":1,\"name\":\"Accueil\",\"item\":\"https:\\\/\\\/insieme.ch\\\/fr\\\/\"},{\"@type\":\"ListItem\",\"position\":2,\"name\":\"Activit\u00e9s\",\"item\":\"https:\\\/\\\/insieme.ch\\\/fr\\\/unsere-aktivitaeten\\\/\"},{\"@type\":\"ListItem\",\"position\":3,\"name\":\"Projets et r\u00e9alisations\",\"item\":\"https:\\\/\\\/insieme.ch\\\/fr\\\/nos-activites\\\/projets-et-realisations\\\/\"},{\"@type\":\"ListItem\",\"position\":4,\"name\":\"La Bo\u00eete\",\"item\":\"https:\\\/\\\/insieme.ch\\\/fr\\\/nos-activites\\\/projets-et-realisations\\\/la-boite-pour-plus-de-participation-dans-vos-projets\\\/\"},{\"@type\":\"ListItem\",\"position\":5,\"name\":\"Je g\u00e8re un projet\"}]},{\"@type\":\"WebSite\",\"@id\":\"https:\\\/\\\/insieme.ch\\\/fr\\\/#website\",\"url\":\"https:\\\/\\\/insieme.ch\\\/fr\\\/\",\"name\":\"insieme.ch\",\"description\":\"\",\"publisher\":{\"@id\":\"https:\\\/\\\/insieme.ch\\\/fr\\\/#organization\"},\"potentialAction\":[{\"@type\":\"SearchAction\",\"target\":{\"@type\":\"EntryPoint\",\"urlTemplate\":\"https:\\\/\\\/insieme.ch\\\/fr\\\/?s={search_term_string}\"},\"query-input\":{\"@type\":\"PropertyValueSpecification\",\"valueRequired\":true,\"valueName\":\"search_term_string\"}}],\"inLanguage\":\"fr-FR\"},{\"@type\":\"Organization\",\"@id\":\"https:\\\/\\\/insieme.ch\\\/fr\\\/#organization\",\"name\":\"insieme\",\"url\":\"https:\\\/\\\/insieme.ch\\\/fr\\\/\",\"logo\":{\"@type\":\"ImageObject\",\"inLanguage\":\"fr-FR\",\"@id\":\"https:\\\/\\\/insieme.ch\\\/fr\\\/#\\\/schema\\\/logo\\\/image\\\/\",\"url\":\"https:\\\/\\\/insieme.ch\\\/wp-inside\\\/uploads\\\/2021\\\/03\\\/logo-insieme.jpg\",\"contentUrl\":\"https:\\\/\\\/insieme.ch\\\/wp-inside\\\/uploads\\\/2021\\\/03\\\/logo-insieme.jpg\",\"width\":250,\"height\":250,\"caption\":\"insieme\"},\"image\":{\"@id\":\"https:\\\/\\\/insieme.ch\\\/fr\\\/#\\\/schema\\\/logo\\\/image\\\/\"}}]}<\/script>\n<!-- \/ Yoast SEO plugin. -->","yoast_head_json":{"title":"Je g\u00e8re un projet","description":"A quoi faut-il penser pour g\u00e9rer un projet de fa\u00e7on participative\u00a0? Comment concevoir des processus participatifs?","robots":{"index":"noindex","follow":"nofollow"},"og_locale":"fr_FR","og_type":"article","og_title":"Je g\u00e8re un projet","og_description":"A quoi faut-il penser pour g\u00e9rer un projet de fa\u00e7on participative\u00a0? Comment concevoir des processus participatifs?","og_url":"https:\/\/insieme.ch\/fr\/nos-activites\/projets-et-realisations\/la-boite-pour-plus-de-participation-dans-vos-projets\/je-gere-un-projet\/","og_site_name":"insieme.ch","article_modified_time":"2026-04-09T12:28:04+00:00","og_image":[{"width":320,"height":320,"url":"https:\/\/insieme.ch\/wp-inside\/uploads\/2026\/02\/icone_je_gere_projet_ich_leite_projekt.jpg","type":"image\/jpeg"}],"twitter_card":"summary_large_image","twitter_misc":{"Dur\u00e9e de lecture estim\u00e9e":"3 minutes"},"schema":{"@context":"https:\/\/schema.org","@graph":[{"@type":"WebPage","@id":"https:\/\/insieme.ch\/fr\/nos-activites\/projets-et-realisations\/la-boite-pour-plus-de-participation-dans-vos-projets\/je-gere-un-projet\/","url":"https:\/\/insieme.ch\/fr\/nos-activites\/projets-et-realisations\/la-boite-pour-plus-de-participation-dans-vos-projets\/je-gere-un-projet\/","name":"Je g\u00e8re un projet","isPartOf":{"@id":"https:\/\/insieme.ch\/fr\/#website"},"primaryImageOfPage":{"@id":"https:\/\/insieme.ch\/fr\/nos-activites\/projets-et-realisations\/la-boite-pour-plus-de-participation-dans-vos-projets\/je-gere-un-projet\/#primaryimage"},"image":{"@id":"https:\/\/insieme.ch\/fr\/nos-activites\/projets-et-realisations\/la-boite-pour-plus-de-participation-dans-vos-projets\/je-gere-un-projet\/#primaryimage"},"thumbnailUrl":"https:\/\/insieme.ch\/wp-inside\/uploads\/2026\/02\/icone_je_gere_projet_ich_leite_projekt.jpg","datePublished":"2026-01-27T13:29:50+00:00","dateModified":"2026-04-09T12:28:04+00:00","description":"A quoi faut-il penser pour g\u00e9rer un projet de fa\u00e7on participative\u00a0? Comment concevoir des processus participatifs?","breadcrumb":{"@id":"https:\/\/insieme.ch\/fr\/nos-activites\/projets-et-realisations\/la-boite-pour-plus-de-participation-dans-vos-projets\/je-gere-un-projet\/#breadcrumb"},"inLanguage":"fr-FR","potentialAction":[{"@type":"ReadAction","target":["https:\/\/insieme.ch\/fr\/nos-activites\/projets-et-realisations\/la-boite-pour-plus-de-participation-dans-vos-projets\/je-gere-un-projet\/"]}]},{"@type":"ImageObject","inLanguage":"fr-FR","@id":"https:\/\/insieme.ch\/fr\/nos-activites\/projets-et-realisations\/la-boite-pour-plus-de-participation-dans-vos-projets\/je-gere-un-projet\/#primaryimage","url":"https:\/\/insieme.ch\/wp-inside\/uploads\/2026\/02\/icone_je_gere_projet_ich_leite_projekt.jpg","contentUrl":"https:\/\/insieme.ch\/wp-inside\/uploads\/2026\/02\/icone_je_gere_projet_ich_leite_projekt.jpg","width":320,"height":320,"caption":"Un personnage tient des feuilles de papier et sourit"},{"@type":"BreadcrumbList","@id":"https:\/\/insieme.ch\/fr\/nos-activites\/projets-et-realisations\/la-boite-pour-plus-de-participation-dans-vos-projets\/je-gere-un-projet\/#breadcrumb","itemListElement":[{"@type":"ListItem","position":1,"name":"Accueil","item":"https:\/\/insieme.ch\/fr\/"},{"@type":"ListItem","position":2,"name":"Activit\u00e9s","item":"https:\/\/insieme.ch\/fr\/unsere-aktivitaeten\/"},{"@type":"ListItem","position":3,"name":"Projets et r\u00e9alisations","item":"https:\/\/insieme.ch\/fr\/nos-activites\/projets-et-realisations\/"},{"@type":"ListItem","position":4,"name":"La Bo\u00eete","item":"https:\/\/insieme.ch\/fr\/nos-activites\/projets-et-realisations\/la-boite-pour-plus-de-participation-dans-vos-projets\/"},{"@type":"ListItem","position":5,"name":"Je g\u00e8re un projet"}]},{"@type":"WebSite","@id":"https:\/\/insieme.ch\/fr\/#website","url":"https:\/\/insieme.ch\/fr\/","name":"insieme.ch","description":"","publisher":{"@id":"https:\/\/insieme.ch\/fr\/#organization"},"potentialAction":[{"@type":"SearchAction","target":{"@type":"EntryPoint","urlTemplate":"https:\/\/insieme.ch\/fr\/?s={search_term_string}"},"query-input":{"@type":"PropertyValueSpecification","valueRequired":true,"valueName":"search_term_string"}}],"inLanguage":"fr-FR"},{"@type":"Organization","@id":"https:\/\/insieme.ch\/fr\/#organization","name":"insieme","url":"https:\/\/insieme.ch\/fr\/","logo":{"@type":"ImageObject","inLanguage":"fr-FR","@id":"https:\/\/insieme.ch\/fr\/#\/schema\/logo\/image\/","url":"https:\/\/insieme.ch\/wp-inside\/uploads\/2021\/03\/logo-insieme.jpg","contentUrl":"https:\/\/insieme.ch\/wp-inside\/uploads\/2021\/03\/logo-insieme.jpg","width":250,"height":250,"caption":"insieme"},"image":{"@id":"https:\/\/insieme.ch\/fr\/#\/schema\/logo\/image\/"}}]}},"_links":{"self":[{"href":"https:\/\/insieme.ch\/fr\/wp-json\/wp\/v2\/pages\/31995","targetHints":{"allow":["GET"]}}],"collection":[{"href":"https:\/\/insieme.ch\/fr\/wp-json\/wp\/v2\/pages"}],"about":[{"href":"https:\/\/insieme.ch\/fr\/wp-json\/wp\/v2\/types\/page"}],"author":[{"embeddable":true,"href":"https:\/\/insieme.ch\/fr\/wp-json\/wp\/v2\/users\/7"}],"replies":[{"embeddable":true,"href":"https:\/\/insieme.ch\/fr\/wp-json\/wp\/v2\/comments?post=31995"}],"version-history":[{"count":46,"href":"https:\/\/insieme.ch\/fr\/wp-json\/wp\/v2\/pages\/31995\/revisions"}],"predecessor-version":[{"id":34127,"href":"https:\/\/insieme.ch\/fr\/wp-json\/wp\/v2\/pages\/31995\/revisions\/34127"}],"up":[{"embeddable":true,"href":"https:\/\/insieme.ch\/fr\/wp-json\/wp\/v2\/pages\/32545"}],"wp:featuredmedia":[{"embeddable":true,"href":"https:\/\/insieme.ch\/fr\/wp-json\/wp\/v2\/media\/32829"}],"wp:attachment":[{"href":"https:\/\/insieme.ch\/fr\/wp-json\/wp\/v2\/media?parent=31995"}],"curies":[{"name":"wp","href":"https:\/\/api.w.org\/{rel}","templated":true}]}}