{"id":3110,"date":"2021-03-12T12:38:21","date_gmt":"2021-03-12T11:38:21","guid":{"rendered":"https:\/\/insieme.ch\/?page_id=3110"},"modified":"2023-01-30T16:45:38","modified_gmt":"2023-01-30T15:45:38","slug":"au-dela-de-la-mort","status":"publish","type":"page","link":"https:\/\/insieme.ch\/fr\/possibilites-de-dons\/au-dela-de-la-mort\/","title":{"rendered":"Au-del\u00e0 de la mort"},"content":{"rendered":"<p><!-- flzn:zn_pagebanner --><\/p>\n<header id=\"flzn-pagebanner-1\" class=\"zone zn-pagebanner with-bg bg-color\"><span class=\"zone-bg bg-color bgc-yellow-light alignfull\"><\/span><\/p>\n<div class=\"zone-block zn-pagebanner-block alignwide va-center\">\n<div class=\"row zn-pagebanner-row with-txt\">\n<div class=\"columns zn-pagebanner-col-content\">\n<div class=\"columns-inner\">\n<div class=\"zn-pagebanner-content\">\n<div class=\"zn-pagebanner-desc wig-content\">\n<p>Souhaitez-vous que vos valeurs et la vision d\u2019une soci\u00e9t\u00e9 inclusive soient port\u00e9es et poursuivies quand vous ne serez plus l\u00e0? Vous pouvez inclure insieme Suisse dans votre testament par un legs ou un h\u00e9ritage \u2013 un signe vivant de votre engagement et un cadeau pr\u00e9cieux pour les personnes avec handicap. Vous contribuez ainsi \u00e0 garantir de bonnes conditions-cadres pour les personnes avec handicap mental et permettez de favoriser et de garantir leur \u00e9panouissement personnel, leur traitement \u00e9galitaire et leur int\u00e9gration au sein de la soci\u00e9t\u00e9.<\/p>\n<\/p><\/div>\n<\/p><\/div>\n<\/p><\/div>\n<\/p><\/div>\n<\/p><\/div>\n<\/p><\/div>\n<\/header>\n<p><!-- \/flzn:zn_pagebanner --><br \/>\n<!-- flzn:zn_text --><\/p>\n<div id=\"flzn-text-1\" class=\"zone zn-text with-bg bg-color\"><span class=\"zone-bg bg-color bgc-yellow alignfull\"><\/span><\/p>\n<div class=\"zone-block zn-text-block pdd-top pdd-bottom-off alignwide va-top\">\n<div class=\"row mw-content-zone type-style \">\n<div class=\"columns large-12\">\n<div class=\"row with-nice-alignment nbloc-2 va-top\">\n<div class=\"columns large-6 zn-text-col\">\n<div class=\"columns-inner\">\n<div class=\"wig-content mw-content\">\n<h2>Votre soutien est un cadeau pr\u00e9cieux<\/h2>\n<p>Vos proches sont prioritaires. Les membres de la famille ont l\u00e9galement droit \u00e0 une part minimale de la succession. Vous pouvez disposer librement des actifs d\u00e9passant cette part. Assurez-vous que votre h\u00e9ritage soit r\u00e9parti selon votre volont\u00e9 et prenez vos dispositions suffisamment t\u00f4t. Vous pouvez r\u00e9diger vous-m\u00eame le testament \u00e0 la main, en indiquant le lieu et la date et en le signant personnellement. Vous pouvez \u00e9galement le faire \u00e9tablir par un\u00b7e notaire.<\/p>\n<p>L\u2019assistant testamentaire de DeinAdieu\/fr vous permet de cr\u00e9er tr\u00e8s facilement un mod\u00e8le de testament, \u00e9galement en ligne. Vous serez guid\u00e9\u00b7e \u00e0 travers les \u00e9tapes importantes et recevrez \u00e0 la fin un mod\u00e8le individuel \u00e0 recopier \u00e0 la main.<\/p>\n<p><a href=\"https:\/\/app.deinadieu.ch\/testamentgenerator\/ngo\/7668?lang=fr\" target=\"_blank\" rel=\"noopener\">Assistant testamentaire<\/a><\/p>\n<p>&nbsp;<\/p>\n<\/p><\/div>\n<\/p><\/div>\n<\/p><\/div>\n<div class=\"columns large-6 zn-text-col\">\n<div class=\"columns-inner\">\n<div class=\"wig-content mw-content\">\n<h2>Legs<\/h2>\n<p>Par un legs, vous pouvez l\u00e9guer \u00e0 insieme Suisse une somme d\u2019argent ou un objet de valeur de votre succession.<\/p>\n<h2>H\u00e9ritage<\/h2>\n<p>Par un h\u00e9ritage, vous l\u00e9guez une partie de votre succession. Vous pouvez d\u00e9signer insieme Suisse comme h\u00e9riti\u00e8re ou comme h\u00e9riti\u00e8re de substitution. En g\u00e9n\u00e9ral, cette partie de l\u2019h\u00e9ritage est donn\u00e9e en pourcentage. Vous d\u00e9terminez si notre organisation est coh\u00e9riti\u00e8re ou h\u00e9riti\u00e8re unique.<\/p>\n<p>Votre soutien est un cadeau pr\u00e9cieux. Merci de tout c\u0153ur. insieme est \u00e0 disposition en tout temps pour toute autre question concernant la planification de la succession.<\/p>\n<p>&nbsp;<\/p>\n<\/p><\/div>\n<\/p><\/div>\n<\/p><\/div>\n<\/p><\/div>\n<\/p><\/div>\n<\/p><\/div>\n<\/div>\n<\/div>\n<p><!-- \/flzn:zn_text --><br \/>\n<!-- flzn:zn_text --><\/p>\n<div id=\"flzn-text-2\" class=\"zone zn-text with-bg bg-color\"><span class=\"zone-bg bg-color bgc-yellow alignfull\"><\/span><\/p>\n<div class=\"zone-block zn-text-block pdd-top-off pdd-bottom alignwide va-top\">\n<div class=\"row mw-content-zone type-style  widthbig border-blue\">\n<div class=\"columns large-12\">\n<div class=\"row large-up-1 with-nice-alignment nbloc-1\">\n<div class=\"column zn-text-col\">\n<div class=\"column-inner\">\n<div class=\"wig-content mw-content\">\n<h3 style=\"text-align: center;\">Compte de dons insieme:<\/h3>\n<p style=\"text-align: center;\">Compte postal: 25-15000-6<\/p>\n<p style=\"text-align: center;\">IBAN CH: 51 0900 0000 2501 5000 6<\/p>\n<\/p><\/div>\n<\/p><\/div>\n<\/p><\/div>\n<\/p><\/div>\n<\/p><\/div>\n<\/p><\/div>\n<\/div>\n<\/div>\n<p><!-- \/flzn:zn_text --><br \/>\n<!-- flzn:zn_list_member --><\/p>\n<div id=\"flzn-listmember-1\" class=\"zone zn-listmember with-bg bg-color\"><span class=\"zone-bg bg-color bgc-transparent alignfull\"><\/span><\/p>\n<div class=\"zone-block zn-listmember-block alignwide va-top\">\n<div class=\"row\">\n<div class=\"columns large-12\">\n<div class=\"zn-listmember-titlebox\">\n<h2 class=\"zn-listmember-title zone-title\">\n\t\t\t\t\t\tVotre personne de contact\t\t\t\t\t<\/h2>\n<\/p><\/div>\n<div class=\"row blockgrid-center nb-members-1 small-up-2 medium-up-3 large-up-4\" data-equalizer data-equalize-on=\"medium\">\n<div class=\"column zn-listmember-member\">\n<div class=\"zn-listmember-member-box\">\n<figure class=\"zn-listmember-member-figure\">\n\t\t\t\t\t\t\t<img decoding=\"async\" class=\"zn-listmember-member-img rs_preserve\" src=\"https:\/\/insieme.ch\/wp-inside\/uploads\/2021\/03\/tanja-stocker-300x300.jpg\" alt=\"Tanja Stocker\" data-interchange=\"[https:\/\/insieme.ch\/wp-inside\/uploads\/2021\/03\/tanja-stocker-300x300.jpg, small],[https:\/\/insieme.ch\/wp-inside\/uploads\/2021\/03\/tanja-stocker-300x300.jpg, gsmall],[https:\/\/insieme.ch\/wp-inside\/uploads\/2021\/03\/tanja-stocker-300x300.jpg, glarge],\"><figcaption class=\"zn-listmember-member-img-caption show-for-sr\">Tanja Stocker<br \/>\nApril 2019<br \/>\nFoto: \u00a9 Vera Markus<br \/>\nv.markus@bluewin.ch<br \/>\nwww.veramarkus.com *** Local Caption ***<\/figcaption><\/figure>\n<div class=\"zn-listmember-member-infos\">\n<div class=\"rs_preserve rs_skip\" data-equalizer-watch>\n<h3 class=\"zn-listmember-member-name\">\n\t\t\t\t\t\t\t\t\tTanja Male-Stocker\t\t\t\t\t\t\t\t<\/h3>\n<p class=\"zn-listmember-member-fonction\">\n\t\t\t\t\t\t\t\t\tMarketing et recherche de fonds\t\t\t\t\t\t\t\t<\/p>\n<\/p><\/div>\n<p>\t\t\t\t\t\t\t\t\t\t\t\t\t\t\t\t\t\t\t\t\t\t\t\t<button class=\"zn-listmember-member-button rs_preserve\" type=\"button\" data-toggle=\"zn-listmember-dropdown-1-1\">Mehr<\/button><\/p>\n<div class=\"zn-listmember-member-dropdown dropdown-pane rs_preserve\" data-position=\"bottom\" data-alignment=\"center\" id=\"zn-listmember-dropdown-1-1\" data-dropdown data-auto-focus=\"true\">\n<p class=\"zn-listmember-member-desc\">\n\t\t\t\t\t\t\t\t\t\t031 300 50 20\t\t\t\t\t\t\t\t\t<\/p>\n<p class=\"zn-listmember-member-mailbox\">\n\t\t\t\t\t\t\t\t\t\t<a class=\"zn-listmember-member-mail\" href=\"mailto:tstocker@insieme.ch\" title=\"\"><br \/>\n\t\t\t\t\t\t\t\t\t\t\ttstocker@insieme.ch\t\t\t\t\t\t\t\t\t\t<\/a>\n\t\t\t\t\t\t\t\t\t<\/p>\n<\/p><\/div>\n<\/p><\/div>\n<\/p><\/div>\n<\/p><\/div>\n<\/p><\/div>\n<\/p><\/div>\n<\/p><\/div>\n<\/p><\/div>\n<\/div>\n<p><!-- \/flzn:zn_list_member --><br \/>\n<!-- flzn:zn_button --><\/p>\n<div id=\"flzn-button-1\" class=\"zone zn-button with-bg bg-color\"><span class=\"zone-bg bg-color bgc-yellow-light alignfull\"><\/span><\/p>\n<div class=\"zone-block zn-button-block alignfull va-top text-center\">\n<div class=\"zn-button-bgbox block-alignfull oneblock\">\n<div class=\"zn-button-bgbox-bg rs_preserve\" ><\/div>\n<\/p><\/div>\n<div class=\"zn-button-list row small-up-1 medium-up-1 nb-bloc-1  alignfull va-top text-center oneblock\" data-equalizer data-equalize-on=\"large\">\n<div class=\"zn-button-bloc column\" data-equalizer-watch>\n<div class=\"column-inner\">\n<div class=\"zn-button-innerbox\">\n<div class=\"zn-button-bloc-titledesc\">\n<h2 class=\"zn-button-bloc-title h2 zone-title titleline\">\n\t\t\t\t\t\t\t\t\t\tSouhaitez-vous en savoir davantage au sujet d\u2019insieme Suisse, de son engagement et de ses projets ?\t\t\t\t\t\t\t\t\t<\/h2>\n<\/p><\/div>\n<div class=\"zn-button-buttons-box\">\n<p>\t\t\t\t\t\t\t\t\t\t\t\t\t\t\t\t\t\t\t\t\t\t\t\t\t\t\t<a class=\"button secondary\" href=\"https:\/\/insieme.ch\/fr\/a-propos\/\" title=\"A propos\"><\/p>\n<p>\t\t\t\t\t\t\t\t\t\t\t\t\t\t\t\t\t\t\t\t\t\t\t\t\t\t\t\t\t\t\t\tInformations suppl\u00e9mentaires et rapport annuel d\u2019insieme \t\t\t\t\t\t\t\t\t\t\t\t\t\t\t\t\t\t\t<\/a>\n\t\t\t\t\t\t\t\t\t\t\t\t\t\t\t\t\t\t\t\t\t<\/div>\n<\/p><\/div>\n<\/p><\/div>\n<\/p><\/div>\n<\/p><\/div>\n<\/div>\n<\/div>\n<p><!-- \/flzn:zn_button --><\/p>\n","protected":false},"excerpt":{"rendered":"<p>Vous souhaitez que la vision d\u2019une soci\u00e9t\u00e9 inclusive se poursuive au-del\u00e0 de votre propre vie: incluez insieme Suisse dans votre testament.<\/p>\n","protected":false},"author":7,"featured_media":3120,"parent":3094,"menu_order":16,"comment_status":"closed","ping_status":"closed","template":"","meta":{"_acf_changed":false,"footnotes":""},"class_list":["post-3110","page","type-page","status-publish","has-post-thumbnail","hentry","wp-sticky"],"acf":[],"yoast_head":"<!-- This site is optimized with the Yoast SEO plugin v27.4 - https:\/\/yoast.com\/product\/yoast-seo-wordpress\/ -->\n<title>Legs &amp; h\u00e9ritage association handicap mental Suisse<\/title>\n<meta name=\"robots\" content=\"index, follow, max-snippet:-1, max-image-preview:large, max-video-preview:-1\" \/>\n<link rel=\"canonical\" href=\"https:\/\/insieme.ch\/fr\/possibilites-de-dons\/au-dela-de-la-mort\/\" \/>\n<meta property=\"og:locale\" content=\"fr_FR\" \/>\n<meta property=\"og:type\" content=\"article\" \/>\n<meta property=\"og:title\" content=\"Legs &amp; h\u00e9ritage association handicap mental Suisse\" \/>\n<meta property=\"og:description\" content=\"Vous souhaitez que la vision d\u2019une soci\u00e9t\u00e9 inclusive se poursuive au-del\u00e0 de votre propre vie: incluez insieme Suisse dans votre testament.\" \/>\n<meta property=\"og:url\" content=\"https:\/\/insieme.ch\/fr\/possibilites-de-dons\/au-dela-de-la-mort\/\" \/>\n<meta property=\"og:site_name\" content=\"insieme.ch\" \/>\n<meta property=\"article:modified_time\" content=\"2023-01-30T15:45:38+00:00\" \/>\n<meta property=\"og:image\" content=\"https:\/\/insieme.ch\/wp-inside\/uploads\/2021\/03\/don-deces.jpg\" \/>\n\t<meta property=\"og:image:width\" content=\"1500\" \/>\n\t<meta property=\"og:image:height\" content=\"987\" \/>\n\t<meta property=\"og:image:type\" content=\"image\/jpeg\" \/>\n<meta name=\"twitter:card\" content=\"summary_large_image\" \/>\n<meta name=\"twitter:label1\" content=\"Dur\u00e9e de lecture estim\u00e9e\" \/>\n\t<meta name=\"twitter:data1\" content=\"2 minutes\" \/>\n<script type=\"application\/ld+json\" class=\"yoast-schema-graph\">{\"@context\":\"https:\\\/\\\/schema.org\",\"@graph\":[{\"@type\":\"WebPage\",\"@id\":\"https:\\\/\\\/insieme.ch\\\/fr\\\/possibilites-de-dons\\\/au-dela-de-la-mort\\\/\",\"url\":\"https:\\\/\\\/insieme.ch\\\/fr\\\/possibilites-de-dons\\\/au-dela-de-la-mort\\\/\",\"name\":\"Legs & h\u00e9ritage association handicap mental Suisse\",\"isPartOf\":{\"@id\":\"https:\\\/\\\/insieme.ch\\\/fr\\\/#website\"},\"primaryImageOfPage\":{\"@id\":\"https:\\\/\\\/insieme.ch\\\/fr\\\/possibilites-de-dons\\\/au-dela-de-la-mort\\\/#primaryimage\"},\"image\":{\"@id\":\"https:\\\/\\\/insieme.ch\\\/fr\\\/possibilites-de-dons\\\/au-dela-de-la-mort\\\/#primaryimage\"},\"thumbnailUrl\":\"https:\\\/\\\/insieme.ch\\\/wp-inside\\\/uploads\\\/2021\\\/03\\\/don-deces.jpg\",\"datePublished\":\"2021-03-12T11:38:21+00:00\",\"dateModified\":\"2023-01-30T15:45:38+00:00\",\"breadcrumb\":{\"@id\":\"https:\\\/\\\/insieme.ch\\\/fr\\\/possibilites-de-dons\\\/au-dela-de-la-mort\\\/#breadcrumb\"},\"inLanguage\":\"fr-FR\",\"potentialAction\":[{\"@type\":\"ReadAction\",\"target\":[\"https:\\\/\\\/insieme.ch\\\/fr\\\/possibilites-de-dons\\\/au-dela-de-la-mort\\\/\"]}]},{\"@type\":\"ImageObject\",\"inLanguage\":\"fr-FR\",\"@id\":\"https:\\\/\\\/insieme.ch\\\/fr\\\/possibilites-de-dons\\\/au-dela-de-la-mort\\\/#primaryimage\",\"url\":\"https:\\\/\\\/insieme.ch\\\/wp-inside\\\/uploads\\\/2021\\\/03\\\/don-deces.jpg\",\"contentUrl\":\"https:\\\/\\\/insieme.ch\\\/wp-inside\\\/uploads\\\/2021\\\/03\\\/don-deces.jpg\",\"width\":1500,\"height\":987,\"caption\":\"Votre soutien est un cadeau pr\u00e9cieux.\"},{\"@type\":\"BreadcrumbList\",\"@id\":\"https:\\\/\\\/insieme.ch\\\/fr\\\/possibilites-de-dons\\\/au-dela-de-la-mort\\\/#breadcrumb\",\"itemListElement\":[{\"@type\":\"ListItem\",\"position\":1,\"name\":\"Accueil\",\"item\":\"https:\\\/\\\/insieme.ch\\\/fr\\\/\"},{\"@type\":\"ListItem\",\"position\":2,\"name\":\"Possibilit\u00e9s de dons\",\"item\":\"https:\\\/\\\/insieme.ch\\\/fr\\\/spendenmoeglichkeiten\\\/\"},{\"@type\":\"ListItem\",\"position\":3,\"name\":\"Au-del\u00e0 de la mort\"}]},{\"@type\":\"WebSite\",\"@id\":\"https:\\\/\\\/insieme.ch\\\/fr\\\/#website\",\"url\":\"https:\\\/\\\/insieme.ch\\\/fr\\\/\",\"name\":\"insieme.ch\",\"description\":\"\",\"publisher\":{\"@id\":\"https:\\\/\\\/insieme.ch\\\/fr\\\/#organization\"},\"potentialAction\":[{\"@type\":\"SearchAction\",\"target\":{\"@type\":\"EntryPoint\",\"urlTemplate\":\"https:\\\/\\\/insieme.ch\\\/fr\\\/?s={search_term_string}\"},\"query-input\":{\"@type\":\"PropertyValueSpecification\",\"valueRequired\":true,\"valueName\":\"search_term_string\"}}],\"inLanguage\":\"fr-FR\"},{\"@type\":\"Organization\",\"@id\":\"https:\\\/\\\/insieme.ch\\\/fr\\\/#organization\",\"name\":\"insieme\",\"url\":\"https:\\\/\\\/insieme.ch\\\/fr\\\/\",\"logo\":{\"@type\":\"ImageObject\",\"inLanguage\":\"fr-FR\",\"@id\":\"https:\\\/\\\/insieme.ch\\\/fr\\\/#\\\/schema\\\/logo\\\/image\\\/\",\"url\":\"https:\\\/\\\/insieme.ch\\\/wp-inside\\\/uploads\\\/2021\\\/03\\\/logo-insieme.jpg\",\"contentUrl\":\"https:\\\/\\\/insieme.ch\\\/wp-inside\\\/uploads\\\/2021\\\/03\\\/logo-insieme.jpg\",\"width\":250,\"height\":250,\"caption\":\"insieme\"},\"image\":{\"@id\":\"https:\\\/\\\/insieme.ch\\\/fr\\\/#\\\/schema\\\/logo\\\/image\\\/\"}}]}<\/script>\n<!-- \/ Yoast SEO plugin. -->","yoast_head_json":{"title":"Legs & h\u00e9ritage association handicap mental Suisse","robots":{"index":"index","follow":"follow","max-snippet":"max-snippet:-1","max-image-preview":"max-image-preview:large","max-video-preview":"max-video-preview:-1"},"canonical":"https:\/\/insieme.ch\/fr\/possibilites-de-dons\/au-dela-de-la-mort\/","og_locale":"fr_FR","og_type":"article","og_title":"Legs & h\u00e9ritage association handicap mental Suisse","og_description":"Vous souhaitez que la vision d\u2019une soci\u00e9t\u00e9 inclusive se poursuive au-del\u00e0 de votre propre vie: incluez insieme Suisse dans votre testament.","og_url":"https:\/\/insieme.ch\/fr\/possibilites-de-dons\/au-dela-de-la-mort\/","og_site_name":"insieme.ch","article_modified_time":"2023-01-30T15:45:38+00:00","og_image":[{"width":1500,"height":987,"url":"https:\/\/insieme.ch\/wp-inside\/uploads\/2021\/03\/don-deces.jpg","type":"image\/jpeg"}],"twitter_card":"summary_large_image","twitter_misc":{"Dur\u00e9e de lecture estim\u00e9e":"2 minutes"},"schema":{"@context":"https:\/\/schema.org","@graph":[{"@type":"WebPage","@id":"https:\/\/insieme.ch\/fr\/possibilites-de-dons\/au-dela-de-la-mort\/","url":"https:\/\/insieme.ch\/fr\/possibilites-de-dons\/au-dela-de-la-mort\/","name":"Legs & h\u00e9ritage association handicap mental Suisse","isPartOf":{"@id":"https:\/\/insieme.ch\/fr\/#website"},"primaryImageOfPage":{"@id":"https:\/\/insieme.ch\/fr\/possibilites-de-dons\/au-dela-de-la-mort\/#primaryimage"},"image":{"@id":"https:\/\/insieme.ch\/fr\/possibilites-de-dons\/au-dela-de-la-mort\/#primaryimage"},"thumbnailUrl":"https:\/\/insieme.ch\/wp-inside\/uploads\/2021\/03\/don-deces.jpg","datePublished":"2021-03-12T11:38:21+00:00","dateModified":"2023-01-30T15:45:38+00:00","breadcrumb":{"@id":"https:\/\/insieme.ch\/fr\/possibilites-de-dons\/au-dela-de-la-mort\/#breadcrumb"},"inLanguage":"fr-FR","potentialAction":[{"@type":"ReadAction","target":["https:\/\/insieme.ch\/fr\/possibilites-de-dons\/au-dela-de-la-mort\/"]}]},{"@type":"ImageObject","inLanguage":"fr-FR","@id":"https:\/\/insieme.ch\/fr\/possibilites-de-dons\/au-dela-de-la-mort\/#primaryimage","url":"https:\/\/insieme.ch\/wp-inside\/uploads\/2021\/03\/don-deces.jpg","contentUrl":"https:\/\/insieme.ch\/wp-inside\/uploads\/2021\/03\/don-deces.jpg","width":1500,"height":987,"caption":"Votre soutien est un cadeau pr\u00e9cieux."},{"@type":"BreadcrumbList","@id":"https:\/\/insieme.ch\/fr\/possibilites-de-dons\/au-dela-de-la-mort\/#breadcrumb","itemListElement":[{"@type":"ListItem","position":1,"name":"Accueil","item":"https:\/\/insieme.ch\/fr\/"},{"@type":"ListItem","position":2,"name":"Possibilit\u00e9s de dons","item":"https:\/\/insieme.ch\/fr\/spendenmoeglichkeiten\/"},{"@type":"ListItem","position":3,"name":"Au-del\u00e0 de la mort"}]},{"@type":"WebSite","@id":"https:\/\/insieme.ch\/fr\/#website","url":"https:\/\/insieme.ch\/fr\/","name":"insieme.ch","description":"","publisher":{"@id":"https:\/\/insieme.ch\/fr\/#organization"},"potentialAction":[{"@type":"SearchAction","target":{"@type":"EntryPoint","urlTemplate":"https:\/\/insieme.ch\/fr\/?s={search_term_string}"},"query-input":{"@type":"PropertyValueSpecification","valueRequired":true,"valueName":"search_term_string"}}],"inLanguage":"fr-FR"},{"@type":"Organization","@id":"https:\/\/insieme.ch\/fr\/#organization","name":"insieme","url":"https:\/\/insieme.ch\/fr\/","logo":{"@type":"ImageObject","inLanguage":"fr-FR","@id":"https:\/\/insieme.ch\/fr\/#\/schema\/logo\/image\/","url":"https:\/\/insieme.ch\/wp-inside\/uploads\/2021\/03\/logo-insieme.jpg","contentUrl":"https:\/\/insieme.ch\/wp-inside\/uploads\/2021\/03\/logo-insieme.jpg","width":250,"height":250,"caption":"insieme"},"image":{"@id":"https:\/\/insieme.ch\/fr\/#\/schema\/logo\/image\/"}}]}},"_links":{"self":[{"href":"https:\/\/insieme.ch\/fr\/wp-json\/wp\/v2\/pages\/3110","targetHints":{"allow":["GET"]}}],"collection":[{"href":"https:\/\/insieme.ch\/fr\/wp-json\/wp\/v2\/pages"}],"about":[{"href":"https:\/\/insieme.ch\/fr\/wp-json\/wp\/v2\/types\/page"}],"author":[{"embeddable":true,"href":"https:\/\/insieme.ch\/fr\/wp-json\/wp\/v2\/users\/7"}],"replies":[{"embeddable":true,"href":"https:\/\/insieme.ch\/fr\/wp-json\/wp\/v2\/comments?post=3110"}],"version-history":[{"count":8,"href":"https:\/\/insieme.ch\/fr\/wp-json\/wp\/v2\/pages\/3110\/revisions"}],"predecessor-version":[{"id":18117,"href":"https:\/\/insieme.ch\/fr\/wp-json\/wp\/v2\/pages\/3110\/revisions\/18117"}],"up":[{"embeddable":true,"href":"https:\/\/insieme.ch\/fr\/wp-json\/wp\/v2\/pages\/3094"}],"wp:featuredmedia":[{"embeddable":true,"href":"https:\/\/insieme.ch\/fr\/wp-json\/wp\/v2\/media\/3120"}],"wp:attachment":[{"href":"https:\/\/insieme.ch\/fr\/wp-json\/wp\/v2\/media?parent=3110"}],"curies":[{"name":"wp","href":"https:\/\/api.w.org\/{rel}","templated":true}]}}