{"id":3097,"date":"2021-03-12T12:09:18","date_gmt":"2021-03-12T11:09:18","guid":{"rendered":"https:\/\/insieme.ch\/?page_id=3097"},"modified":"2021-07-07T09:30:12","modified_gmt":"2021-07-07T07:30:12","slug":"don-dentreprise","status":"publish","type":"page","link":"https:\/\/insieme.ch\/fr\/possibilites-de-dons\/don-dentreprise\/","title":{"rendered":"Don d&#8217;entreprise"},"content":{"rendered":"<p><!-- flzn:zn_pagebanner --><\/p>\n<header id=\"flzn-pagebanner-1\" class=\"zone zn-pagebanner with-bg bg-color\"><span class=\"zone-bg bg-color bgc-yellow-light alignfull\"><\/span><\/p>\n<div class=\"zone-block zn-pagebanner-block alignwide va-center\"><\/div>\n<\/header>\n<p><!-- \/flzn:zn_pagebanner --><br \/>\n<!-- flzn:zn_text --><\/p>\n<div id=\"flzn-text-1\" class=\"zone zn-text with-bg bg-color\"><span class=\"zone-bg bg-color bgc-yellow alignfull\"><\/span><\/p>\n<div class=\"zone-block zn-text-block alignwide va-top\">\n<div class=\"row mw-content-zone type-style \">\n<div class=\"columns large-12\">\n<div class=\"row large-up-1 with-nice-alignment nbloc-1\">\n<div class=\"column zn-text-col\">\n<div class=\"column-inner\">\n<div class=\"wig-content mw-content\">\n<h2>Responsabilit\u00e9 sociale<\/h2>\n<p>Une campagne de dons en partenariat avec une ONG peut cr\u00e9er une incitation suppl\u00e9mentaire pour vos client\u00b7e\u00b7s et montrer votre responsabilit\u00e9 sociale. Comme partenaire promotionnel, insieme Suisse d\u00e9veloppe volontiers avec vous des id\u00e9es et opportunit\u00e9s.<\/p>\n<p>insieme Suisse vous conseille volontiers pour un don d\u2019entreprise et met \u00e0 votre disposition donn\u00e9es et mat\u00e9riel. Les dons importants sont mis en \u00e9vidence dans le rapport annuel d\u2019insieme. Merci d\u2019apporter une contribution majeure \u00e0 l\u2019inclusion&#160;!<\/p>\n<\/p><\/div>\n<\/p><\/div>\n<\/p><\/div>\n<\/p><\/div>\n<\/p><\/div>\n<\/p><\/div>\n<\/div>\n<\/div>\n<p><!-- \/flzn:zn_text --><br \/>\n<!-- flzn:zn_text --><\/p>\n<div id=\"flzn-text-2\" class=\"zone zn-text with-bg bg-color\"><span class=\"zone-bg bg-color bgc-yellow alignfull\"><\/span><\/p>\n<div class=\"zone-block zn-text-block pdd-top-big pdd-bottom alignwide va-top\">\n<div class=\"row mw-content-zone type-style  widthbig border-blue\">\n<div class=\"columns large-12\">\n<div class=\"row large-up-1 with-nice-alignment nbloc-1\">\n<div class=\"column zn-text-col\">\n<div class=\"column-inner\">\n<div class=\"wig-content mw-content\">\n<h3 style=\"text-align: center;\">Compte de dons insieme<\/h3>\n<p style=\"text-align: center;\">Compte postal&#160;: 25-15000-6<\/p>\n<p style=\"text-align: center;\">IBAN CH&#160;: 51 0900 0000 2501 5000 6<\/p>\n<\/p><\/div>\n<\/p><\/div>\n<\/p><\/div>\n<\/p><\/div>\n<\/p><\/div>\n<\/p><\/div>\n<\/div>\n<\/div>\n<p><!-- \/flzn:zn_text --><br \/>\n<!-- flzn:zn_list_member --><\/p>\n<div id=\"flzn-listmember-1\" class=\"zone zn-listmember with-bg bg-color\"><span class=\"zone-bg bg-color bgc-transparent alignfull\"><\/span><\/p>\n<div class=\"zone-block zn-listmember-block alignwide va-top\">\n<div class=\"row\">\n<div class=\"columns large-12\">\n<div class=\"zn-listmember-titlebox\">\n<h2 class=\"zn-listmember-title zone-title\">\n\t\t\t\t\t\tVotre personne de contact\t\t\t\t\t<\/h2>\n<\/p><\/div>\n<div class=\"row blockgrid-center nb-members-1 small-up-2 medium-up-3 large-up-4\" data-equalizer data-equalize-on=\"medium\">\n<div class=\"column zn-listmember-member\">\n<div class=\"zn-listmember-member-box\">\n<figure class=\"zn-listmember-member-figure\">\n\t\t\t\t\t\t\t<img decoding=\"async\" class=\"zn-listmember-member-img rs_preserve\" src=\"https:\/\/insieme.ch\/wp-inside\/uploads\/2021\/03\/tanja-stocker-300x300.jpg\" alt=\"Tanja Stocker\" data-interchange=\"[https:\/\/insieme.ch\/wp-inside\/uploads\/2021\/03\/tanja-stocker-300x300.jpg, small],[https:\/\/insieme.ch\/wp-inside\/uploads\/2021\/03\/tanja-stocker-300x300.jpg, gsmall],[https:\/\/insieme.ch\/wp-inside\/uploads\/2021\/03\/tanja-stocker-300x300.jpg, glarge],\"><figcaption class=\"zn-listmember-member-img-caption show-for-sr\">Tanja Stocker<br \/>\nApril 2019<br \/>\nFoto: \u00a9 Vera Markus<br \/>\nv.markus@bluewin.ch<br \/>\nwww.veramarkus.com *** Local Caption ***<\/figcaption><\/figure>\n<div class=\"zn-listmember-member-infos\">\n<div class=\"rs_preserve rs_skip\" data-equalizer-watch>\n<h3 class=\"zn-listmember-member-name\">\n\t\t\t\t\t\t\t\t\tTanja Male-Stocker\t\t\t\t\t\t\t\t<\/h3>\n<p class=\"zn-listmember-member-fonction\">\n\t\t\t\t\t\t\t\t\tMarketing et recherche de fonds\t\t\t\t\t\t\t\t<\/p>\n<\/p><\/div>\n<p>\t\t\t\t\t\t\t\t\t\t\t\t\t\t\t\t\t\t\t\t\t\t\t\t<button class=\"zn-listmember-member-button rs_preserve\" type=\"button\" data-toggle=\"zn-listmember-dropdown-1-1\">Mehr<\/button><\/p>\n<div class=\"zn-listmember-member-dropdown dropdown-pane rs_preserve\" data-position=\"bottom\" data-alignment=\"center\" id=\"zn-listmember-dropdown-1-1\" data-dropdown data-auto-focus=\"true\">\n<p class=\"zn-listmember-member-desc\">\n\t\t\t\t\t\t\t\t\t\t031 300 50 20\t\t\t\t\t\t\t\t\t<\/p>\n<p class=\"zn-listmember-member-mailbox\">\n\t\t\t\t\t\t\t\t\t\t<a class=\"zn-listmember-member-mail\" href=\"mailto:tstocker@insieme.ch\" title=\"\"><br \/>\n\t\t\t\t\t\t\t\t\t\t\ttstocker@insieme.ch\t\t\t\t\t\t\t\t\t\t<\/a>\n\t\t\t\t\t\t\t\t\t<\/p>\n<\/p><\/div>\n<\/p><\/div>\n<\/p><\/div>\n<\/p><\/div>\n<\/p><\/div>\n<\/p><\/div>\n<\/p><\/div>\n<\/p><\/div>\n<\/div>\n<p><!-- \/flzn:zn_list_member --><br \/>\n<!-- flzn:zn_button --><\/p>\n<div id=\"flzn-button-1\" class=\"zone zn-button with-bg bg-color\"><span class=\"zone-bg bg-color bgc-yellow-light alignfull\"><\/span><\/p>\n<div class=\"zone-block zn-button-block alignfull va-top text-center\">\n<div class=\"zn-button-bgbox block-alignfull oneblock\">\n<div class=\"zn-button-bgbox-bg rs_preserve\" ><\/div>\n<\/p><\/div>\n<div class=\"zn-button-list row small-up-1 medium-up-1 nb-bloc-1  alignfull va-top text-center oneblock\" data-equalizer data-equalize-on=\"large\">\n<div class=\"zn-button-bloc column\" data-equalizer-watch>\n<div class=\"column-inner\">\n<div class=\"zn-button-innerbox\">\n<div class=\"zn-button-bloc-titledesc\">\n<h2 class=\"zn-button-bloc-title h2 zone-title titleline\">\n\t\t\t\t\t\t\t\t\t\tSouhaitez-vous en savoir davantage au sujet d\u2019insieme Suisse, de son engagement et de ses projets&#160;?\t\t\t\t\t\t\t\t\t<\/h2>\n<\/p><\/div>\n<div class=\"zn-button-buttons-box\">\n<p>\t\t\t\t\t\t\t\t\t\t\t\t\t\t\t\t\t\t\t\t\t\t\t\t\t\t\t<a class=\"button secondary\" href=\"https:\/\/insieme.ch\/fr\/a-propos\/\" title=\"A propos\"><\/p>\n<p>\t\t\t\t\t\t\t\t\t\t\t\t\t\t\t\t\t\t\t\t\t\t\t\t\t\t\t\t\t\t\t\tInformations suppl\u00e9mentaires et rapport annuel d\u2019insieme\t\t\t\t\t\t\t\t\t\t\t\t\t\t\t\t\t\t\t<\/a>\n\t\t\t\t\t\t\t\t\t\t\t\t\t\t\t\t\t\t\t\t\t<\/div>\n<\/p><\/div>\n<\/p><\/div>\n<\/p><\/div>\n<\/p><\/div>\n<\/div>\n<\/div>\n<p><!-- \/flzn:zn_button --><\/p>\n","protected":false},"excerpt":{"rendered":"<p>En tant qu\u2019entreprise, montrez un exemple fort de responsabilit\u00e9 sociale: partagez votre succ\u00e8s \u00e9conomique avec les personnes en situation de handicap mental.<\/p>\n","protected":false},"author":7,"featured_media":3103,"parent":3094,"menu_order":5,"comment_status":"closed","ping_status":"closed","template":"","meta":{"_acf_changed":false,"footnotes":""},"class_list":["post-3097","page","type-page","status-publish","has-post-thumbnail","hentry","wp-sticky"],"acf":[],"yoast_head":"<!-- This site is optimized with the Yoast SEO plugin v27.4 - https:\/\/yoast.com\/product\/yoast-seo-wordpress\/ -->\n<title>Don d&#039;entreprise \u00e0 une association en Suisse (handicap mental)<\/title>\n<meta name=\"robots\" content=\"index, follow, max-snippet:-1, max-image-preview:large, max-video-preview:-1\" \/>\n<link rel=\"canonical\" href=\"https:\/\/insieme.ch\/fr\/possibilites-de-dons\/don-dentreprise\/\" \/>\n<meta property=\"og:locale\" content=\"fr_FR\" \/>\n<meta property=\"og:type\" content=\"article\" \/>\n<meta property=\"og:title\" content=\"Don d&#039;entreprise \u00e0 une association en Suisse (handicap mental)\" \/>\n<meta property=\"og:description\" content=\"En tant qu\u2019entreprise, montrez un exemple fort de responsabilit\u00e9 sociale: partagez votre succ\u00e8s \u00e9conomique avec les personnes en situation de handicap mental.\" \/>\n<meta property=\"og:url\" content=\"https:\/\/insieme.ch\/fr\/possibilites-de-dons\/don-dentreprise\/\" \/>\n<meta property=\"og:site_name\" content=\"insieme.ch\" \/>\n<meta property=\"article:modified_time\" content=\"2021-07-07T07:30:12+00:00\" \/>\n<meta property=\"og:image\" content=\"https:\/\/insieme.ch\/wp-inside\/uploads\/2021\/03\/don-entreprise-1.jpg\" \/>\n\t<meta property=\"og:image:width\" content=\"1500\" \/>\n\t<meta property=\"og:image:height\" content=\"1000\" \/>\n\t<meta property=\"og:image:type\" content=\"image\/jpeg\" \/>\n<meta name=\"twitter:card\" content=\"summary_large_image\" \/>\n<meta name=\"twitter:label1\" content=\"Dur\u00e9e de lecture estim\u00e9e\" \/>\n\t<meta name=\"twitter:data1\" content=\"1 minute\" \/>\n<script type=\"application\/ld+json\" class=\"yoast-schema-graph\">{\"@context\":\"https:\\\/\\\/schema.org\",\"@graph\":[{\"@type\":\"WebPage\",\"@id\":\"https:\\\/\\\/insieme.ch\\\/fr\\\/possibilites-de-dons\\\/don-dentreprise\\\/\",\"url\":\"https:\\\/\\\/insieme.ch\\\/fr\\\/possibilites-de-dons\\\/don-dentreprise\\\/\",\"name\":\"Don d'entreprise \u00e0 une association en Suisse (handicap mental)\",\"isPartOf\":{\"@id\":\"https:\\\/\\\/insieme.ch\\\/fr\\\/#website\"},\"primaryImageOfPage\":{\"@id\":\"https:\\\/\\\/insieme.ch\\\/fr\\\/possibilites-de-dons\\\/don-dentreprise\\\/#primaryimage\"},\"image\":{\"@id\":\"https:\\\/\\\/insieme.ch\\\/fr\\\/possibilites-de-dons\\\/don-dentreprise\\\/#primaryimage\"},\"thumbnailUrl\":\"https:\\\/\\\/insieme.ch\\\/wp-inside\\\/uploads\\\/2021\\\/03\\\/don-entreprise-1.jpg\",\"datePublished\":\"2021-03-12T11:09:18+00:00\",\"dateModified\":\"2021-07-07T07:30:12+00:00\",\"breadcrumb\":{\"@id\":\"https:\\\/\\\/insieme.ch\\\/fr\\\/possibilites-de-dons\\\/don-dentreprise\\\/#breadcrumb\"},\"inLanguage\":\"fr-FR\",\"potentialAction\":[{\"@type\":\"ReadAction\",\"target\":[\"https:\\\/\\\/insieme.ch\\\/fr\\\/possibilites-de-dons\\\/don-dentreprise\\\/\"]}]},{\"@type\":\"ImageObject\",\"inLanguage\":\"fr-FR\",\"@id\":\"https:\\\/\\\/insieme.ch\\\/fr\\\/possibilites-de-dons\\\/don-dentreprise\\\/#primaryimage\",\"url\":\"https:\\\/\\\/insieme.ch\\\/wp-inside\\\/uploads\\\/2021\\\/03\\\/don-entreprise-1.jpg\",\"contentUrl\":\"https:\\\/\\\/insieme.ch\\\/wp-inside\\\/uploads\\\/2021\\\/03\\\/don-entreprise-1.jpg\",\"width\":1500,\"height\":1000,\"caption\":\"Un jeune gar\u00e7on vivant avec une trisomie 21 joue dehors\"},{\"@type\":\"BreadcrumbList\",\"@id\":\"https:\\\/\\\/insieme.ch\\\/fr\\\/possibilites-de-dons\\\/don-dentreprise\\\/#breadcrumb\",\"itemListElement\":[{\"@type\":\"ListItem\",\"position\":1,\"name\":\"Accueil\",\"item\":\"https:\\\/\\\/insieme.ch\\\/fr\\\/\"},{\"@type\":\"ListItem\",\"position\":2,\"name\":\"Possibilit\u00e9s de dons\",\"item\":\"https:\\\/\\\/insieme.ch\\\/fr\\\/spendenmoeglichkeiten\\\/\"},{\"@type\":\"ListItem\",\"position\":3,\"name\":\"Don d&rsquo;entreprise\"}]},{\"@type\":\"WebSite\",\"@id\":\"https:\\\/\\\/insieme.ch\\\/fr\\\/#website\",\"url\":\"https:\\\/\\\/insieme.ch\\\/fr\\\/\",\"name\":\"insieme.ch\",\"description\":\"\",\"publisher\":{\"@id\":\"https:\\\/\\\/insieme.ch\\\/fr\\\/#organization\"},\"potentialAction\":[{\"@type\":\"SearchAction\",\"target\":{\"@type\":\"EntryPoint\",\"urlTemplate\":\"https:\\\/\\\/insieme.ch\\\/fr\\\/?s={search_term_string}\"},\"query-input\":{\"@type\":\"PropertyValueSpecification\",\"valueRequired\":true,\"valueName\":\"search_term_string\"}}],\"inLanguage\":\"fr-FR\"},{\"@type\":\"Organization\",\"@id\":\"https:\\\/\\\/insieme.ch\\\/fr\\\/#organization\",\"name\":\"insieme\",\"url\":\"https:\\\/\\\/insieme.ch\\\/fr\\\/\",\"logo\":{\"@type\":\"ImageObject\",\"inLanguage\":\"fr-FR\",\"@id\":\"https:\\\/\\\/insieme.ch\\\/fr\\\/#\\\/schema\\\/logo\\\/image\\\/\",\"url\":\"https:\\\/\\\/insieme.ch\\\/wp-inside\\\/uploads\\\/2021\\\/03\\\/logo-insieme.jpg\",\"contentUrl\":\"https:\\\/\\\/insieme.ch\\\/wp-inside\\\/uploads\\\/2021\\\/03\\\/logo-insieme.jpg\",\"width\":250,\"height\":250,\"caption\":\"insieme\"},\"image\":{\"@id\":\"https:\\\/\\\/insieme.ch\\\/fr\\\/#\\\/schema\\\/logo\\\/image\\\/\"}}]}<\/script>\n<!-- \/ Yoast SEO plugin. -->","yoast_head_json":{"title":"Don d'entreprise \u00e0 une association en Suisse (handicap mental)","robots":{"index":"index","follow":"follow","max-snippet":"max-snippet:-1","max-image-preview":"max-image-preview:large","max-video-preview":"max-video-preview:-1"},"canonical":"https:\/\/insieme.ch\/fr\/possibilites-de-dons\/don-dentreprise\/","og_locale":"fr_FR","og_type":"article","og_title":"Don d'entreprise \u00e0 une association en Suisse (handicap mental)","og_description":"En tant qu\u2019entreprise, montrez un exemple fort de responsabilit\u00e9 sociale: partagez votre succ\u00e8s \u00e9conomique avec les personnes en situation de handicap mental.","og_url":"https:\/\/insieme.ch\/fr\/possibilites-de-dons\/don-dentreprise\/","og_site_name":"insieme.ch","article_modified_time":"2021-07-07T07:30:12+00:00","og_image":[{"width":1500,"height":1000,"url":"https:\/\/insieme.ch\/wp-inside\/uploads\/2021\/03\/don-entreprise-1.jpg","type":"image\/jpeg"}],"twitter_card":"summary_large_image","twitter_misc":{"Dur\u00e9e de lecture estim\u00e9e":"1 minute"},"schema":{"@context":"https:\/\/schema.org","@graph":[{"@type":"WebPage","@id":"https:\/\/insieme.ch\/fr\/possibilites-de-dons\/don-dentreprise\/","url":"https:\/\/insieme.ch\/fr\/possibilites-de-dons\/don-dentreprise\/","name":"Don d'entreprise \u00e0 une association en Suisse (handicap mental)","isPartOf":{"@id":"https:\/\/insieme.ch\/fr\/#website"},"primaryImageOfPage":{"@id":"https:\/\/insieme.ch\/fr\/possibilites-de-dons\/don-dentreprise\/#primaryimage"},"image":{"@id":"https:\/\/insieme.ch\/fr\/possibilites-de-dons\/don-dentreprise\/#primaryimage"},"thumbnailUrl":"https:\/\/insieme.ch\/wp-inside\/uploads\/2021\/03\/don-entreprise-1.jpg","datePublished":"2021-03-12T11:09:18+00:00","dateModified":"2021-07-07T07:30:12+00:00","breadcrumb":{"@id":"https:\/\/insieme.ch\/fr\/possibilites-de-dons\/don-dentreprise\/#breadcrumb"},"inLanguage":"fr-FR","potentialAction":[{"@type":"ReadAction","target":["https:\/\/insieme.ch\/fr\/possibilites-de-dons\/don-dentreprise\/"]}]},{"@type":"ImageObject","inLanguage":"fr-FR","@id":"https:\/\/insieme.ch\/fr\/possibilites-de-dons\/don-dentreprise\/#primaryimage","url":"https:\/\/insieme.ch\/wp-inside\/uploads\/2021\/03\/don-entreprise-1.jpg","contentUrl":"https:\/\/insieme.ch\/wp-inside\/uploads\/2021\/03\/don-entreprise-1.jpg","width":1500,"height":1000,"caption":"Un jeune gar\u00e7on vivant avec une trisomie 21 joue dehors"},{"@type":"BreadcrumbList","@id":"https:\/\/insieme.ch\/fr\/possibilites-de-dons\/don-dentreprise\/#breadcrumb","itemListElement":[{"@type":"ListItem","position":1,"name":"Accueil","item":"https:\/\/insieme.ch\/fr\/"},{"@type":"ListItem","position":2,"name":"Possibilit\u00e9s de dons","item":"https:\/\/insieme.ch\/fr\/spendenmoeglichkeiten\/"},{"@type":"ListItem","position":3,"name":"Don d&rsquo;entreprise"}]},{"@type":"WebSite","@id":"https:\/\/insieme.ch\/fr\/#website","url":"https:\/\/insieme.ch\/fr\/","name":"insieme.ch","description":"","publisher":{"@id":"https:\/\/insieme.ch\/fr\/#organization"},"potentialAction":[{"@type":"SearchAction","target":{"@type":"EntryPoint","urlTemplate":"https:\/\/insieme.ch\/fr\/?s={search_term_string}"},"query-input":{"@type":"PropertyValueSpecification","valueRequired":true,"valueName":"search_term_string"}}],"inLanguage":"fr-FR"},{"@type":"Organization","@id":"https:\/\/insieme.ch\/fr\/#organization","name":"insieme","url":"https:\/\/insieme.ch\/fr\/","logo":{"@type":"ImageObject","inLanguage":"fr-FR","@id":"https:\/\/insieme.ch\/fr\/#\/schema\/logo\/image\/","url":"https:\/\/insieme.ch\/wp-inside\/uploads\/2021\/03\/logo-insieme.jpg","contentUrl":"https:\/\/insieme.ch\/wp-inside\/uploads\/2021\/03\/logo-insieme.jpg","width":250,"height":250,"caption":"insieme"},"image":{"@id":"https:\/\/insieme.ch\/fr\/#\/schema\/logo\/image\/"}}]}},"_links":{"self":[{"href":"https:\/\/insieme.ch\/fr\/wp-json\/wp\/v2\/pages\/3097","targetHints":{"allow":["GET"]}}],"collection":[{"href":"https:\/\/insieme.ch\/fr\/wp-json\/wp\/v2\/pages"}],"about":[{"href":"https:\/\/insieme.ch\/fr\/wp-json\/wp\/v2\/types\/page"}],"author":[{"embeddable":true,"href":"https:\/\/insieme.ch\/fr\/wp-json\/wp\/v2\/users\/7"}],"replies":[{"embeddable":true,"href":"https:\/\/insieme.ch\/fr\/wp-json\/wp\/v2\/comments?post=3097"}],"version-history":[{"count":5,"href":"https:\/\/insieme.ch\/fr\/wp-json\/wp\/v2\/pages\/3097\/revisions"}],"predecessor-version":[{"id":10169,"href":"https:\/\/insieme.ch\/fr\/wp-json\/wp\/v2\/pages\/3097\/revisions\/10169"}],"up":[{"embeddable":true,"href":"https:\/\/insieme.ch\/fr\/wp-json\/wp\/v2\/pages\/3094"}],"wp:featuredmedia":[{"embeddable":true,"href":"https:\/\/insieme.ch\/fr\/wp-json\/wp\/v2\/media\/3103"}],"wp:attachment":[{"href":"https:\/\/insieme.ch\/fr\/wp-json\/wp\/v2\/media?parent=3097"}],"curies":[{"name":"wp","href":"https:\/\/api.w.org\/{rel}","templated":true}]}}