{"id":30929,"date":"2025-10-31T08:38:49","date_gmt":"2025-10-31T07:38:49","guid":{"rendered":"https:\/\/insieme.ch\/?page_id=30929"},"modified":"2026-02-18T15:35:57","modified_gmt":"2026-02-18T14:35:57","slug":"anmeldung-zur-vernissage-inscription-au-vernissage","status":"publish","type":"page","link":"https:\/\/insieme.ch\/fr\/anmeldung-zur-vernissage-inscription-au-vernissage\/","title":{"rendered":"Anmeldung zur Vernissage<br> Inscription au vernissage"},"content":{"rendered":"<p><!-- flzn:zn_pagebanner --><\/p>\n<header id=\"flzn-pagebanner-1\" class=\"zone zn-pagebanner with-bg bg-color\"><span class=\"zone-bg bg-color bgc-yellow-light alignfull\"><\/span><\/p>\n<div class=\"zone-block zn-pagebanner-block alignwide va-center\"><\/div>\n<\/header>\n<p><!-- \/flzn:zn_pagebanner --><br \/>\n<!-- flzn:zn_text_img --><\/p>\n<div id=\"flzn-textimg-1\" class=\"zone zn-textimg with-bg bg-color\"><span class=\"zone-bg bg-color bgc-white alignfull\"><\/span><\/p>\n<div class=\"zone-block zn-textimg-block pdd-top pdd-bottom alignwide va-center\">\n<div class=\"row mw-content-zone\">\n<div class=\"columns large-12\">\n<div class=\"row with-nice-alignment zn-textimg-row va-center\" data-equalizer data-equalize-on=\"large\">\n<div class=\"columns large-6 large-push-6 zn-textimg-colimg\" data-equalizer-watch>\n<div class=\"columns-inner zn-textimg-col-inner\">\n\t\t\t\t\t\t<a class=\"zn-textimg-imgbox swipebox\" href=\"https:\/\/insieme.ch\/wp-inside\/uploads\/2025\/10\/insieme_ig-feed_1080x1080px_de.jpg\" title=\"Ausstellung \"Und warum m\u00fcssen wir uns \u00e4ndern?\"\" rel=\"galleryzone-flzn-textimg-1\">\t\t\t\t\t\t<\/p>\n<figure class=\"zn-textimg-figure\">\n\t\t\t\t\t\t\t<img decoding=\"async\" class=\"zn-textimg-img\" src=\"https:\/\/insieme.ch\/wp-inside\/uploads\/2025\/10\/insieme_ig-feed_1080x1080px_de-800x800.jpg\" alt=\"\"\/><br \/>\n\t\t\t\t\t\t\t\t\t\t\t\t\t<\/figure>\n<p>\t\t\t\t\t\t<\/a>\t\t\t\t\t<\/div>\n<\/p><\/div>\n<div class=\"columns large-6 large-pull-6 zn-textimg-coldesc\" data-equalizer-watch>\n<div class=\"columns-inner zn-textimg-descbox\">\n<div class=\"zn-textimg-desc wig-content\">\n<p>Wir laden Sie herzlich <strong>zur Vernissage unserer Ausstellung<\/strong> ein.<\/p>\n<p>Die Ausstellung tr\u00e4gt den Namen \u201eUnd warum m\u00fcssen wir uns \u00e4ndern?\u201c.<\/p>\n<p>Die Er\u00f6ffnung der Ausstellung findet <strong>am 3. Dezember 2025<\/strong> statt.<\/p>\n<p>Die Vernissage beginnt <strong>um 18 Uhr<\/strong>.<\/p>\n<p>Der Veranstaltungsort ist <strong>das Kornhausforum in Bern<\/strong>.<\/p>\n<p>Die Ausstellung befindet sich <strong>im 2. Stock<\/strong>.<\/p>\n<p>Bitte best\u00e4tigen Sie Ihre Teilnahme.<\/p>\n<p><strong>F\u00fcllen Sie dazu dieses Formular aus.<\/strong><\/p>\n<\/div><\/div>\n<\/p><\/div>\n<\/p><\/div>\n<\/p><\/div>\n<\/p><\/div>\n<\/div>\n<\/div>\n<p><!-- \/flzn:zn_text_img --><br \/>\n<!-- flzn:zn_text_img --><\/p>\n<div id=\"flzn-textimg-2\" class=\"zone zn-textimg with-bg bg-color\"><span class=\"zone-bg bg-color bgc-white alignfull\"><\/span><\/p>\n<div class=\"zone-block zn-textimg-block pdd-top pdd-bottom alignwide va-center\">\n<div class=\"row mw-content-zone\">\n<div class=\"columns large-12\">\n<div class=\"row with-nice-alignment zn-textimg-row va-center\" data-equalizer data-equalize-on=\"large\">\n<div class=\"columns large-6 zn-textimg-colimg\" data-equalizer-watch>\n<div class=\"columns-inner zn-textimg-col-inner\">\n<div class=\"zn-textimg-imgbox\" title=\"Exposition \"Et pourquoi on doit changer ?\"\">\n<figure class=\"zn-textimg-figure\">\n\t\t\t\t\t\t\t<img decoding=\"async\" class=\"zn-textimg-img\" src=\"https:\/\/insieme.ch\/wp-inside\/uploads\/2025\/10\/insieme_ig-feed_1080x1080px_fr-800x800.jpg\" alt=\"\"\/><br \/>\n\t\t\t\t\t\t\t\t\t\t\t\t\t<\/figure>\n<\/p><\/div>\n<\/p><\/div>\n<\/p><\/div>\n<div class=\"columns large-6 zn-textimg-coldesc\" data-equalizer-watch>\n<div class=\"columns-inner zn-textimg-descbox\">\n<div class=\"zn-textimg-desc wig-content\">\n<p>&nbsp;<\/p>\n<p>Nous vous invitons <strong>au vernissage de notre exposition<\/strong>.<\/p>\n<p>L&#8217;exposition a le nom \u00ab Et pourquoi on doit changer ? \u00bb.<\/p>\n<p>L&#8217;ouverture de l&#8217;exposition sera <strong>le 3 d\u00e9cembre 2025<\/strong>.<\/p>\n<p>Le vernissage commencera <strong>\u00e0 18 heures<\/strong>.<\/p>\n<p>Le lieu est <strong>le Kornhausforum \u00e0 Berne<\/strong>.<\/p>\n<p>L&#8217;exposition est <strong>au 2\u00e8me \u00e9tage<\/strong>.<\/p>\n<p>Merci de confirmer votre venue.<\/p>\n<p><strong>Pour cela, remplissez ce formulaire.<\/strong><\/p>\n<\/div><\/div>\n<\/p><\/div>\n<\/p><\/div>\n<\/p><\/div>\n<\/p><\/div>\n<\/div>\n<\/div>\n<p><!-- \/flzn:zn_text_img --><br \/>\n<!-- flzn:zn_text --><\/p>\n<div id=\"flzn-text-1\" class=\"zone zn-text with-bg bg-color\"><span class=\"zone-bg bg-color bgc-yellow-light alignfull\"><\/span><\/p>\n<div class=\"zone-block zn-text-block pdd-top pdd-bottom alignwide va-top\">\n<div class=\"row mw-content-zone type-style \">\n<div class=\"columns large-12\">\n<div class=\"row large-up-1 with-nice-alignment nbloc-1\">\n<div class=\"column zn-text-col\">\n<div class=\"column-inner\">\n<div class=\"wig-content mw-content\">\n<div class=\"wpforms-container wpforms-container-full\" id=\"wpforms-30925\">\n<form id=\"wpforms-form-30925\" class=\"wpforms-validate wpforms-form wpforms-ajax-form\" data-formid=\"30925\" method=\"post\" enctype=\"multipart\/form-data\" action=\"\/wp-admin\/post.php\" data-token=\"2f045b894cbc67decc2d1a196a3a2baa\" data-token-time=\"1761900357\"><noscript class=\"wpforms-error-noscript\">Veuillez activer JavaScript dans votre navigateur pour remplir ce formulaire.<\/noscript><\/p>\n<div class=\"wpforms-field-container\">\n<div id=\"wpforms-30925-field_3-container\"\n\t\t\tclass=\"wpforms-field wpforms-field-text\"\n\t\t\tdata-field-type=\"text\"\n\t\t\tdata-field-id=\"3\"\n\t\t\t><br \/>\n\t\t\t<label class=\"wpforms-field-label\" for=\"wpforms-30925-field_3\" >| Ihrer de<\/label><br \/>\n\t\t\t<input type=\"text\" id=\"wpforms-30925-field_3\" class=\"wpforms-field-medium\" name=\"wpforms[fields][3]\" >\n\t\t<\/div>\n<div id=\"wpforms-30925-field_1-container\" class=\"wpforms-field wpforms-field-name\" data-field-id=\"1\"><label class=\"wpforms-field-label\" for=\"wpforms-30925-field_1\">Name | Nom <span class=\"wpforms-required-label\">*<\/span><\/label><input type=\"text\" id=\"wpforms-30925-field_1\" class=\"wpforms-field-medium wpforms-field-required\" name=\"wpforms[fields][1]\" required><\/div>\n<div id=\"wpforms-30925-field_5-container\" class=\"wpforms-field wpforms-field-text\" data-field-id=\"5\"><label class=\"wpforms-field-label\" for=\"wpforms-30925-field_5\">Vorname | Pr\u00e9nom <span class=\"wpforms-required-label\">*<\/span><\/label><input type=\"text\" id=\"wpforms-30925-field_5\" class=\"wpforms-field-medium wpforms-field-required\" name=\"wpforms[fields][5]\" required><\/div>\n<div id=\"wpforms-30925-field_2-container\" class=\"wpforms-field wpforms-field-email\" data-field-id=\"2\"><label class=\"wpforms-field-label\" for=\"wpforms-30925-field_2\">E-mail <span class=\"wpforms-required-label\">*<\/span><\/label><input type=\"email\" id=\"wpforms-30925-field_2\" class=\"wpforms-field-medium wpforms-field-required\" name=\"wpforms[fields][2]\" spellcheck=\"false\" required><\/div>\n<div id=\"wpforms-30925-field_4-container\" class=\"wpforms-field wpforms-field-text\" data-field-id=\"4\"><label class=\"wpforms-field-label\" for=\"wpforms-30925-field_4\">Name Ihrer Organisation | Nom de votre organisation<\/label><input type=\"text\" id=\"wpforms-30925-field_4\" class=\"wpforms-field-medium\" name=\"wpforms[fields][4]\" ><\/p>\n<div class=\"wpforms-field-description\">*Nur anzugeben, wenn Sie in beruflicher Funktion eingeladen sind | *\u00c0 indiquer uniquement si vous \u00eates invit\u00e9s \u00e0 titre professionnel<\/div>\n<\/div>\n<div id=\"wpforms-30925-field_7-container\" class=\"wpforms-field wpforms-field-number\" data-field-id=\"7\"><label class=\"wpforms-field-label\" for=\"wpforms-30925-field_7\">Anzahl der Personen (mit Ihnen) | Nombre de personnes (avec vous) <span class=\"wpforms-required-label\">*<\/span><\/label><input type=\"number\" id=\"wpforms-30925-field_7\" class=\"wpforms-field-medium wpforms-field-required\" name=\"wpforms[fields][7]\" step=\"any\" required><\/div>\n<p><script>\n\t\t\t\t( function() {\n\t\t\t\t\tconst style = document.createElement( 'style' );\n\t\t\t\t\tstyle.appendChild( document.createTextNode( '#wpforms-30925-field_3-container { position: absolute !important; overflow: hidden !important; display: inline !important; height: 1px !important; width: 1px !important; z-index: -1000 !important; padding: 0 !important; } #wpforms-30925-field_3-container input { visibility: hidden; } #wpforms-conversational-form-page #wpforms-30925-field_3-container label { counter-increment: none; }' ) );\n\t\t\t\t\tdocument.head.appendChild( style );\n\t\t\t\t\tdocument.currentScript?.remove();\n\t\t\t\t} )();\n\t\t\t<\/script><\/div>\n<p><!-- .wpforms-field-container --><\/p>\n<div class=\"wpforms-recaptcha-container wpforms-is-recaptcha wpforms-is-recaptcha-type-v3\" ><input type=\"hidden\" name=\"wpforms[recaptcha]\" value=\"\"><\/div>\n<div class=\"wpforms-submit-container\" ><input type=\"hidden\" name=\"wpforms[id]\" value=\"30925\">\t\t\t<input\n\t\t\t\ttype=\"hidden\"\n\t\t\t\tname=\"wpforms[nonce]\"\n\t\t\t\tvalue=\"253692f372\"\n\t\t\t\/><br \/>\n\t\t\t<input type=\"hidden\" name=\"page_title\" value=\"\"><input type=\"hidden\" name=\"page_url\" value=\"https:\/\/insieme.ch\/wp-admin\/post.php\"><input type=\"hidden\" name=\"url_referer\" value=\"\/wp-admin\/post.php?post=30929&#038;action=edit&#038;lang=fr&#038;message=1\"><button type=\"submit\" name=\"wpforms[submit]\" id=\"wpforms-submit-30925\" class=\"wpforms-submit\" data-alt-text=\"Envoi...\" data-submit-text=\"Envoyer\" aria-live=\"assertive\" value=\"wpforms-submit\">Envoyer<\/button><img loading=\"lazy\" decoding=\"async\" src=\"https:\/\/insieme.ch\/wp-inside\/plugins\/wpforms\/assets\/images\/submit-spin.svg\" class=\"wpforms-submit-spinner\" style=\"display: none;\" width=\"26\" height=\"26\" alt=\"Chargement en cours\"><\/div>\n<\/form>\n<\/div>\n<p>  <!-- .wpforms-container -->\n\t\t\t\t\t\t\t\t<\/div>\n<\/p><\/div>\n<\/p><\/div>\n<\/p><\/div>\n<\/p><\/div>\n<\/p><\/div>\n<\/div>\n<\/div>\n<p><!-- \/flzn:zn_text --><br \/>\n<!-- flzn:zn_slider --><\/p>\n<div id=\"flzn-slider-1\" class=\"zone zn-slider\">\n<div class=\"zone-block zn-slider-block pdd-top-off pdd-bottom-off alignfull va-top\"><\/div>\n<\/div>\n<p><!-- \/flzn:zn_slider --><\/p>\n","protected":false},"excerpt":{"rendered":"<p>Wir laden Sie herzlich zur Vernissage unserer Ausstellung ein. Die Ausstellung tr\u00e4gt den Namen \u201eUnd warum m\u00fcssen wir uns \u00e4ndern?\u201c. Die Er\u00f6ffnung der Ausstellung findet am 3. Dezember 2025 statt. [&hellip;]<\/p>\n","protected":false},"author":22,"featured_media":0,"parent":0,"menu_order":5,"comment_status":"closed","ping_status":"closed","template":"","meta":{"_acf_changed":false,"footnotes":""},"class_list":["post-30929","page","type-page","status-publish","hentry","wp-sticky"],"acf":[],"yoast_head":"<!-- This site is optimized with the Yoast SEO plugin v27.3 - https:\/\/yoast.com\/product\/yoast-seo-wordpress\/ -->\n<title>Anmeldung zur Vernissage Inscription au vernissage<\/title>\n<meta name=\"robots\" content=\"noindex, nofollow\" \/>\n<meta property=\"og:locale\" content=\"fr_FR\" \/>\n<meta property=\"og:type\" content=\"article\" \/>\n<meta property=\"og:title\" content=\"Anmeldung zur Vernissage Inscription au vernissage\" \/>\n<meta property=\"og:description\" content=\"Wir laden Sie herzlich zur Vernissage unserer Ausstellung ein. Die Ausstellung tr\u00e4gt den Namen \u201eUnd warum m\u00fcssen wir uns \u00e4ndern?\u201c. Die Er\u00f6ffnung der Ausstellung findet am 3. Dezember 2025 statt. [&hellip;]\" \/>\n<meta property=\"og:url\" content=\"https:\/\/insieme.ch\/fr\/anmeldung-zur-vernissage-inscription-au-vernissage\/\" \/>\n<meta property=\"og:site_name\" content=\"insieme.ch\" \/>\n<meta property=\"article:modified_time\" content=\"2026-02-18T14:35:57+00:00\" \/>\n<meta property=\"og:image\" content=\"https:\/\/insieme.ch\/wp-inside\/uploads\/2025\/10\/insieme_ig-feed_1080x1080px_de-800x800.jpg\" \/>\n<meta name=\"twitter:card\" content=\"summary_large_image\" \/>\n<meta name=\"twitter:label1\" content=\"Dur\u00e9e de lecture estim\u00e9e\" \/>\n\t<meta name=\"twitter:data1\" content=\"1 minute\" \/>\n<script type=\"application\/ld+json\" class=\"yoast-schema-graph\">{\"@context\":\"https:\\\/\\\/schema.org\",\"@graph\":[{\"@type\":\"WebPage\",\"@id\":\"https:\\\/\\\/insieme.ch\\\/fr\\\/anmeldung-zur-vernissage-inscription-au-vernissage\\\/\",\"url\":\"https:\\\/\\\/insieme.ch\\\/fr\\\/anmeldung-zur-vernissage-inscription-au-vernissage\\\/\",\"name\":\"Anmeldung zur Vernissage Inscription au vernissage\",\"isPartOf\":{\"@id\":\"https:\\\/\\\/insieme.ch\\\/fr\\\/#website\"},\"primaryImageOfPage\":{\"@id\":\"https:\\\/\\\/insieme.ch\\\/fr\\\/anmeldung-zur-vernissage-inscription-au-vernissage\\\/#primaryimage\"},\"image\":{\"@id\":\"https:\\\/\\\/insieme.ch\\\/fr\\\/anmeldung-zur-vernissage-inscription-au-vernissage\\\/#primaryimage\"},\"thumbnailUrl\":\"https:\\\/\\\/insieme.ch\\\/wp-inside\\\/uploads\\\/2025\\\/10\\\/insieme_ig-feed_1080x1080px_de-800x800.jpg\",\"datePublished\":\"2025-10-31T07:38:49+00:00\",\"dateModified\":\"2026-02-18T14:35:57+00:00\",\"breadcrumb\":{\"@id\":\"https:\\\/\\\/insieme.ch\\\/fr\\\/anmeldung-zur-vernissage-inscription-au-vernissage\\\/#breadcrumb\"},\"inLanguage\":\"fr-FR\",\"potentialAction\":[{\"@type\":\"ReadAction\",\"target\":[\"https:\\\/\\\/insieme.ch\\\/fr\\\/anmeldung-zur-vernissage-inscription-au-vernissage\\\/\"]}]},{\"@type\":\"ImageObject\",\"inLanguage\":\"fr-FR\",\"@id\":\"https:\\\/\\\/insieme.ch\\\/fr\\\/anmeldung-zur-vernissage-inscription-au-vernissage\\\/#primaryimage\",\"url\":\"https:\\\/\\\/insieme.ch\\\/wp-inside\\\/uploads\\\/2025\\\/10\\\/insieme_ig-feed_1080x1080px_de-800x800.jpg\",\"contentUrl\":\"https:\\\/\\\/insieme.ch\\\/wp-inside\\\/uploads\\\/2025\\\/10\\\/insieme_ig-feed_1080x1080px_de-800x800.jpg\"},{\"@type\":\"BreadcrumbList\",\"@id\":\"https:\\\/\\\/insieme.ch\\\/fr\\\/anmeldung-zur-vernissage-inscription-au-vernissage\\\/#breadcrumb\",\"itemListElement\":[{\"@type\":\"ListItem\",\"position\":1,\"name\":\"Accueil\",\"item\":\"https:\\\/\\\/insieme.ch\\\/fr\\\/\"},{\"@type\":\"ListItem\",\"position\":2,\"name\":\"Anmeldung zur Vernissage Inscription au vernissage\"}]},{\"@type\":\"WebSite\",\"@id\":\"https:\\\/\\\/insieme.ch\\\/fr\\\/#website\",\"url\":\"https:\\\/\\\/insieme.ch\\\/fr\\\/\",\"name\":\"insieme.ch\",\"description\":\"\",\"publisher\":{\"@id\":\"https:\\\/\\\/insieme.ch\\\/fr\\\/#organization\"},\"potentialAction\":[{\"@type\":\"SearchAction\",\"target\":{\"@type\":\"EntryPoint\",\"urlTemplate\":\"https:\\\/\\\/insieme.ch\\\/fr\\\/?s={search_term_string}\"},\"query-input\":{\"@type\":\"PropertyValueSpecification\",\"valueRequired\":true,\"valueName\":\"search_term_string\"}}],\"inLanguage\":\"fr-FR\"},{\"@type\":\"Organization\",\"@id\":\"https:\\\/\\\/insieme.ch\\\/fr\\\/#organization\",\"name\":\"insieme\",\"url\":\"https:\\\/\\\/insieme.ch\\\/fr\\\/\",\"logo\":{\"@type\":\"ImageObject\",\"inLanguage\":\"fr-FR\",\"@id\":\"https:\\\/\\\/insieme.ch\\\/fr\\\/#\\\/schema\\\/logo\\\/image\\\/\",\"url\":\"https:\\\/\\\/insieme.ch\\\/wp-inside\\\/uploads\\\/2021\\\/03\\\/logo-insieme.jpg\",\"contentUrl\":\"https:\\\/\\\/insieme.ch\\\/wp-inside\\\/uploads\\\/2021\\\/03\\\/logo-insieme.jpg\",\"width\":250,\"height\":250,\"caption\":\"insieme\"},\"image\":{\"@id\":\"https:\\\/\\\/insieme.ch\\\/fr\\\/#\\\/schema\\\/logo\\\/image\\\/\"}}]}<\/script>\n<!-- \/ Yoast SEO plugin. -->","yoast_head_json":{"title":"Anmeldung zur Vernissage Inscription au vernissage","robots":{"index":"noindex","follow":"nofollow"},"og_locale":"fr_FR","og_type":"article","og_title":"Anmeldung zur Vernissage Inscription au vernissage","og_description":"Wir laden Sie herzlich zur Vernissage unserer Ausstellung ein. Die Ausstellung tr\u00e4gt den Namen \u201eUnd warum m\u00fcssen wir uns \u00e4ndern?\u201c. Die Er\u00f6ffnung der Ausstellung findet am 3. Dezember 2025 statt. [&hellip;]","og_url":"https:\/\/insieme.ch\/fr\/anmeldung-zur-vernissage-inscription-au-vernissage\/","og_site_name":"insieme.ch","article_modified_time":"2026-02-18T14:35:57+00:00","og_image":[{"url":"https:\/\/insieme.ch\/wp-inside\/uploads\/2025\/10\/insieme_ig-feed_1080x1080px_de-800x800.jpg","type":"","width":"","height":""}],"twitter_card":"summary_large_image","twitter_misc":{"Dur\u00e9e de lecture estim\u00e9e":"1 minute"},"schema":{"@context":"https:\/\/schema.org","@graph":[{"@type":"WebPage","@id":"https:\/\/insieme.ch\/fr\/anmeldung-zur-vernissage-inscription-au-vernissage\/","url":"https:\/\/insieme.ch\/fr\/anmeldung-zur-vernissage-inscription-au-vernissage\/","name":"Anmeldung zur Vernissage Inscription au vernissage","isPartOf":{"@id":"https:\/\/insieme.ch\/fr\/#website"},"primaryImageOfPage":{"@id":"https:\/\/insieme.ch\/fr\/anmeldung-zur-vernissage-inscription-au-vernissage\/#primaryimage"},"image":{"@id":"https:\/\/insieme.ch\/fr\/anmeldung-zur-vernissage-inscription-au-vernissage\/#primaryimage"},"thumbnailUrl":"https:\/\/insieme.ch\/wp-inside\/uploads\/2025\/10\/insieme_ig-feed_1080x1080px_de-800x800.jpg","datePublished":"2025-10-31T07:38:49+00:00","dateModified":"2026-02-18T14:35:57+00:00","breadcrumb":{"@id":"https:\/\/insieme.ch\/fr\/anmeldung-zur-vernissage-inscription-au-vernissage\/#breadcrumb"},"inLanguage":"fr-FR","potentialAction":[{"@type":"ReadAction","target":["https:\/\/insieme.ch\/fr\/anmeldung-zur-vernissage-inscription-au-vernissage\/"]}]},{"@type":"ImageObject","inLanguage":"fr-FR","@id":"https:\/\/insieme.ch\/fr\/anmeldung-zur-vernissage-inscription-au-vernissage\/#primaryimage","url":"https:\/\/insieme.ch\/wp-inside\/uploads\/2025\/10\/insieme_ig-feed_1080x1080px_de-800x800.jpg","contentUrl":"https:\/\/insieme.ch\/wp-inside\/uploads\/2025\/10\/insieme_ig-feed_1080x1080px_de-800x800.jpg"},{"@type":"BreadcrumbList","@id":"https:\/\/insieme.ch\/fr\/anmeldung-zur-vernissage-inscription-au-vernissage\/#breadcrumb","itemListElement":[{"@type":"ListItem","position":1,"name":"Accueil","item":"https:\/\/insieme.ch\/fr\/"},{"@type":"ListItem","position":2,"name":"Anmeldung zur Vernissage Inscription au vernissage"}]},{"@type":"WebSite","@id":"https:\/\/insieme.ch\/fr\/#website","url":"https:\/\/insieme.ch\/fr\/","name":"insieme.ch","description":"","publisher":{"@id":"https:\/\/insieme.ch\/fr\/#organization"},"potentialAction":[{"@type":"SearchAction","target":{"@type":"EntryPoint","urlTemplate":"https:\/\/insieme.ch\/fr\/?s={search_term_string}"},"query-input":{"@type":"PropertyValueSpecification","valueRequired":true,"valueName":"search_term_string"}}],"inLanguage":"fr-FR"},{"@type":"Organization","@id":"https:\/\/insieme.ch\/fr\/#organization","name":"insieme","url":"https:\/\/insieme.ch\/fr\/","logo":{"@type":"ImageObject","inLanguage":"fr-FR","@id":"https:\/\/insieme.ch\/fr\/#\/schema\/logo\/image\/","url":"https:\/\/insieme.ch\/wp-inside\/uploads\/2021\/03\/logo-insieme.jpg","contentUrl":"https:\/\/insieme.ch\/wp-inside\/uploads\/2021\/03\/logo-insieme.jpg","width":250,"height":250,"caption":"insieme"},"image":{"@id":"https:\/\/insieme.ch\/fr\/#\/schema\/logo\/image\/"}}]}},"_links":{"self":[{"href":"https:\/\/insieme.ch\/fr\/wp-json\/wp\/v2\/pages\/30929","targetHints":{"allow":["GET"]}}],"collection":[{"href":"https:\/\/insieme.ch\/fr\/wp-json\/wp\/v2\/pages"}],"about":[{"href":"https:\/\/insieme.ch\/fr\/wp-json\/wp\/v2\/types\/page"}],"author":[{"embeddable":true,"href":"https:\/\/insieme.ch\/fr\/wp-json\/wp\/v2\/users\/22"}],"replies":[{"embeddable":true,"href":"https:\/\/insieme.ch\/fr\/wp-json\/wp\/v2\/comments?post=30929"}],"version-history":[{"count":30,"href":"https:\/\/insieme.ch\/fr\/wp-json\/wp\/v2\/pages\/30929\/revisions"}],"predecessor-version":[{"id":31078,"href":"https:\/\/insieme.ch\/fr\/wp-json\/wp\/v2\/pages\/30929\/revisions\/31078"}],"wp:attachment":[{"href":"https:\/\/insieme.ch\/fr\/wp-json\/wp\/v2\/media?parent=30929"}],"curies":[{"name":"wp","href":"https:\/\/api.w.org\/{rel}","templated":true}]}}