{"id":2744,"date":"2021-03-09T11:08:41","date_gmt":"2021-03-09T10:08:41","guid":{"rendered":"https:\/\/insieme.ch\/?page_id=2744"},"modified":"2026-01-28T12:42:21","modified_gmt":"2026-01-28T11:42:21","slug":"newsletter","status":"publish","type":"page","link":"https:\/\/insieme.ch\/fr\/newsletter\/","title":{"rendered":"Inscription Newsletter"},"content":{"rendered":"<p><!-- flzn:zn_pagebanner --><\/p>\n<header id=\"flzn-pagebanner-1\" class=\"zone zn-pagebanner with-bg bg-color with-color-title with-color-title-base\"><span class=\"zone-bg bg-color bgc-yellow-light alignfull\"><\/span><\/p>\n<div class=\"zone-block zn-pagebanner-block alignwide va-center\"><\/div>\n<\/header>\n<p><!-- \/flzn:zn_pagebanner --><br \/>\n<!-- flzn:zn_text --><\/p>\n<div id=\"flzn-text-1\" class=\"zone zn-text with-bg bg-color\"><span class=\"zone-bg bg-color bgc-white alignfull\"><\/span><\/p>\n<div class=\"zone-block zn-text-block alignwide va-top\">\n<div class=\"row mw-content-zone type-style \">\n<div class=\"columns large-12\">\n<div class=\"row large-up-1 with-nice-alignment nbloc-1\">\n<div class=\"column zn-text-col\">\n<div class=\"column-inner\">\n<div class=\"wig-content mw-content\">\n<form method=\"post\" class=\"acfe-form acf-form\" data-cid=\"6979f61dcc3a0\">\n<div id=\"acf-form-data\" class=\"acf-hidden\">\n\t\t<input type=\"hidden\" id=\"_acf_screen\" name=\"_acf_screen\" value=\"acfe_form\"\/><input type=\"hidden\" id=\"_acf_post_id\" name=\"_acf_post_id\" value=\"2744\"\/><input type=\"hidden\" id=\"_acf_validation\" name=\"_acf_validation\" value=\"1\"\/><input type=\"hidden\" id=\"_acf_form\" name=\"_acf_form\" value=\"VFhqaWdROUl1RkcrdStoaXl5cmtnT0ZoSzljSUU1VU9TbHlQUTlmTUc4ZmNFSWV0Z2NqV2hJblJNa2VJMUxoQm83d2hrRnF6RHg0dWZSaVA4NUlZZWo1MCtwR0dHdUlFTVdoNWxqNE1LZi9FRXllUkwrU1BUK2RTb0M0QWQrUGxucUdpQXZJN01Gb25lL3BiNHdrcGtBUFhkd1YxUGVRSTFLU1VBYkpSanIrYkxlRDZ2L3ZSNDNQOGVYWXVDR2Qvc0tuSWpFUlBQSURRMllua25iQTBITHEyNVdZR05GREhHaUVjV0wxZU1QOHZwaXRwbDhWcnBsYlFRRUJOeWZqUGovSmhOUFVxVThIQTQ5N1cvR01SYXJadmU5aE5tSnJhNUpKTGxMLy9ZR25VZktZeStJNnZWYnJVSE8yM2dINmpOdUtiNVo5cHVNc08wK2NydngzUHhlaCtkUzJIczlZaFVpOTRUOEZLT3NBbUpOaG1mZ2NjK0I0cXNZTVZUa3diNTIzN0tlLzg4TnRmbmVDTHNFOEtZSDhmUlhDaldYd2xraXprVXkrZTN5N2M4akdaSDVTWTM4bmhoSkdCM3doV1IxdE1HRTNaMzhmdFkxamtZZ09PeFpDV3ozZmNMdFVCVkxkRGZNUnExMUNLTUFaMTRoTTQ1ckZiY0dBUktFMHlzM3pIeWNTVDVJaWlRd2ZYeXdmK2Nyb1U4ZUxDV1dPNC83RW5DdnlKcnZmdjNRZUQ3KzVaVFFWK1V1dHI4U0twOU1YY0Nmb0k1aDJ4ZHI5dlhUMktNMUtRVXFRTHIwdFZtdHkxdUFBMEdzUjJldUxNSGUzLzJ3SDBuK2VBc2tJUHNSblI5UkNtMW5ZKzBBT2xVaXJwRXc3NjVPdFNKN09iREdmSHhvMWdhc1JPOFhmbnF3Y0JrdVVNeDh4UWY2a2lKNysyQVRSVkFuZWpXVllDdHBHLzRBQjJPaTFWNitjN1BQRlVtTXdvWU9NZ3BXbHJBQkFmeXVEZTlEU0d2SGlSWFZuQUx3aHZaa29JOTF4RE5xalJLa2VCcnNiVUNuampYR1Mrc1dtSVpxKzFHUFJDWXF3WmRSdmpvektkb2J3WWtZcDBoZTBobzFnSGhESkpSYm4vZ0tXTElqQjk5UDZxM2VvNkl4TjhhVkVIRGt2NVI0R0djeDQ1KzJjeDllSFg5Lzh3Szl3MWI3QVU4YkVha29YUHEwSGszc2xDcHlYd0xKOUFSUGplc3pJeTBOWmhGTU1sU2J1eXdHUlcrSVhNNDhRRVdYdXNzNzF5WUxpWk5zcWFoem1LSjdNdlhkNVFFYTdhOVR0ZHQ2NmlWRlJyWlg5OCtzKzVZYk1sTlkvMmQyOGdFeTM3RHQ3S1FjTGVROVBJU0VvY0hHU2x2MHNsdml1Q0JTWGdHZzRvMjRJSkxucTZKTU1iSjhzL2phRTdJSnZWQmE3Q20wNHFKdXRpYU1NZHBtbDNyenVzQkRrb3lIZnBKYW8yWHZlaG1XZ3dxQ2Y5Uko5RkcvUWZFQkRFTXpNRThSVUVmc0dyblluSDFOb2pwdDJFdkxYblUxZkx5L2NOQ3JXczFTTks3ZGw4TWhhVmwxYW1kdWFXL0V5WnJ6Yk4wTGNBRVo0Ukl0cXlrdlpnNFM4cXJJemprQndsdDNINkV1WTduN3RlQ2JMU1VwUGJ6MFBBNWQwVWxZUlNKUnBrU3BWYVduL2NUNFptTjVxR3BkMXNMYjJrdENGUmhoSW04SmhNU0YwQ3BUM1ZoZXJicHhEVXdBd29hRVFDcmcyUk1IQi9lMXBGcXVlUklHV1F3SmY3NXloaUdFanNHQ0h6bXRudElzYmxIejg3LzZZcTM1TmJ1K1pLcVAvVlFlMHZ0elRkSS9xcVF3eWZueUgxOEY1SW9uTFNMSGV1UGR4TndIdzdqeE9mWmFwa05oOWNCQzZQZC85YW1CUkFaMVRoZjBKbUlEcEoycHlDZ3UzNzZqVXRiSWU5RGpxaXBVZGlCOHpKanNWVzZYTVlOVzRobVJ0d25kblQwVXNJNU1reHhLY1NXK1J5RUNnOEZRZjRZdUtDSDFWWEt0aUVvY3NuN0dEclJXWXM4WEJzeFpBSHQ0b0FqYjg0ekZLSTJzcllSL2lrWllYSDVhWVEvRGRCMkZ5UVNhZHh1QmlVVkhsbytic2tmUVF2NjdNbGs5NS9RK1RlOHRBSU5PWjBLMTBiU2FtRzBPNzFGbUxxVTRidzNUY1lyMC9EYkxUWVRDRDg3MmhvSEU1d0xSeGxyOWdGL1hNd042T0hvamZJRnA0YVk4NDFTWElvc010RU9nWWNRYWVFY3k5ZGU3QkVnZ1pBeWpyUHpoRUZJYXFZNWlFWUtta0VpTTM5RFh4blVGcy9VUlhpaER3MnZIWGNQM2FKZTBGVTd0bXNaakVCREJiVElJUVFEVytHV3doUXdmRXdpd2RIVU9lZ1g5NXZob2hyNXdzWlVPeWFpeGZQd1E5TUZ5Tk13ekF5UEo0ZTNLQldtaWdWU0wxczdlZmNKb2JzM1VSY1c3UUpscHFxSVlRbHVVTm1uV0RHeHNSTkJqUnhkckt5T3RqaE1maFJBZW1HOVNJR2xteUl0Y0RTbVVzbjFlWUdMN2ZuRG1rT3g2NTRKUjUvNlhKL0l5b2dGbGtIVjVBR1dnNllHRDZTaVpqUk9vNDNmZkdJM1hneE5hMFZrUG1ydlkyclZtYkd0V2tzWDhMSjhiS1FzbFVTcHR0S0hVUm1aNFUxYTdRRmd3cUtoekZjbHNaK2ZORVhjY3B1dFVIb0t4MU9tTy84SkpnL1lSZGNNNnJvMEF5OUNna3Q0aDcvNkNFMTVXTXl4NWdqUUJnQ1lmOUF3bU9JakVpR1IrK0h2YlZRMUUvVXlxeWUvZXBIOE9WUjJSaEtpa0hPei9UNndJY0lrSGRJOFVTZ3RnbkgzdE1BNTA2eHd4V1JsN2hGbVd5eE81eHJWQ093Z3kwcFRFYmZqWGJQMXZxMW4vd3c3dUplNEtUbjhEVjR6ZlhPM09FcjNheWM3NVNzdDBucVF6M25ERXRwZmJkSm1WYTB4QnVsY0pOcXIwbW1TMFY2eVZnNHJyTlhyTEo2M0hTWjJuSkFvUWVmeExrVHdxM3FJNFJNMGNWRjhGSTRYQTBEaExqWXF0RTVYdDRRMndEc0JoYndMNm92WG1BdU5yMTNiSmVCazUyV1B4aTBGT0RXR2lFc1BXYjRFbmNuZ095d28wQjgyb0QycEswS3BjQkdSNnd3cndRdGdLM0x6Q3VpRUFGbGlBd042YUdKYmhkUEVmc1N0ZFc4cHFFMFAyRUV4ek5YMGx5Rklyd2R6QmtTdWFmZmx1a0R0MU0yWEdEdmQyVTVpQyt5RGZBb216K3VLUVUyRFRKN3FCSExzSmw5Y2FFVnZnbEdwenJGams5ak43clgrSTg2ZWlrWU51U0JWTFQ5KzBWU05VdEpkUkhuQUZsT3E0Z05QOEZYSEsvaldEQ3ZiUU9VMjBqaVpldXVhUncrelhNV0dYZmt5cHI0dzhMaGlmN3g2TmlhWXdHeUYySDRubUVDdXpuY21iUFVjVVNPaEZtUGE4aG9WZmgzODBWWFF0RkY1dXljUlEyWStZOGpTZit0S05XQlhrcTlXM0RpbFBzbVB4NWt1OHV0S3g1T2lNdTlUMis5MWtwNG9FNWFJSWRhOXB3NzRPcWlHd1FmblovTXBhSyt3Y0RJNmdyMDV2OG1hU3k0ek9IZ3pMRXZxUThZdXNIUE1xcEM3VnlrRXRXZTM2ZXFNcG1NZlpKTFRqZk85YUR2akRBT3pram9taEFIQ3lkT0xDbEZORk9mL1p6NGp5bCtZOVczWHFvWGlkOGV1ZTdsYlVWeXV4Y3pJMkcrbUtuMTc3eWJzK1YvUmRPSlh2SWhTUGU2TkhlWlo2Zys2WW1YaHJoUTErL1FmLzYwVVhlemZvZ3RQRm5nMUY4YmIwMkttak5zdVRQaDAvS2Rta0JEMVRxcis0dFpTYjNmS0loY2FUQitJdnVEQzNFK1dCbEhRajhjakhyanNDQzIxR2RQMkxmMDZFbmp1VVB5K1VPK3Y5cS84QStqQkh2THRKQlMzR0p2Z1lHSXNVMGh3YnRZdHI0Q1BmdzBhQlUyUmpZUE45ZjVGUG1XZ2pVVmdidUg4bEhqc1RsSGdpUXhLcE85Rlp5czFIRERzVGZIMFZyZTk1SmI5QVV0MWhqTWMwdFdBeHBxUkF1cnhqeTBFdUlianBtZlp4WGd0eVlkOG13bkFXSzdTM294RndLajNWK0wxakZOV3ZGdW8xNFNrL05KSUZVamNZTzVySDlaMGtrczJpdTVjWWREVHJ3MGNLZnB5aG1iTXdGSVo5WXB2ejBjS29xOG95dHVWVWZzR1RYRnpDdVdpZUVmdmFINFh0Q01teTJPUEk3SG5KU2JOTUxES3RXVXJEYUxTcUxCTTA1eDhjMXJORDVWQmYyRFNqWmpjYkV1d3VQSUVPS1Z2aVFtamp1SjU5SEdxOEM3VHJ5RENhYUl5ZXdkOVEyTGJjam1qN0lIcmxZZzhsUjlUWFNxR3FIdnZkRE5Zem5heSt1THpleG4zQ24wejI1ZTYybmVZRXIwWlY1dzhmR29mVnkwZnVma2ttK2JUUFI5Q3E1KytEMzMwb01LOERTVXVBZzk2RThpQlJTYXB1dC9KRVR6Y3hieFd5MHlkZG81NnlFcmFBaWJQV1p6NjlGd3VLMllTbnZqMnVyazNtY3A3cVp3RFpBaGEybE4rQml1MWNXUXd0SHZSTENWTkgyTlhCNGxHdUhmUDBtZ2JuVGVNdUpUVHk2ajN1WENaeUdoaDhHUFhQVHY0Z1RrZkVNWVM5eW5tWUw5OFFYR3l2Ym8rYUlOaFZXaitSc3NTd1lLNGhNWi8ydzBaUDhyQnY4V282MGozY2ZVN0U0ZW1xWHNtRFo5TzFiUWxwdHhFYXc3WGpwalVLaVRSa1hwWU84VWE0OGRFUEtsSkNCSWJQcUhTa1VJckJYeXByT3RQZUo2VGxFYm1WTHBCUGFpS0V4K3dPYXR2SzdMRXZXTG1wT1U2YUlMeUx4UUpxTmNsZzJCb2xpQVZTUTJMWUc4aWZFdkgrdGVBWWFvdG1sd2ZYR2hTc29ndGFMZm45amNNVlBjU0JTUE94K2tLKytiUWZIOUNOSHJ2dXNMQWhSbTVHLzRHUkxtVEdYUXpxZGRQVHRyUVIweGo1aFFzUHQ2QWREaXpnNW1DdW9FdkVHQ0cvWCt2RnFFcTJuNFpIMDh4andMaERaaERJT04wZFNiVzlEblZReXhBMHNqM094WVZVSTNTZHZpSzZiMzhaeEpNR0ZHbU9YakJiRi83dlRPcjViSGtURExMNk53Um5pY01VVWZ0UjNxemRWNGdTWDZTMmJ4eFB3ZmpLNWI3UllnbGxlemlHUENITmFVL1hmLzlxZG1WQ1hTQVM4WW5pUFkxNThTb3ZPN3RSMG9NbTMyUzlKVXI4dUd2TC9qU3BwNlFwbTVBS3A2MGxBMUZXa0R5cXR0TmJWUUxKeVdRS3hGWlpnQ3d2WERJaHY3WUhwQll4OXB2d2ZINHd6Zk50TmZKcW9YZEdxVkdLUHlYclpXOGptNmNsb00ySGJ5cks3akE4dFA4eU4rU0MyaCtjQndLR1d6R0lUM1I3SEY4N1l6bG04eGRYd3dMa1g5ZUxyTDUzKzhKRDdXZFlzeXc1ZGhZdVQ2RkF6WHNWZmFrQ1JLSERtMWtmaDN2SmZ3M2ZPN2RUVmROcGFpbExxS2k4RkNqMFlIVlZQZGtVb3g1V2x1WDhIZExqbDJ2WEk2eWVGdUtlSFZTa3ZGbUVQMmJZQVRBWWFLT2RwUFN2UXdyOE01bmYyaWhsYzdEMm80ME13NUhiRzhYam9oS3RxUnBwbVZEVUtwS3RpdGJWaVc3a0tRU1N5MkE0c2JRVWNoVTdieStRbGlUeHJSU0w0TmRWU0hXdXo4Ym5SdXRZYmlBQTZtWlpEY3d5WnRMQzNxY0dVK1ZvZ0lQOERIWGFXd1huOCtpNm9CdlN2a1pmdytkS24yUkdoeWkxUTh3ZHY3MUpGSkRPc3kyNi9Uamg5OFNBTE9UVFdQZzJPcXIyVU9Zd3pTRlBHaWc2d3JzeGhqN1EzUXNJOFdLOS8xWlo1U1h2R3lDUC9ROVl0dG40MEEwMmlSbVNrOXl0TVVQdGNya3RvVkRTZXQvZ21JTmc2TGlMZG9aYU41M2lMQVVuNi9Qd1ZlRHdRUXAwSlZERk94b0luYjQxU1BSbmtyT0RaYW5QMzV3bDFpZ2IzK0NiTWZKZHVCQjcrdlFBejkwZ0V1c3VLWE9pa2RWSWphZC9DbnRJdThiZEl0bG8rSTBDbndweElycXg5Uzcwc25SY00rRmpjdVVKejgycDNWM0dKQUNNVXZzSFNyRU1JT0ZJSm83ZzFDZTlxYnJhalNqZzNJS1oxWGowMHBGNWY3S0ZvMndTamxseUxkc0pBVXNMVi92aVpTb3VYQ0lObXFDbFoyeVFHdFR1Z0FjUldjUnU4dzRwR3hpQUhoS2xibEZhOE5WcnFkMEk1ZldOR1lySEkxVExnQ1MrdXAzcEcyZzJtejFiL2VyTW1CVCtYWjBHOW1pSFNwTjdJc1ZNRGJnSFpUWVNubDlGcHJsNG96NVdXNm1tN0QyRldvSG9VOTFITml0YXZ3ZEFKQTNCTllqQjlGRldKOWZFbm1KNW1MZmpBS0swcWRwUVNmd1JmZlN0dFFXUDFtSUl0UTZpVCtZVGVQdDltSkJqZW0zYzJUVnJSTHhaemo1RjJOZ0VIUGVuZ3dVVk90TzFDTmdaUXAyYkp6SFFZUUJnWUFRa1I5a0oxbnZ1Tm9USk5kQ2EwQTZlUDV5M3h5RVhkSTdqWlBTc1J6b2pBRWh6cEpNbkdpalZFRHRxd0hobU5CdmhxRXh5SkU0dXFQWnQwZUIvWWhPdTg1akg2YnZ2YXIzc1gxZVk2Y2NxVGwvOVFKZEFEVG1nbFVMeURvUHNpZDhHNDRpUUJoVmlMeTMrTklkVStacXMxY3ZXMFVCKzB0UTRibW5UTlJyeXZqaGEvNHlEVTRjRnFKSkxnSGp2b1FVSVJwcXBHcEUzN0E2VGpEVCtHNnlFeHcvZ2Q0NDRybFF4QXE3UjlFeTBWTkVreDZDRythL20zWVRIMGxLN0o4MVE2YUVDaCt4aUtFWktYR2dFTEcycmcyNkNkNEx2Q1R3WU0zLzVKSEJGQUt2bUR2aHh6UDVaaktFTWVzdTQrZkJ1SjhPeVBGc0ZrNnBvK1Myc1VrbEZGYnRCNXpBaXRaa2lWdjlDajZBQkhNa2Fzay9LaFVxZkx0N1VwWnJ5aHRRVGsrTlZKeHMxZm1wVDRmUDh2OTdlZnR6M01sbk4rK01VUVBTV0crVHhuZkJoZXVwb2dGcDdiMy9BN3Judy83aXFnUXhNT0NXbjJ6Mlo1U2NGUVJIUCtjTnQ4TFNpSVpXR2V3VDEySWhobUY0c0R3dzhkZkdneTBxQWg4ZVlkQnZKcHlQaTBwMjk3d2Q3VmR1NmNJM1JnQzlwQWp0bjF1bER6T09mNE0xQitLblNSZ2ZIYStuekFmTGJZMU84ZFEzanQwd3NIQ2dOelNkajg0MVZoUDNneVIvbm9RUWpOWEJMV3VPY2ptVDdyTUdEd2xWQUMxcjhoNktFYk4rRi9zL0ZuWUVPT3BrWkZvUjdTc0dTVWxpakhBeWllVDdDNWpPeUdiZURNTC9wSHM4cVhvUGV4S3hZMDZnenNTRDJweU1aRklXZ2l5ajk4Y1hHYmx1TDJqR3kwL1VtUU1MQlBiQ3llcjN1MEEvTXJob2E1YytnWFpRNFBWcVM0TzFpUHBkR1k3WGwzbU9oK3ExclJTSktzQVRvWllhb2pwd2dXUW1naGlESnNEcGZmRktKREZ3Qzl1Rm9TKzVUTE01WGN4cEd5K2t1STZIVTdMdnVPVHZjckZVc1lVeTM5dGttU2szRG9QVGhuNy9qTHRBR3ZVMVhVcXc5Zjg0U1Z3ZEhqRlVwSkMvQnNyWEJlb1JJWGdUbUNYRmpRV0ExeU15ZnM1MjJqSDVsaUNselRHSEV5T2grdldsdDUwWVIwT1cxczBLYWp3KzZRTUlwU2NFNjhkMjRkSlJOcDFNbkhGYkJJSmdXSm9MbEV6cjBxeHFOSHBZVUIwL2g0c3ZaMjFHakI0QzhPajVrQU0yVG1XM3ZUZHluc2ZOckdEV1ArM29xV3N3S2dWSEU2K1dNbjZSSGJaRG5jRGd4TzEyVXZndmhtSk1PUVc5MGFmd29WN0xaNmFkNGV2N3Z0MXpKUlRXL2NURjVZeVpZbzRad0pJcHpwUmw5eWhVSlhXcUVWUEZzSmlEakJYM0JDTFd2YVZMMm9tRG81UW4rY1BnMW1adE9DRlNMWU9FdGJTbW5QQndETHU0YzI3OWdHSG1qRi9TbmVtL1N1RmJiRC9vRTRuMXVBbnJma3JicEtDWTJpTkpnTFVoZ04ramcwVkhQeE14RktKV1pNQzZZWE5JK1o1WVBTSWJKNm5xbzltZDlGeThrSTdxdngxQmpza0N1WERSNnJTMXRwUEZMbTgvRFFtRmduWFg0U3AxbTNNSWR6dWNKNnRvMkhhb3R5bGFTUnAvT2RuQWVWaHF1MlhHc1Bka0VUQkVqSHlqSUhRNDFhYjd2WFZBWm9HSUpkYmNCQ3VFeHlzU0VMNFBmNGdpSzlTdU8wSUd1WGJBZWlHaWZiSEZTa2s4WGlCY0IxZW9BSjk3ZFZENGtsVUcrT3FodVlrOFRydlpXMko2VFMrYzFad3g3aFNIaUlQMXVWbmhnSTlSZi96Sy9PZitYNHlKMGw3QThZaUtUMU9VUGJxOGlVZUdIRWF6Vng4TWxMVkl4K2t3QW01T2poYU5nMkdHenpNSWtwcVpiTldYak9jUitTT3A3bzVwV3NTZklMbTFNTytPdmN5M3Yrc2piU2xRSWxEMDJoQ3hjcHJPL1RkOTdmMWllOHhxNlorVC9UZU82Qk1YbVhRWWxvdXNJRDJYVGdLTWF0aWIwVUtpbUt2dzNrVm9nbGJ5WU9zQ1VPU3lXK29CdTZMUFdkM256cmJQREVBeEZzUmNWZlcwM2N5RzVGWm1Pa2lrcU5TdWJvSjBEMmhZWTJyMCt6VEQzWmFjbnpDcFJKcjlPalVlQzhqcnVKdHVnemN3aHdHMXl0amhka0dzM1F4VVBRZWFWbGlEMEJqWWFwbExxWnl1UzJkQmJNUE1laWxPMzBXV0lDRld5RGpYSWFiSGhETElsUVNBU3M4OUZjOXhBWWUxRHpxcldNcjNTRW16Q2FnUFJYQk9WSUZiTkZlRzNMWUpwZHFVcnd5TlprSHQ0Z1lzY2NvL1plbXR0Rkk3R1dFR0JySU52QlVpRTdYN2FVVUx0Q0ZlR2NONTliZ0cyWVpESkc4RG8yTUNiemZ5dnZZeGZPa0dmRGc0YzNUY3lINXdCeldwVXNpc3pRNHlneU1HSEJBZ2pvUmNCY0s4bVBNcXpXeDc5dEg2TTMrUjhkbXBPTmJmaVJGVkpCVmNNREo3Z3loZ1ppTkhKcUQ2TTBBYUhCUCtJRWNwSTdITm10amxuYVJ5R3BPSi9tT2hSdDdQa1lJSjMxaXNaWHZJWE5qZHZpZXBiK0RMcG1ZeGlDK3VRL0cxOXBWaGw1WmxKYWRJWDRHOGNBMmVnWGZWZUxqRHdjRHBHT3VpOXVKN1hTL1h0K204d2I5M1JGbXBoamttSHNFeXU2U2plZXJxSElwY2d5aWtoaEs0YTd4UWE0dE1PQTl1ZjcwZS9HM3JzV1hTVEVYeGU5MUgrK3BPMGF5enFOVHJacXRVc3ZIcXN2d3lWd0xJQ2NULzNyRndxYjZOblowcnpzWnVXRitOVjRienlRWWE1dmpIOU1QQWNIcjZHdE14OXBFNU9FcDJPUVp3T2t6dG90UUIxLzBuWEk5aUQ3RWl6VEJiMzVwVk1XYUM5UlR2L0hUZ2tFbTo6BrkTrrqOyt+9\/KHSOW5N5Q==\"\/><input type=\"hidden\" id=\"_acf_nonce\" name=\"_acf_nonce\" value=\"994f9d8f86\"\/><input type=\"hidden\" id=\"_acf_changed\" name=\"_acf_changed\" value=\"0\"\/><input type=\"hidden\" id=\"_acf_location[post_id]\" name=\"_acf_location[post_id]\" value=\"2744\"\/><input type=\"hidden\" id=\"_acf_location[post_type]\" name=\"_acf_location[post_type]\" value=\"page\"\/>\t<\/div>\n<div class=\"acf-fields acf-form-fields -top\">\n<div class=\"acf-field acf-field-text acf-field--validate-email\" style=\"display:none !important;\" data-name=\"_validate_email\" data-type=\"text\" data-key=\"_validate_email\">\n<div class=\"acf-label\">\n<label for=\"acf-_validate_email\">Valider l\u2019e-mail<\/label><\/div>\n<div class=\"acf-input\">\n<div class=\"acf-input-wrap\"><input type=\"text\" id=\"acf-_validate_email\" name=\"acf[_validate_email]\"\/><\/div>\n<\/div>\n<\/div>\n<div class=\"row\">\n<div class=\"medium-6 columns magiclabel\">\n<div class=\"acf-field acf-field-text acf-field-604b736592961 is-required\" style=\"width:100%;\" data-name=\"name\" data-type=\"text\" data-key=\"field_604b736592961\" data-required=\"1\" data-width=\"100\">\n<div class=\"acf-label\">\n<label for=\"acf-field_604b736592961\">Nom <span class=\"acf-required\">*<\/span><\/label><\/div>\n<div class=\"acf-input\">\n<div class=\"acf-input-wrap\"><input type=\"text\" id=\"acf-field_604b736592961\" name=\"acf[field_604b736592961]\" required=\"required\"\/><\/div>\n<\/div>\n<\/div>\n<\/div>\n<div class=\"medium-6 columns magiclabel\">\n<div class=\"acf-field acf-field-text acf-field-604b736d92962 is-required\" style=\"width:100%;\" data-name=\"firstname\" data-type=\"text\" data-key=\"field_604b736d92962\" data-required=\"1\" data-width=\"100\">\n<div class=\"acf-label\">\n<label for=\"acf-field_604b736d92962\">Pr\u00e9nom <span class=\"acf-required\">*<\/span><\/label><\/div>\n<div class=\"acf-input\">\n<div class=\"acf-input-wrap\"><input type=\"text\" id=\"acf-field_604b736d92962\" name=\"acf[field_604b736d92962]\" required=\"required\"\/><\/div>\n<\/div>\n<\/div>\n<\/div>\n<div class=\"medium-6 columns magiclabel-simple\">\n<div class=\"acf-field acf-field-select acf-field-6078000b35a1d is-required\" data-name=\"civility\" data-type=\"select\" data-key=\"field_6078000b35a1d\" data-required=\"1\">\n<div class=\"acf-label\">\n<label for=\"acf-field_6078000b35a1d\">Civilit\u00e9 <span class=\"acf-required\">*<\/span><\/label><\/div>\n<div class=\"acf-input\">\n<select id=\"acf-field_6078000b35a1d\" class=\"\" name=\"acf[field_6078000b35a1d]\" data-ui=\"0\" data-ajax=\"0\" data-multiple=\"0\" data-placeholder=\"S\u00e9lectionner\" data-allow_null=\"0\"><option value=\"madame\">Madame<\/option><option value=\"monsieur\">Monsieur<\/option><\/select><\/div>\n<\/div>\n<\/div>\n<div class=\"medium-6 columns magiclabel\">\n<div class=\"acf-field acf-field-email acf-field-604b737592963 is-required\" style=\"width:100%;\" data-name=\"email\" data-type=\"email\" data-key=\"field_604b737592963\" data-required=\"1\" data-width=\"100\">\n<div class=\"acf-label\">\n<label for=\"acf-field_604b737592963\">Email <span class=\"acf-required\">*<\/span><\/label><\/div>\n<div class=\"acf-input\">\n<div class=\"acf-input-wrap\"><input type=\"email\" id=\"acf-field_604b737592963\" name=\"acf[field_604b737592963]\" required=\"required\"\/><\/div>\n<\/div>\n<\/div>\n<\/div>\n<div class=\"columns magiclabel-simple\">\n<div class=\"acf-field acf-field-acfe-recaptcha acf-field-6979c2976d8ea acf-hidden acfe-no-label\" data-name=\"recaptcha\" data-type=\"acfe_recaptcha\" data-key=\"field_6979c2976d8ea\">\n<div class=\"acf-label\">\n<\/div>\n<div class=\"acf-input\">\n<div class=\"acf-input-wrap\" data-site-key=\"6LcOloEaAAAAALV-OZ_TYkpQ-VuubGvLgcBTyU7_\" data-version=\"v3\">\n<p>                        <input type=\"hidden\" id=\"acf-field_6979c2976d8ea\" name=\"acf[field_6979c2976d8ea]\"\/>\n        <\/div>\n<\/p><\/div>\n<\/div>\n<\/div>\n<div class=\"columns form-legaltxt\">Vos donn\u00e9es seront transmises de mani\u00e8re s\u00e9curis\u00e9e et les r\u00e8gles relatives \u00e0 la <a href=\"https:\/\/insieme.ch\/fr\/mentions-legales\/\">protection des donn\u00e9es<\/a> s&#8217;appliquent.<\/div>\n<div class=\"acf-form-submit\">\n<div class=\"form-txt-info\">\n\t\t\t\t\t\t\t\t\t\t\t\t<span><span class=\"acf-required\">* <\/span>Champs obligatoires<\/span>\n\t\t\t\t\t\t\t\t<\/div>\n<div class=\"acf-form-button-wrap\">\n\t\t\t\t\t\t\t\t\t\t\t\t<input type=\"submit\" class=\"acf-button button button-primary button-large nosplash\" value=\"Envoyer\" \/><br \/>\n\t\t\t\t\t\t\t\t\t\t\t\t<span class=\"acf-spinner\"><\/span>\n\t\t\t\t\t\t\t\t<\/div>\n<\/p><\/div>\n<\/div>\n<div class=\"google-recaptcha-msg\">\nCe site est prot\u00e9g\u00e9 par reCAPTCHA, et la <a href=\"https:\/\/policies.google.com\/privacy\" target=\"_blank\" title=\"Politique de confidentialit\u00e9 de Google\">politique de confidentialit\u00e9<\/a> et <a href=\"https:\/\/policies.google.com\/terms\" target=\"_blank\" title=\"Les conditions conditions de service de google\">les conditions conditions de service<\/a> de Google s&#8217;appliquent\n<\/div>\n<\/div>\n<div class=\"acf-form-submit\"><\/div>\n<\/p><\/form>\n<\/p><\/div>\n<\/p><\/div>\n<\/p><\/div>\n<\/p><\/div>\n<\/p><\/div>\n<\/p><\/div>\n<\/div>\n<\/div>\n<p><!-- \/flzn:zn_text --><\/p>\n","protected":false},"excerpt":{"rendered":"<p>Valider l\u2019e-mail Nom * Pr\u00e9nom * Civilit\u00e9 * MadameMonsieur Email * Vos donn\u00e9es seront transmises de mani\u00e8re s\u00e9curis\u00e9e et les r\u00e8gles relatives \u00e0 la protection des donn\u00e9es s&#8217;appliquent. * Champs [&hellip;]<\/p>\n","protected":false},"author":7,"featured_media":0,"parent":0,"menu_order":96,"comment_status":"closed","ping_status":"closed","template":"","meta":{"_acf_changed":false,"footnotes":""},"class_list":["post-2744","page","type-page","status-publish","hentry","wp-sticky"],"acf":[],"yoast_head":"<!-- This site is optimized with the Yoast SEO plugin v27.4 - https:\/\/yoast.com\/product\/yoast-seo-wordpress\/ -->\n<title>Inscription Newsletter<\/title>\n<meta name=\"robots\" content=\"index, follow, max-snippet:-1, max-image-preview:large, max-video-preview:-1\" \/>\n<link rel=\"canonical\" href=\"https:\/\/insieme.ch\/fr\/newsletter\/\" \/>\n<meta property=\"og:locale\" content=\"fr_FR\" \/>\n<meta property=\"og:type\" content=\"article\" \/>\n<meta property=\"og:title\" content=\"Inscription Newsletter\" \/>\n<meta property=\"og:description\" content=\"Valider l\u2019e-mail Nom * Pr\u00e9nom * Civilit\u00e9 * MadameMonsieur Email * Vos donn\u00e9es seront transmises de mani\u00e8re s\u00e9curis\u00e9e et les r\u00e8gles relatives \u00e0 la protection des donn\u00e9es s&#8217;appliquent. * Champs [&hellip;]\" \/>\n<meta property=\"og:url\" content=\"https:\/\/insieme.ch\/fr\/newsletter\/\" \/>\n<meta property=\"og:site_name\" content=\"insieme.ch\" \/>\n<meta property=\"article:modified_time\" content=\"2026-01-28T11:42:21+00:00\" \/>\n<meta property=\"og:image\" content=\"https:\/\/insieme.ch\/wp-inside\/uploads\/2021\/04\/2021-04-29-insieme-logo-1200-630.jpg\" \/>\n\t<meta property=\"og:image:width\" content=\"1200\" \/>\n\t<meta property=\"og:image:height\" content=\"630\" \/>\n\t<meta property=\"og:image:type\" content=\"image\/jpeg\" \/>\n<meta name=\"twitter:card\" content=\"summary_large_image\" \/>\n<script type=\"application\/ld+json\" class=\"yoast-schema-graph\">{\"@context\":\"https:\\\/\\\/schema.org\",\"@graph\":[{\"@type\":\"WebPage\",\"@id\":\"https:\\\/\\\/insieme.ch\\\/fr\\\/newsletter\\\/\",\"url\":\"https:\\\/\\\/insieme.ch\\\/fr\\\/newsletter\\\/\",\"name\":\"Inscription Newsletter\",\"isPartOf\":{\"@id\":\"https:\\\/\\\/insieme.ch\\\/fr\\\/#website\"},\"datePublished\":\"2021-03-09T10:08:41+00:00\",\"dateModified\":\"2026-01-28T11:42:21+00:00\",\"breadcrumb\":{\"@id\":\"https:\\\/\\\/insieme.ch\\\/fr\\\/newsletter\\\/#breadcrumb\"},\"inLanguage\":\"fr-FR\",\"potentialAction\":[{\"@type\":\"ReadAction\",\"target\":[\"https:\\\/\\\/insieme.ch\\\/fr\\\/newsletter\\\/\"]}]},{\"@type\":\"BreadcrumbList\",\"@id\":\"https:\\\/\\\/insieme.ch\\\/fr\\\/newsletter\\\/#breadcrumb\",\"itemListElement\":[{\"@type\":\"ListItem\",\"position\":1,\"name\":\"Accueil\",\"item\":\"https:\\\/\\\/insieme.ch\\\/fr\\\/\"},{\"@type\":\"ListItem\",\"position\":2,\"name\":\"Inscription Newsletter\"}]},{\"@type\":\"WebSite\",\"@id\":\"https:\\\/\\\/insieme.ch\\\/fr\\\/#website\",\"url\":\"https:\\\/\\\/insieme.ch\\\/fr\\\/\",\"name\":\"insieme.ch\",\"description\":\"\",\"publisher\":{\"@id\":\"https:\\\/\\\/insieme.ch\\\/fr\\\/#organization\"},\"potentialAction\":[{\"@type\":\"SearchAction\",\"target\":{\"@type\":\"EntryPoint\",\"urlTemplate\":\"https:\\\/\\\/insieme.ch\\\/fr\\\/?s={search_term_string}\"},\"query-input\":{\"@type\":\"PropertyValueSpecification\",\"valueRequired\":true,\"valueName\":\"search_term_string\"}}],\"inLanguage\":\"fr-FR\"},{\"@type\":\"Organization\",\"@id\":\"https:\\\/\\\/insieme.ch\\\/fr\\\/#organization\",\"name\":\"insieme\",\"url\":\"https:\\\/\\\/insieme.ch\\\/fr\\\/\",\"logo\":{\"@type\":\"ImageObject\",\"inLanguage\":\"fr-FR\",\"@id\":\"https:\\\/\\\/insieme.ch\\\/fr\\\/#\\\/schema\\\/logo\\\/image\\\/\",\"url\":\"https:\\\/\\\/insieme.ch\\\/wp-inside\\\/uploads\\\/2021\\\/03\\\/logo-insieme.jpg\",\"contentUrl\":\"https:\\\/\\\/insieme.ch\\\/wp-inside\\\/uploads\\\/2021\\\/03\\\/logo-insieme.jpg\",\"width\":250,\"height\":250,\"caption\":\"insieme\"},\"image\":{\"@id\":\"https:\\\/\\\/insieme.ch\\\/fr\\\/#\\\/schema\\\/logo\\\/image\\\/\"}}]}<\/script>\n<!-- \/ Yoast SEO plugin. -->","yoast_head_json":{"title":"Inscription Newsletter","robots":{"index":"index","follow":"follow","max-snippet":"max-snippet:-1","max-image-preview":"max-image-preview:large","max-video-preview":"max-video-preview:-1"},"canonical":"https:\/\/insieme.ch\/fr\/newsletter\/","og_locale":"fr_FR","og_type":"article","og_title":"Inscription Newsletter","og_description":"Valider l\u2019e-mail Nom * Pr\u00e9nom * Civilit\u00e9 * MadameMonsieur Email * Vos donn\u00e9es seront transmises de mani\u00e8re s\u00e9curis\u00e9e et les r\u00e8gles relatives \u00e0 la protection des donn\u00e9es s&#8217;appliquent. * Champs [&hellip;]","og_url":"https:\/\/insieme.ch\/fr\/newsletter\/","og_site_name":"insieme.ch","article_modified_time":"2026-01-28T11:42:21+00:00","og_image":[{"width":1200,"height":630,"url":"https:\/\/insieme.ch\/wp-inside\/uploads\/2021\/04\/2021-04-29-insieme-logo-1200-630.jpg","type":"image\/jpeg"}],"twitter_card":"summary_large_image","schema":{"@context":"https:\/\/schema.org","@graph":[{"@type":"WebPage","@id":"https:\/\/insieme.ch\/fr\/newsletter\/","url":"https:\/\/insieme.ch\/fr\/newsletter\/","name":"Inscription Newsletter","isPartOf":{"@id":"https:\/\/insieme.ch\/fr\/#website"},"datePublished":"2021-03-09T10:08:41+00:00","dateModified":"2026-01-28T11:42:21+00:00","breadcrumb":{"@id":"https:\/\/insieme.ch\/fr\/newsletter\/#breadcrumb"},"inLanguage":"fr-FR","potentialAction":[{"@type":"ReadAction","target":["https:\/\/insieme.ch\/fr\/newsletter\/"]}]},{"@type":"BreadcrumbList","@id":"https:\/\/insieme.ch\/fr\/newsletter\/#breadcrumb","itemListElement":[{"@type":"ListItem","position":1,"name":"Accueil","item":"https:\/\/insieme.ch\/fr\/"},{"@type":"ListItem","position":2,"name":"Inscription Newsletter"}]},{"@type":"WebSite","@id":"https:\/\/insieme.ch\/fr\/#website","url":"https:\/\/insieme.ch\/fr\/","name":"insieme.ch","description":"","publisher":{"@id":"https:\/\/insieme.ch\/fr\/#organization"},"potentialAction":[{"@type":"SearchAction","target":{"@type":"EntryPoint","urlTemplate":"https:\/\/insieme.ch\/fr\/?s={search_term_string}"},"query-input":{"@type":"PropertyValueSpecification","valueRequired":true,"valueName":"search_term_string"}}],"inLanguage":"fr-FR"},{"@type":"Organization","@id":"https:\/\/insieme.ch\/fr\/#organization","name":"insieme","url":"https:\/\/insieme.ch\/fr\/","logo":{"@type":"ImageObject","inLanguage":"fr-FR","@id":"https:\/\/insieme.ch\/fr\/#\/schema\/logo\/image\/","url":"https:\/\/insieme.ch\/wp-inside\/uploads\/2021\/03\/logo-insieme.jpg","contentUrl":"https:\/\/insieme.ch\/wp-inside\/uploads\/2021\/03\/logo-insieme.jpg","width":250,"height":250,"caption":"insieme"},"image":{"@id":"https:\/\/insieme.ch\/fr\/#\/schema\/logo\/image\/"}}]}},"_links":{"self":[{"href":"https:\/\/insieme.ch\/fr\/wp-json\/wp\/v2\/pages\/2744","targetHints":{"allow":["GET"]}}],"collection":[{"href":"https:\/\/insieme.ch\/fr\/wp-json\/wp\/v2\/pages"}],"about":[{"href":"https:\/\/insieme.ch\/fr\/wp-json\/wp\/v2\/types\/page"}],"author":[{"embeddable":true,"href":"https:\/\/insieme.ch\/fr\/wp-json\/wp\/v2\/users\/7"}],"replies":[{"embeddable":true,"href":"https:\/\/insieme.ch\/fr\/wp-json\/wp\/v2\/comments?post=2744"}],"version-history":[{"count":6,"href":"https:\/\/insieme.ch\/fr\/wp-json\/wp\/v2\/pages\/2744\/revisions"}],"predecessor-version":[{"id":32039,"href":"https:\/\/insieme.ch\/fr\/wp-json\/wp\/v2\/pages\/2744\/revisions\/32039"}],"wp:attachment":[{"href":"https:\/\/insieme.ch\/fr\/wp-json\/wp\/v2\/media?parent=2744"}],"curies":[{"name":"wp","href":"https:\/\/api.w.org\/{rel}","templated":true}]}}