{"id":20014,"date":"2023-09-01T11:54:33","date_gmt":"2023-09-01T09:54:33","guid":{"rendered":"https:\/\/insieme.ch\/?page_id=20014"},"modified":"2023-09-21T11:22:14","modified_gmt":"2023-09-21T09:22:14","slug":"medias-jevote","status":"publish","type":"page","link":"https:\/\/insieme.ch\/fr\/votations\/medias-jevote\/","title":{"rendered":"M\u00e9dias #JeVote"},"content":{"rendered":"<p><!-- flzn:zn_pagebanner --><\/p>\n<header id=\"flzn-pagebanner-1\" class=\"zone zn-pagebanner with-bg bg-color\"><span class=\"zone-bg bg-color bgc-yellow-light alignfull\"><\/span><\/p>\n<div class=\"zone-block zn-pagebanner-block alignwide va-center\"><\/div>\n<\/header>\n<p><!-- \/flzn:zn_pagebanner --><br \/>\n<!-- flzn:zn_text --><\/p>\n<div id=\"flzn-text-1\" class=\"zone zn-text with-bg bg-color\"><span class=\"zone-bg bg-color bgc-white alignfull\"><\/span><\/p>\n<div class=\"zone-block zn-text-block pdd-top-off pdd-bottom-off alignwide va-top\">\n<div class=\"row mw-content-zone type-style \">\n<div class=\"columns large-12\">\n<div class=\"zn-text-titlebox\">\n<h2 class=\"zone-title zn-text-title zone-title titleline\">\n\t\t\t\t\t\tVid\u00e9os campagne #JeVote\t\t\t\t\t<\/h2>\n<\/p><\/div>\n<div class=\"row large-up-1 with-nice-alignment nbloc-1\">\n<div class=\"column zn-text-col\">\n<div class=\"column-inner\">\n<div class=\"wig-content mw-content\">\n<h4 style=\"text-align: center;\"><a href=\"https:\/\/drive.google.com\/drive\/folders\/1yk-UYki3eWUibRIwWsYbqPkM-NYEdEMF?usp=drive_link\" target=\"_blank\" rel=\"noopener\"><strong>T\u00e9l\u00e9charger les vid\u00e9os<\/strong><\/a><\/h4>\n<p><a href=\"https:\/\/drive.google.com\/drive\/folders\/1yk-UYki3eWUibRIwWsYbqPkM-NYEdEMF?usp=drive_link\"><img decoding=\"async\" loading=\"lazy\" class=\"aligncenter wp-image-20428 size-full\" src=\"https:\/\/insieme.ch\/wp-inside\/uploads\/2023\/09\/kurclips-apercu.jpg\" alt=\"\" width=\"1621\" height=\"733\" srcset=\"https:\/\/insieme.ch\/wp-inside\/uploads\/2023\/09\/kurclips-apercu.jpg 1621w, https:\/\/insieme.ch\/wp-inside\/uploads\/2023\/09\/kurclips-apercu-300x136.jpg 300w, https:\/\/insieme.ch\/wp-inside\/uploads\/2023\/09\/kurclips-apercu-1024x463.jpg 1024w, https:\/\/insieme.ch\/wp-inside\/uploads\/2023\/09\/kurclips-apercu-768x347.jpg 768w, https:\/\/insieme.ch\/wp-inside\/uploads\/2023\/09\/kurclips-apercu-1536x695.jpg 1536w, https:\/\/insieme.ch\/wp-inside\/uploads\/2023\/09\/kurclips-apercu-320x145.jpg 320w, https:\/\/insieme.ch\/wp-inside\/uploads\/2023\/09\/kurclips-apercu-800x362.jpg 800w\" sizes=\"auto, (max-width: 1621px) 100vw, 1621px\" \/><\/a><\/p>\n<\/p><\/div>\n<\/p><\/div>\n<\/p><\/div>\n<\/p><\/div>\n<\/p><\/div>\n<\/p><\/div>\n<\/div>\n<\/div>\n<p><!-- \/flzn:zn_text --><br \/>\n<!-- flzn:zn_banner --><\/p>\n<div id=\"flzn-banner-1\" class=\"zone zn-banner with-bg bg-color\"><span class=\"zone-bg bg-color bgc-white alignfull\"><\/span><\/p>\n<div class=\"zone-block zn-banner-block pdd-top-off pdd-bottom-off alignwide va-center\">\n<div class=\"zn-banner-bg zone-bg alignfull\">\n<div class=\"zn-banner-bg-picture is-img\">\n<div class=\"zn-banner-bg-imgs rs_preserve slick-slider slider-banner-bg\">\n<div class=\"zn-banner-bg-imgitem slick-item\">\n<div class=\"zn-banner-bg-imgbg rs_preserve\" data-interchange=\"[https:\/\/insieme.ch\/wp-inside\/uploads\/2023\/09\/insieme_logo_fr-425x300.jpg, small],[https:\/\/insieme.ch\/wp-inside\/uploads\/2023\/09\/insieme_logo_fr.jpg, gsmall],[https:\/\/insieme.ch\/wp-inside\/uploads\/2023\/09\/insieme_logo_fr.jpg, glarge],[https:\/\/insieme.ch\/wp-inside\/uploads\/2023\/09\/insieme_logo_fr.jpg, xlarge],\"><\/div>\n<p><img decoding=\"async\" class=\"zn-banner-bg-img rs_preserve\" src=\"https:\/\/insieme.ch\/wp-inside\/uploads\/2023\/09\/insieme_logo_fr-425x300.jpg\" alt=\"\" data-interchange=\"[https:\/\/insieme.ch\/wp-inside\/uploads\/2023\/09\/insieme_logo_fr-425x300.jpg, small],[https:\/\/insieme.ch\/wp-inside\/uploads\/2023\/09\/insieme_logo_fr.jpg, gsmall],[https:\/\/insieme.ch\/wp-inside\/uploads\/2023\/09\/insieme_logo_fr.jpg, glarge],[https:\/\/insieme.ch\/wp-inside\/uploads\/2023\/09\/insieme_logo_fr.jpg, xlarge],\"><\/div>\n<\/div>\n<\/div><\/div>\n<div class=\"row zn-banner-row with-bgpic rs_preserve\">\n<div class=\"columns xxlarge-pull-1 zn-banner-col-content\">\n<div class=\"columns-inner\">\n<div class=\"zn-banner-box\">\n<div class=\"zn-banner-content\">\n<div class=\"zn-banner-titlebox\">\n<h2 class=\"zn-banner-title\">\n\t\t\t\t\t\t\t\t\t\t\t\t\t\t\t<\/h2>\n<\/p><\/div>\n<\/p><\/div>\n<\/p><\/div>\n<\/p><\/div>\n<\/p><\/div>\n<\/p><\/div>\n<\/div>\n<\/div>\n<p><!-- \/flzn:zn_banner --><br \/>\n<!-- flzn:zn_documents --><\/p>\n<div id=\"flzn-documents-1\" class=\"zone zn-documents with-bg bg-color\"><span class=\"zone-bg bg-color bgc-yellow-light alignfull\"><\/span><\/p>\n<div class=\"zone-block zn-documents-block alignwide va-center\">\n<div class=\"row\">\n<div class=\"columns large-12\">\n<div class=\"zn-documents-titlebox zone-titlebox\" >\n<h2 class=\"zn-documents-title zone-title title-with-deco\">Mat\u00e9riel \u00e0 t\u00e9l\u00e9charger<\/h2>\n<\/p><\/div>\n<div class=\"row zn-documents-list small-up-1 medium-up-2 large-up-3 blockgrid-center\">\n<div class=\"column zn-documents-item\">\n\t\t\t\t\t\t<a class=\"documentlink downloadlink\" href=\"https:\/\/insieme.ch\/wp-inside\/uploads\/2023\/09\/insieme_logo_fr-425x300.jpg\" title=\"T\u00e9l\u00e9charger \u00ab insieme_logo_fr.jpg \u00bb\" target=\"_blank\" rel=\"noopener\"><\/p>\n<h3 class=\"documentlink-title\">Logo #JeVote<\/h3>\n<p>\t\t\t\t\t\t\t<span class=\"documentlink-txt\">T\u00e9l\u00e9charger le document<\/span><br \/>\n\t\t\t\t\t\t\t\t\t\t\t\t\t\t<span class=\"documentlink-info\"> &#8211; <span class=\"documentlink-weight\">46,21 Ko<\/span><\/span><br \/>\n\t\t\t\t\t\t\t\t\t\t\t\t\t<\/a>\n\t\t\t\t\t<\/div>\n<div class=\"column zn-documents-item\">\n\t\t\t\t\t\t<a class=\"documentlink downloadlink\" href=\"https:\/\/insieme.ch\/wp-inside\/uploads\/2023\/09\/daniel-inserta-neu-fr.pdf\" title=\"T\u00e9l\u00e9charger \u00ab daniel-inserta-neu-fr.pdf \u00bb\" target=\"_blank\" rel=\"noopener\"><\/p>\n<h3 class=\"documentlink-title\">Flyer Daniel bureau de vote accessible<\/h3>\n<p>\t\t\t\t\t\t\t<span class=\"documentlink-txt\">T\u00e9l\u00e9charger le document<\/span><br \/>\n\t\t\t\t\t\t\t\t\t\t\t\t\t\t<span class=\"documentlink-info\"> &#8211; <span class=\"documentlink-weight\">663,70 Ko<\/span><\/span><br \/>\n\t\t\t\t\t\t\t\t\t\t\t\t\t<\/a>\n\t\t\t\t\t<\/div>\n<div class=\"column zn-documents-item\">\n\t\t\t\t\t\t<a class=\"documentlink downloadlink\" href=\"https:\/\/insieme.ch\/wp-inside\/uploads\/2023\/09\/suad-inserat-neu-fr.pdf\" title=\"T\u00e9l\u00e9charger \u00ab suad-inserat-neu-fr.pdf \u00bb\" target=\"_blank\" rel=\"noopener\"><\/p>\n<h3 class=\"documentlink-title\">Flyer Suad bureau de vote accessible<\/h3>\n<p>\t\t\t\t\t\t\t<span class=\"documentlink-txt\">T\u00e9l\u00e9charger le document<\/span><br \/>\n\t\t\t\t\t\t\t\t\t\t\t\t\t\t<span class=\"documentlink-info\"> &#8211; <span class=\"documentlink-weight\">463,83 Ko<\/span><\/span><br \/>\n\t\t\t\t\t\t\t\t\t\t\t\t\t<\/a>\n\t\t\t\t\t<\/div>\n<\/p><\/div>\n<\/p><\/div>\n<\/p><\/div>\n<\/div>\n<\/div>\n<p><!-- \/flzn:zn_documents --><br \/>\n<!-- flzn:zn_text --><\/p>\n<div id=\"flzn-text-2\" class=\"zone zn-text with-bg bg-color\"><span class=\"zone-bg bg-color bgc-gray alignfull\"><\/span><\/p>\n<div class=\"zone-block zn-text-block alignwide va-top\">\n<div class=\"row mw-content-zone type-style \">\n<div class=\"columns large-12\">\n<div class=\"zn-text-titlebox\">\n<h2 class=\"zone-title zn-text-title zone-title titleline\">\n\t\t\t\t\t\tCoin presse\t\t\t\t\t<\/h2>\n<\/p><\/div>\n<div class=\"row large-up-1 with-nice-alignment nbloc-1\">\n<div class=\"column zn-text-col\">\n<div class=\"column-inner\">\n<div class=\"wig-content mw-content\">\n<ul>\n<li><strong><a href=\"https:\/\/www.letemps.ch\/suisse\/les-personnes-handicapees-se-preparent-elles-aussi-aux-elections-federales\" target=\"_blank\" rel=\"noopener\">Les personnes handicap\u00e9e se pr\u00e9parent elles aussi aux \u00e9lections f\u00e9d\u00e9rales<\/a><\/strong>, Le Temps, 17 ao\u00fbt 2023<\/li>\n<li>\n<p class=\"post__title\"><a href=\"https:\/\/www.letemps.ch\/societe\/egalite\/un-guide-vote-soit-laffaire\" target=\"_blank\" rel=\"noopener\"><strong>Un guide pour que le vote soit l&rsquo;affaire de tous<\/strong><\/a>, Le Temps, 14 octobre 2019<\/p>\n<\/li>\n<\/ul><\/div>\n<\/p><\/div>\n<\/p><\/div>\n<\/p><\/div>\n<\/p><\/div>\n<\/p><\/div>\n<\/div>\n<\/div>\n<p><!-- \/flzn:zn_text --><br \/>\n<!-- flzn:zn_list_member --><\/p>\n<div id=\"flzn-listmember-1\" class=\"zone zn-listmember with-bg bg-color\"><span class=\"zone-bg bg-color bgc-transparent alignfull\"><\/span><\/p>\n<div class=\"zone-block zn-listmember-block alignwide va-top\">\n<div class=\"row\">\n<div class=\"columns large-12\">\n<div class=\"row blockgrid-center nb-members-2 small-up-2 medium-up-3 large-up-4\" data-equalizer data-equalize-on=\"medium\">\n<div class=\"column zn-listmember-member\">\n<div class=\"zn-listmember-member-box\">\n<figure class=\"zn-listmember-member-figure\">\n\t\t\t\t\t\t\t<img decoding=\"async\" class=\"zn-listmember-member-img rs_preserve\" src=\"https:\/\/insieme.ch\/wp-inside\/uploads\/2023\/09\/team_lise-tran-300x300.jpg\" alt=\"\" data-interchange=\"[https:\/\/insieme.ch\/wp-inside\/uploads\/2023\/09\/team_lise-tran-300x300.jpg, small],[https:\/\/insieme.ch\/wp-inside\/uploads\/2023\/09\/team_lise-tran-300x300.jpg, gsmall],[https:\/\/insieme.ch\/wp-inside\/uploads\/2023\/09\/team_lise-tran-300x300.jpg, glarge],\"><figcaption class=\"zn-listmember-member-img-caption show-for-sr\">Insieme Team<br \/>\nLise Tran<br \/>\nSeptember 2020<br \/>\nFoto: \u00a9 Vera Markus<br \/>\nv.markus@bluewin.ch<br \/>\nwww.veramarkus.com<\/figcaption><\/figure>\n<div class=\"zn-listmember-member-infos\">\n<div class=\"rs_preserve rs_skip\" data-equalizer-watch>\n<h3 class=\"zn-listmember-member-name\">\n\t\t\t\t\t\t\t\t\tLise Tran\t\t\t\t\t\t\t\t<\/h3>\n<p class=\"zn-listmember-member-fonction\">\n\t\t\t\t\t\t\t\t\tCharg\u00e9e de communication Suisse romande\t\t\t\t\t\t\t\t<\/p>\n<\/p><\/div>\n<p>\t\t\t\t\t\t\t\t\t\t\t\t\t\t\t\t\t\t\t\t\t\t\t\t<button class=\"zn-listmember-member-button rs_preserve\" type=\"button\" data-toggle=\"zn-listmember-dropdown-1-1\">En savoir plus<\/button><\/p>\n<div class=\"zn-listmember-member-dropdown dropdown-pane rs_preserve\" data-position=\"bottom\" data-alignment=\"center\" id=\"zn-listmember-dropdown-1-1\" data-dropdown data-auto-focus=\"true\">\n<p class=\"zn-listmember-member-desc\">\n\t\t\t\t\t\t\t\t\t\t0313005034 \t\t\t\t\t\t\t\t\t<\/p>\n<p class=\"zn-listmember-member-mailbox\">\n\t\t\t\t\t\t\t\t\t\t<a class=\"zn-listmember-member-mail\" href=\"mailto:Ltran@insieme.ch\" title=\"\"><br \/>\n\t\t\t\t\t\t\t\t\t\t\tLtran@insieme.ch\t\t\t\t\t\t\t\t\t\t<\/a>\n\t\t\t\t\t\t\t\t\t<\/p>\n<\/p><\/div>\n<\/p><\/div>\n<\/p><\/div>\n<\/p><\/div>\n<div class=\"column zn-listmember-member\">\n<div class=\"zn-listmember-member-box\">\n<figure class=\"zn-listmember-member-figure\">\n\t\t\t\t\t\t\t<img decoding=\"async\" class=\"zn-listmember-member-img rs_preserve\" src=\"https:\/\/insieme.ch\/wp-inside\/uploads\/2023\/09\/team_susanne-schanda-300x300.jpg\" alt=\"\" data-interchange=\"[https:\/\/insieme.ch\/wp-inside\/uploads\/2023\/09\/team_susanne-schanda-300x300.jpg, small],[https:\/\/insieme.ch\/wp-inside\/uploads\/2023\/09\/team_susanne-schanda-300x300.jpg, gsmall],[https:\/\/insieme.ch\/wp-inside\/uploads\/2023\/09\/team_susanne-schanda-300x300.jpg, glarge],\"><figcaption class=\"zn-listmember-member-img-caption show-for-sr\">Susanne Schanda<br \/>\nApril 2019<br \/>\nFoto: \u00a9 Vera Markus<br \/>\nv.markus@bluewin.ch<br \/>\nwww.veramarkus.com *** Local Caption ***<\/figcaption><\/figure>\n<div class=\"zn-listmember-member-infos\">\n<div class=\"rs_preserve rs_skip\" data-equalizer-watch>\n<h3 class=\"zn-listmember-member-name\">\n\t\t\t\t\t\t\t\t\tSusanne Schanda\t\t\t\t\t\t\t\t<\/h3>\n<p class=\"zn-listmember-member-fonction\">\n\t\t\t\t\t\t\t\t\tCharg\u00e9e de communication Suisse al\u00e9manique\t\t\t\t\t\t\t\t<\/p>\n<\/p><\/div>\n<p>\t\t\t\t\t\t\t\t\t\t\t\t\t\t\t\t\t\t\t\t\t\t\t\t<button class=\"zn-listmember-member-button rs_preserve\" type=\"button\" data-toggle=\"zn-listmember-dropdown-1-2\">En savoir plus<\/button><\/p>\n<div class=\"zn-listmember-member-dropdown dropdown-pane rs_preserve\" data-position=\"bottom\" data-alignment=\"center\" id=\"zn-listmember-dropdown-1-2\" data-dropdown data-auto-focus=\"true\">\n<p class=\"zn-listmember-member-desc\">\n\t\t\t\t\t\t\t\t\t\t0313005031  \t\t\t\t\t\t\t\t\t<\/p>\n<p class=\"zn-listmember-member-mailbox\">\n\t\t\t\t\t\t\t\t\t\t<a class=\"zn-listmember-member-mail\" href=\"mailto:Sschanda@insieme.ch\" title=\"\"><br \/>\n\t\t\t\t\t\t\t\t\t\t\tSschanda@insieme.ch\t\t\t\t\t\t\t\t\t\t<\/a>\n\t\t\t\t\t\t\t\t\t<\/p>\n<\/p><\/div>\n<\/p><\/div>\n<\/p><\/div>\n<\/p><\/div>\n<\/p><\/div>\n<\/p><\/div>\n<\/p><\/div>\n<\/p><\/div>\n<\/div>\n<p><!-- \/flzn:zn_list_member --><\/p>\n","protected":false},"excerpt":{"rendered":"<p>Vid\u00e9os campagne #JeVote T\u00e9l\u00e9charger les vid\u00e9os Mat\u00e9riel \u00e0 t\u00e9l\u00e9charger Logo #JeVote T\u00e9l\u00e9charger le document &#8211; 46,21 Ko Flyer Daniel bureau de vote accessible T\u00e9l\u00e9charger le document &#8211; 663,70 Ko Flyer [&hellip;]<\/p>\n","protected":false},"author":3,"featured_media":20397,"parent":19760,"menu_order":0,"comment_status":"closed","ping_status":"closed","template":"","meta":{"_acf_changed":false,"footnotes":""},"class_list":["post-20014","page","type-page","status-publish","has-post-thumbnail","hentry","wp-sticky"],"acf":[],"yoast_head":"<!-- This site is optimized with the Yoast SEO plugin v27.4 - https:\/\/yoast.com\/product\/yoast-seo-wordpress\/ -->\n<title>M\u00e9dias #JeVote<\/title>\n<meta name=\"robots\" content=\"index, follow, max-snippet:-1, max-image-preview:large, max-video-preview:-1\" \/>\n<link rel=\"canonical\" href=\"https:\/\/insieme.ch\/fr\/votations\/medias-jevote\/\" \/>\n<meta property=\"og:locale\" content=\"fr_FR\" \/>\n<meta property=\"og:type\" content=\"article\" \/>\n<meta property=\"og:title\" content=\"M\u00e9dias #JeVote\" \/>\n<meta property=\"og:description\" content=\"Vid\u00e9os campagne #JeVote T\u00e9l\u00e9charger les vid\u00e9os Mat\u00e9riel \u00e0 t\u00e9l\u00e9charger Logo #JeVote T\u00e9l\u00e9charger le document &#8211; 46,21 Ko Flyer Daniel bureau de vote accessible T\u00e9l\u00e9charger le document &#8211; 663,70 Ko Flyer [&hellip;]\" \/>\n<meta property=\"og:url\" content=\"https:\/\/insieme.ch\/fr\/votations\/medias-jevote\/\" \/>\n<meta property=\"og:site_name\" content=\"insieme.ch\" \/>\n<meta property=\"article:modified_time\" content=\"2023-09-21T09:22:14+00:00\" \/>\n<meta property=\"og:image\" content=\"https:\/\/insieme.ch\/wp-inside\/uploads\/2023\/09\/image-montage.jpg\" \/>\n\t<meta property=\"og:image:width\" content=\"1366\" \/>\n\t<meta property=\"og:image:height\" content=\"768\" \/>\n\t<meta property=\"og:image:type\" content=\"image\/jpeg\" \/>\n<meta name=\"twitter:card\" content=\"summary_large_image\" \/>\n<meta name=\"twitter:label1\" content=\"Dur\u00e9e de lecture estim\u00e9e\" \/>\n\t<meta name=\"twitter:data1\" content=\"1 minute\" \/>\n<script type=\"application\/ld+json\" class=\"yoast-schema-graph\">{\"@context\":\"https:\\\/\\\/schema.org\",\"@graph\":[{\"@type\":\"WebPage\",\"@id\":\"https:\\\/\\\/insieme.ch\\\/fr\\\/votations\\\/medias-jevote\\\/\",\"url\":\"https:\\\/\\\/insieme.ch\\\/fr\\\/votations\\\/medias-jevote\\\/\",\"name\":\"M\u00e9dias #JeVote\",\"isPartOf\":{\"@id\":\"https:\\\/\\\/insieme.ch\\\/fr\\\/#website\"},\"primaryImageOfPage\":{\"@id\":\"https:\\\/\\\/insieme.ch\\\/fr\\\/votations\\\/medias-jevote\\\/#primaryimage\"},\"image\":{\"@id\":\"https:\\\/\\\/insieme.ch\\\/fr\\\/votations\\\/medias-jevote\\\/#primaryimage\"},\"thumbnailUrl\":\"https:\\\/\\\/insieme.ch\\\/wp-inside\\\/uploads\\\/2023\\\/09\\\/image-montage.jpg\",\"datePublished\":\"2023-09-01T09:54:33+00:00\",\"dateModified\":\"2023-09-21T09:22:14+00:00\",\"breadcrumb\":{\"@id\":\"https:\\\/\\\/insieme.ch\\\/fr\\\/votations\\\/medias-jevote\\\/#breadcrumb\"},\"inLanguage\":\"fr-FR\",\"potentialAction\":[{\"@type\":\"ReadAction\",\"target\":[\"https:\\\/\\\/insieme.ch\\\/fr\\\/votations\\\/medias-jevote\\\/\"]}]},{\"@type\":\"ImageObject\",\"inLanguage\":\"fr-FR\",\"@id\":\"https:\\\/\\\/insieme.ch\\\/fr\\\/votations\\\/medias-jevote\\\/#primaryimage\",\"url\":\"https:\\\/\\\/insieme.ch\\\/wp-inside\\\/uploads\\\/2023\\\/09\\\/image-montage.jpg\",\"contentUrl\":\"https:\\\/\\\/insieme.ch\\\/wp-inside\\\/uploads\\\/2023\\\/09\\\/image-montage.jpg\",\"width\":1366,\"height\":768,\"caption\":\"Les droits politiques sont garantis par la Constitution. La r\u00e9alit\u00e9 est pourtant tout autre.\"},{\"@type\":\"BreadcrumbList\",\"@id\":\"https:\\\/\\\/insieme.ch\\\/fr\\\/votations\\\/medias-jevote\\\/#breadcrumb\",\"itemListElement\":[{\"@type\":\"ListItem\",\"position\":1,\"name\":\"Accueil\",\"item\":\"https:\\\/\\\/insieme.ch\\\/fr\\\/\"},{\"@type\":\"ListItem\",\"position\":2,\"name\":\"Elections f\u00e9d\u00e9rales 2023\",\"item\":\"https:\\\/\\\/insieme.ch\\\/fr\\\/wahlen\\\/\"},{\"@type\":\"ListItem\",\"position\":3,\"name\":\"M\u00e9dias #JeVote\"}]},{\"@type\":\"WebSite\",\"@id\":\"https:\\\/\\\/insieme.ch\\\/fr\\\/#website\",\"url\":\"https:\\\/\\\/insieme.ch\\\/fr\\\/\",\"name\":\"insieme.ch\",\"description\":\"\",\"publisher\":{\"@id\":\"https:\\\/\\\/insieme.ch\\\/fr\\\/#organization\"},\"potentialAction\":[{\"@type\":\"SearchAction\",\"target\":{\"@type\":\"EntryPoint\",\"urlTemplate\":\"https:\\\/\\\/insieme.ch\\\/fr\\\/?s={search_term_string}\"},\"query-input\":{\"@type\":\"PropertyValueSpecification\",\"valueRequired\":true,\"valueName\":\"search_term_string\"}}],\"inLanguage\":\"fr-FR\"},{\"@type\":\"Organization\",\"@id\":\"https:\\\/\\\/insieme.ch\\\/fr\\\/#organization\",\"name\":\"insieme\",\"url\":\"https:\\\/\\\/insieme.ch\\\/fr\\\/\",\"logo\":{\"@type\":\"ImageObject\",\"inLanguage\":\"fr-FR\",\"@id\":\"https:\\\/\\\/insieme.ch\\\/fr\\\/#\\\/schema\\\/logo\\\/image\\\/\",\"url\":\"https:\\\/\\\/insieme.ch\\\/wp-inside\\\/uploads\\\/2021\\\/03\\\/logo-insieme.jpg\",\"contentUrl\":\"https:\\\/\\\/insieme.ch\\\/wp-inside\\\/uploads\\\/2021\\\/03\\\/logo-insieme.jpg\",\"width\":250,\"height\":250,\"caption\":\"insieme\"},\"image\":{\"@id\":\"https:\\\/\\\/insieme.ch\\\/fr\\\/#\\\/schema\\\/logo\\\/image\\\/\"}}]}<\/script>\n<!-- \/ Yoast SEO plugin. -->","yoast_head_json":{"title":"M\u00e9dias #JeVote","robots":{"index":"index","follow":"follow","max-snippet":"max-snippet:-1","max-image-preview":"max-image-preview:large","max-video-preview":"max-video-preview:-1"},"canonical":"https:\/\/insieme.ch\/fr\/votations\/medias-jevote\/","og_locale":"fr_FR","og_type":"article","og_title":"M\u00e9dias #JeVote","og_description":"Vid\u00e9os campagne #JeVote T\u00e9l\u00e9charger les vid\u00e9os Mat\u00e9riel \u00e0 t\u00e9l\u00e9charger Logo #JeVote T\u00e9l\u00e9charger le document &#8211; 46,21 Ko Flyer Daniel bureau de vote accessible T\u00e9l\u00e9charger le document &#8211; 663,70 Ko Flyer [&hellip;]","og_url":"https:\/\/insieme.ch\/fr\/votations\/medias-jevote\/","og_site_name":"insieme.ch","article_modified_time":"2023-09-21T09:22:14+00:00","og_image":[{"width":1366,"height":768,"url":"https:\/\/insieme.ch\/wp-inside\/uploads\/2023\/09\/image-montage.jpg","type":"image\/jpeg"}],"twitter_card":"summary_large_image","twitter_misc":{"Dur\u00e9e de lecture estim\u00e9e":"1 minute"},"schema":{"@context":"https:\/\/schema.org","@graph":[{"@type":"WebPage","@id":"https:\/\/insieme.ch\/fr\/votations\/medias-jevote\/","url":"https:\/\/insieme.ch\/fr\/votations\/medias-jevote\/","name":"M\u00e9dias #JeVote","isPartOf":{"@id":"https:\/\/insieme.ch\/fr\/#website"},"primaryImageOfPage":{"@id":"https:\/\/insieme.ch\/fr\/votations\/medias-jevote\/#primaryimage"},"image":{"@id":"https:\/\/insieme.ch\/fr\/votations\/medias-jevote\/#primaryimage"},"thumbnailUrl":"https:\/\/insieme.ch\/wp-inside\/uploads\/2023\/09\/image-montage.jpg","datePublished":"2023-09-01T09:54:33+00:00","dateModified":"2023-09-21T09:22:14+00:00","breadcrumb":{"@id":"https:\/\/insieme.ch\/fr\/votations\/medias-jevote\/#breadcrumb"},"inLanguage":"fr-FR","potentialAction":[{"@type":"ReadAction","target":["https:\/\/insieme.ch\/fr\/votations\/medias-jevote\/"]}]},{"@type":"ImageObject","inLanguage":"fr-FR","@id":"https:\/\/insieme.ch\/fr\/votations\/medias-jevote\/#primaryimage","url":"https:\/\/insieme.ch\/wp-inside\/uploads\/2023\/09\/image-montage.jpg","contentUrl":"https:\/\/insieme.ch\/wp-inside\/uploads\/2023\/09\/image-montage.jpg","width":1366,"height":768,"caption":"Les droits politiques sont garantis par la Constitution. La r\u00e9alit\u00e9 est pourtant tout autre."},{"@type":"BreadcrumbList","@id":"https:\/\/insieme.ch\/fr\/votations\/medias-jevote\/#breadcrumb","itemListElement":[{"@type":"ListItem","position":1,"name":"Accueil","item":"https:\/\/insieme.ch\/fr\/"},{"@type":"ListItem","position":2,"name":"Elections f\u00e9d\u00e9rales 2023","item":"https:\/\/insieme.ch\/fr\/wahlen\/"},{"@type":"ListItem","position":3,"name":"M\u00e9dias #JeVote"}]},{"@type":"WebSite","@id":"https:\/\/insieme.ch\/fr\/#website","url":"https:\/\/insieme.ch\/fr\/","name":"insieme.ch","description":"","publisher":{"@id":"https:\/\/insieme.ch\/fr\/#organization"},"potentialAction":[{"@type":"SearchAction","target":{"@type":"EntryPoint","urlTemplate":"https:\/\/insieme.ch\/fr\/?s={search_term_string}"},"query-input":{"@type":"PropertyValueSpecification","valueRequired":true,"valueName":"search_term_string"}}],"inLanguage":"fr-FR"},{"@type":"Organization","@id":"https:\/\/insieme.ch\/fr\/#organization","name":"insieme","url":"https:\/\/insieme.ch\/fr\/","logo":{"@type":"ImageObject","inLanguage":"fr-FR","@id":"https:\/\/insieme.ch\/fr\/#\/schema\/logo\/image\/","url":"https:\/\/insieme.ch\/wp-inside\/uploads\/2021\/03\/logo-insieme.jpg","contentUrl":"https:\/\/insieme.ch\/wp-inside\/uploads\/2021\/03\/logo-insieme.jpg","width":250,"height":250,"caption":"insieme"},"image":{"@id":"https:\/\/insieme.ch\/fr\/#\/schema\/logo\/image\/"}}]}},"_links":{"self":[{"href":"https:\/\/insieme.ch\/fr\/wp-json\/wp\/v2\/pages\/20014","targetHints":{"allow":["GET"]}}],"collection":[{"href":"https:\/\/insieme.ch\/fr\/wp-json\/wp\/v2\/pages"}],"about":[{"href":"https:\/\/insieme.ch\/fr\/wp-json\/wp\/v2\/types\/page"}],"author":[{"embeddable":true,"href":"https:\/\/insieme.ch\/fr\/wp-json\/wp\/v2\/users\/3"}],"replies":[{"embeddable":true,"href":"https:\/\/insieme.ch\/fr\/wp-json\/wp\/v2\/comments?post=20014"}],"version-history":[{"count":6,"href":"https:\/\/insieme.ch\/fr\/wp-json\/wp\/v2\/pages\/20014\/revisions"}],"predecessor-version":[{"id":20437,"href":"https:\/\/insieme.ch\/fr\/wp-json\/wp\/v2\/pages\/20014\/revisions\/20437"}],"up":[{"embeddable":true,"href":"https:\/\/insieme.ch\/fr\/wp-json\/wp\/v2\/pages\/19760"}],"wp:featuredmedia":[{"embeddable":true,"href":"https:\/\/insieme.ch\/fr\/wp-json\/wp\/v2\/media\/20397"}],"wp:attachment":[{"href":"https:\/\/insieme.ch\/fr\/wp-json\/wp\/v2\/media?parent=20014"}],"curies":[{"name":"wp","href":"https:\/\/api.w.org\/{rel}","templated":true}]}}