{"id":18922,"date":"2023-04-27T12:33:50","date_gmt":"2023-04-27T10:33:50","guid":{"rendered":"https:\/\/insieme.ch\/?page_id=18922"},"modified":"2025-02-25T08:59:38","modified_gmt":"2025-02-25T07:59:38","slug":"feedback-initiative-pour-linclusion","status":"publish","type":"page","link":"https:\/\/insieme.ch\/fr\/feedback-initiative-pour-linclusion\/","title":{"rendered":"Feedback initiative pour l&#8217;inclusion"},"content":{"rendered":"<p><!-- flzn:zn_pagebanner --><\/p>\n<header id=\"flzn-pagebanner-1\" class=\"zone zn-pagebanner with-bg bg-color\"><span class=\"zone-bg bg-color bgc-yellow-light alignfull\"><\/span><\/p>\n<div class=\"zone-block zn-pagebanner-block alignwide va-center\"><\/div>\n<\/header>\n<p><!-- \/flzn:zn_pagebanner --><br \/>\n<!-- flzn:zn_text --><\/p>\n<div id=\"flzn-text-1\" class=\"zone zn-text with-bg bg-color\"><span class=\"zone-bg bg-color bgc-white alignfull\"><\/span><\/p>\n<div class=\"zone-block zn-text-block alignwide va-top\">\n<div class=\"row mw-content-zone type-style \">\n<div class=\"columns large-12\">\n<div class=\"row large-up-1 with-nice-alignment nbloc-1\">\n<div class=\"column zn-text-col\">\n<div class=\"column-inner\">\n<div class=\"wig-content mw-content\">\n<div class=\"wpforms-container wpforms-container-full\" id=\"wpforms-18920\">\n<form id=\"wpforms-form-18920\" class=\"wpforms-validate wpforms-form wpforms-ajax-form\" data-formid=\"18920\" method=\"post\" enctype=\"multipart\/form-data\" action=\"\/wp-admin\/post.php\" data-token=\"9d895fc2cc96eba20c579f2327af76cd\"><noscript class=\"wpforms-error-noscript\">Bitte aktiviere JavaScript in deinem Browser, um dieses Formular fertigzustellen.<\/noscript><\/p>\n<div class=\"wpforms-field-container\">\n<div id=\"wpforms-18920-field_2-container\" class=\"wpforms-field wpforms-field-radio\" data-field-id=\"2\"><label class=\"wpforms-field-label\" for=\"wpforms-18920-field_2\">J&#039;aimerais prendre part \u00e0 un \u00e9change en ligne<\/label><\/p>\n<ul id=\"wpforms-18920-field_2\">\n<li class=\"choice-1 depth-1\"><input type=\"radio\" id=\"wpforms-18920-field_2_1\" name=\"wpforms[fields][2]\" value=\"Oui\"  ><label class=\"wpforms-field-label-inline\" for=\"wpforms-18920-field_2_1\">Oui<\/label><\/li>\n<li class=\"choice-2 depth-1\"><input type=\"radio\" id=\"wpforms-18920-field_2_2\" name=\"wpforms[fields][2]\" value=\"Non\"  ><label class=\"wpforms-field-label-inline\" for=\"wpforms-18920-field_2_2\">Non<\/label><\/li>\n<\/ul>\n<\/div>\n<div id=\"wpforms-18920-field_3-container\" class=\"wpforms-field wpforms-field-text\" data-field-id=\"3\"><label class=\"wpforms-field-label\" for=\"wpforms-18920-field_3\">J&#039;ai besoin d&#039;informations concernant les sujets suivants:<\/label><input type=\"text\" id=\"wpforms-18920-field_3\" class=\"wpforms-field-medium\" name=\"wpforms[fields][3]\" ><\/div>\n<div id=\"wpforms-18920-field_4-container\" class=\"wpforms-field wpforms-field-name\" data-field-id=\"4\"><label class=\"wpforms-field-label\" for=\"wpforms-18920-field_4\">Nom et pr\u00e9nom <span class=\"wpforms-required-label\">*<\/span><\/label><input type=\"text\" id=\"wpforms-18920-field_4\" class=\"wpforms-field-medium wpforms-field-required\" name=\"wpforms[fields][4]\" required><\/div>\n<div id=\"wpforms-18920-field_5-container\" class=\"wpforms-field wpforms-field-email\" data-field-id=\"5\"><label class=\"wpforms-field-label\" for=\"wpforms-18920-field_5\">E-Mail <span class=\"wpforms-required-label\">*<\/span><\/label><input type=\"email\" id=\"wpforms-18920-field_5\" class=\"wpforms-field-medium wpforms-field-required\" name=\"wpforms[fields][5]\" spellcheck=\"false\" required><\/div>\n<\/div>\n<p><!-- .wpforms-field-container --><\/p>\n<div class=\"wpforms-submit-container\" ><input type=\"hidden\" name=\"wpforms[id]\" value=\"18920\">\t\t\t<input\n\t\t\t\ttype=\"hidden\"\n\t\t\t\tname=\"wpforms[nonce]\"\n\t\t\t\tvalue=\"8a819197ff\"\n\t\t\t\/><br \/>\n\t\t\t<input type=\"hidden\" name=\"wpforms[author]\" value=\"7\"><button type=\"submit\" name=\"wpforms[submit]\" id=\"wpforms-submit-18920\" class=\"wpforms-submit\" data-alt-text=\"Senden\u2026\" data-submit-text=\"Absenden\" aria-live=\"assertive\" value=\"wpforms-submit\">Absenden<\/button><img loading=\"lazy\" decoding=\"async\" src=\"https:\/\/insieme.ch\/wp-inside\/plugins\/wpforms\/assets\/images\/submit-spin.svg\" class=\"wpforms-submit-spinner\" style=\"display: none;\" width=\"26\" height=\"26\" alt=\"Wird geladen\"><\/div>\n<\/form>\n<\/div>\n<p>  <!-- .wpforms-container -->\n\t\t\t\t\t\t\t\t<\/div>\n<\/p><\/div>\n<\/p><\/div>\n<\/p><\/div>\n<\/p><\/div>\n<\/p><\/div>\n<\/div>\n<\/div>\n<p><!-- \/flzn:zn_text --><\/p>\n","protected":false},"excerpt":{"rendered":"<p>Bitte aktiviere JavaScript in deinem Browser, um dieses Formular fertigzustellen. J&#039;aimerais prendre part \u00e0 un \u00e9change en ligne Oui Non J&#039;ai besoin d&#039;informations concernant les sujets suivants: Nom et pr\u00e9nom [&hellip;]<\/p>\n","protected":false},"author":3,"featured_media":0,"parent":0,"menu_order":70,"comment_status":"closed","ping_status":"closed","template":"","meta":{"_acf_changed":false,"footnotes":""},"class_list":["post-18922","page","type-page","status-publish","hentry","wp-sticky"],"acf":[],"yoast_head":"<!-- This site is optimized with the Yoast SEO plugin v27.4 - https:\/\/yoast.com\/product\/yoast-seo-wordpress\/ -->\n<title>Feedback initiative pour l&#039;inclusion<\/title>\n<meta name=\"robots\" content=\"index, follow, max-snippet:-1, max-image-preview:large, max-video-preview:-1\" \/>\n<link rel=\"canonical\" href=\"https:\/\/insieme.ch\/fr\/feedback-initiative-pour-linclusion\/\" \/>\n<meta property=\"og:locale\" content=\"fr_FR\" \/>\n<meta property=\"og:type\" content=\"article\" \/>\n<meta property=\"og:title\" content=\"Feedback initiative pour l&#039;inclusion\" \/>\n<meta property=\"og:description\" content=\"Bitte aktiviere JavaScript in deinem Browser, um dieses Formular fertigzustellen. J&#039;aimerais prendre part \u00e0 un \u00e9change en ligne Oui Non J&#039;ai besoin d&#039;informations concernant les sujets suivants: Nom et pr\u00e9nom [&hellip;]\" \/>\n<meta property=\"og:url\" content=\"https:\/\/insieme.ch\/fr\/feedback-initiative-pour-linclusion\/\" \/>\n<meta property=\"og:site_name\" content=\"insieme.ch\" \/>\n<meta property=\"article:modified_time\" content=\"2025-02-25T07:59:38+00:00\" \/>\n<meta property=\"og:image\" content=\"https:\/\/insieme.ch\/wp-inside\/plugins\/wpforms\/assets\/images\/submit-spin.svg\" \/>\n<meta name=\"twitter:card\" content=\"summary_large_image\" \/>\n<script type=\"application\/ld+json\" class=\"yoast-schema-graph\">{\"@context\":\"https:\\\/\\\/schema.org\",\"@graph\":[{\"@type\":\"WebPage\",\"@id\":\"https:\\\/\\\/insieme.ch\\\/fr\\\/feedback-initiative-pour-linclusion\\\/\",\"url\":\"https:\\\/\\\/insieme.ch\\\/fr\\\/feedback-initiative-pour-linclusion\\\/\",\"name\":\"Feedback initiative pour l'inclusion\",\"isPartOf\":{\"@id\":\"https:\\\/\\\/insieme.ch\\\/fr\\\/#website\"},\"primaryImageOfPage\":{\"@id\":\"https:\\\/\\\/insieme.ch\\\/fr\\\/feedback-initiative-pour-linclusion\\\/#primaryimage\"},\"image\":{\"@id\":\"https:\\\/\\\/insieme.ch\\\/fr\\\/feedback-initiative-pour-linclusion\\\/#primaryimage\"},\"thumbnailUrl\":\"https:\\\/\\\/insieme.ch\\\/wp-inside\\\/plugins\\\/wpforms\\\/assets\\\/images\\\/submit-spin.svg\",\"datePublished\":\"2023-04-27T10:33:50+00:00\",\"dateModified\":\"2025-02-25T07:59:38+00:00\",\"breadcrumb\":{\"@id\":\"https:\\\/\\\/insieme.ch\\\/fr\\\/feedback-initiative-pour-linclusion\\\/#breadcrumb\"},\"inLanguage\":\"fr-FR\",\"potentialAction\":[{\"@type\":\"ReadAction\",\"target\":[\"https:\\\/\\\/insieme.ch\\\/fr\\\/feedback-initiative-pour-linclusion\\\/\"]}]},{\"@type\":\"ImageObject\",\"inLanguage\":\"fr-FR\",\"@id\":\"https:\\\/\\\/insieme.ch\\\/fr\\\/feedback-initiative-pour-linclusion\\\/#primaryimage\",\"url\":\"https:\\\/\\\/insieme.ch\\\/wp-inside\\\/plugins\\\/wpforms\\\/assets\\\/images\\\/submit-spin.svg\",\"contentUrl\":\"https:\\\/\\\/insieme.ch\\\/wp-inside\\\/plugins\\\/wpforms\\\/assets\\\/images\\\/submit-spin.svg\"},{\"@type\":\"BreadcrumbList\",\"@id\":\"https:\\\/\\\/insieme.ch\\\/fr\\\/feedback-initiative-pour-linclusion\\\/#breadcrumb\",\"itemListElement\":[{\"@type\":\"ListItem\",\"position\":1,\"name\":\"Accueil\",\"item\":\"https:\\\/\\\/insieme.ch\\\/fr\\\/\"},{\"@type\":\"ListItem\",\"position\":2,\"name\":\"Feedback initiative pour l&#8217;inclusion\"}]},{\"@type\":\"WebSite\",\"@id\":\"https:\\\/\\\/insieme.ch\\\/fr\\\/#website\",\"url\":\"https:\\\/\\\/insieme.ch\\\/fr\\\/\",\"name\":\"insieme.ch\",\"description\":\"\",\"publisher\":{\"@id\":\"https:\\\/\\\/insieme.ch\\\/fr\\\/#organization\"},\"potentialAction\":[{\"@type\":\"SearchAction\",\"target\":{\"@type\":\"EntryPoint\",\"urlTemplate\":\"https:\\\/\\\/insieme.ch\\\/fr\\\/?s={search_term_string}\"},\"query-input\":{\"@type\":\"PropertyValueSpecification\",\"valueRequired\":true,\"valueName\":\"search_term_string\"}}],\"inLanguage\":\"fr-FR\"},{\"@type\":\"Organization\",\"@id\":\"https:\\\/\\\/insieme.ch\\\/fr\\\/#organization\",\"name\":\"insieme\",\"url\":\"https:\\\/\\\/insieme.ch\\\/fr\\\/\",\"logo\":{\"@type\":\"ImageObject\",\"inLanguage\":\"fr-FR\",\"@id\":\"https:\\\/\\\/insieme.ch\\\/fr\\\/#\\\/schema\\\/logo\\\/image\\\/\",\"url\":\"https:\\\/\\\/insieme.ch\\\/wp-inside\\\/uploads\\\/2021\\\/03\\\/logo-insieme.jpg\",\"contentUrl\":\"https:\\\/\\\/insieme.ch\\\/wp-inside\\\/uploads\\\/2021\\\/03\\\/logo-insieme.jpg\",\"width\":250,\"height\":250,\"caption\":\"insieme\"},\"image\":{\"@id\":\"https:\\\/\\\/insieme.ch\\\/fr\\\/#\\\/schema\\\/logo\\\/image\\\/\"}}]}<\/script>\n<!-- \/ Yoast SEO plugin. -->","yoast_head_json":{"title":"Feedback initiative pour l'inclusion","robots":{"index":"index","follow":"follow","max-snippet":"max-snippet:-1","max-image-preview":"max-image-preview:large","max-video-preview":"max-video-preview:-1"},"canonical":"https:\/\/insieme.ch\/fr\/feedback-initiative-pour-linclusion\/","og_locale":"fr_FR","og_type":"article","og_title":"Feedback initiative pour l'inclusion","og_description":"Bitte aktiviere JavaScript in deinem Browser, um dieses Formular fertigzustellen. J&#039;aimerais prendre part \u00e0 un \u00e9change en ligne Oui Non J&#039;ai besoin d&#039;informations concernant les sujets suivants: Nom et pr\u00e9nom [&hellip;]","og_url":"https:\/\/insieme.ch\/fr\/feedback-initiative-pour-linclusion\/","og_site_name":"insieme.ch","article_modified_time":"2025-02-25T07:59:38+00:00","og_image":[{"url":"https:\/\/insieme.ch\/wp-inside\/plugins\/wpforms\/assets\/images\/submit-spin.svg","type":"","width":"","height":""}],"twitter_card":"summary_large_image","schema":{"@context":"https:\/\/schema.org","@graph":[{"@type":"WebPage","@id":"https:\/\/insieme.ch\/fr\/feedback-initiative-pour-linclusion\/","url":"https:\/\/insieme.ch\/fr\/feedback-initiative-pour-linclusion\/","name":"Feedback initiative pour l'inclusion","isPartOf":{"@id":"https:\/\/insieme.ch\/fr\/#website"},"primaryImageOfPage":{"@id":"https:\/\/insieme.ch\/fr\/feedback-initiative-pour-linclusion\/#primaryimage"},"image":{"@id":"https:\/\/insieme.ch\/fr\/feedback-initiative-pour-linclusion\/#primaryimage"},"thumbnailUrl":"https:\/\/insieme.ch\/wp-inside\/plugins\/wpforms\/assets\/images\/submit-spin.svg","datePublished":"2023-04-27T10:33:50+00:00","dateModified":"2025-02-25T07:59:38+00:00","breadcrumb":{"@id":"https:\/\/insieme.ch\/fr\/feedback-initiative-pour-linclusion\/#breadcrumb"},"inLanguage":"fr-FR","potentialAction":[{"@type":"ReadAction","target":["https:\/\/insieme.ch\/fr\/feedback-initiative-pour-linclusion\/"]}]},{"@type":"ImageObject","inLanguage":"fr-FR","@id":"https:\/\/insieme.ch\/fr\/feedback-initiative-pour-linclusion\/#primaryimage","url":"https:\/\/insieme.ch\/wp-inside\/plugins\/wpforms\/assets\/images\/submit-spin.svg","contentUrl":"https:\/\/insieme.ch\/wp-inside\/plugins\/wpforms\/assets\/images\/submit-spin.svg"},{"@type":"BreadcrumbList","@id":"https:\/\/insieme.ch\/fr\/feedback-initiative-pour-linclusion\/#breadcrumb","itemListElement":[{"@type":"ListItem","position":1,"name":"Accueil","item":"https:\/\/insieme.ch\/fr\/"},{"@type":"ListItem","position":2,"name":"Feedback initiative pour l&#8217;inclusion"}]},{"@type":"WebSite","@id":"https:\/\/insieme.ch\/fr\/#website","url":"https:\/\/insieme.ch\/fr\/","name":"insieme.ch","description":"","publisher":{"@id":"https:\/\/insieme.ch\/fr\/#organization"},"potentialAction":[{"@type":"SearchAction","target":{"@type":"EntryPoint","urlTemplate":"https:\/\/insieme.ch\/fr\/?s={search_term_string}"},"query-input":{"@type":"PropertyValueSpecification","valueRequired":true,"valueName":"search_term_string"}}],"inLanguage":"fr-FR"},{"@type":"Organization","@id":"https:\/\/insieme.ch\/fr\/#organization","name":"insieme","url":"https:\/\/insieme.ch\/fr\/","logo":{"@type":"ImageObject","inLanguage":"fr-FR","@id":"https:\/\/insieme.ch\/fr\/#\/schema\/logo\/image\/","url":"https:\/\/insieme.ch\/wp-inside\/uploads\/2021\/03\/logo-insieme.jpg","contentUrl":"https:\/\/insieme.ch\/wp-inside\/uploads\/2021\/03\/logo-insieme.jpg","width":250,"height":250,"caption":"insieme"},"image":{"@id":"https:\/\/insieme.ch\/fr\/#\/schema\/logo\/image\/"}}]}},"_links":{"self":[{"href":"https:\/\/insieme.ch\/fr\/wp-json\/wp\/v2\/pages\/18922","targetHints":{"allow":["GET"]}}],"collection":[{"href":"https:\/\/insieme.ch\/fr\/wp-json\/wp\/v2\/pages"}],"about":[{"href":"https:\/\/insieme.ch\/fr\/wp-json\/wp\/v2\/types\/page"}],"author":[{"embeddable":true,"href":"https:\/\/insieme.ch\/fr\/wp-json\/wp\/v2\/users\/3"}],"replies":[{"embeddable":true,"href":"https:\/\/insieme.ch\/fr\/wp-json\/wp\/v2\/comments?post=18922"}],"version-history":[{"count":2,"href":"https:\/\/insieme.ch\/fr\/wp-json\/wp\/v2\/pages\/18922\/revisions"}],"predecessor-version":[{"id":18924,"href":"https:\/\/insieme.ch\/fr\/wp-json\/wp\/v2\/pages\/18922\/revisions\/18924"}],"wp:attachment":[{"href":"https:\/\/insieme.ch\/fr\/wp-json\/wp\/v2\/media?parent=18922"}],"curies":[{"name":"wp","href":"https:\/\/api.w.org\/{rel}","templated":true}]}}