{"id":1825,"date":"2021-03-05T10:51:32","date_gmt":"2021-03-05T09:51:32","guid":{"rendered":"https:\/\/insieme.ch\/?page_id=1825"},"modified":"2025-02-25T08:59:34","modified_gmt":"2025-02-25T07:59:34","slug":"a-propos-falc","status":"publish","type":"page","link":"https:\/\/insieme.ch\/fr\/a-propos-falc\/","title":{"rendered":"A propos &#8211; Facile \u00e0 lire"},"content":{"rendered":"<p><!-- flzn:zn_pagebanner --><\/p>\n<header id=\"flzn-pagebanner-1\" class=\"zone zn-pagebanner with-bg bg-color\"><span class=\"zone-bg bg-color bgc-yellow-light alignfull\"><\/span><\/p>\n<div class=\"zone-block zn-pagebanner-block alignwide va-center\"><\/div>\n<\/header>\n<p><!-- \/flzn:zn_pagebanner --><br \/>\n<!-- flzn:zn_text --><\/p>\n<div id=\"flzn-text-1\" class=\"zone zn-text with-bg bg-color\"><span class=\"zone-bg bg-color bgc-white alignfull\"><\/span><\/p>\n<div class=\"zone-block zn-text-block alignwide va-top\">\n<div class=\"row mw-content-zone  type-style aucun\">\n<div class=\"columns large-12\">\n<div class=\"row large-up-1 with-nice-alignment nbloc-1\">\n<div class=\"column zn-text-col\">\n<div class=\"column-inner\">\n<div class=\"wig-content mw-content\">\n<p>insieme est une association.<\/p>\n<p>Le mot insieme se prononce inn-si\u00e8-m\u00e8.<\/p>\n<p>Il veut dire ensemble en italien.<\/p>\n<p>Ensemble avec et pour les personnes avec un handicap.<br \/>\nIl y a environ 60 ans, les parents ont dit leur souhaits.<br \/>\nIls ont dit&#160;:<\/p>\n<ul>\n<li>Les personnes avec un handicap ont besoin d\u2019une \u00e9cole.<\/li>\n<li>Les personnes avec un handicap ont besoin d\u2019un travail.<\/li>\n<li>Les personnes avec un handicap ont besoin de soutien.<\/li>\n<\/ul>\n<p>C\u2019est pour cela que les parents ont fond\u00e9 l\u2019association insieme.<\/p>\n<p>Aujourd\u2019hui les personnes avec un handicap s\u2019engagent aussi.<br \/>\nLes personnes avec un handicap veulent faire conna\u00eetre leurs souhaits et leurs besoins elles-m\u00eames.<\/p>\n<p>Chez insieme elles re\u00e7oivent du soutien pour cela.<br \/>\nAujourd\u2019hui les personnes avec un handicap, les parents et les proches font ensemble partie d\u2019insieme.<\/p>\n<p>En Suisse il y a environ 50 associations insieme.<br \/>\nToutes les associations insieme ont les m\u00eames buts.<br \/>\nElles travaillent bien ensemble. Elles collaborent.<\/p>\n<p>Et insieme Suisse organise cette collaboration entre les associations.<\/p>\n<h3>Quels sont les buts d\u2019insieme&#160;?<\/h3>\n<p>insieme vise 3 buts&#160;:<\/p>\n<ol>\n<li>Les personnes avec un handicap mental ont les m\u00eames droits<br \/>\nque les autres personnes.<\/li>\n<li>Elles doivent pouvoir d\u00e9cider elles-m\u00eames pour leur vie.<\/li>\n<li>Elles font pleinement partie de notre soci\u00e9t\u00e9.<\/li>\n<\/ol>\n<h3>Comment insieme arrive \u00e0 ses buts&#160;?<\/h3>\n<p>insieme Suisse s\u2019engage dans 5 domaines&#160;:<\/p>\n<ol>\n<li><strong>Enlever les barri\u00e8res<\/strong>insieme souhaite ceci&#160;: comme tout le monde, les personnes avec<br \/>\nun handicap mental font pleinement partie de la soci\u00e9t\u00e9.<br \/>\nMais aujourd\u2019hui il y a encore <strong>des barri\u00e8res<\/strong>.<br \/>\nPar exemple&#160;:<\/p>\n<ul>\n<li>Souvent les personnes avec un handicap mental ne peuvent pas d\u00e9cider comment elles veulent habiter.<br \/>\ndans un foyer&#160;?<\/li>\n<li>dans un appartement prot\u00e9g\u00e9&#160;?<\/li>\n<li>seul&#160;?<\/li>\n<\/ul>\n<p>insieme s\u2019engage pour enlever ces barri\u00e8res.<\/li>\n<li><strong>S\u2019engager pour les droits et les souhaits<\/strong><br \/>\nLes personnes avec un handicap mental ont des droits.<br \/>\nElles ont aussi des souhaits particuliers.<br \/>\ninsieme s\u2019engage avec les personnes avec handicap mental,<br \/>\nleurs parents et leurs proches pour ces droits et ces souhaits.<\/li>\n<li><strong>Informer et communiquer<\/strong><br \/>\ninsieme donne des informations \u00e0 beaucoup de personnes<br \/>\nsur les souhaits et les besoins des personnes avec un handicap mental.<br \/>\nPar exemple dans le journal.<\/li>\n<li><strong>Des projets particuliers<\/strong><br \/>\nPour insieme, ceci est important&#160;:<br \/>\nles personnes avec un handicap mental peuvent participer activement \u00e0 tout.<br \/>\nPour cela, insieme d\u00e9veloppe des projets particuliers.<br \/>\nPar exemple&#160;:<br \/>\nLe projet&#160;: \u00ab&#160;Un guide pour voter&#160;\u00bb.<br \/>\n<a href=\"#\">Brochure \u201cUn guide pour voter\u201d<\/a><\/li>\n<li><strong>Conseils et activit\u00e9s de loisirs<\/strong><br \/>\ninsieme offre des conseils.<br \/>\ninsieme soutient les associations qui organisent des loisirs.<br \/>\nPar exemple&#160;:<br \/>\nun apr\u00e8s-midi minigolf, des cours d\u2019informatique ou<br \/>\ndes s\u00e9jours de vacances.<\/li>\n<\/ol>\n<h3>Qui aide insieme&#160;?<\/h3>\n<p>insieme travaille bien avec d\u2019autres organisations.<br \/>\nCes organisations sont dans toute la Suisse<br \/>\net m\u00eame \u00e0 l\u2019\u00e9tranger.<br \/>\nCe bon travail ensemble rend insieme plus fort.<\/p>\n<h3>insieme a combien de membres&#160;?<\/h3>\n<p>Les membres d\u2019insieme sont<br \/>\nles personnes avec un handicap<br \/>\nleurs parents et leurs proches et<br \/>\ntoutes les autres personnes qui veulent soutenir insieme.<\/p>\n<p>Cela fait plus de 8600 personnes.<\/p>\n<\/p><\/div>\n<\/p><\/div>\n<\/p><\/div>\n<\/p><\/div>\n<\/p><\/div>\n<\/p><\/div>\n<\/div>\n<\/div>\n<p><!-- \/flzn:zn_text --><\/p>\n","protected":false},"excerpt":{"rendered":"<p>insieme est une association. Le mot insieme se prononce inn-si\u00e8-m\u00e8. Il veut dire ensemble en italien. Ensemble avec et pour les personnes avec un handicap. Il y a environ 60 [&hellip;]<\/p>\n","protected":false},"author":7,"featured_media":0,"parent":0,"menu_order":57,"comment_status":"closed","ping_status":"closed","template":"","meta":{"_acf_changed":false,"footnotes":""},"class_list":["post-1825","page","type-page","status-publish","hentry","wp-sticky"],"acf":[],"yoast_head":"<!-- This site is optimized with the Yoast SEO plugin v27.4 - https:\/\/yoast.com\/product\/yoast-seo-wordpress\/ -->\n<title>A propos - Facile \u00e0 lire<\/title>\n<meta name=\"robots\" content=\"index, follow, max-snippet:-1, max-image-preview:large, max-video-preview:-1\" \/>\n<link rel=\"canonical\" href=\"https:\/\/insieme.ch\/fr\/a-propos-falc\/\" \/>\n<meta property=\"og:locale\" content=\"fr_FR\" \/>\n<meta property=\"og:type\" content=\"article\" \/>\n<meta property=\"og:title\" content=\"A propos - Facile \u00e0 lire\" \/>\n<meta property=\"og:description\" content=\"insieme est une association. Le mot insieme se prononce inn-si\u00e8-m\u00e8. Il veut dire ensemble en italien. Ensemble avec et pour les personnes avec un handicap. Il y a environ 60 [&hellip;]\" \/>\n<meta property=\"og:url\" content=\"https:\/\/insieme.ch\/fr\/a-propos-falc\/\" \/>\n<meta property=\"og:site_name\" content=\"insieme.ch\" \/>\n<meta property=\"article:modified_time\" content=\"2025-02-25T07:59:34+00:00\" \/>\n<meta property=\"og:image\" content=\"https:\/\/insieme.ch\/wp-inside\/uploads\/2021\/04\/2021-04-29-insieme-logo-1200-630.jpg\" \/>\n\t<meta property=\"og:image:width\" content=\"1200\" \/>\n\t<meta property=\"og:image:height\" content=\"630\" \/>\n\t<meta property=\"og:image:type\" content=\"image\/jpeg\" \/>\n<meta name=\"twitter:card\" content=\"summary_large_image\" \/>\n<meta name=\"twitter:label1\" content=\"Dur\u00e9e de lecture estim\u00e9e\" \/>\n\t<meta name=\"twitter:data1\" content=\"2 minutes\" \/>\n<script type=\"application\/ld+json\" class=\"yoast-schema-graph\">{\"@context\":\"https:\\\/\\\/schema.org\",\"@graph\":[{\"@type\":\"WebPage\",\"@id\":\"https:\\\/\\\/insieme.ch\\\/fr\\\/a-propos-falc\\\/\",\"url\":\"https:\\\/\\\/insieme.ch\\\/fr\\\/a-propos-falc\\\/\",\"name\":\"A propos - Facile \u00e0 lire\",\"isPartOf\":{\"@id\":\"https:\\\/\\\/insieme.ch\\\/fr\\\/#website\"},\"datePublished\":\"2021-03-05T09:51:32+00:00\",\"dateModified\":\"2025-02-25T07:59:34+00:00\",\"breadcrumb\":{\"@id\":\"https:\\\/\\\/insieme.ch\\\/fr\\\/a-propos-falc\\\/#breadcrumb\"},\"inLanguage\":\"fr-FR\",\"potentialAction\":[{\"@type\":\"ReadAction\",\"target\":[\"https:\\\/\\\/insieme.ch\\\/fr\\\/a-propos-falc\\\/\"]}]},{\"@type\":\"BreadcrumbList\",\"@id\":\"https:\\\/\\\/insieme.ch\\\/fr\\\/a-propos-falc\\\/#breadcrumb\",\"itemListElement\":[{\"@type\":\"ListItem\",\"position\":1,\"name\":\"Accueil\",\"item\":\"https:\\\/\\\/insieme.ch\\\/fr\\\/\"},{\"@type\":\"ListItem\",\"position\":2,\"name\":\"A propos &#8211; Facile \u00e0 lire\"}]},{\"@type\":\"WebSite\",\"@id\":\"https:\\\/\\\/insieme.ch\\\/fr\\\/#website\",\"url\":\"https:\\\/\\\/insieme.ch\\\/fr\\\/\",\"name\":\"insieme.ch\",\"description\":\"\",\"publisher\":{\"@id\":\"https:\\\/\\\/insieme.ch\\\/fr\\\/#organization\"},\"potentialAction\":[{\"@type\":\"SearchAction\",\"target\":{\"@type\":\"EntryPoint\",\"urlTemplate\":\"https:\\\/\\\/insieme.ch\\\/fr\\\/?s={search_term_string}\"},\"query-input\":{\"@type\":\"PropertyValueSpecification\",\"valueRequired\":true,\"valueName\":\"search_term_string\"}}],\"inLanguage\":\"fr-FR\"},{\"@type\":\"Organization\",\"@id\":\"https:\\\/\\\/insieme.ch\\\/fr\\\/#organization\",\"name\":\"insieme\",\"url\":\"https:\\\/\\\/insieme.ch\\\/fr\\\/\",\"logo\":{\"@type\":\"ImageObject\",\"inLanguage\":\"fr-FR\",\"@id\":\"https:\\\/\\\/insieme.ch\\\/fr\\\/#\\\/schema\\\/logo\\\/image\\\/\",\"url\":\"https:\\\/\\\/insieme.ch\\\/wp-inside\\\/uploads\\\/2021\\\/03\\\/logo-insieme.jpg\",\"contentUrl\":\"https:\\\/\\\/insieme.ch\\\/wp-inside\\\/uploads\\\/2021\\\/03\\\/logo-insieme.jpg\",\"width\":250,\"height\":250,\"caption\":\"insieme\"},\"image\":{\"@id\":\"https:\\\/\\\/insieme.ch\\\/fr\\\/#\\\/schema\\\/logo\\\/image\\\/\"}}]}<\/script>\n<!-- \/ Yoast SEO plugin. -->","yoast_head_json":{"title":"A propos - Facile \u00e0 lire","robots":{"index":"index","follow":"follow","max-snippet":"max-snippet:-1","max-image-preview":"max-image-preview:large","max-video-preview":"max-video-preview:-1"},"canonical":"https:\/\/insieme.ch\/fr\/a-propos-falc\/","og_locale":"fr_FR","og_type":"article","og_title":"A propos - Facile \u00e0 lire","og_description":"insieme est une association. Le mot insieme se prononce inn-si\u00e8-m\u00e8. Il veut dire ensemble en italien. Ensemble avec et pour les personnes avec un handicap. Il y a environ 60 [&hellip;]","og_url":"https:\/\/insieme.ch\/fr\/a-propos-falc\/","og_site_name":"insieme.ch","article_modified_time":"2025-02-25T07:59:34+00:00","og_image":[{"width":1200,"height":630,"url":"https:\/\/insieme.ch\/wp-inside\/uploads\/2021\/04\/2021-04-29-insieme-logo-1200-630.jpg","type":"image\/jpeg"}],"twitter_card":"summary_large_image","twitter_misc":{"Dur\u00e9e de lecture estim\u00e9e":"2 minutes"},"schema":{"@context":"https:\/\/schema.org","@graph":[{"@type":"WebPage","@id":"https:\/\/insieme.ch\/fr\/a-propos-falc\/","url":"https:\/\/insieme.ch\/fr\/a-propos-falc\/","name":"A propos - Facile \u00e0 lire","isPartOf":{"@id":"https:\/\/insieme.ch\/fr\/#website"},"datePublished":"2021-03-05T09:51:32+00:00","dateModified":"2025-02-25T07:59:34+00:00","breadcrumb":{"@id":"https:\/\/insieme.ch\/fr\/a-propos-falc\/#breadcrumb"},"inLanguage":"fr-FR","potentialAction":[{"@type":"ReadAction","target":["https:\/\/insieme.ch\/fr\/a-propos-falc\/"]}]},{"@type":"BreadcrumbList","@id":"https:\/\/insieme.ch\/fr\/a-propos-falc\/#breadcrumb","itemListElement":[{"@type":"ListItem","position":1,"name":"Accueil","item":"https:\/\/insieme.ch\/fr\/"},{"@type":"ListItem","position":2,"name":"A propos &#8211; Facile \u00e0 lire"}]},{"@type":"WebSite","@id":"https:\/\/insieme.ch\/fr\/#website","url":"https:\/\/insieme.ch\/fr\/","name":"insieme.ch","description":"","publisher":{"@id":"https:\/\/insieme.ch\/fr\/#organization"},"potentialAction":[{"@type":"SearchAction","target":{"@type":"EntryPoint","urlTemplate":"https:\/\/insieme.ch\/fr\/?s={search_term_string}"},"query-input":{"@type":"PropertyValueSpecification","valueRequired":true,"valueName":"search_term_string"}}],"inLanguage":"fr-FR"},{"@type":"Organization","@id":"https:\/\/insieme.ch\/fr\/#organization","name":"insieme","url":"https:\/\/insieme.ch\/fr\/","logo":{"@type":"ImageObject","inLanguage":"fr-FR","@id":"https:\/\/insieme.ch\/fr\/#\/schema\/logo\/image\/","url":"https:\/\/insieme.ch\/wp-inside\/uploads\/2021\/03\/logo-insieme.jpg","contentUrl":"https:\/\/insieme.ch\/wp-inside\/uploads\/2021\/03\/logo-insieme.jpg","width":250,"height":250,"caption":"insieme"},"image":{"@id":"https:\/\/insieme.ch\/fr\/#\/schema\/logo\/image\/"}}]}},"_links":{"self":[{"href":"https:\/\/insieme.ch\/fr\/wp-json\/wp\/v2\/pages\/1825","targetHints":{"allow":["GET"]}}],"collection":[{"href":"https:\/\/insieme.ch\/fr\/wp-json\/wp\/v2\/pages"}],"about":[{"href":"https:\/\/insieme.ch\/fr\/wp-json\/wp\/v2\/types\/page"}],"author":[{"embeddable":true,"href":"https:\/\/insieme.ch\/fr\/wp-json\/wp\/v2\/users\/7"}],"replies":[{"embeddable":true,"href":"https:\/\/insieme.ch\/fr\/wp-json\/wp\/v2\/comments?post=1825"}],"version-history":[{"count":4,"href":"https:\/\/insieme.ch\/fr\/wp-json\/wp\/v2\/pages\/1825\/revisions"}],"predecessor-version":[{"id":2933,"href":"https:\/\/insieme.ch\/fr\/wp-json\/wp\/v2\/pages\/1825\/revisions\/2933"}],"wp:attachment":[{"href":"https:\/\/insieme.ch\/fr\/wp-json\/wp\/v2\/media?parent=1825"}],"curies":[{"name":"wp","href":"https:\/\/api.w.org\/{rel}","templated":true}]}}