{"id":1715,"date":"2021-03-04T11:19:47","date_gmt":"2021-03-04T10:19:47","guid":{"rendered":"https:\/\/insieme.ch\/?page_id=1715"},"modified":"2025-05-20T14:14:12","modified_gmt":"2025-05-20T12:14:12","slug":"positions","status":"publish","type":"page","link":"https:\/\/insieme.ch\/fr\/nos-activites\/defense-des-interets\/positions\/","title":{"rendered":"Positions"},"content":{"rendered":"<p><!-- flzn:zn_banner --><\/p>\n<div id=\"flzn-banner-1\" class=\"zone zn-banner with-bg bg-color\"><span class=\"zone-bg bg-color bgc-white alignfull\"><\/span><\/p>\n<div class=\"zone-block zn-banner-block alignwide va-center\">\n<div class=\"zn-banner-bg zone-bg alignfull\">\n<div class=\"zn-banner-bg-picture is-img\">\n<div class=\"zn-banner-bg-imgs rs_preserve slick-slider slider-banner-bg\">\n<div class=\"zn-banner-bg-imgitem slick-item\">\n<div class=\"zn-banner-bg-imgbg rs_preserve\" data-interchange=\"[https:\/\/insieme.ch\/wp-inside\/uploads\/2021\/03\/defense-des-interets-425x300.jpg, small],[https:\/\/insieme.ch\/wp-inside\/uploads\/2021\/03\/defense-des-interets-1280x860.jpg, gsmall],[https:\/\/insieme.ch\/wp-inside\/uploads\/2021\/03\/defense-des-interets-1280x860.jpg, glarge],[https:\/\/insieme.ch\/wp-inside\/uploads\/2021\/03\/defense-des-interets-1500x600.jpg, xlarge],\"><\/div>\n<p><img decoding=\"async\" class=\"zn-banner-bg-img rs_preserve\" src=\"https:\/\/insieme.ch\/wp-inside\/uploads\/2021\/03\/defense-des-interets-425x300.jpg\" alt=\"Vue d\u2019en haut du parlement suisse\" data-interchange=\"[https:\/\/insieme.ch\/wp-inside\/uploads\/2021\/03\/defense-des-interets-425x300.jpg, small],[https:\/\/insieme.ch\/wp-inside\/uploads\/2021\/03\/defense-des-interets-1280x860.jpg, gsmall],[https:\/\/insieme.ch\/wp-inside\/uploads\/2021\/03\/defense-des-interets-1280x860.jpg, glarge],[https:\/\/insieme.ch\/wp-inside\/uploads\/2021\/03\/defense-des-interets-1500x600.jpg, xlarge],\"><\/div>\n<\/div>\n<\/div><\/div>\n<div class=\"row zn-banner-row with-bgpic rs_preserve\">\n<div class=\"columns xxlarge-pull-1 zn-banner-col-content\">\n<div class=\"columns-inner\">\n<div class=\"zn-banner-box\">\n<div class=\"zn-banner-content\">\n<div class=\"zn-banner-titlebox\">\n<div class=\"readspeaker_button_container\">\n<div id=\"readspeaker_button\" class=\"rs_skip rsbtn rs_preserve\"><a rel=\"nofollow\" class=\"rsbtn_play\" accesskey=\"L\" title=\"Ecoutez le texte avec ReadSpeaker webReader\" href=\"\/\/app-eu.readspeaker.com\/cgi-bin\/rsent?customerid=12240&#038;lang=fr_fr&#038;readid=global-main&#038;url=https%3A%2F%2Finsieme.ch%2Ffr%2Fnos-activites%2Fdefense-des-interets%2Fpositions%2F\"><span class=\"rsbtn_left rsimg rspart\"><span class=\"rsbtn_text\"><span>Ecouter<\/span><\/span><\/span><span class=\"rsbtn_right rsimg rsplay rspart\"><\/span><\/a><\/div>\n<\/div>\n<h2 class=\"zn-banner-title\">\n\t\t\t\t\t\t\t\tinsieme d\u00e9fend les int\u00e9r\u00eats des personnes avec un handicap mental\t\t\t\t\t\t\t<\/h2>\n<\/p><\/div>\n<\/p><\/div>\n<\/p><\/div>\n<\/p><\/div>\n<\/p><\/div>\n<\/p><\/div>\n<\/div>\n<\/div>\n<p><!-- \/flzn:zn_banner --><br \/>\n<!-- flzn:zn_pagebanner --><\/p>\n<header id=\"flzn-pagebanner-1\" class=\"zone zn-pagebanner with-bg bg-color\"><span class=\"zone-bg bg-color bgc-white alignfull\"><\/span><\/p>\n<div class=\"zone-block zn-pagebanner-block pdd-bottom-off alignfull va-center\">\n<div class=\"row zn-pagebanner-row with-txt\">\n<div class=\"columns zn-pagebanner-col-content\">\n<div class=\"columns-inner\">\n<div class=\"zn-pagebanner-content\">\n<div class=\"zn-pagebanner-desc wig-content\">\n<p style=\"text-align: center;\">insieme repr\u00e9sente les int\u00e9r\u00eats des personnes en situation de handicap mental dans le monde politique et le domaine public. Afin de mettre en \u00e9vidence ses positions et ses revendications, elle \u00e9labore des documents de synth\u00e8se sur des sujets essentiels. Mais \u00e9galement pour disposer de lignes directrices dans son propre travail.<\/p>\n<\/p><\/div>\n<\/p><\/div>\n<\/p><\/div>\n<\/p><\/div>\n<\/p><\/div>\n<\/p><\/div>\n<\/header>\n<p><!-- \/flzn:zn_pagebanner --><br \/>\n<!-- flzn:zn_text --><\/p>\n<div id=\"flzn-text-1\" class=\"zone zn-text with-bg bg-color\"><span class=\"zone-bg bg-color bgc-white alignfull\"><\/span><\/p>\n<div class=\"zone-block zn-text-block pdd-top-off alignwide va-top\">\n<div class=\"row mw-content-zone type-style \">\n<div class=\"columns large-12\">\n<div class=\"row large-up-1 with-nice-alignment nbloc-1\">\n<div class=\"column zn-text-col\">\n<div class=\"column-inner\">\n<div class=\"wig-content mw-content\">\n<p>Les positions d\u2019insieme concernent les domaines suivants\u00a0:<\/p>\n<ul>\n<li>Travail et formation<\/li>\n<li>Logement<\/li>\n<li>Ecole<\/li>\n<li>Petite enfance<\/li>\n<li>Biom\u00e9decine<\/li>\n<li>Protection de l\u2019adulte<\/li>\n<li>Droit de vote<\/li>\n<li>Pr\u00e9vention<\/li>\n<li>Parentalit\u00e9<\/li>\n<\/ul><\/div>\n<\/p><\/div>\n<\/p><\/div>\n<\/p><\/div>\n<\/p><\/div>\n<\/p><\/div>\n<\/div>\n<\/div>\n<p><!-- \/flzn:zn_text --><br \/>\n<!-- flzn:zn_documents --><\/p>\n<div id=\"flzn-documents-1\" class=\"zone zn-documents with-bg bg-color\"><span class=\"zone-bg bg-color bgc-yellow-light alignfull\"><\/span><\/p>\n<div class=\"zone-block zn-documents-block alignwide va-center\">\n<div class=\"row\">\n<div class=\"columns large-12\">\n<div class=\"zn-documents-titlebox zone-titlebox\" >\n<h2 class=\"zn-documents-title zone-title title-with-deco\">Documents \u00e0 t\u00e9l\u00e9charger<\/h2>\n<\/p><\/div>\n<div class=\"row zn-documents-list small-up-1 medium-up-2 large-up-3 blockgrid-center\">\n<div class=\"column zn-documents-item\">\n\t\t\t\t\t\t<a class=\"documentlink downloadlink\" href=\"https:\/\/insieme.ch\/wp-inside\/uploads\/2025\/05\/2025.05.10_prisedeposition_ecole_fr_final_adopte_ad.pdf\" title=\"T\u00e9l\u00e9charger \u00ab 2025.05.10_prisedeposition_ecole_fr_final_adopte_ad.pdf \u00bb\" target=\"_blank\"><\/p>\n<h3 class=\"documentlink-title\">Position insieme relative \u00e0 l&#8217;\u00e9cole inclusive<\/h3>\n<p>\t\t\t\t\t\t\t<span class=\"documentlink-txt\">T\u00e9l\u00e9charger le document<\/span><br \/>\n\t\t\t\t\t\t\t\t\t\t\t\t\t\t<span class=\"documentlink-info\"> &#8211; <span class=\"documentlink-weight\">177,34 Ko<\/span><\/span><br \/>\n\t\t\t\t\t\t\t\t\t\t\t\t\t<\/a>\n\t\t\t\t\t<\/div>\n<div class=\"column zn-documents-item\">\n\t\t\t\t\t\t<a class=\"documentlink downloadlink\" href=\"https:\/\/insieme.ch\/wp-inside\/uploads\/2024\/05\/2024.05.07_papier_position_medecine_reproductive_fr_vote.pdf\" title=\"T\u00e9l\u00e9charger \u00ab 2024.05.07_papier_position_medecine_reproductive_fr_vote.pdf \u00bb\" target=\"_blank\"><\/p>\n<h3 class=\"documentlink-title\">Position insieme relative \u00e0 la m\u00e9decine reproductive<\/h3>\n<p>\t\t\t\t\t\t\t<span class=\"documentlink-txt\">T\u00e9l\u00e9charger le document<\/span><br \/>\n\t\t\t\t\t\t\t\t\t\t\t\t\t\t<span class=\"documentlink-info\"> &#8211; <span class=\"documentlink-weight\">163,22 Ko<\/span><\/span><br \/>\n\t\t\t\t\t\t\t\t\t\t\t\t\t<\/a>\n\t\t\t\t\t<\/div>\n<div class=\"column zn-documents-item\">\n\t\t\t\t\t\t<a class=\"documentlink downloadlink\" href=\"https:\/\/insieme.ch\/wp-inside\/uploads\/2023\/06\/prise-de-position_sterilisation_2023_votee.pdf\" title=\"T\u00e9l\u00e9charger \u00ab prise-de-position_sterilisation_2023_votee.pdf \u00bb\" target=\"_blank\"><\/p>\n<h3 class=\"documentlink-title\">Position insieme relative \u00e0 la st\u00e9rilisation<\/h3>\n<p>\t\t\t\t\t\t\t<span class=\"documentlink-txt\">T\u00e9l\u00e9charger le document<\/span><br \/>\n\t\t\t\t\t\t\t\t\t\t\t\t\t\t<span class=\"documentlink-info\"> &#8211; <span class=\"documentlink-weight\">177,86 Ko<\/span><\/span><br \/>\n\t\t\t\t\t\t\t\t\t\t\t\t\t<\/a>\n\t\t\t\t\t<\/div>\n<div class=\"column zn-documents-item\">\n\t\t\t\t\t\t<a class=\"documentlink downloadlink\" href=\"https:\/\/insieme.ch\/wp-inside\/uploads\/2021\/03\/prise-de-position_cdph_f_2209.docx\" title=\"T\u00e9l\u00e9charger \u00ab prise-de-position_cdph_f_2209.docx \u00bb\" target=\"_blank\"><\/p>\n<h3 class=\"documentlink-title\">Position insieme relative \u00e0 la CDPH<\/h3>\n<p>\t\t\t\t\t\t\t<span class=\"documentlink-txt\">T\u00e9l\u00e9charger le document<\/span><br \/>\n\t\t\t\t\t\t\t\t\t\t\t\t\t\t<span class=\"documentlink-info\"> &#8211; <span class=\"documentlink-weight\">88,31 Ko<\/span><\/span><br \/>\n\t\t\t\t\t\t\t\t\t\t\t\t\t<\/a>\n\t\t\t\t\t<\/div>\n<div class=\"column zn-documents-item\">\n\t\t\t\t\t\t<a class=\"documentlink downloadlink\" href=\"https:\/\/insieme.ch\/wp-inside\/uploads\/2021\/03\/position_insieme_logement-1.pdf\" title=\"T\u00e9l\u00e9charger \u00ab position_insieme_logement-1.pdf \u00bb\" target=\"_blank\"><\/p>\n<h3 class=\"documentlink-title\">Position insieme relative au logement<\/h3>\n<p>\t\t\t\t\t\t\t<span class=\"documentlink-txt\">T\u00e9l\u00e9charger le document<\/span><br \/>\n\t\t\t\t\t\t\t\t\t\t\t\t\t\t<span class=\"documentlink-info\"> &#8211; <span class=\"documentlink-weight\">162,78 Ko<\/span><\/span><br \/>\n\t\t\t\t\t\t\t\t\t\t\t\t\t<\/a>\n\t\t\t\t\t<\/div>\n<div class=\"column zn-documents-item\">\n\t\t\t\t\t\t<a class=\"documentlink downloadlink\" href=\"https:\/\/insieme.ch\/wp-inside\/uploads\/2021\/03\/position_insieme_petite-enfance-1.pdf\" title=\"T\u00e9l\u00e9charger \u00ab position_insieme_petite-enfance-1.pdf \u00bb\" target=\"_blank\"><\/p>\n<h3 class=\"documentlink-title\">Position insieme relative \u00e0 la petite enfance<\/h3>\n<p>\t\t\t\t\t\t\t<span class=\"documentlink-txt\">T\u00e9l\u00e9charger le document<\/span><br \/>\n\t\t\t\t\t\t\t\t\t\t\t\t\t\t<span class=\"documentlink-info\"> &#8211; <span class=\"documentlink-weight\">273,74 Ko<\/span><\/span><br \/>\n\t\t\t\t\t\t\t\t\t\t\t\t\t<\/a>\n\t\t\t\t\t<\/div>\n<div class=\"column zn-documents-item\">\n\t\t\t\t\t\t<a class=\"documentlink downloadlink\" href=\"https:\/\/insieme.ch\/wp-inside\/uploads\/2021\/07\/charta_praevention_f_a4.pdf\" title=\"\" target=\"_blank\"><\/p>\n<h3 class=\"documentlink-title\">Position insieme relative \u00e0 la pr\u00e9vention<\/h3>\n<p>\t\t\t\t\t\t\t<span class=\"documentlink-txt\">T\u00e9l\u00e9charger le document<\/span><br \/>\n\t\t\t\t\t\t\t\t\t\t\t\t\t\t<span class=\"documentlink-info\"> &#8211; <span class=\"documentlink-weight\">2,45 Mo<\/span><\/span><br \/>\n\t\t\t\t\t\t\t\t\t\t\t\t\t<\/a>\n\t\t\t\t\t<\/div>\n<div class=\"column zn-documents-item\">\n\t\t\t\t\t\t<a class=\"documentlink downloadlink\" href=\"https:\/\/insieme.ch\/wp-inside\/uploads\/2021\/03\/position_insieme_protectionde-l_adulte-1.pdf\" title=\"T\u00e9l\u00e9charger \u00ab position_insieme_protectionde-l_adulte-1.pdf \u00bb\" target=\"_blank\"><\/p>\n<h3 class=\"documentlink-title\">Position insieme relative \u00e0 la protection de l\u2019adulte<\/h3>\n<p>\t\t\t\t\t\t\t<span class=\"documentlink-txt\">T\u00e9l\u00e9charger le document<\/span><br \/>\n\t\t\t\t\t\t\t\t\t\t\t\t\t\t<span class=\"documentlink-info\"> &#8211; <span class=\"documentlink-weight\">125,84 Ko<\/span><\/span><br \/>\n\t\t\t\t\t\t\t\t\t\t\t\t\t<\/a>\n\t\t\t\t\t<\/div>\n<div class=\"column zn-documents-item\">\n\t\t\t\t\t\t<a class=\"documentlink downloadlink\" href=\"https:\/\/insieme.ch\/wp-inside\/uploads\/2021\/03\/position_insieme_travail.pdf\" title=\"T\u00e9l\u00e9charger \u00ab position_insieme_travail.pdf \u00bb\" target=\"_blank\"><\/p>\n<h3 class=\"documentlink-title\">Position insieme relative au travail et \u00e0 la formation<\/h3>\n<p>\t\t\t\t\t\t\t<span class=\"documentlink-txt\">T\u00e9l\u00e9charger le document<\/span><br \/>\n\t\t\t\t\t\t\t\t\t\t\t\t\t\t<span class=\"documentlink-info\"> &#8211; <span class=\"documentlink-weight\">971,68 Ko<\/span><\/span><br \/>\n\t\t\t\t\t\t\t\t\t\t\t\t\t<\/a>\n\t\t\t\t\t<\/div>\n<div class=\"column zn-documents-item\">\n\t\t\t\t\t\t<a class=\"documentlink downloadlink\" href=\"https:\/\/insieme.ch\/wp-inside\/uploads\/2021\/03\/position-insieme_droit-de-vote-1.pdf\" title=\"T\u00e9l\u00e9charger \u00ab position-insieme_droit-de-vote-1.pdf \u00bb\" target=\"_blank\"><\/p>\n<h3 class=\"documentlink-title\">Position insieme relative au droit de vote<\/h3>\n<p>\t\t\t\t\t\t\t<span class=\"documentlink-txt\">T\u00e9l\u00e9charger le document<\/span><br \/>\n\t\t\t\t\t\t\t\t\t\t\t\t\t\t<span class=\"documentlink-info\"> &#8211; <span class=\"documentlink-weight\">128,08 Ko<\/span><\/span><br \/>\n\t\t\t\t\t\t\t\t\t\t\t\t\t<\/a>\n\t\t\t\t\t<\/div>\n<\/p><\/div>\n<\/p><\/div>\n<\/p><\/div>\n<\/div>\n<\/div>\n<p><!-- \/flzn:zn_documents --><\/p>\n","protected":false},"excerpt":{"rendered":"<p>Ecouter insieme d\u00e9fend les int\u00e9r\u00eats des personnes avec un handicap mental insieme repr\u00e9sente les int\u00e9r\u00eats des personnes en situation de handicap mental dans le monde politique et le domaine public. [&hellip;]<\/p>\n","protected":false},"author":7,"featured_media":0,"parent":1646,"menu_order":5,"comment_status":"closed","ping_status":"closed","template":"","meta":{"_acf_changed":false,"footnotes":""},"class_list":["post-1715","page","type-page","status-publish","hentry","wp-sticky"],"acf":[],"yoast_head":"<!-- This site is optimized with the Yoast SEO plugin v27.3 - https:\/\/yoast.com\/product\/yoast-seo-wordpress\/ -->\n<title>Association handicap mental Suisse : \u00e9cole, aidants familiaux, logement<\/title>\n<meta name=\"description\" content=\"insieme repr\u00e9sente les int\u00e9r\u00eats des personnes en situation de handicap mental dans le monde politique et le domaine public.\" \/>\n<meta name=\"robots\" content=\"index, follow, max-snippet:-1, max-image-preview:large, max-video-preview:-1\" \/>\n<link rel=\"canonical\" href=\"https:\/\/insieme.ch\/fr\/nos-activites\/defense-des-interets\/positions\/\" \/>\n<meta property=\"og:locale\" content=\"fr_FR\" \/>\n<meta property=\"og:type\" content=\"article\" \/>\n<meta property=\"og:title\" content=\"Association handicap mental Suisse : \u00e9cole, aidants familiaux, logement\" \/>\n<meta property=\"og:description\" content=\"insieme repr\u00e9sente les int\u00e9r\u00eats des personnes en situation de handicap mental dans le monde politique et le domaine public.\" \/>\n<meta property=\"og:url\" content=\"https:\/\/insieme.ch\/fr\/nos-activites\/defense-des-interets\/positions\/\" \/>\n<meta property=\"og:site_name\" content=\"insieme.ch\" \/>\n<meta property=\"article:modified_time\" content=\"2025-05-20T12:14:12+00:00\" \/>\n<meta property=\"og:image\" content=\"https:\/\/insieme.ch\/wp-inside\/uploads\/2021\/03\/defense-des-interets-425x300.jpg\" \/>\n<meta name=\"twitter:card\" content=\"summary_large_image\" \/>\n<meta name=\"twitter:label1\" content=\"Dur\u00e9e de lecture estim\u00e9e\" \/>\n\t<meta name=\"twitter:data1\" content=\"1 minute\" \/>\n<script type=\"application\/ld+json\" class=\"yoast-schema-graph\">{\"@context\":\"https:\\\/\\\/schema.org\",\"@graph\":[{\"@type\":\"WebPage\",\"@id\":\"https:\\\/\\\/insieme.ch\\\/fr\\\/nos-activites\\\/defense-des-interets\\\/positions\\\/\",\"url\":\"https:\\\/\\\/insieme.ch\\\/fr\\\/nos-activites\\\/defense-des-interets\\\/positions\\\/\",\"name\":\"Association handicap mental Suisse : \u00e9cole, aidants familiaux, logement\",\"isPartOf\":{\"@id\":\"https:\\\/\\\/insieme.ch\\\/fr\\\/#website\"},\"primaryImageOfPage\":{\"@id\":\"https:\\\/\\\/insieme.ch\\\/fr\\\/nos-activites\\\/defense-des-interets\\\/positions\\\/#primaryimage\"},\"image\":{\"@id\":\"https:\\\/\\\/insieme.ch\\\/fr\\\/nos-activites\\\/defense-des-interets\\\/positions\\\/#primaryimage\"},\"thumbnailUrl\":\"https:\\\/\\\/insieme.ch\\\/wp-inside\\\/uploads\\\/2021\\\/03\\\/defense-des-interets-425x300.jpg\",\"datePublished\":\"2021-03-04T10:19:47+00:00\",\"dateModified\":\"2025-05-20T12:14:12+00:00\",\"description\":\"insieme repr\u00e9sente les int\u00e9r\u00eats des personnes en situation de handicap mental dans le monde politique et le domaine public.\",\"breadcrumb\":{\"@id\":\"https:\\\/\\\/insieme.ch\\\/fr\\\/nos-activites\\\/defense-des-interets\\\/positions\\\/#breadcrumb\"},\"inLanguage\":\"fr-FR\",\"potentialAction\":[{\"@type\":\"ReadAction\",\"target\":[\"https:\\\/\\\/insieme.ch\\\/fr\\\/nos-activites\\\/defense-des-interets\\\/positions\\\/\"]}]},{\"@type\":\"ImageObject\",\"inLanguage\":\"fr-FR\",\"@id\":\"https:\\\/\\\/insieme.ch\\\/fr\\\/nos-activites\\\/defense-des-interets\\\/positions\\\/#primaryimage\",\"url\":\"https:\\\/\\\/insieme.ch\\\/wp-inside\\\/uploads\\\/2021\\\/03\\\/defense-des-interets-425x300.jpg\",\"contentUrl\":\"https:\\\/\\\/insieme.ch\\\/wp-inside\\\/uploads\\\/2021\\\/03\\\/defense-des-interets-425x300.jpg\"},{\"@type\":\"BreadcrumbList\",\"@id\":\"https:\\\/\\\/insieme.ch\\\/fr\\\/nos-activites\\\/defense-des-interets\\\/positions\\\/#breadcrumb\",\"itemListElement\":[{\"@type\":\"ListItem\",\"position\":1,\"name\":\"Accueil\",\"item\":\"https:\\\/\\\/insieme.ch\\\/fr\\\/\"},{\"@type\":\"ListItem\",\"position\":2,\"name\":\"Activit\u00e9s\",\"item\":\"https:\\\/\\\/insieme.ch\\\/fr\\\/unsere-aktivitaeten\\\/\"},{\"@type\":\"ListItem\",\"position\":3,\"name\":\"D\u00e9fense des int\u00e9r\u00eats\",\"item\":\"https:\\\/\\\/insieme.ch\\\/fr\\\/unsere-aktivitaeten\\\/interessenvertretung\\\/\"},{\"@type\":\"ListItem\",\"position\":4,\"name\":\"Positions\"}]},{\"@type\":\"WebSite\",\"@id\":\"https:\\\/\\\/insieme.ch\\\/fr\\\/#website\",\"url\":\"https:\\\/\\\/insieme.ch\\\/fr\\\/\",\"name\":\"insieme.ch\",\"description\":\"\",\"publisher\":{\"@id\":\"https:\\\/\\\/insieme.ch\\\/fr\\\/#organization\"},\"potentialAction\":[{\"@type\":\"SearchAction\",\"target\":{\"@type\":\"EntryPoint\",\"urlTemplate\":\"https:\\\/\\\/insieme.ch\\\/fr\\\/?s={search_term_string}\"},\"query-input\":{\"@type\":\"PropertyValueSpecification\",\"valueRequired\":true,\"valueName\":\"search_term_string\"}}],\"inLanguage\":\"fr-FR\"},{\"@type\":\"Organization\",\"@id\":\"https:\\\/\\\/insieme.ch\\\/fr\\\/#organization\",\"name\":\"insieme\",\"url\":\"https:\\\/\\\/insieme.ch\\\/fr\\\/\",\"logo\":{\"@type\":\"ImageObject\",\"inLanguage\":\"fr-FR\",\"@id\":\"https:\\\/\\\/insieme.ch\\\/fr\\\/#\\\/schema\\\/logo\\\/image\\\/\",\"url\":\"https:\\\/\\\/insieme.ch\\\/wp-inside\\\/uploads\\\/2021\\\/03\\\/logo-insieme.jpg\",\"contentUrl\":\"https:\\\/\\\/insieme.ch\\\/wp-inside\\\/uploads\\\/2021\\\/03\\\/logo-insieme.jpg\",\"width\":250,\"height\":250,\"caption\":\"insieme\"},\"image\":{\"@id\":\"https:\\\/\\\/insieme.ch\\\/fr\\\/#\\\/schema\\\/logo\\\/image\\\/\"}}]}<\/script>\n<!-- \/ Yoast SEO plugin. -->","yoast_head_json":{"title":"Association handicap mental Suisse : \u00e9cole, aidants familiaux, logement","description":"insieme repr\u00e9sente les int\u00e9r\u00eats des personnes en situation de handicap mental dans le monde politique et le domaine public.","robots":{"index":"index","follow":"follow","max-snippet":"max-snippet:-1","max-image-preview":"max-image-preview:large","max-video-preview":"max-video-preview:-1"},"canonical":"https:\/\/insieme.ch\/fr\/nos-activites\/defense-des-interets\/positions\/","og_locale":"fr_FR","og_type":"article","og_title":"Association handicap mental Suisse : \u00e9cole, aidants familiaux, logement","og_description":"insieme repr\u00e9sente les int\u00e9r\u00eats des personnes en situation de handicap mental dans le monde politique et le domaine public.","og_url":"https:\/\/insieme.ch\/fr\/nos-activites\/defense-des-interets\/positions\/","og_site_name":"insieme.ch","article_modified_time":"2025-05-20T12:14:12+00:00","og_image":[{"url":"https:\/\/insieme.ch\/wp-inside\/uploads\/2021\/03\/defense-des-interets-425x300.jpg","type":"","width":"","height":""}],"twitter_card":"summary_large_image","twitter_misc":{"Dur\u00e9e de lecture estim\u00e9e":"1 minute"},"schema":{"@context":"https:\/\/schema.org","@graph":[{"@type":"WebPage","@id":"https:\/\/insieme.ch\/fr\/nos-activites\/defense-des-interets\/positions\/","url":"https:\/\/insieme.ch\/fr\/nos-activites\/defense-des-interets\/positions\/","name":"Association handicap mental Suisse : \u00e9cole, aidants familiaux, logement","isPartOf":{"@id":"https:\/\/insieme.ch\/fr\/#website"},"primaryImageOfPage":{"@id":"https:\/\/insieme.ch\/fr\/nos-activites\/defense-des-interets\/positions\/#primaryimage"},"image":{"@id":"https:\/\/insieme.ch\/fr\/nos-activites\/defense-des-interets\/positions\/#primaryimage"},"thumbnailUrl":"https:\/\/insieme.ch\/wp-inside\/uploads\/2021\/03\/defense-des-interets-425x300.jpg","datePublished":"2021-03-04T10:19:47+00:00","dateModified":"2025-05-20T12:14:12+00:00","description":"insieme repr\u00e9sente les int\u00e9r\u00eats des personnes en situation de handicap mental dans le monde politique et le domaine public.","breadcrumb":{"@id":"https:\/\/insieme.ch\/fr\/nos-activites\/defense-des-interets\/positions\/#breadcrumb"},"inLanguage":"fr-FR","potentialAction":[{"@type":"ReadAction","target":["https:\/\/insieme.ch\/fr\/nos-activites\/defense-des-interets\/positions\/"]}]},{"@type":"ImageObject","inLanguage":"fr-FR","@id":"https:\/\/insieme.ch\/fr\/nos-activites\/defense-des-interets\/positions\/#primaryimage","url":"https:\/\/insieme.ch\/wp-inside\/uploads\/2021\/03\/defense-des-interets-425x300.jpg","contentUrl":"https:\/\/insieme.ch\/wp-inside\/uploads\/2021\/03\/defense-des-interets-425x300.jpg"},{"@type":"BreadcrumbList","@id":"https:\/\/insieme.ch\/fr\/nos-activites\/defense-des-interets\/positions\/#breadcrumb","itemListElement":[{"@type":"ListItem","position":1,"name":"Accueil","item":"https:\/\/insieme.ch\/fr\/"},{"@type":"ListItem","position":2,"name":"Activit\u00e9s","item":"https:\/\/insieme.ch\/fr\/unsere-aktivitaeten\/"},{"@type":"ListItem","position":3,"name":"D\u00e9fense des int\u00e9r\u00eats","item":"https:\/\/insieme.ch\/fr\/unsere-aktivitaeten\/interessenvertretung\/"},{"@type":"ListItem","position":4,"name":"Positions"}]},{"@type":"WebSite","@id":"https:\/\/insieme.ch\/fr\/#website","url":"https:\/\/insieme.ch\/fr\/","name":"insieme.ch","description":"","publisher":{"@id":"https:\/\/insieme.ch\/fr\/#organization"},"potentialAction":[{"@type":"SearchAction","target":{"@type":"EntryPoint","urlTemplate":"https:\/\/insieme.ch\/fr\/?s={search_term_string}"},"query-input":{"@type":"PropertyValueSpecification","valueRequired":true,"valueName":"search_term_string"}}],"inLanguage":"fr-FR"},{"@type":"Organization","@id":"https:\/\/insieme.ch\/fr\/#organization","name":"insieme","url":"https:\/\/insieme.ch\/fr\/","logo":{"@type":"ImageObject","inLanguage":"fr-FR","@id":"https:\/\/insieme.ch\/fr\/#\/schema\/logo\/image\/","url":"https:\/\/insieme.ch\/wp-inside\/uploads\/2021\/03\/logo-insieme.jpg","contentUrl":"https:\/\/insieme.ch\/wp-inside\/uploads\/2021\/03\/logo-insieme.jpg","width":250,"height":250,"caption":"insieme"},"image":{"@id":"https:\/\/insieme.ch\/fr\/#\/schema\/logo\/image\/"}}]}},"_links":{"self":[{"href":"https:\/\/insieme.ch\/fr\/wp-json\/wp\/v2\/pages\/1715","targetHints":{"allow":["GET"]}}],"collection":[{"href":"https:\/\/insieme.ch\/fr\/wp-json\/wp\/v2\/pages"}],"about":[{"href":"https:\/\/insieme.ch\/fr\/wp-json\/wp\/v2\/types\/page"}],"author":[{"embeddable":true,"href":"https:\/\/insieme.ch\/fr\/wp-json\/wp\/v2\/users\/7"}],"replies":[{"embeddable":true,"href":"https:\/\/insieme.ch\/fr\/wp-json\/wp\/v2\/comments?post=1715"}],"version-history":[{"count":13,"href":"https:\/\/insieme.ch\/fr\/wp-json\/wp\/v2\/pages\/1715\/revisions"}],"predecessor-version":[{"id":29983,"href":"https:\/\/insieme.ch\/fr\/wp-json\/wp\/v2\/pages\/1715\/revisions\/29983"}],"up":[{"embeddable":true,"href":"https:\/\/insieme.ch\/fr\/wp-json\/wp\/v2\/pages\/1646"}],"wp:attachment":[{"href":"https:\/\/insieme.ch\/fr\/wp-json\/wp\/v2\/media?parent=1715"}],"curies":[{"name":"wp","href":"https:\/\/api.w.org\/{rel}","templated":true}]}}