{"id":1713,"date":"2021-03-04T11:17:19","date_gmt":"2021-03-04T10:17:19","guid":{"rendered":"https:\/\/insieme.ch\/?page_id=1713"},"modified":"2025-11-12T15:34:10","modified_gmt":"2025-11-12T14:34:10","slug":"magazine","status":"publish","type":"page","link":"https:\/\/insieme.ch\/fr\/nos-activites\/sensibilisation\/magazine\/","title":{"rendered":"Magazine"},"content":{"rendered":"<p><!-- flzn:zn_pagebanner --><\/p>\n<header id=\"flzn-pagebanner-1\" class=\"zone zn-pagebanner with-bg bg-color\"><span class=\"zone-bg bg-color bgc-yellow-light alignfull\"><\/span><\/p>\n<div class=\"zone-block zn-pagebanner-block alignwide va-center\"><\/div>\n<\/header>\n<p><!-- \/flzn:zn_pagebanner --><br \/>\n<!-- flzn:zn_gallery --><\/p>\n<div id=\"flzn-gallery-1\" class=\"zone zn-gallery with-bg bg-color\"><span class=\"zone-bg bg-color bgc-white alignfull\"><\/span><\/p>\n<div class=\"zone-block zn-gallery-block alignwide va-top\">\n<div class=\"row mw-content-zone\">\n<div class=\"large-12 columns\">\n<div class=\"zn-gallery-list row small-up-2 medium-up-4 large-up-4 blockgrid-center gallery\">\n<div class=\"zn-gallery-item gallery-item column\">\n<div class=\"zn-gallery-item-inner\">\n<p>\t\t\t\t\t\t\t\t\t\t\t\t\t<a class=\"swipebox\" href=\"https:\/\/insieme.ch\/wp-inside\/uploads\/2025\/04\/im_1_25_f_cover.jpg\" title=\"\" rel=\"galleryzone-flzn-gallery-1\"><\/p>\n<div class=\"imgbox\">\n\t\t\t\t\t\t\t\t\t\t\t\t\t\t\t\t\t\t<img decoding=\"async\" class=\"rs_preserve\" src=\"https:\/\/insieme.ch\/wp-inside\/uploads\/2025\/04\/im_1_25_f_cover-320x452.jpg\" alt=\"\" data-interchange=\"[https:\/\/insieme.ch\/wp-inside\/uploads\/2025\/04\/im_1_25_f_cover-320x452.jpg, small],[https:\/\/insieme.ch\/wp-inside\/uploads\/2025\/04\/im_1_25_f_cover-320x452.jpg, gsmall],[https:\/\/insieme.ch\/wp-inside\/uploads\/2025\/04\/im_1_25_f_cover-320x452.jpg, glarge],[https:\/\/insieme.ch\/wp-inside\/uploads\/2025\/04\/im_1_25_f_cover-320x452.jpg, xlarge],\"\/>\n\t\t\t\t\t\t\t\t<\/div>\n<p>\t\t\t\t\t\t\t\t\t\t\t\t\t<\/a>\n\t\t\t\t\t\t\t\t\t\t\t\t<\/div>\n<\/p><\/div>\n<div class=\"zn-gallery-item gallery-item column\">\n<div class=\"zn-gallery-item-inner\">\n<p>\t\t\t\t\t\t\t\t\t\t\t\t\t<a class=\"swipebox\" href=\"https:\/\/insieme.ch\/wp-inside\/uploads\/2025\/04\/im_3_24_f_cover.jpg\" title=\"\" rel=\"galleryzone-flzn-gallery-1\"><\/p>\n<div class=\"imgbox\">\n\t\t\t\t\t\t\t\t\t\t\t\t\t\t\t\t\t\t<img decoding=\"async\" class=\"rs_preserve\" src=\"https:\/\/insieme.ch\/wp-inside\/uploads\/2025\/04\/im_3_24_f_cover-320x452.jpg\" alt=\"\" data-interchange=\"[https:\/\/insieme.ch\/wp-inside\/uploads\/2025\/04\/im_3_24_f_cover-320x452.jpg, small],[https:\/\/insieme.ch\/wp-inside\/uploads\/2025\/04\/im_3_24_f_cover-320x452.jpg, gsmall],[https:\/\/insieme.ch\/wp-inside\/uploads\/2025\/04\/im_3_24_f_cover-320x452.jpg, glarge],[https:\/\/insieme.ch\/wp-inside\/uploads\/2025\/04\/im_3_24_f_cover-320x452.jpg, xlarge],\"\/>\n\t\t\t\t\t\t\t\t<\/div>\n<p>\t\t\t\t\t\t\t\t\t\t\t\t\t<\/a>\n\t\t\t\t\t\t\t\t\t\t\t\t<\/div>\n<\/p><\/div>\n<div class=\"zn-gallery-item gallery-item column\">\n<div class=\"zn-gallery-item-inner\">\n<p>\t\t\t\t\t\t\t\t\t\t\t\t\t<a class=\"swipebox\" href=\"https:\/\/insieme.ch\/wp-inside\/uploads\/2025\/04\/im_2_24_fr_cover.jpg\" title=\"\" rel=\"galleryzone-flzn-gallery-1\"><\/p>\n<div class=\"imgbox\">\n\t\t\t\t\t\t\t\t\t\t\t\t\t\t\t\t\t\t<img decoding=\"async\" class=\"rs_preserve\" src=\"https:\/\/insieme.ch\/wp-inside\/uploads\/2025\/04\/im_2_24_fr_cover-320x452.jpg\" alt=\"\" data-interchange=\"[https:\/\/insieme.ch\/wp-inside\/uploads\/2025\/04\/im_2_24_fr_cover-320x452.jpg, small],[https:\/\/insieme.ch\/wp-inside\/uploads\/2025\/04\/im_2_24_fr_cover-320x452.jpg, gsmall],[https:\/\/insieme.ch\/wp-inside\/uploads\/2025\/04\/im_2_24_fr_cover-320x452.jpg, glarge],[https:\/\/insieme.ch\/wp-inside\/uploads\/2025\/04\/im_2_24_fr_cover-320x452.jpg, xlarge],\"\/>\n\t\t\t\t\t\t\t\t<\/div>\n<p>\t\t\t\t\t\t\t\t\t\t\t\t\t<\/a>\n\t\t\t\t\t\t\t\t\t\t\t\t<\/div>\n<\/p><\/div>\n<div class=\"zn-gallery-item gallery-item column\">\n<div class=\"zn-gallery-item-inner\">\n<p>\t\t\t\t\t\t\t\t\t\t\t\t\t<a class=\"swipebox\" href=\"https:\/\/insieme.ch\/wp-inside\/uploads\/2025\/04\/im_1_24_fr_cover.jpg\" title=\"\" rel=\"galleryzone-flzn-gallery-1\"><\/p>\n<div class=\"imgbox\">\n\t\t\t\t\t\t\t\t\t\t\t\t\t\t\t\t\t\t<img decoding=\"async\" class=\"rs_preserve\" src=\"https:\/\/insieme.ch\/wp-inside\/uploads\/2025\/04\/im_1_24_fr_cover-320x452.jpg\" alt=\"\" data-interchange=\"[https:\/\/insieme.ch\/wp-inside\/uploads\/2025\/04\/im_1_24_fr_cover-320x452.jpg, small],[https:\/\/insieme.ch\/wp-inside\/uploads\/2025\/04\/im_1_24_fr_cover-320x452.jpg, gsmall],[https:\/\/insieme.ch\/wp-inside\/uploads\/2025\/04\/im_1_24_fr_cover-320x452.jpg, glarge],[https:\/\/insieme.ch\/wp-inside\/uploads\/2025\/04\/im_1_24_fr_cover-320x452.jpg, xlarge],\"\/>\n\t\t\t\t\t\t\t\t<\/div>\n<p>\t\t\t\t\t\t\t\t\t\t\t\t\t<\/a>\n\t\t\t\t\t\t\t\t\t\t\t\t<\/div>\n<\/p><\/div>\n<div class=\"zn-gallery-item gallery-item column\">\n<div class=\"zn-gallery-item-inner\">\n<p>\t\t\t\t\t\t\t\t\t\t\t\t\t<a class=\"swipebox\" href=\"https:\/\/insieme.ch\/wp-inside\/uploads\/2025\/04\/im_3_23_fr_cover.jpg\" title=\"\" rel=\"galleryzone-flzn-gallery-1\"><\/p>\n<div class=\"imgbox\">\n\t\t\t\t\t\t\t\t\t\t\t\t\t\t\t\t\t\t<img decoding=\"async\" class=\"rs_preserve\" src=\"https:\/\/insieme.ch\/wp-inside\/uploads\/2025\/04\/im_3_23_fr_cover-320x452.jpg\" alt=\"\" data-interchange=\"[https:\/\/insieme.ch\/wp-inside\/uploads\/2025\/04\/im_3_23_fr_cover-320x452.jpg, small],[https:\/\/insieme.ch\/wp-inside\/uploads\/2025\/04\/im_3_23_fr_cover-320x452.jpg, gsmall],[https:\/\/insieme.ch\/wp-inside\/uploads\/2025\/04\/im_3_23_fr_cover-320x452.jpg, glarge],[https:\/\/insieme.ch\/wp-inside\/uploads\/2025\/04\/im_3_23_fr_cover-320x452.jpg, xlarge],\"\/>\n\t\t\t\t\t\t\t\t<\/div>\n<p>\t\t\t\t\t\t\t\t\t\t\t\t\t<\/a>\n\t\t\t\t\t\t\t\t\t\t\t\t<\/div>\n<\/p><\/div>\n<div class=\"zn-gallery-item gallery-item column\">\n<div class=\"zn-gallery-item-inner\">\n<p>\t\t\t\t\t\t\t\t\t\t\t\t\t<a class=\"swipebox\" href=\"https:\/\/insieme.ch\/wp-inside\/uploads\/2025\/04\/im_2_23_f_cover.jpg\" title=\"\" rel=\"galleryzone-flzn-gallery-1\"><\/p>\n<div class=\"imgbox\">\n\t\t\t\t\t\t\t\t\t\t\t\t\t\t\t\t\t\t<img decoding=\"async\" class=\"rs_preserve\" src=\"https:\/\/insieme.ch\/wp-inside\/uploads\/2025\/04\/im_2_23_f_cover-320x452.jpg\" alt=\"\" data-interchange=\"[https:\/\/insieme.ch\/wp-inside\/uploads\/2025\/04\/im_2_23_f_cover-320x452.jpg, small],[https:\/\/insieme.ch\/wp-inside\/uploads\/2025\/04\/im_2_23_f_cover-320x452.jpg, gsmall],[https:\/\/insieme.ch\/wp-inside\/uploads\/2025\/04\/im_2_23_f_cover-320x452.jpg, glarge],[https:\/\/insieme.ch\/wp-inside\/uploads\/2025\/04\/im_2_23_f_cover-320x452.jpg, xlarge],\"\/>\n\t\t\t\t\t\t\t\t<\/div>\n<p>\t\t\t\t\t\t\t\t\t\t\t\t\t<\/a>\n\t\t\t\t\t\t\t\t\t\t\t\t<\/div>\n<\/p><\/div>\n<div class=\"zn-gallery-item gallery-item column\">\n<div class=\"zn-gallery-item-inner\">\n<p>\t\t\t\t\t\t\t\t\t\t\t\t\t<a class=\"swipebox\" href=\"https:\/\/insieme.ch\/wp-inside\/uploads\/2025\/04\/im_1_23_f_cover.jpg\" title=\"\" rel=\"galleryzone-flzn-gallery-1\"><\/p>\n<div class=\"imgbox\">\n\t\t\t\t\t\t\t\t\t\t\t\t\t\t\t\t\t\t<img decoding=\"async\" class=\"rs_preserve\" src=\"https:\/\/insieme.ch\/wp-inside\/uploads\/2025\/04\/im_1_23_f_cover-320x452.jpg\" alt=\"\" data-interchange=\"[https:\/\/insieme.ch\/wp-inside\/uploads\/2025\/04\/im_1_23_f_cover-320x452.jpg, small],[https:\/\/insieme.ch\/wp-inside\/uploads\/2025\/04\/im_1_23_f_cover-320x452.jpg, gsmall],[https:\/\/insieme.ch\/wp-inside\/uploads\/2025\/04\/im_1_23_f_cover-320x452.jpg, glarge],[https:\/\/insieme.ch\/wp-inside\/uploads\/2025\/04\/im_1_23_f_cover-320x452.jpg, xlarge],\"\/>\n\t\t\t\t\t\t\t\t<\/div>\n<p>\t\t\t\t\t\t\t\t\t\t\t\t\t<\/a>\n\t\t\t\t\t\t\t\t\t\t\t\t<\/div>\n<\/p><\/div>\n<div class=\"zn-gallery-item gallery-item column\">\n<div class=\"zn-gallery-item-inner\">\n<p>\t\t\t\t\t\t\t\t\t\t\t\t\t<a class=\"swipebox\" href=\"https:\/\/insieme.ch\/wp-inside\/uploads\/2025\/04\/im_3_22_f_cover.jpg\" title=\"\" rel=\"galleryzone-flzn-gallery-1\"><\/p>\n<div class=\"imgbox\">\n\t\t\t\t\t\t\t\t\t\t\t\t\t\t\t\t\t\t<img decoding=\"async\" class=\"rs_preserve\" src=\"https:\/\/insieme.ch\/wp-inside\/uploads\/2025\/04\/im_3_22_f_cover-320x452.jpg\" alt=\"\" data-interchange=\"[https:\/\/insieme.ch\/wp-inside\/uploads\/2025\/04\/im_3_22_f_cover-320x452.jpg, small],[https:\/\/insieme.ch\/wp-inside\/uploads\/2025\/04\/im_3_22_f_cover-320x452.jpg, gsmall],[https:\/\/insieme.ch\/wp-inside\/uploads\/2025\/04\/im_3_22_f_cover-320x452.jpg, glarge],[https:\/\/insieme.ch\/wp-inside\/uploads\/2025\/04\/im_3_22_f_cover-320x452.jpg, xlarge],\"\/>\n\t\t\t\t\t\t\t\t<\/div>\n<p>\t\t\t\t\t\t\t\t\t\t\t\t\t<\/a>\n\t\t\t\t\t\t\t\t\t\t\t\t<\/div>\n<\/p><\/div>\n<\/p><\/div>\n<\/p><\/div>\n<\/p><\/div>\n<\/div>\n<\/div>\n<p><!-- \/flzn:zn_gallery --><br \/>\n<!-- flzn:zn_text --><\/p>\n<div id=\"flzn-text-1\" class=\"zone zn-text with-bg bg-color\"><span class=\"zone-bg bg-color bgc-white alignfull\"><\/span><\/p>\n<div class=\"zone-block zn-text-block pdd-top-off pdd-bottom-off alignwide va-top\">\n<div class=\"row mw-content-zone type-style \">\n<div class=\"columns large-12\">\n<div class=\"row large-up-1 with-nice-alignment nbloc-1\">\n<div class=\"column zn-text-col\">\n<div class=\"column-inner\">\n<div class=\"wig-content mw-content\">\n<p style=\"text-align: center;\">Le magazine insieme couvre des sujets de la Suisse enti\u00e8re et para\u00eet en deux langues: une \u00e9dition en fran\u00e7ais et une en allemand. Une double page en italien couvrant des th\u00e9matiques tessinoises est \u00e0 lire dans chaque num\u00e9ro. Le magazine insieme para\u00eet trois fois par an. Son tirage est d\u2019environ 8\u2019800 exemplaires (6800 en fran\u00e7ais et 2000 en allemand). Le co\u00fbt d\u2019un abonnement annuel est de 25 francs.<\/p>\n<p style=\"text-align: center;\"><a class=\"button\" href=\"https:\/\/insieme.ch\/fr\/produit\/magazine-insieme\/\">S&#8217;abonner<\/a><\/p>\n<\/p><\/div>\n<\/p><\/div>\n<\/p><\/div>\n<\/p><\/div>\n<\/p><\/div>\n<\/p><\/div>\n<\/div>\n<\/div>\n<p><!-- \/flzn:zn_text --><br \/>\n<!-- flzn:zn_documents --><\/p>\n<div id=\"flzn-documents-1\" class=\"zone zn-documents with-bg bg-color\"><span class=\"zone-bg bg-color bgc-yellow-light alignfull\"><\/span><\/p>\n<div class=\"zone-block zn-documents-block alignwide va-center\">\n<div class=\"row\">\n<div class=\"columns large-12\">\n<div class=\"zn-documents-titlebox zone-titlebox\" >\n<h2 class=\"zn-documents-title zone-title title-with-deco\">Document \u00e0 t\u00e9l\u00e9charger<\/h2>\n<\/p><\/div>\n<div class=\"row zn-documents-list small-up-1 medium-up-2 large-up-3 blockgrid-center\">\n<div class=\"column zn-documents-item\">\n\t\t\t\t\t\t<a class=\"documentlink downloadlink\" href=\"https:\/\/insieme.ch\/wp-inside\/uploads\/2025\/11\/mediadaten-insieme-2026_fr.pdf\" title=\"T\u00e9l\u00e9charger \u00ab mediadaten-insieme-2026_fr.pdf \u00bb\" target=\"_blank\"><\/p>\n<h3 class=\"documentlink-title\">Mediadaten-Insieme-2026_FR<\/h3>\n<p>\t\t\t\t\t\t\t<span class=\"documentlink-txt\">T\u00e9l\u00e9charger le document<\/span><br \/>\n\t\t\t\t\t\t\t\t\t\t\t\t\t\t<span class=\"documentlink-info\"> &#8211; <span class=\"documentlink-weight\">704,75 Ko<\/span><\/span><br \/>\n\t\t\t\t\t\t\t\t\t\t\t\t\t<\/a>\n\t\t\t\t\t<\/div>\n<\/p><\/div>\n<\/p><\/div>\n<\/p><\/div>\n<\/div>\n<\/div>\n<p><!-- \/flzn:zn_documents --><\/p>\n","protected":false},"excerpt":{"rendered":"<p>Les articles, reportages et interviews du magazine insieme rendent compte de la vie quotidienne, des d\u00e9fis et des int\u00e9r\u00eats des personnes avec handicap mental.<\/p>\n","protected":false},"author":7,"featured_media":18556,"parent":1644,"menu_order":15,"comment_status":"closed","ping_status":"closed","template":"","meta":{"_acf_changed":false,"footnotes":""},"class_list":["post-1713","page","type-page","status-publish","has-post-thumbnail","hentry","wp-sticky"],"acf":[],"yoast_head":"<!-- This site is optimized with the Yoast SEO plugin v27.5 - https:\/\/yoast.com\/product\/yoast-seo-wordpress\/ -->\n<title>Magazine sur le handicap mental &amp; la d\u00e9ficience intellectuelle<\/title>\n<meta name=\"robots\" content=\"index, follow, max-snippet:-1, max-image-preview:large, max-video-preview:-1\" \/>\n<link rel=\"canonical\" href=\"https:\/\/insieme.ch\/fr\/nos-activites\/sensibilisation\/magazine\/\" \/>\n<meta property=\"og:locale\" content=\"fr_FR\" \/>\n<meta property=\"og:type\" content=\"article\" \/>\n<meta property=\"og:title\" content=\"Magazine sur le handicap mental &amp; la d\u00e9ficience intellectuelle\" \/>\n<meta property=\"og:description\" content=\"Les articles, reportages et interviews du magazine insieme rendent compte de la vie quotidienne, des d\u00e9fis et des int\u00e9r\u00eats des personnes avec handicap mental.\" \/>\n<meta property=\"og:url\" content=\"https:\/\/insieme.ch\/fr\/nos-activites\/sensibilisation\/magazine\/\" \/>\n<meta property=\"og:site_name\" content=\"insieme.ch\" \/>\n<meta property=\"article:modified_time\" content=\"2025-11-12T14:34:10+00:00\" \/>\n<meta property=\"og:image\" content=\"https:\/\/insieme.ch\/wp-inside\/uploads\/2023\/03\/cover-fr.jpg\" \/>\n\t<meta property=\"og:image:width\" content=\"1241\" \/>\n\t<meta property=\"og:image:height\" content=\"1755\" \/>\n\t<meta property=\"og:image:type\" content=\"image\/jpeg\" \/>\n<meta name=\"twitter:card\" content=\"summary_large_image\" \/>\n<script type=\"application\/ld+json\" class=\"yoast-schema-graph\">{\"@context\":\"https:\\\/\\\/schema.org\",\"@graph\":[{\"@type\":\"WebPage\",\"@id\":\"https:\\\/\\\/insieme.ch\\\/fr\\\/nos-activites\\\/sensibilisation\\\/magazine\\\/\",\"url\":\"https:\\\/\\\/insieme.ch\\\/fr\\\/nos-activites\\\/sensibilisation\\\/magazine\\\/\",\"name\":\"Magazine sur le handicap mental & la d\u00e9ficience intellectuelle\",\"isPartOf\":{\"@id\":\"https:\\\/\\\/insieme.ch\\\/fr\\\/#website\"},\"primaryImageOfPage\":{\"@id\":\"https:\\\/\\\/insieme.ch\\\/fr\\\/nos-activites\\\/sensibilisation\\\/magazine\\\/#primaryimage\"},\"image\":{\"@id\":\"https:\\\/\\\/insieme.ch\\\/fr\\\/nos-activites\\\/sensibilisation\\\/magazine\\\/#primaryimage\"},\"thumbnailUrl\":\"https:\\\/\\\/insieme.ch\\\/wp-inside\\\/uploads\\\/2023\\\/03\\\/cover-fr.jpg\",\"datePublished\":\"2021-03-04T10:17:19+00:00\",\"dateModified\":\"2025-11-12T14:34:10+00:00\",\"breadcrumb\":{\"@id\":\"https:\\\/\\\/insieme.ch\\\/fr\\\/nos-activites\\\/sensibilisation\\\/magazine\\\/#breadcrumb\"},\"inLanguage\":\"fr-FR\",\"potentialAction\":[{\"@type\":\"ReadAction\",\"target\":[\"https:\\\/\\\/insieme.ch\\\/fr\\\/nos-activites\\\/sensibilisation\\\/magazine\\\/\"]}]},{\"@type\":\"ImageObject\",\"inLanguage\":\"fr-FR\",\"@id\":\"https:\\\/\\\/insieme.ch\\\/fr\\\/nos-activites\\\/sensibilisation\\\/magazine\\\/#primaryimage\",\"url\":\"https:\\\/\\\/insieme.ch\\\/wp-inside\\\/uploads\\\/2023\\\/03\\\/cover-fr.jpg\",\"contentUrl\":\"https:\\\/\\\/insieme.ch\\\/wp-inside\\\/uploads\\\/2023\\\/03\\\/cover-fr.jpg\",\"width\":1241,\"height\":1755},{\"@type\":\"BreadcrumbList\",\"@id\":\"https:\\\/\\\/insieme.ch\\\/fr\\\/nos-activites\\\/sensibilisation\\\/magazine\\\/#breadcrumb\",\"itemListElement\":[{\"@type\":\"ListItem\",\"position\":1,\"name\":\"Accueil\",\"item\":\"https:\\\/\\\/insieme.ch\\\/fr\\\/\"},{\"@type\":\"ListItem\",\"position\":2,\"name\":\"Activit\u00e9s\",\"item\":\"https:\\\/\\\/insieme.ch\\\/fr\\\/unsere-aktivitaeten\\\/\"},{\"@type\":\"ListItem\",\"position\":3,\"name\":\"Sensibilisation\",\"item\":\"https:\\\/\\\/insieme.ch\\\/fr\\\/unsere-aktivitaeten\\\/sensibilierung\\\/\"},{\"@type\":\"ListItem\",\"position\":4,\"name\":\"Magazine\"}]},{\"@type\":\"WebSite\",\"@id\":\"https:\\\/\\\/insieme.ch\\\/fr\\\/#website\",\"url\":\"https:\\\/\\\/insieme.ch\\\/fr\\\/\",\"name\":\"insieme.ch\",\"description\":\"\",\"publisher\":{\"@id\":\"https:\\\/\\\/insieme.ch\\\/fr\\\/#organization\"},\"potentialAction\":[{\"@type\":\"SearchAction\",\"target\":{\"@type\":\"EntryPoint\",\"urlTemplate\":\"https:\\\/\\\/insieme.ch\\\/fr\\\/?s={search_term_string}\"},\"query-input\":{\"@type\":\"PropertyValueSpecification\",\"valueRequired\":true,\"valueName\":\"search_term_string\"}}],\"inLanguage\":\"fr-FR\"},{\"@type\":\"Organization\",\"@id\":\"https:\\\/\\\/insieme.ch\\\/fr\\\/#organization\",\"name\":\"insieme\",\"url\":\"https:\\\/\\\/insieme.ch\\\/fr\\\/\",\"logo\":{\"@type\":\"ImageObject\",\"inLanguage\":\"fr-FR\",\"@id\":\"https:\\\/\\\/insieme.ch\\\/fr\\\/#\\\/schema\\\/logo\\\/image\\\/\",\"url\":\"https:\\\/\\\/insieme.ch\\\/wp-inside\\\/uploads\\\/2021\\\/03\\\/logo-insieme.jpg\",\"contentUrl\":\"https:\\\/\\\/insieme.ch\\\/wp-inside\\\/uploads\\\/2021\\\/03\\\/logo-insieme.jpg\",\"width\":250,\"height\":250,\"caption\":\"insieme\"},\"image\":{\"@id\":\"https:\\\/\\\/insieme.ch\\\/fr\\\/#\\\/schema\\\/logo\\\/image\\\/\"}}]}<\/script>\n<!-- \/ Yoast SEO plugin. -->","yoast_head_json":{"title":"Magazine sur le handicap mental & la d\u00e9ficience intellectuelle","robots":{"index":"index","follow":"follow","max-snippet":"max-snippet:-1","max-image-preview":"max-image-preview:large","max-video-preview":"max-video-preview:-1"},"canonical":"https:\/\/insieme.ch\/fr\/nos-activites\/sensibilisation\/magazine\/","og_locale":"fr_FR","og_type":"article","og_title":"Magazine sur le handicap mental & la d\u00e9ficience intellectuelle","og_description":"Les articles, reportages et interviews du magazine insieme rendent compte de la vie quotidienne, des d\u00e9fis et des int\u00e9r\u00eats des personnes avec handicap mental.","og_url":"https:\/\/insieme.ch\/fr\/nos-activites\/sensibilisation\/magazine\/","og_site_name":"insieme.ch","article_modified_time":"2025-11-12T14:34:10+00:00","og_image":[{"width":1241,"height":1755,"url":"https:\/\/insieme.ch\/wp-inside\/uploads\/2023\/03\/cover-fr.jpg","type":"image\/jpeg"}],"twitter_card":"summary_large_image","schema":{"@context":"https:\/\/schema.org","@graph":[{"@type":"WebPage","@id":"https:\/\/insieme.ch\/fr\/nos-activites\/sensibilisation\/magazine\/","url":"https:\/\/insieme.ch\/fr\/nos-activites\/sensibilisation\/magazine\/","name":"Magazine sur le handicap mental & la d\u00e9ficience intellectuelle","isPartOf":{"@id":"https:\/\/insieme.ch\/fr\/#website"},"primaryImageOfPage":{"@id":"https:\/\/insieme.ch\/fr\/nos-activites\/sensibilisation\/magazine\/#primaryimage"},"image":{"@id":"https:\/\/insieme.ch\/fr\/nos-activites\/sensibilisation\/magazine\/#primaryimage"},"thumbnailUrl":"https:\/\/insieme.ch\/wp-inside\/uploads\/2023\/03\/cover-fr.jpg","datePublished":"2021-03-04T10:17:19+00:00","dateModified":"2025-11-12T14:34:10+00:00","breadcrumb":{"@id":"https:\/\/insieme.ch\/fr\/nos-activites\/sensibilisation\/magazine\/#breadcrumb"},"inLanguage":"fr-FR","potentialAction":[{"@type":"ReadAction","target":["https:\/\/insieme.ch\/fr\/nos-activites\/sensibilisation\/magazine\/"]}]},{"@type":"ImageObject","inLanguage":"fr-FR","@id":"https:\/\/insieme.ch\/fr\/nos-activites\/sensibilisation\/magazine\/#primaryimage","url":"https:\/\/insieme.ch\/wp-inside\/uploads\/2023\/03\/cover-fr.jpg","contentUrl":"https:\/\/insieme.ch\/wp-inside\/uploads\/2023\/03\/cover-fr.jpg","width":1241,"height":1755},{"@type":"BreadcrumbList","@id":"https:\/\/insieme.ch\/fr\/nos-activites\/sensibilisation\/magazine\/#breadcrumb","itemListElement":[{"@type":"ListItem","position":1,"name":"Accueil","item":"https:\/\/insieme.ch\/fr\/"},{"@type":"ListItem","position":2,"name":"Activit\u00e9s","item":"https:\/\/insieme.ch\/fr\/unsere-aktivitaeten\/"},{"@type":"ListItem","position":3,"name":"Sensibilisation","item":"https:\/\/insieme.ch\/fr\/unsere-aktivitaeten\/sensibilierung\/"},{"@type":"ListItem","position":4,"name":"Magazine"}]},{"@type":"WebSite","@id":"https:\/\/insieme.ch\/fr\/#website","url":"https:\/\/insieme.ch\/fr\/","name":"insieme.ch","description":"","publisher":{"@id":"https:\/\/insieme.ch\/fr\/#organization"},"potentialAction":[{"@type":"SearchAction","target":{"@type":"EntryPoint","urlTemplate":"https:\/\/insieme.ch\/fr\/?s={search_term_string}"},"query-input":{"@type":"PropertyValueSpecification","valueRequired":true,"valueName":"search_term_string"}}],"inLanguage":"fr-FR"},{"@type":"Organization","@id":"https:\/\/insieme.ch\/fr\/#organization","name":"insieme","url":"https:\/\/insieme.ch\/fr\/","logo":{"@type":"ImageObject","inLanguage":"fr-FR","@id":"https:\/\/insieme.ch\/fr\/#\/schema\/logo\/image\/","url":"https:\/\/insieme.ch\/wp-inside\/uploads\/2021\/03\/logo-insieme.jpg","contentUrl":"https:\/\/insieme.ch\/wp-inside\/uploads\/2021\/03\/logo-insieme.jpg","width":250,"height":250,"caption":"insieme"},"image":{"@id":"https:\/\/insieme.ch\/fr\/#\/schema\/logo\/image\/"}}]}},"_links":{"self":[{"href":"https:\/\/insieme.ch\/fr\/wp-json\/wp\/v2\/pages\/1713","targetHints":{"allow":["GET"]}}],"collection":[{"href":"https:\/\/insieme.ch\/fr\/wp-json\/wp\/v2\/pages"}],"about":[{"href":"https:\/\/insieme.ch\/fr\/wp-json\/wp\/v2\/types\/page"}],"author":[{"embeddable":true,"href":"https:\/\/insieme.ch\/fr\/wp-json\/wp\/v2\/users\/7"}],"replies":[{"embeddable":true,"href":"https:\/\/insieme.ch\/fr\/wp-json\/wp\/v2\/comments?post=1713"}],"version-history":[{"count":18,"href":"https:\/\/insieme.ch\/fr\/wp-json\/wp\/v2\/pages\/1713\/revisions"}],"predecessor-version":[{"id":31255,"href":"https:\/\/insieme.ch\/fr\/wp-json\/wp\/v2\/pages\/1713\/revisions\/31255"}],"up":[{"embeddable":true,"href":"https:\/\/insieme.ch\/fr\/wp-json\/wp\/v2\/pages\/1644"}],"wp:featuredmedia":[{"embeddable":true,"href":"https:\/\/insieme.ch\/fr\/wp-json\/wp\/v2\/media\/18556"}],"wp:attachment":[{"href":"https:\/\/insieme.ch\/fr\/wp-json\/wp\/v2\/media?parent=1713"}],"curies":[{"name":"wp","href":"https:\/\/api.w.org\/{rel}","templated":true}]}}