{"id":1711,"date":"2021-03-04T11:17:03","date_gmt":"2021-03-04T10:17:03","guid":{"rendered":"https:\/\/insieme.ch\/?page_id=1711"},"modified":"2024-05-29T15:34:36","modified_gmt":"2024-05-29T13:34:36","slug":"campagnes","status":"publish","type":"page","link":"https:\/\/insieme.ch\/fr\/nos-activites\/sensibilisation\/campagnes\/","title":{"rendered":"Campagnes"},"content":{"rendered":"<p><!-- flzn:zn_pagebanner --><\/p>\n<header id=\"flzn-pagebanner-1\" class=\"zone zn-pagebanner with-bg bg-color\"><span class=\"zone-bg bg-color bgc-yellow-light alignfull\"><\/span><\/p>\n<div class=\"zone-block zn-pagebanner-block alignwide va-center\"><\/div>\n<\/header>\n<p><!-- \/flzn:zn_pagebanner --><br \/>\n<!-- flzn:zn_text --><\/p>\n<div id=\"flzn-text-1\" class=\"zone zn-text with-bg bg-color\"><span class=\"zone-bg bg-color bgc-white alignfull\"><\/span><\/p>\n<div class=\"zone-block zn-text-block alignwide va-top\">\n<div class=\"row mw-content-zone type-style \">\n<div class=\"columns large-12\">\n<div class=\"row large-up-1 with-nice-alignment nbloc-1\">\n<div class=\"column zn-text-col\">\n<div class=\"column-inner\">\n<div class=\"wig-content mw-content\">\n<h2 class=\"titleline\" style=\"text-align: center;\">Campagne 2023 #JeVote<\/h2>\n<p style=\"text-align: center;\">La campagne insieme #JeVote montre des personnes vivant avec un handicap mental s\u2019entretenir avec des figures politiques. Les vid\u00e9os soulignent leur int\u00e9r\u00eat pour la politique et leur capacit\u00e9 \u00e0 se forger une opinion.<\/p>\n<p style=\"text-align: center;\">Les clips tourn\u00e9s dans la salle des journalistes du Palais f\u00e9d\u00e9ral, montrent nos protagonistes, des personnes vivant avec handicap mental, rencontrer des politicien\u00b7ne\u00b7s. Ils et elles apprennent \u00e0 se conna\u00eetre et \u00e0 \u00e9changer leurs opinions en se posant mutuellement des questions.<\/p>\n<\/p><\/div>\n<\/p><\/div>\n<\/p><\/div>\n<\/p><\/div>\n<\/p><\/div>\n<\/p><\/div>\n<\/div>\n<\/div>\n<p><!-- \/flzn:zn_text --><br \/>\n<!-- flzn:zn_button --><\/p>\n<div id=\"flzn-button-1\" class=\"zone zn-button with-bg bg-color\"><span class=\"zone-bg bg-color bgc-yellow-light alignfull\"><\/span><\/p>\n<div class=\"zone-block zn-button-block alignfull va-top text-center\">\n<div class=\"zn-button-bgbox block-alignfull oneblock\">\n<div class=\"zn-button-bgbox-bg rs_preserve\" ><\/div>\n<\/p><\/div>\n<div class=\"zn-button-list row small-up-1 medium-up-1 nb-bloc-1  alignfull va-top text-center oneblock\" data-equalizer data-equalize-on=\"large\">\n<div class=\"zn-button-bloc column\" data-equalizer-watch>\n<div class=\"column-inner\">\n<div class=\"zn-button-innerbox\">\n<div class=\"zn-button-bloc-titledesc\">\n<h2 class=\"zn-button-bloc-title h2 zone-title titleline\">\n\t\t\t\t\t\t\t\t\t\tToutes les vid\u00e9os de la campagne #JeVote\t\t\t\t\t\t\t\t\t<\/h2>\n<\/p><\/div>\n<div class=\"zn-button-buttons-box\">\n<p>\t\t\t\t\t\t\t\t\t\t\t\t\t\t\t\t\t\t\t\t\t\t\t\t\t\t\t<a class=\"button secondary\" href=\"http:\/\/insieme.ch\/votations\"><\/p>\n<p>\t\t\t\t\t\t\t\t\t\t\t\t\t\t\t\t\t\t\t\t\t\t\t\t\t\t\t\t\t\t\t\tMehr\t\t\t\t\t\t\t\t\t\t\t\t\t\t\t\t\t\t\t<\/a>\n\t\t\t\t\t\t\t\t\t\t\t\t\t\t\t\t\t\t\t\t\t<\/div>\n<\/p><\/div>\n<\/p><\/div>\n<\/p><\/div>\n<\/p><\/div>\n<\/div>\n<\/div>\n<p><!-- \/flzn:zn_button --><br \/>\n<!-- flzn:zn_text_img --><\/p>\n<div id=\"flzn-textimg-1\" class=\"zone zn-textimg with-bg bg-color\"><span class=\"zone-bg bg-color bgc-white alignfull\"><\/span><\/p>\n<div class=\"zone-block zn-textimg-block alignwide va-center\">\n<div class=\"row mw-content-zone\">\n<div class=\"columns large-12\">\n<div class=\"row with-nice-alignment zn-textimg-row va-center\" data-equalizer data-equalize-on=\"large\">\n<div class=\"columns large-6 large-push-6 zn-textimg-colimg\" data-equalizer-watch>\n<div class=\"columns-inner zn-textimg-col-inner\">\n<div class=\"zn-textimg-imgbox\" title=\"Onze personnes se tiennent debout et regardent l\u2019objectif\">\n<figure class=\"zn-textimg-figure\">\n\t\t\t\t\t\t\t<img decoding=\"async\" class=\"zn-textimg-img\" src=\"https:\/\/insieme.ch\/wp-inside\/uploads\/2021\/03\/sensibilisation_campagne2019_jeveuxvoter-800x455.jpg\" alt=\"Onze personnes se tiennent debout et regardent l\u2019objectif\"\/><figcaption class=\"zn-textimg-caption\">Les droits politiques sont garantis par la Constitution. La r\u00e9alit\u00e9 est pourtant tout autre.<\/figcaption><\/figure>\n<\/p><\/div>\n<\/p><\/div>\n<\/p><\/div>\n<div class=\"columns large-6 large-pull-6 zn-textimg-coldesc\" data-equalizer-watch>\n<div class=\"columns-inner zn-textimg-descbox\">\n<div class=\"zn-textimg-desc wig-content\">\n<h2>Campagne 2019:\u00a0 #jeveuxvoter<\/h2>\n<p>De nombreuses personnes en situation de handicap mental veulent participer au processus politique et en ont le droit. En octobre 2019, insieme Suisse a demand\u00e9 \u00e0 onze de ces personnes pourquoi elles souhaitaient participer aux \u00e9lections f\u00e9d\u00e9rales, ce que cela signifiait pour elles et quelles \u00e9taient leurs pr\u00e9occupations. insieme en a fait une vid\u00e9o et plusieurs films.<\/p>\n<\/div><\/div>\n<\/p><\/div>\n<\/p><\/div>\n<\/p><\/div>\n<\/p><\/div>\n<\/div>\n<\/div>\n<p><!-- \/flzn:zn_text_img --><br \/>\n<!-- flzn:zn_text --><\/p>\n<div id=\"flzn-text-2\" class=\"zone zn-text with-bg bg-color\"><span class=\"zone-bg bg-color bgc-white alignfull\"><\/span><\/p>\n<div class=\"zone-block zn-text-block pdd-top-off pdd-bottom-off alignwide va-top\">\n<div class=\"row mw-content-zone type-style  widthbig border-background-yellow\">\n<div class=\"columns large-12\">\n<div class=\"row large-up-1 with-nice-alignment nbloc-1\">\n<div class=\"column zn-text-col\">\n<div class=\"column-inner\">\n<div class=\"wig-content mw-content\">\n<h4 style=\"text-align: center;\">\u00abOui, je veux!\u00bb<\/h4>\n<p style=\"text-align: center;\">c\u2019est ce qu\u2019expriment Stefan, Barbara, Thierry, Karin et Bruno, Andreas, Chris, Silvia et Christian, Sabrina et Olivier.<\/p>\n<p style=\"text-align: center;\">Ces personnes veulent voter parce qu\u2019elles sont suisses; elles veulent se forger une opinion et avoir leur mot \u00e0 dire. Parce qu\u2019elles luttent pour une meilleure int\u00e9gration et car ce qui se d\u00e9cide en politique affecte aussi leur vie.<\/p>\n<p style=\"text-align: center;\">Elles veulent que leur voix compte.<\/p>\n<\/p><\/div>\n<\/p><\/div>\n<\/p><\/div>\n<\/p><\/div>\n<\/p><\/div>\n<\/p><\/div>\n<\/div>\n<\/div>\n<p><!-- \/flzn:zn_text --><br \/>\n<!-- flzn:zn_text --><\/p>\n<div id=\"flzn-text-3\" class=\"zone zn-text\">\n<div class=\"zone-block zn-text-block alignwide va-top\">\n<div class=\"row mw-content-zone type-style  widthbig border-yellow\">\n<div class=\"columns large-12\">\n<div class=\"row large-up-1 with-nice-alignment nbloc-1\">\n<div class=\"column zn-text-col\">\n<div class=\"column-inner\">\n<div class=\"wig-content mw-content\">\n<blockquote>\n<p style=\"text-align: center;\">Des informations adapt\u00e9es \u00e0 la situation et des solutions exp\u00e9riment\u00e9es dans la vie quotidienne peuvent \u00eatre \u00e9chang\u00e9es. Les parents en qu\u00eate de conseils ont aussi l\u2019occasion de se familiariser avec insieme<\/p>\n<\/blockquote><\/div>\n<\/p><\/div>\n<\/p><\/div>\n<\/p><\/div>\n<\/p><\/div>\n<\/p><\/div>\n<\/div>\n<\/div>\n<p><!-- \/flzn:zn_text --><br \/>\n<!-- flzn:zn_text --><\/p>\n<div id=\"flzn-text-4\" class=\"zone zn-text with-bg bg-color\"><span class=\"zone-bg bg-color bgc-white alignfull\"><\/span><\/p>\n<div class=\"zone-block zn-text-block alignwide va-center\">\n<div class=\"row mw-content-zone type-style \">\n<div class=\"columns large-12\">\n<div class=\"row with-nice-alignment nbloc-2 va-center\" data-equalizer data-equalize-on=\"large\">\n<div class=\"columns large-6 zn-text-col\" data-equalizer-watch>\n<div class=\"columns-inner\">\n<div class=\"wig-content mw-content\">\n<h2>Campagne 2015: \u00ab5 min \u2013 insieme, un monde ensemble\u00bb<\/h2>\n<p>La rencontre est le th\u00e8me de la campagne d\u2019insieme \u00ab5 min \u2013 insieme, un monde ensemble\u00bb. Que se passe-t-il lorsque deux personnes, qui ne se sont jamais vues auparavant, se rencontrent? Elles passent un moment dans un caf\u00e9 tranquille, sans pression, sans \u00eatre observ\u00e9es ou d\u00e9rang\u00e9es. Convaincue que des liens peuvent se cr\u00e9er dans ce cadre, insieme a invit\u00e9 une vingtaine de femmes et d\u2019hommes, avec et sans handicap mental, \u00e0 rencontrer une personne inconnue. Rencontres \u00e9mouvantes, moments de r\u00e9flexion et de joie et rapprochement des participant\u00b7e\u00b7s se sont au programme.<\/p>\n<p><a class=\"button\" href=\"http:\/\/5min.insieme.ch\/fr\/home\">En savoir plus<\/a><\/p>\n<\/p><\/div>\n<\/p><\/div>\n<\/p><\/div>\n<div class=\"columns large-6 zn-text-col\" data-equalizer-watch>\n<div class=\"columns-inner\">\n<div class=\"wig-content mw-content\">\n<p><iframe loading=\"lazy\" title=\"insieme \u2013 a world together \/ eine Welt zusammen \/ un monde ensemble\" width=\"500\" height=\"281\" src=\"https:\/\/www.youtube.com\/embed\/qqn6060vcW4?feature=oembed&#038;modestbranding=1&#038;showinfo=0&#038;rel=0&#038;cc_load_policy=1&#038;iv_load_policy=3\" frameborder=\"0\" allow=\"accelerometer; autoplay; clipboard-write; encrypted-media; gyroscope; picture-in-picture; web-share\" referrerpolicy=\"strict-origin-when-cross-origin\" allowfullscreen frameborder=\"0\"><\/iframe><\/p>\n<\/p><\/div>\n<\/p><\/div>\n<\/p><\/div>\n<\/p><\/div>\n<\/p><\/div>\n<\/p><\/div>\n<\/div>\n<\/div>\n<p><!-- \/flzn:zn_text --><br \/>\n<!-- flzn:zn_text --><\/p>\n<div id=\"flzn-text-5\" class=\"zone zn-text with-bg bg-color\"><span class=\"zone-bg bg-color bgc-white alignfull\"><\/span><\/p>\n<div class=\"zone-block zn-text-block pdd-top-off alignwide va-top\">\n<div class=\"row mw-content-zone type-style  widthbig border-background-yellow\">\n<div class=\"columns large-12\">\n<div class=\"row large-up-1 with-nice-alignment nbloc-1\">\n<div class=\"column zn-text-col\">\n<div class=\"column-inner\">\n<div class=\"wig-content mw-content\">\n<blockquote>\n<p style=\"text-align: center;\">On rit, on parle de pr\u00e9f\u00e9rences, de similitudes et de diff\u00e9rences de mani\u00e8re tout \u00e0 fait normale\u2026 Le handicap est rel\u00e9gu\u00e9 au second plan.<\/p>\n<\/blockquote><\/div>\n<\/p><\/div>\n<\/p><\/div>\n<\/p><\/div>\n<\/p><\/div>\n<\/p><\/div>\n<\/div>\n<\/div>\n<p><!-- \/flzn:zn_text --><\/p>\n","protected":false},"excerpt":{"rendered":"<p>Les campagnes de sensibilisation d\u2019insieme attirent l\u2019attention sur la vie quotidienne des personnes en situation de handicap mental. <\/p>\n","protected":false},"author":7,"featured_media":6626,"parent":1644,"menu_order":10,"comment_status":"closed","ping_status":"closed","template":"","meta":{"_acf_changed":false,"footnotes":""},"class_list":["post-1711","page","type-page","status-publish","has-post-thumbnail","hentry","wp-sticky"],"acf":[],"yoast_head":"<!-- This site is optimized with the Yoast SEO plugin v27.4 - https:\/\/yoast.com\/product\/yoast-seo-wordpress\/ -->\n<title>Campagne d&#039;information sur le handicap mental &amp; l&#039;autisme<\/title>\n<meta name=\"robots\" content=\"index, follow, max-snippet:-1, max-image-preview:large, max-video-preview:-1\" \/>\n<link rel=\"canonical\" href=\"https:\/\/insieme.ch\/fr\/nos-activites\/sensibilisation\/campagnes\/\" \/>\n<meta property=\"og:locale\" content=\"fr_FR\" \/>\n<meta property=\"og:type\" content=\"article\" \/>\n<meta property=\"og:title\" content=\"Campagne d&#039;information sur le handicap mental &amp; l&#039;autisme\" \/>\n<meta property=\"og:description\" content=\"Les campagnes de sensibilisation d\u2019insieme attirent l\u2019attention sur la vie quotidienne des personnes en situation de handicap mental.\" \/>\n<meta property=\"og:url\" content=\"https:\/\/insieme.ch\/fr\/nos-activites\/sensibilisation\/campagnes\/\" \/>\n<meta property=\"og:site_name\" content=\"insieme.ch\" \/>\n<meta property=\"article:modified_time\" content=\"2024-05-29T13:34:36+00:00\" \/>\n<meta property=\"og:image\" content=\"https:\/\/insieme.ch\/wp-inside\/uploads\/2021\/03\/jeveuxvoter-medienspiegel.jpg\" \/>\n\t<meta property=\"og:image:width\" content=\"1281\" \/>\n\t<meta property=\"og:image:height\" content=\"660\" \/>\n\t<meta property=\"og:image:type\" content=\"image\/jpeg\" \/>\n<meta name=\"twitter:card\" content=\"summary_large_image\" \/>\n<meta name=\"twitter:label1\" content=\"Dur\u00e9e de lecture estim\u00e9e\" \/>\n\t<meta name=\"twitter:data1\" content=\"2 minutes\" \/>\n<script type=\"application\/ld+json\" class=\"yoast-schema-graph\">{\"@context\":\"https:\\\/\\\/schema.org\",\"@graph\":[{\"@type\":\"WebPage\",\"@id\":\"https:\\\/\\\/insieme.ch\\\/fr\\\/nos-activites\\\/sensibilisation\\\/campagnes\\\/\",\"url\":\"https:\\\/\\\/insieme.ch\\\/fr\\\/nos-activites\\\/sensibilisation\\\/campagnes\\\/\",\"name\":\"Campagne d'information sur le handicap mental & l'autisme\",\"isPartOf\":{\"@id\":\"https:\\\/\\\/insieme.ch\\\/fr\\\/#website\"},\"primaryImageOfPage\":{\"@id\":\"https:\\\/\\\/insieme.ch\\\/fr\\\/nos-activites\\\/sensibilisation\\\/campagnes\\\/#primaryimage\"},\"image\":{\"@id\":\"https:\\\/\\\/insieme.ch\\\/fr\\\/nos-activites\\\/sensibilisation\\\/campagnes\\\/#primaryimage\"},\"thumbnailUrl\":\"https:\\\/\\\/insieme.ch\\\/wp-inside\\\/uploads\\\/2021\\\/03\\\/jeveuxvoter-medienspiegel.jpg\",\"datePublished\":\"2021-03-04T10:17:03+00:00\",\"dateModified\":\"2024-05-29T13:34:36+00:00\",\"breadcrumb\":{\"@id\":\"https:\\\/\\\/insieme.ch\\\/fr\\\/nos-activites\\\/sensibilisation\\\/campagnes\\\/#breadcrumb\"},\"inLanguage\":\"fr-FR\",\"potentialAction\":[{\"@type\":\"ReadAction\",\"target\":[\"https:\\\/\\\/insieme.ch\\\/fr\\\/nos-activites\\\/sensibilisation\\\/campagnes\\\/\"]}]},{\"@type\":\"ImageObject\",\"inLanguage\":\"fr-FR\",\"@id\":\"https:\\\/\\\/insieme.ch\\\/fr\\\/nos-activites\\\/sensibilisation\\\/campagnes\\\/#primaryimage\",\"url\":\"https:\\\/\\\/insieme.ch\\\/wp-inside\\\/uploads\\\/2021\\\/03\\\/jeveuxvoter-medienspiegel.jpg\",\"contentUrl\":\"https:\\\/\\\/insieme.ch\\\/wp-inside\\\/uploads\\\/2021\\\/03\\\/jeveuxvoter-medienspiegel.jpg\",\"width\":1281,\"height\":660},{\"@type\":\"BreadcrumbList\",\"@id\":\"https:\\\/\\\/insieme.ch\\\/fr\\\/nos-activites\\\/sensibilisation\\\/campagnes\\\/#breadcrumb\",\"itemListElement\":[{\"@type\":\"ListItem\",\"position\":1,\"name\":\"Accueil\",\"item\":\"https:\\\/\\\/insieme.ch\\\/fr\\\/\"},{\"@type\":\"ListItem\",\"position\":2,\"name\":\"Activit\u00e9s\",\"item\":\"https:\\\/\\\/insieme.ch\\\/fr\\\/unsere-aktivitaeten\\\/\"},{\"@type\":\"ListItem\",\"position\":3,\"name\":\"Sensibilisation\",\"item\":\"https:\\\/\\\/insieme.ch\\\/fr\\\/unsere-aktivitaeten\\\/sensibilierung\\\/\"},{\"@type\":\"ListItem\",\"position\":4,\"name\":\"Campagnes\"}]},{\"@type\":\"WebSite\",\"@id\":\"https:\\\/\\\/insieme.ch\\\/fr\\\/#website\",\"url\":\"https:\\\/\\\/insieme.ch\\\/fr\\\/\",\"name\":\"insieme.ch\",\"description\":\"\",\"publisher\":{\"@id\":\"https:\\\/\\\/insieme.ch\\\/fr\\\/#organization\"},\"potentialAction\":[{\"@type\":\"SearchAction\",\"target\":{\"@type\":\"EntryPoint\",\"urlTemplate\":\"https:\\\/\\\/insieme.ch\\\/fr\\\/?s={search_term_string}\"},\"query-input\":{\"@type\":\"PropertyValueSpecification\",\"valueRequired\":true,\"valueName\":\"search_term_string\"}}],\"inLanguage\":\"fr-FR\"},{\"@type\":\"Organization\",\"@id\":\"https:\\\/\\\/insieme.ch\\\/fr\\\/#organization\",\"name\":\"insieme\",\"url\":\"https:\\\/\\\/insieme.ch\\\/fr\\\/\",\"logo\":{\"@type\":\"ImageObject\",\"inLanguage\":\"fr-FR\",\"@id\":\"https:\\\/\\\/insieme.ch\\\/fr\\\/#\\\/schema\\\/logo\\\/image\\\/\",\"url\":\"https:\\\/\\\/insieme.ch\\\/wp-inside\\\/uploads\\\/2021\\\/03\\\/logo-insieme.jpg\",\"contentUrl\":\"https:\\\/\\\/insieme.ch\\\/wp-inside\\\/uploads\\\/2021\\\/03\\\/logo-insieme.jpg\",\"width\":250,\"height\":250,\"caption\":\"insieme\"},\"image\":{\"@id\":\"https:\\\/\\\/insieme.ch\\\/fr\\\/#\\\/schema\\\/logo\\\/image\\\/\"}}]}<\/script>\n<!-- \/ Yoast SEO plugin. -->","yoast_head_json":{"title":"Campagne d'information sur le handicap mental & l'autisme","robots":{"index":"index","follow":"follow","max-snippet":"max-snippet:-1","max-image-preview":"max-image-preview:large","max-video-preview":"max-video-preview:-1"},"canonical":"https:\/\/insieme.ch\/fr\/nos-activites\/sensibilisation\/campagnes\/","og_locale":"fr_FR","og_type":"article","og_title":"Campagne d'information sur le handicap mental & l'autisme","og_description":"Les campagnes de sensibilisation d\u2019insieme attirent l\u2019attention sur la vie quotidienne des personnes en situation de handicap mental.","og_url":"https:\/\/insieme.ch\/fr\/nos-activites\/sensibilisation\/campagnes\/","og_site_name":"insieme.ch","article_modified_time":"2024-05-29T13:34:36+00:00","og_image":[{"width":1281,"height":660,"url":"https:\/\/insieme.ch\/wp-inside\/uploads\/2021\/03\/jeveuxvoter-medienspiegel.jpg","type":"image\/jpeg"}],"twitter_card":"summary_large_image","twitter_misc":{"Dur\u00e9e de lecture estim\u00e9e":"2 minutes"},"schema":{"@context":"https:\/\/schema.org","@graph":[{"@type":"WebPage","@id":"https:\/\/insieme.ch\/fr\/nos-activites\/sensibilisation\/campagnes\/","url":"https:\/\/insieme.ch\/fr\/nos-activites\/sensibilisation\/campagnes\/","name":"Campagne d'information sur le handicap mental & l'autisme","isPartOf":{"@id":"https:\/\/insieme.ch\/fr\/#website"},"primaryImageOfPage":{"@id":"https:\/\/insieme.ch\/fr\/nos-activites\/sensibilisation\/campagnes\/#primaryimage"},"image":{"@id":"https:\/\/insieme.ch\/fr\/nos-activites\/sensibilisation\/campagnes\/#primaryimage"},"thumbnailUrl":"https:\/\/insieme.ch\/wp-inside\/uploads\/2021\/03\/jeveuxvoter-medienspiegel.jpg","datePublished":"2021-03-04T10:17:03+00:00","dateModified":"2024-05-29T13:34:36+00:00","breadcrumb":{"@id":"https:\/\/insieme.ch\/fr\/nos-activites\/sensibilisation\/campagnes\/#breadcrumb"},"inLanguage":"fr-FR","potentialAction":[{"@type":"ReadAction","target":["https:\/\/insieme.ch\/fr\/nos-activites\/sensibilisation\/campagnes\/"]}]},{"@type":"ImageObject","inLanguage":"fr-FR","@id":"https:\/\/insieme.ch\/fr\/nos-activites\/sensibilisation\/campagnes\/#primaryimage","url":"https:\/\/insieme.ch\/wp-inside\/uploads\/2021\/03\/jeveuxvoter-medienspiegel.jpg","contentUrl":"https:\/\/insieme.ch\/wp-inside\/uploads\/2021\/03\/jeveuxvoter-medienspiegel.jpg","width":1281,"height":660},{"@type":"BreadcrumbList","@id":"https:\/\/insieme.ch\/fr\/nos-activites\/sensibilisation\/campagnes\/#breadcrumb","itemListElement":[{"@type":"ListItem","position":1,"name":"Accueil","item":"https:\/\/insieme.ch\/fr\/"},{"@type":"ListItem","position":2,"name":"Activit\u00e9s","item":"https:\/\/insieme.ch\/fr\/unsere-aktivitaeten\/"},{"@type":"ListItem","position":3,"name":"Sensibilisation","item":"https:\/\/insieme.ch\/fr\/unsere-aktivitaeten\/sensibilierung\/"},{"@type":"ListItem","position":4,"name":"Campagnes"}]},{"@type":"WebSite","@id":"https:\/\/insieme.ch\/fr\/#website","url":"https:\/\/insieme.ch\/fr\/","name":"insieme.ch","description":"","publisher":{"@id":"https:\/\/insieme.ch\/fr\/#organization"},"potentialAction":[{"@type":"SearchAction","target":{"@type":"EntryPoint","urlTemplate":"https:\/\/insieme.ch\/fr\/?s={search_term_string}"},"query-input":{"@type":"PropertyValueSpecification","valueRequired":true,"valueName":"search_term_string"}}],"inLanguage":"fr-FR"},{"@type":"Organization","@id":"https:\/\/insieme.ch\/fr\/#organization","name":"insieme","url":"https:\/\/insieme.ch\/fr\/","logo":{"@type":"ImageObject","inLanguage":"fr-FR","@id":"https:\/\/insieme.ch\/fr\/#\/schema\/logo\/image\/","url":"https:\/\/insieme.ch\/wp-inside\/uploads\/2021\/03\/logo-insieme.jpg","contentUrl":"https:\/\/insieme.ch\/wp-inside\/uploads\/2021\/03\/logo-insieme.jpg","width":250,"height":250,"caption":"insieme"},"image":{"@id":"https:\/\/insieme.ch\/fr\/#\/schema\/logo\/image\/"}}]}},"_links":{"self":[{"href":"https:\/\/insieme.ch\/fr\/wp-json\/wp\/v2\/pages\/1711","targetHints":{"allow":["GET"]}}],"collection":[{"href":"https:\/\/insieme.ch\/fr\/wp-json\/wp\/v2\/pages"}],"about":[{"href":"https:\/\/insieme.ch\/fr\/wp-json\/wp\/v2\/types\/page"}],"author":[{"embeddable":true,"href":"https:\/\/insieme.ch\/fr\/wp-json\/wp\/v2\/users\/7"}],"replies":[{"embeddable":true,"href":"https:\/\/insieme.ch\/fr\/wp-json\/wp\/v2\/comments?post=1711"}],"version-history":[{"count":10,"href":"https:\/\/insieme.ch\/fr\/wp-json\/wp\/v2\/pages\/1711\/revisions"}],"predecessor-version":[{"id":26375,"href":"https:\/\/insieme.ch\/fr\/wp-json\/wp\/v2\/pages\/1711\/revisions\/26375"}],"up":[{"embeddable":true,"href":"https:\/\/insieme.ch\/fr\/wp-json\/wp\/v2\/pages\/1644"}],"wp:featuredmedia":[{"embeddable":true,"href":"https:\/\/insieme.ch\/fr\/wp-json\/wp\/v2\/media\/6626"}],"wp:attachment":[{"href":"https:\/\/insieme.ch\/fr\/wp-json\/wp\/v2\/media?parent=1711"}],"curies":[{"name":"wp","href":"https:\/\/api.w.org\/{rel}","templated":true}]}}