{"id":1709,"date":"2021-03-04T11:16:35","date_gmt":"2021-03-04T10:16:35","guid":{"rendered":"https:\/\/insieme.ch\/?page_id=1709"},"modified":"2024-01-17T14:52:18","modified_gmt":"2024-01-17T13:52:18","slug":"facile-a-surfer","status":"publish","type":"page","link":"https:\/\/insieme.ch\/fr\/nos-activites\/projets-et-realisations\/facile-a-surfer\/","title":{"rendered":"Facile \u00e0 surfer"},"content":{"rendered":"<p><!-- flzn:zn_pagebanner --><\/p>\n<header id=\"flzn-pagebanner-1\" class=\"zone zn-pagebanner with-bg bg-color\"><span class=\"zone-bg bg-color bgc-yellow-light alignfull\"><\/span><\/p>\n<div class=\"zone-block zn-pagebanner-block alignwide va-center\"><\/div>\n<\/header>\n<p><!-- \/flzn:zn_pagebanner --><br \/>\n<!-- flzn:zn_text_img --><\/p>\n<div id=\"flzn-textimg-1\" class=\"zone zn-textimg with-bg bg-color\"><span class=\"zone-bg bg-color bgc-white alignfull\"><\/span><\/p>\n<div class=\"zone-block zn-textimg-block pdd-top-off pdd-bottom-off alignwide va-center\">\n<div class=\"row mw-content-zone\">\n<div class=\"columns large-12\">\n<div class=\"row with-nice-alignment zn-textimg-row va-center\" data-equalizer data-equalize-on=\"large\">\n<div class=\"columns large-6 large-push-6 zn-textimg-colimg\" data-equalizer-watch>\n<div class=\"columns-inner zn-textimg-col-inner\">\n<div class=\"zn-textimg-imgbox\" title=\"Logo de Facile \u00e0 surfer\">\n<figure class=\"zn-textimg-figure\">\n\t\t\t\t\t\t\t<img decoding=\"async\" class=\"zn-textimg-img\" src=\"https:\/\/insieme.ch\/wp-inside\/uploads\/2021\/03\/facile-a-surfer.jpg\" alt=\"Logo de Facile \u00e0 surfer\"\/><br \/>\n\t\t\t\t\t\t\t\t\t\t\t\t\t<\/figure>\n<\/p><\/div>\n<\/p><\/div>\n<\/p><\/div>\n<div class=\"columns large-6 large-pull-6 zn-textimg-coldesc\" data-equalizer-watch>\n<div class=\"columns-inner zn-textimg-descbox\">\n<div class=\"zn-textimg-desc wig-content\">\n<h2>\u00abFacile \u00e0 surfer\u00bb: des sites facilement accessibles<\/h2>\n<p>Un nombre important de personnes ne parviennent pas \u00e0 suivre l\u2019\u00e9volution rapide des nouvelles technologies. Diff\u00e9rents types d\u2019obstacles entravent leur utilisation d\u2019Internet, notamment la mani\u00e8re de s\u2019orienter et d\u2019obtenir des informations. Ces obstacles peuvent toutefois \u00eatre amoindris. Jusqu\u2019\u00e0 maintenant, les guides pour la cr\u00e9ation de sites facilement accessibles \u00e9taient surtout destin\u00e9s \u00e0 un public d\u2019utilisateurs en situation de handicap moteur ou sensoriel. La prise en compte du handicap mental n\u2019\u00e9tait que marginale. \u00abFacile \u00e0 surfer\u00bb vise \u00e0 combler cette lacune.<\/p>\n<\/div><\/div>\n<\/p><\/div>\n<\/p><\/div>\n<\/p><\/div>\n<\/p><\/div>\n<\/div>\n<\/div>\n<p><!-- \/flzn:zn_text_img --><br \/>\n<!-- flzn:zn_text --><\/p>\n<div id=\"flzn-text-1\" class=\"zone zn-text\">\n<div class=\"zone-block zn-text-block pdd-top-off pdd-bottom alignwide va-top\">\n<div class=\"row mw-content-zone type-style \">\n<div class=\"columns large-12\">\n<div class=\"row with-nice-alignment nbloc-2 va-top\">\n<div class=\"columns large-6 zn-text-col\">\n<div class=\"columns-inner\">\n<div class=\"wig-content mw-content\">\n<h2>Un guide pour accompagner<\/h2>\n<p>Le guide \u00abFacile \u00e0 surfer\u00bb explique comment cr\u00e9er des sites facilement accessibles pour les personnes avec un handicap mental. Celui-ci ne souhaite pas entraver la cr\u00e9ativit\u00e9 des concepteurs\u00b7trices, mais attirer leur attention sur des principes permettant d\u2019\u00e9viter certains \u00e9cueils. insieme souhaite ainsi encourager l\u2019exp\u00e9rimentation de nouveaux principes de conception et de nouvelles mani\u00e8res de faire.<\/p>\n<p>Le guide comprend:<\/p>\n<ul>\n<li>des informations sur le handicap mental<\/li>\n<li>14 recommandations visant \u00e0 am\u00e9liorer l\u2019accessibilit\u00e9 des sites pour les personnes avec un handicap mental<\/li>\n<li>une liste r\u00e9capitulative<\/li>\n<li>une matrice mettant en relation les caract\u00e9ristiques du groupe d\u2019utilisateurs avec les exigences requise pour l\u2019utilisation du site<\/li>\n<\/ul><\/div>\n<\/p><\/div>\n<\/p><\/div>\n<div class=\"columns large-6 zn-text-col\">\n<div class=\"columns-inner\">\n<div class=\"wig-content mw-content\">\n<h2>Partenaires<\/h2>\n<p>Le guide \u00abFacile \u00e0 surfer\u00bb est le r\u00e9sultat d\u2019une collaboration avec la <a href=\"http:\/\/www.access-for-all.ch\/\"><strong>fondation \u00abAcc\u00e8s pour tous\u00bb<\/strong><\/a> et la <a href=\"http:\/\/www.fhnw.ch\/sozialearbeit\"><strong>Haute \u00e9cole sp\u00e9cialis\u00e9e du nord-ouest de la Suisse (FHNW)<\/strong><\/a>. Le <a href=\"https:\/\/www.edi.admin.ch\/edi\/fr\/home\/fachstellen\/bfeh.html\"><strong>Bureau f\u00e9d\u00e9ral de l\u2019\u00e9galit\u00e9 pour les personnes handicap\u00e9es (BFEH)<\/strong><\/a>, la fondation Ernst-G\u00f6hner et la <strong><a href=\"https:\/\/denkanmich.ch\/\">fondation \u00abDenk an mich\u00bb<\/a><\/strong> ont \u00e9galement soutenu le projet.<\/p>\n<h2 style=\"text-align: left;\">Statut<\/h2>\n<p style=\"text-align: left;\">Le guide est accessible en ligne depuis 2015.<\/p>\n<p style=\"text-align: left;\"><a class=\"button\" href=\"https:\/\/insieme.ch\/fr\/produit\/facile-a-surfer\/\">Commander la brochure<\/a><\/p>\n<\/p><\/div>\n<\/p><\/div>\n<\/p><\/div>\n<\/p><\/div>\n<\/p><\/div>\n<\/p><\/div>\n<\/div>\n<\/div>\n<p><!-- \/flzn:zn_text --><br \/>\n<!-- flzn:zn_documents --><\/p>\n<div id=\"flzn-documents-1\" class=\"zone zn-documents with-bg bg-color\"><span class=\"zone-bg bg-color bgc-yellow-light alignfull\"><\/span><\/p>\n<div class=\"zone-block zn-documents-block alignwide va-center\">\n<div class=\"row\">\n<div class=\"columns large-12\">\n<div class=\"zn-documents-titlebox zone-titlebox\" >\n<h2 class=\"zn-documents-title zone-title title-with-deco\">Document \u00e0 t\u00e9l\u00e9charger<\/h2>\n<\/p><\/div>\n<div class=\"row zn-documents-list small-up-1 medium-up-2 large-up-3 blockgrid-center\">\n<div class=\"column zn-documents-item\">\n\t\t\t\t\t\t<a class=\"documentlink downloadlink\" href=\"https:\/\/insieme.ch\/wp-inside\/uploads\/2021\/03\/brochure-facile-a-surfer.pdf\" title=\"T\u00e9l\u00e9charger \u00ab brochure-facile-a-surfer.pdf \u00bb\" target=\"_blank\" rel=\"noopener\"><\/p>\n<h3 class=\"documentlink-title\">Facile \u00e0 surfer<\/h3>\n<p>\t\t\t\t\t\t\t<span class=\"documentlink-txt\">T\u00e9l\u00e9charger le document<\/span><br \/>\n\t\t\t\t\t\t\t\t\t\t\t\t\t\t<span class=\"documentlink-info\"> &#8211; <span class=\"documentlink-weight\">1,06 Mo<\/span><\/span><br \/>\n\t\t\t\t\t\t\t\t\t\t\t\t\t<\/a>\n\t\t\t\t\t<\/div>\n<\/p><\/div>\n<\/p><\/div>\n<\/p><\/div>\n<\/div>\n<\/div>\n<p><!-- \/flzn:zn_documents --><br \/>\n<!-- flzn:zn_list_member --><\/p>\n<div id=\"flzn-listmember-1\" class=\"zone zn-listmember with-bg bg-color\"><span class=\"zone-bg bg-color bgc-transparent alignfull\"><\/span><\/p>\n<div class=\"zone-block zn-listmember-block pdd-top pdd-bottom alignwide va-top\">\n<div class=\"row\">\n<div class=\"columns large-12\">\n<div class=\"zn-listmember-titlebox\">\n<h3 class=\"zn-listmember-title zone-title\">\n\t\t\t\t\t\tResponsable du projet\t\t\t\t\t<\/h3>\n<\/p><\/div>\n<div class=\"row blockgrid-center nb-members-1 small-up-2 medium-up-3 large-up-4\" data-equalizer data-equalize-on=\"medium\">\n<div class=\"column zn-listmember-member\">\n<div class=\"zn-listmember-member-box\">\n<figure class=\"zn-listmember-member-figure\">\n\t\t\t\t\t\t\t<img decoding=\"async\" class=\"zn-listmember-member-img rs_preserve\" src=\"https:\/\/insieme.ch\/wp-inside\/uploads\/2023\/11\/photo_portrait_thomas-002-300x300.jpg\" alt=\"\" data-interchange=\"[https:\/\/insieme.ch\/wp-inside\/uploads\/2023\/11\/photo_portrait_thomas-002-300x300.jpg, small],[https:\/\/insieme.ch\/wp-inside\/uploads\/2023\/11\/photo_portrait_thomas-002-300x300.jpg, gsmall],[https:\/\/insieme.ch\/wp-inside\/uploads\/2023\/11\/photo_portrait_thomas-002-300x300.jpg, glarge],\"><br \/>\n\t\t\t\t\t\t\t\t\t\t\t\t\t<\/figure>\n<div class=\"zn-listmember-member-infos\">\n<div class=\"rs_preserve rs_skip\" data-equalizer-watch>\n<h3 class=\"zn-listmember-member-name\">\n\t\t\t\t\t\t\t\t\tThomas Thentz\t\t\t\t\t\t\t\t<\/h3>\n<p class=\"zn-listmember-member-fonction\">\n\t\t\t\t\t\t\t\t\tCharg\u00e9 de projets\t\t\t\t\t\t\t\t<\/p>\n<\/p><\/div>\n<p>\t\t\t\t\t\t\t\t\t\t\t\t\t\t\t\t\t\t\t\t\t\t\t\t<button class=\"zn-listmember-member-button rs_preserve\" type=\"button\" data-toggle=\"zn-listmember-dropdown-1-1\">En savoir plus<\/button><\/p>\n<div class=\"zn-listmember-member-dropdown dropdown-pane rs_preserve\" data-position=\"bottom\" data-alignment=\"center\" id=\"zn-listmember-dropdown-1-1\" data-dropdown data-auto-focus=\"true\">\n<p class=\"zn-listmember-member-desc\">\n\t\t\t\t\t\t\t\t\t\tDiagnostic pr\u00e9natal<br \/> Petit enfance \u2013 Ecole<br \/> Participation culturelle et num\u00e9rique <br \/>Entraide <br \/>Grand \u00e2ge\t\t\t\t\t\t\t\t\t<\/p>\n<p class=\"zn-listmember-member-mailbox\">\n\t\t\t\t\t\t\t\t\t\t<a class=\"zn-listmember-member-mail\" href=\"mailto:tthentz@insieme.ch\" title=\"\"><br \/>\n\t\t\t\t\t\t\t\t\t\t\ttthentz@insieme.ch\t\t\t\t\t\t\t\t\t\t<\/a>\n\t\t\t\t\t\t\t\t\t<\/p>\n<\/p><\/div>\n<\/p><\/div>\n<\/p><\/div>\n<\/p><\/div>\n<\/p><\/div>\n<\/p><\/div>\n<\/p><\/div>\n<\/p><\/div>\n<\/div>\n<p><!-- \/flzn:zn_list_member --><\/p>\n","protected":false},"excerpt":{"rendered":"<p>Pour permettre un acc\u00e8s \u00e0 Internet aux personnes avec une d\u00e9ficience intellectuelle, des interfaces utilisateurs simples sont n\u00e9cessaires. \u00ab Facile \u00e0 surfer\u00bb explique comment les cr\u00e9er.<\/p>\n","protected":false},"author":7,"featured_media":2047,"parent":1642,"menu_order":30,"comment_status":"closed","ping_status":"closed","template":"","meta":{"_acf_changed":false,"footnotes":""},"class_list":["post-1709","page","type-page","status-publish","has-post-thumbnail","hentry","wp-sticky"],"acf":[],"yoast_head":"<!-- This site is optimized with the Yoast SEO plugin v27.4 - https:\/\/yoast.com\/product\/yoast-seo-wordpress\/ -->\n<title>Guide cr\u00e9ation site accessible aux personnes handicap\u00e9es<\/title>\n<meta name=\"robots\" content=\"index, follow, max-snippet:-1, max-image-preview:large, max-video-preview:-1\" \/>\n<link rel=\"canonical\" href=\"https:\/\/insieme.ch\/fr\/nos-activites\/projets-et-realisations\/facile-a-surfer\/\" \/>\n<meta property=\"og:locale\" content=\"fr_FR\" \/>\n<meta property=\"og:type\" content=\"article\" \/>\n<meta property=\"og:title\" content=\"Guide cr\u00e9ation site accessible aux personnes handicap\u00e9es\" \/>\n<meta property=\"og:description\" content=\"Pour permettre un acc\u00e8s \u00e0 Internet aux personnes avec une d\u00e9ficience intellectuelle, des interfaces utilisateurs simples sont n\u00e9cessaires. \u00ab Facile \u00e0 surfer\u00bb explique comment les cr\u00e9er.\" \/>\n<meta property=\"og:url\" content=\"https:\/\/insieme.ch\/fr\/nos-activites\/projets-et-realisations\/facile-a-surfer\/\" \/>\n<meta property=\"og:site_name\" content=\"insieme.ch\" \/>\n<meta property=\"article:modified_time\" content=\"2024-01-17T13:52:18+00:00\" \/>\n<meta property=\"og:image\" content=\"https:\/\/insieme.ch\/wp-inside\/uploads\/2021\/03\/facile-a-surfer.jpg\" \/>\n\t<meta property=\"og:image:width\" content=\"800\" \/>\n\t<meta property=\"og:image:height\" content=\"800\" \/>\n\t<meta property=\"og:image:type\" content=\"image\/jpeg\" \/>\n<meta name=\"twitter:card\" content=\"summary_large_image\" \/>\n<meta name=\"twitter:label1\" content=\"Dur\u00e9e de lecture estim\u00e9e\" \/>\n\t<meta name=\"twitter:data1\" content=\"2 minutes\" \/>\n<script type=\"application\/ld+json\" class=\"yoast-schema-graph\">{\"@context\":\"https:\\\/\\\/schema.org\",\"@graph\":[{\"@type\":\"WebPage\",\"@id\":\"https:\\\/\\\/insieme.ch\\\/fr\\\/nos-activites\\\/projets-et-realisations\\\/facile-a-surfer\\\/\",\"url\":\"https:\\\/\\\/insieme.ch\\\/fr\\\/nos-activites\\\/projets-et-realisations\\\/facile-a-surfer\\\/\",\"name\":\"Guide cr\u00e9ation site accessible aux personnes handicap\u00e9es\",\"isPartOf\":{\"@id\":\"https:\\\/\\\/insieme.ch\\\/fr\\\/#website\"},\"primaryImageOfPage\":{\"@id\":\"https:\\\/\\\/insieme.ch\\\/fr\\\/nos-activites\\\/projets-et-realisations\\\/facile-a-surfer\\\/#primaryimage\"},\"image\":{\"@id\":\"https:\\\/\\\/insieme.ch\\\/fr\\\/nos-activites\\\/projets-et-realisations\\\/facile-a-surfer\\\/#primaryimage\"},\"thumbnailUrl\":\"https:\\\/\\\/insieme.ch\\\/wp-inside\\\/uploads\\\/2021\\\/03\\\/facile-a-surfer.jpg\",\"datePublished\":\"2021-03-04T10:16:35+00:00\",\"dateModified\":\"2024-01-17T13:52:18+00:00\",\"breadcrumb\":{\"@id\":\"https:\\\/\\\/insieme.ch\\\/fr\\\/nos-activites\\\/projets-et-realisations\\\/facile-a-surfer\\\/#breadcrumb\"},\"inLanguage\":\"fr-FR\",\"potentialAction\":[{\"@type\":\"ReadAction\",\"target\":[\"https:\\\/\\\/insieme.ch\\\/fr\\\/nos-activites\\\/projets-et-realisations\\\/facile-a-surfer\\\/\"]}]},{\"@type\":\"ImageObject\",\"inLanguage\":\"fr-FR\",\"@id\":\"https:\\\/\\\/insieme.ch\\\/fr\\\/nos-activites\\\/projets-et-realisations\\\/facile-a-surfer\\\/#primaryimage\",\"url\":\"https:\\\/\\\/insieme.ch\\\/wp-inside\\\/uploads\\\/2021\\\/03\\\/facile-a-surfer.jpg\",\"contentUrl\":\"https:\\\/\\\/insieme.ch\\\/wp-inside\\\/uploads\\\/2021\\\/03\\\/facile-a-surfer.jpg\",\"width\":800,\"height\":800,\"caption\":\"Logo de Facile \u00e0 surfer\"},{\"@type\":\"BreadcrumbList\",\"@id\":\"https:\\\/\\\/insieme.ch\\\/fr\\\/nos-activites\\\/projets-et-realisations\\\/facile-a-surfer\\\/#breadcrumb\",\"itemListElement\":[{\"@type\":\"ListItem\",\"position\":1,\"name\":\"Accueil\",\"item\":\"https:\\\/\\\/insieme.ch\\\/fr\\\/\"},{\"@type\":\"ListItem\",\"position\":2,\"name\":\"Activit\u00e9s\",\"item\":\"https:\\\/\\\/insieme.ch\\\/fr\\\/unsere-aktivitaeten\\\/\"},{\"@type\":\"ListItem\",\"position\":3,\"name\":\"Projets et r\u00e9alisations\",\"item\":\"https:\\\/\\\/insieme.ch\\\/fr\\\/nos-activites\\\/projets-et-realisations\\\/\"},{\"@type\":\"ListItem\",\"position\":4,\"name\":\"Facile \u00e0 surfer\"}]},{\"@type\":\"WebSite\",\"@id\":\"https:\\\/\\\/insieme.ch\\\/fr\\\/#website\",\"url\":\"https:\\\/\\\/insieme.ch\\\/fr\\\/\",\"name\":\"insieme.ch\",\"description\":\"\",\"publisher\":{\"@id\":\"https:\\\/\\\/insieme.ch\\\/fr\\\/#organization\"},\"potentialAction\":[{\"@type\":\"SearchAction\",\"target\":{\"@type\":\"EntryPoint\",\"urlTemplate\":\"https:\\\/\\\/insieme.ch\\\/fr\\\/?s={search_term_string}\"},\"query-input\":{\"@type\":\"PropertyValueSpecification\",\"valueRequired\":true,\"valueName\":\"search_term_string\"}}],\"inLanguage\":\"fr-FR\"},{\"@type\":\"Organization\",\"@id\":\"https:\\\/\\\/insieme.ch\\\/fr\\\/#organization\",\"name\":\"insieme\",\"url\":\"https:\\\/\\\/insieme.ch\\\/fr\\\/\",\"logo\":{\"@type\":\"ImageObject\",\"inLanguage\":\"fr-FR\",\"@id\":\"https:\\\/\\\/insieme.ch\\\/fr\\\/#\\\/schema\\\/logo\\\/image\\\/\",\"url\":\"https:\\\/\\\/insieme.ch\\\/wp-inside\\\/uploads\\\/2021\\\/03\\\/logo-insieme.jpg\",\"contentUrl\":\"https:\\\/\\\/insieme.ch\\\/wp-inside\\\/uploads\\\/2021\\\/03\\\/logo-insieme.jpg\",\"width\":250,\"height\":250,\"caption\":\"insieme\"},\"image\":{\"@id\":\"https:\\\/\\\/insieme.ch\\\/fr\\\/#\\\/schema\\\/logo\\\/image\\\/\"}}]}<\/script>\n<!-- \/ Yoast SEO plugin. -->","yoast_head_json":{"title":"Guide cr\u00e9ation site accessible aux personnes handicap\u00e9es","robots":{"index":"index","follow":"follow","max-snippet":"max-snippet:-1","max-image-preview":"max-image-preview:large","max-video-preview":"max-video-preview:-1"},"canonical":"https:\/\/insieme.ch\/fr\/nos-activites\/projets-et-realisations\/facile-a-surfer\/","og_locale":"fr_FR","og_type":"article","og_title":"Guide cr\u00e9ation site accessible aux personnes handicap\u00e9es","og_description":"Pour permettre un acc\u00e8s \u00e0 Internet aux personnes avec une d\u00e9ficience intellectuelle, des interfaces utilisateurs simples sont n\u00e9cessaires. \u00ab Facile \u00e0 surfer\u00bb explique comment les cr\u00e9er.","og_url":"https:\/\/insieme.ch\/fr\/nos-activites\/projets-et-realisations\/facile-a-surfer\/","og_site_name":"insieme.ch","article_modified_time":"2024-01-17T13:52:18+00:00","og_image":[{"width":800,"height":800,"url":"https:\/\/insieme.ch\/wp-inside\/uploads\/2021\/03\/facile-a-surfer.jpg","type":"image\/jpeg"}],"twitter_card":"summary_large_image","twitter_misc":{"Dur\u00e9e de lecture estim\u00e9e":"2 minutes"},"schema":{"@context":"https:\/\/schema.org","@graph":[{"@type":"WebPage","@id":"https:\/\/insieme.ch\/fr\/nos-activites\/projets-et-realisations\/facile-a-surfer\/","url":"https:\/\/insieme.ch\/fr\/nos-activites\/projets-et-realisations\/facile-a-surfer\/","name":"Guide cr\u00e9ation site accessible aux personnes handicap\u00e9es","isPartOf":{"@id":"https:\/\/insieme.ch\/fr\/#website"},"primaryImageOfPage":{"@id":"https:\/\/insieme.ch\/fr\/nos-activites\/projets-et-realisations\/facile-a-surfer\/#primaryimage"},"image":{"@id":"https:\/\/insieme.ch\/fr\/nos-activites\/projets-et-realisations\/facile-a-surfer\/#primaryimage"},"thumbnailUrl":"https:\/\/insieme.ch\/wp-inside\/uploads\/2021\/03\/facile-a-surfer.jpg","datePublished":"2021-03-04T10:16:35+00:00","dateModified":"2024-01-17T13:52:18+00:00","breadcrumb":{"@id":"https:\/\/insieme.ch\/fr\/nos-activites\/projets-et-realisations\/facile-a-surfer\/#breadcrumb"},"inLanguage":"fr-FR","potentialAction":[{"@type":"ReadAction","target":["https:\/\/insieme.ch\/fr\/nos-activites\/projets-et-realisations\/facile-a-surfer\/"]}]},{"@type":"ImageObject","inLanguage":"fr-FR","@id":"https:\/\/insieme.ch\/fr\/nos-activites\/projets-et-realisations\/facile-a-surfer\/#primaryimage","url":"https:\/\/insieme.ch\/wp-inside\/uploads\/2021\/03\/facile-a-surfer.jpg","contentUrl":"https:\/\/insieme.ch\/wp-inside\/uploads\/2021\/03\/facile-a-surfer.jpg","width":800,"height":800,"caption":"Logo de Facile \u00e0 surfer"},{"@type":"BreadcrumbList","@id":"https:\/\/insieme.ch\/fr\/nos-activites\/projets-et-realisations\/facile-a-surfer\/#breadcrumb","itemListElement":[{"@type":"ListItem","position":1,"name":"Accueil","item":"https:\/\/insieme.ch\/fr\/"},{"@type":"ListItem","position":2,"name":"Activit\u00e9s","item":"https:\/\/insieme.ch\/fr\/unsere-aktivitaeten\/"},{"@type":"ListItem","position":3,"name":"Projets et r\u00e9alisations","item":"https:\/\/insieme.ch\/fr\/nos-activites\/projets-et-realisations\/"},{"@type":"ListItem","position":4,"name":"Facile \u00e0 surfer"}]},{"@type":"WebSite","@id":"https:\/\/insieme.ch\/fr\/#website","url":"https:\/\/insieme.ch\/fr\/","name":"insieme.ch","description":"","publisher":{"@id":"https:\/\/insieme.ch\/fr\/#organization"},"potentialAction":[{"@type":"SearchAction","target":{"@type":"EntryPoint","urlTemplate":"https:\/\/insieme.ch\/fr\/?s={search_term_string}"},"query-input":{"@type":"PropertyValueSpecification","valueRequired":true,"valueName":"search_term_string"}}],"inLanguage":"fr-FR"},{"@type":"Organization","@id":"https:\/\/insieme.ch\/fr\/#organization","name":"insieme","url":"https:\/\/insieme.ch\/fr\/","logo":{"@type":"ImageObject","inLanguage":"fr-FR","@id":"https:\/\/insieme.ch\/fr\/#\/schema\/logo\/image\/","url":"https:\/\/insieme.ch\/wp-inside\/uploads\/2021\/03\/logo-insieme.jpg","contentUrl":"https:\/\/insieme.ch\/wp-inside\/uploads\/2021\/03\/logo-insieme.jpg","width":250,"height":250,"caption":"insieme"},"image":{"@id":"https:\/\/insieme.ch\/fr\/#\/schema\/logo\/image\/"}}]}},"_links":{"self":[{"href":"https:\/\/insieme.ch\/fr\/wp-json\/wp\/v2\/pages\/1709","targetHints":{"allow":["GET"]}}],"collection":[{"href":"https:\/\/insieme.ch\/fr\/wp-json\/wp\/v2\/pages"}],"about":[{"href":"https:\/\/insieme.ch\/fr\/wp-json\/wp\/v2\/types\/page"}],"author":[{"embeddable":true,"href":"https:\/\/insieme.ch\/fr\/wp-json\/wp\/v2\/users\/7"}],"replies":[{"embeddable":true,"href":"https:\/\/insieme.ch\/fr\/wp-json\/wp\/v2\/comments?post=1709"}],"version-history":[{"count":7,"href":"https:\/\/insieme.ch\/fr\/wp-json\/wp\/v2\/pages\/1709\/revisions"}],"predecessor-version":[{"id":22485,"href":"https:\/\/insieme.ch\/fr\/wp-json\/wp\/v2\/pages\/1709\/revisions\/22485"}],"up":[{"embeddable":true,"href":"https:\/\/insieme.ch\/fr\/wp-json\/wp\/v2\/pages\/1642"}],"wp:featuredmedia":[{"embeddable":true,"href":"https:\/\/insieme.ch\/fr\/wp-json\/wp\/v2\/media\/2047"}],"wp:attachment":[{"href":"https:\/\/insieme.ch\/fr\/wp-json\/wp\/v2\/media?parent=1709"}],"curies":[{"name":"wp","href":"https:\/\/api.w.org\/{rel}","templated":true}]}}