{"id":1707,"date":"2021-03-04T11:16:18","date_gmt":"2021-03-04T10:16:18","guid":{"rendered":"https:\/\/insieme.ch\/?page_id=1707"},"modified":"2025-12-11T09:36:12","modified_gmt":"2025-12-11T08:36:12","slug":"tests-prenatals-a-vous-de-choisir","status":"publish","type":"page","link":"https:\/\/insieme.ch\/fr\/nos-activites\/projets-et-realisations\/tests-prenatals-a-vous-de-choisir\/","title":{"rendered":"Tests pr\u00e9natals&#160;: \u00e0 vous de choisir&#160;!"},"content":{"rendered":"<p><!-- flzn:zn_pagebanner --><\/p>\n<header id=\"flzn-pagebanner-1\" class=\"zone zn-pagebanner with-bg bg-color\"><span class=\"zone-bg bg-color bgc-yellow-light alignfull\"><\/span><\/p>\n<div class=\"zone-block zn-pagebanner-block alignwide va-center\"><\/div>\n<\/header>\n<p><!-- \/flzn:zn_pagebanner --><br \/>\n<!-- flzn:zn_text_img --><\/p>\n<div id=\"flzn-textimg-1\" class=\"zone zn-textimg with-bg bg-color\"><span class=\"zone-bg bg-color bgc-white alignfull\"><\/span><\/p>\n<div class=\"zone-block zn-textimg-block alignwide va-center\">\n<div class=\"row mw-content-zone\">\n<div class=\"columns large-12\">\n<div class=\"row with-nice-alignment zn-textimg-row va-center\" data-equalizer data-equalize-on=\"large\">\n<div class=\"columns large-6 zn-textimg-colimg\" data-equalizer-watch>\n<div class=\"columns-inner zn-textimg-col-inner\">\n<div class=\"zn-textimg-imgbox\" title=\"L\u2019illustration montre une femme dont on voit le f\u0153tus dans le ventre .\">\n<figure class=\"zn-textimg-figure\">\n\t\t\t\t\t\t\t<img decoding=\"async\" class=\"zn-textimg-img\" src=\"https:\/\/insieme.ch\/wp-inside\/uploads\/2021\/03\/tests-prenatals-a-vous-de-choisir-800x800.jpg\" alt=\"L\u2019illustration montre une femme dont on voit le f\u0153tus dans le ventre .\"\/><figcaption class=\"zn-textimg-caption\">Les tests pr\u00e9natals peuvent mettre les futurs parents face \u00e0 des d\u00e9cisions difficiles.<\/figcaption><\/figure>\n<\/p><\/div>\n<\/p><\/div>\n<\/p><\/div>\n<div class=\"columns large-6 zn-textimg-coldesc\" data-equalizer-watch>\n<div class=\"columns-inner zn-textimg-descbox\">\n<div class=\"zn-textimg-desc wig-content\">\n<h2>Tests pr\u00e9natals: une aide \u00e0 la prise de d\u00e9cision<\/h2>\n<p>La confirmation d\u2019une grossesse par le m\u00e9decin marque pour beaucoup de couples le d\u00e9but d\u2019une p\u00e9riode intense et riche en \u00e9motions, qui les confronte \u00e0 de nouvelles th\u00e9matiques et soul\u00e8ve de nouveaux questionnements. L\u2019une des th\u00e9matiques qui n\u2019est g\u00e9n\u00e9ralement pas spontan\u00e9ment prise en compte est celle des tests pr\u00e9natals.<\/p>\n<\/div><\/div>\n<\/p><\/div>\n<\/p><\/div>\n<\/p><\/div>\n<\/p><\/div>\n<\/div>\n<\/div>\n<p><!-- \/flzn:zn_text_img --><br \/>\n<!-- flzn:zn_text --><\/p>\n<div id=\"flzn-text-1\" class=\"zone zn-text with-bg bg-color\"><span class=\"zone-bg bg-color bgc-yellow-light alignfull\"><\/span><\/p>\n<div class=\"zone-block zn-text-block alignwide va-top\">\n<div class=\"row mw-content-zone type-style \">\n<div class=\"columns large-12\">\n<div class=\"row with-nice-alignment nbloc-2 va-top\">\n<div class=\"columns large-6 zn-text-col\">\n<div class=\"columns-inner\">\n<div class=\"wig-content mw-content\">\n<h2>Des d\u00e9cisions difficiles<\/h2>\n<p>97% des enfants viennent au monde sans maladie ni handicap. Toutefois, afin de d\u00e9tecter un certain nombre de maladies et de handicaps chez l\u2019enfant \u00e0 na\u00eetre, des tests pr\u00e9natals, comme les ultrasons (par ex. mesure de la clart\u00e9 nucale) ou les tests sanguins, sont souvent effectu\u00e9s de mani\u00e8re quasi automatique. De tels tests peuvent mettre les futurs parents face \u00e0 des d\u00e9cisions difficiles. C\u2019est notamment le cas lorsque le r\u00e9sultat du test laisse suspecter une anomalie et indique que l\u2019enfant \u00e0 na\u00eetre pourrait avoir un handicap.<\/p>\n<h2>Aide \u00e0 la prise de d\u00e9cision<\/h2>\n<p>L\u2019information et les conseils prodigu\u00e9s par les gyn\u00e9cologues n\u2019interviennent souvent pas suffisamment t\u00f4t ou ne sont pas suffisamment complets et neutres. C\u2019est pourquoi insieme recommande aux futurs parents de s\u2019informer aussi rapidement que possible et de se faire conseiller afin de pouvoir se positionner de mani\u00e8re autonome par rapport aux tests et cela sans subir la pression du temps.<\/p>\n<\/p><\/div>\n<\/p><\/div>\n<\/p><\/div>\n<div class=\"columns large-6 zn-text-col\">\n<div class=\"columns-inner\">\n<div class=\"wig-content mw-content\">\n<p>insieme Suisse a con\u00e7u \u00e0 cet effet la brochure (all; fr; it; eng) et le site Internet (d ;f) \u00abTests pr\u00e9natals \u2013 A vous de choisir!\u00bb. Elle comprend:<\/p>\n<ul>\n<li>une br\u00e8ve vue d\u2019ensemble des tests pr\u00e9natals<\/li>\n<li>des explications sur les droits \u00e0 savoir et \u00e0 ne pas savoir \u2013 c\u2019est-\u00e0-dire effectuer un test, y renoncer ou ne le faire que partiellement<\/li>\n<li>des exemples de d\u00e9cisions montrant les tests pouvant \u00eatre choisis par les couples, dans quelles situations et avec quelles cons\u00e9quences<\/li>\n<li>des cartes comportant des listes de questions pouvant \u00eatre emport\u00e9es lors de l\u2019entretien m\u00e9dical et qui aident \u00e0 collecter toutes informations n\u00e9cessaires \u00e0 la prise de d\u00e9cision<\/li>\n<li>une s\u00e9lection de liens vers des services d\u2019information et de conseil<\/li>\n<\/ul>\n<p>&nbsp;<\/p>\n<p><a class=\"button\" href=\"https:\/\/insieme.ch\/fr\/nos-activites\/projets-et-realisations\/tests-prenatals-a-vous-de-choisir\/tests-prenatals-a-vous-de-choisir\/\" target=\"_blank\" rel=\"noopener\">Plateforme \u00ab tests pr\u00e9natals : \u00e0 vous de choisir !\u00bb<\/a><\/p>\n<p><a class=\"button\" href=\"https:\/\/insieme.ch\/unsere-aktivitaeten\/projekte\/vorgeburtliche-tests-sie-entscheiden\/test-prenatali-sta-a-voi-decidere\/\" target=\"_blank\" rel=\"noopener\">Piattaforma Web \u00abTest prenatali &#8211; Sta a voi decidere !\u00bb<\/a><\/p>\n<p><a class=\"button\" href=\"https:\/\/insieme.ch\/unsere-aktivitaeten\/projekte\/vorgeburtliche-tests-sie-entscheiden\/prenatal-tests-you-decide\/\" target=\"_blank\" rel=\"noopener\">Web platform \u00abPrenatals tests &#8211; you decide !\u00bb<\/a><\/p>\n<\/p><\/div>\n<\/p><\/div>\n<\/p><\/div>\n<\/p><\/div>\n<\/p><\/div>\n<\/p><\/div>\n<\/div>\n<\/div>\n<p><!-- \/flzn:zn_text --><br \/>\n<!-- flzn:zn_text --><\/p>\n<div id=\"flzn-text-2\" class=\"zone zn-text with-bg bg-color\"><span class=\"zone-bg bg-color bgc-white alignfull\"><\/span><\/p>\n<div class=\"zone-block zn-text-block alignwide va-top\">\n<div class=\"row mw-content-zone type-style \">\n<div class=\"columns large-12\">\n<div class=\"row with-nice-alignment nbloc-2 va-top\">\n<div class=\"columns large-6 zn-text-col\">\n<div class=\"columns-inner\">\n<div class=\"wig-content mw-content\">\n<h2>Partenaires<\/h2>\n<p>Les informations disponibles dans la brochure \u00abTests pr\u00e9natals \u2013 A vous de choisir!\u00bb et sur <a href=\"http:\/\/tests-pr\u00e9natals.ch\" target=\"_blank\" rel=\"noopener\">tests-pr\u00e9natals.ch<\/a> sont le r\u00e9sultat d\u2019une \u00e9troite collaboration entre insieme Suisse et plusieurs gyn\u00e9cologues.<\/p>\n<\/p><\/div>\n<\/p><\/div>\n<\/p><\/div>\n<div class=\"columns large-6 zn-text-col\">\n<div class=\"columns-inner\">\n<div class=\"wig-content mw-content\">\n<h2 style=\"text-align: left;\">Statut<\/h2>\n<p style=\"text-align: left;\">La brochure et la plateforme sont en ligne depuis 2017.<\/p>\n<p style=\"text-align: left;\"><a class=\"button\" href=\"https:\/\/insieme.ch\/fr\/produit\/tests-prenatals-a-vous-de-choisir\/\" target=\"_blank\" rel=\"noopener\">Commander la brochure<\/a><\/p>\n<\/p><\/div>\n<\/p><\/div>\n<\/p><\/div>\n<\/p><\/div>\n<\/p><\/div>\n<\/p><\/div>\n<\/div>\n<\/div>\n<p><!-- \/flzn:zn_text --><br \/>\n<!-- flzn:zn_documents --><\/p>\n<div id=\"flzn-documents-1\" class=\"zone zn-documents with-bg bg-color\"><span class=\"zone-bg bg-color bgc-yellow-light alignfull\"><\/span><\/p>\n<div class=\"zone-block zn-documents-block alignwide va-center\">\n<div class=\"row\">\n<div class=\"columns large-12\">\n<div class=\"zn-documents-titlebox zone-titlebox\" >\n<h2 class=\"zn-documents-title zone-title title-with-deco\">Document \u00e0 t\u00e9l\u00e9charger<\/h2>\n<\/p><\/div>\n<div class=\"row zn-documents-list small-up-1 medium-up-2 large-up-3 blockgrid-center\">\n<div class=\"column zn-documents-item\">\n\t\t\t\t\t\t<a class=\"documentlink downloadlink\" href=\"https:\/\/insieme.ch\/wp-inside\/uploads\/2021\/02\/2022-08-25-insieme-fr-digital-pdf.pdf\" title=\"T\u00e9l\u00e9charger \u00ab 2022-08-25-insieme-fr-digital-pdf.pdf \u00bb\" target=\"_blank\"><\/p>\n<h3 class=\"documentlink-title\">Tests pr\u00e9natals &#8211; A vous de choisir !<\/h3>\n<p>\t\t\t\t\t\t\t<span class=\"documentlink-txt\">T\u00e9l\u00e9charger le document<\/span><br \/>\n\t\t\t\t\t\t\t\t\t\t\t\t\t\t<span class=\"documentlink-info\"> &#8211; <span class=\"documentlink-weight\">205,15 Ko<\/span><\/span><br \/>\n\t\t\t\t\t\t\t\t\t\t\t\t\t<\/a>\n\t\t\t\t\t<\/div>\n<\/p><\/div>\n<\/p><\/div>\n<\/p><\/div>\n<\/div>\n<\/div>\n<p><!-- \/flzn:zn_documents --><br \/>\n<!-- flzn:zn_list_member --><\/p>\n<div id=\"flzn-listmember-1\" class=\"zone zn-listmember with-bg bg-color\"><span class=\"zone-bg bg-color bgc-transparent alignfull\"><\/span><\/p>\n<div class=\"zone-block zn-listmember-block alignwide va-top\">\n<div class=\"row\">\n<div class=\"columns large-12\">\n<div class=\"zn-listmember-titlebox\">\n<h2 class=\"zn-listmember-title zone-title\">\n\t\t\t\t\t\tResponsable du projet\t\t\t\t\t<\/h2>\n<\/p><\/div>\n<div class=\"row blockgrid-center nb-members-1 small-up-2 medium-up-3 large-up-4\" data-equalizer data-equalize-on=\"medium\">\n<div class=\"column zn-listmember-member\">\n<div class=\"zn-listmember-member-box\">\n<figure class=\"zn-listmember-member-figure\">\n\t\t\t\t\t\t\t<img decoding=\"async\" class=\"zn-listmember-member-img rs_preserve\" src=\"https:\/\/insieme.ch\/wp-inside\/uploads\/2025\/11\/dsc4871-300x300.jpg\" alt=\"\" data-interchange=\"[https:\/\/insieme.ch\/wp-inside\/uploads\/2025\/11\/dsc4871-300x300.jpg, small],[https:\/\/insieme.ch\/wp-inside\/uploads\/2025\/11\/dsc4871-300x300.jpg, gsmall],[https:\/\/insieme.ch\/wp-inside\/uploads\/2025\/11\/dsc4871-300x300.jpg, glarge],\"><figcaption class=\"zn-listmember-member-img-caption show-for-sr\">Insieme Team<br \/>\n\u00a9 Danielle Liniger<\/figcaption><\/figure>\n<div class=\"zn-listmember-member-infos\">\n<div class=\"rs_preserve rs_skip\" data-equalizer-watch>\n<h3 class=\"zn-listmember-member-name\">\n\t\t\t\t\t\t\t\t\tThomas Thentz\t\t\t\t\t\t\t\t<\/h3>\n<p class=\"zn-listmember-member-fonction\">\n\t\t\t\t\t\t\t\t\tCharg\u00e9 de projets\t\t\t\t\t\t\t\t<\/p>\n<\/p><\/div>\n<p>\t\t\t\t\t\t\t\t\t\t\t\t\t\t\t\t\t\t\t\t\t\t\t\t<button class=\"zn-listmember-member-button rs_preserve\" type=\"button\" data-toggle=\"zn-listmember-dropdown-1-1\">En savoir plus<\/button><\/p>\n<div class=\"zn-listmember-member-dropdown dropdown-pane rs_preserve\" data-position=\"bottom\" data-alignment=\"center\" id=\"zn-listmember-dropdown-1-1\" data-dropdown data-auto-focus=\"true\">\n<p class=\"zn-listmember-member-desc\">\n\t\t\t\t\t\t\t\t\t\tDiagnostic pr\u00e9natal<br \/> Petit enfance \u2013 Ecole<br \/> Participation culturelle et num\u00e9rique <br \/>Entraide <br \/>Grand \u00e2ge\t\t\t\t\t\t\t\t\t<\/p>\n<p class=\"zn-listmember-member-mailbox\">\n\t\t\t\t\t\t\t\t\t\t<a class=\"zn-listmember-member-mail\" href=\"mailto:tthentz@insieme.ch\" title=\"\"><br \/>\n\t\t\t\t\t\t\t\t\t\t\ttthentz@insieme.ch\t\t\t\t\t\t\t\t\t\t<\/a>\n\t\t\t\t\t\t\t\t\t<\/p>\n<\/p><\/div>\n<\/p><\/div>\n<\/p><\/div>\n<\/p><\/div>\n<\/p><\/div>\n<\/p><\/div>\n<\/p><\/div>\n<\/p><\/div>\n<\/div>\n<p><!-- \/flzn:zn_list_member --><\/p>\n","protected":false},"excerpt":{"rendered":"<p>Ce projet sensibilise \u00e0 l\u2019importance de se confronter au plus t\u00f4t aux tests pr\u00e9natals. Les futurs parents obtiennent aide et informations pour prendre des d\u00e9cisions \u00e9clair\u00e9es.<\/p>\n","protected":false},"author":7,"featured_media":2202,"parent":1642,"menu_order":25,"comment_status":"closed","ping_status":"closed","template":"","meta":{"_acf_changed":false,"footnotes":""},"class_list":["post-1707","page","type-page","status-publish","has-post-thumbnail","hentry","wp-sticky"],"acf":[],"yoast_head":"<!-- This site is optimized with the Yoast SEO plugin v27.4 - https:\/\/yoast.com\/product\/yoast-seo-wordpress\/ -->\n<title>Test pr\u00e9natal, diagnostic maladie &amp; handicap du b\u00e9b\u00e9 durant la grossesse<\/title>\n<meta name=\"robots\" content=\"index, follow, max-snippet:-1, max-image-preview:large, max-video-preview:-1\" \/>\n<link rel=\"canonical\" href=\"https:\/\/insieme.ch\/fr\/nos-activites\/projets-et-realisations\/tests-prenatals-a-vous-de-choisir\/\" \/>\n<meta property=\"og:locale\" content=\"fr_FR\" \/>\n<meta property=\"og:type\" content=\"article\" \/>\n<meta property=\"og:title\" content=\"Test pr\u00e9natal, diagnostic maladie &amp; handicap du b\u00e9b\u00e9 durant la grossesse\" \/>\n<meta property=\"og:description\" content=\"Ce projet sensibilise \u00e0 l\u2019importance de se confronter au plus t\u00f4t aux tests pr\u00e9natals. Les futurs parents obtiennent aide et informations pour prendre des d\u00e9cisions \u00e9clair\u00e9es.\" \/>\n<meta property=\"og:url\" content=\"https:\/\/insieme.ch\/fr\/nos-activites\/projets-et-realisations\/tests-prenatals-a-vous-de-choisir\/\" \/>\n<meta property=\"og:site_name\" content=\"insieme.ch\" \/>\n<meta property=\"article:modified_time\" content=\"2025-12-11T08:36:12+00:00\" \/>\n<meta property=\"og:image\" content=\"https:\/\/insieme.ch\/wp-inside\/uploads\/2021\/03\/tests-prenatals-a-vous-de-choisir.jpg\" \/>\n\t<meta property=\"og:image:width\" content=\"1920\" \/>\n\t<meta property=\"og:image:height\" content=\"1921\" \/>\n\t<meta property=\"og:image:type\" content=\"image\/jpeg\" \/>\n<meta name=\"twitter:card\" content=\"summary_large_image\" \/>\n<meta name=\"twitter:label1\" content=\"Dur\u00e9e de lecture estim\u00e9e\" \/>\n\t<meta name=\"twitter:data1\" content=\"3 minutes\" \/>\n<script type=\"application\/ld+json\" class=\"yoast-schema-graph\">{\"@context\":\"https:\\\/\\\/schema.org\",\"@graph\":[{\"@type\":\"WebPage\",\"@id\":\"https:\\\/\\\/insieme.ch\\\/fr\\\/nos-activites\\\/projets-et-realisations\\\/tests-prenatals-a-vous-de-choisir\\\/\",\"url\":\"https:\\\/\\\/insieme.ch\\\/fr\\\/nos-activites\\\/projets-et-realisations\\\/tests-prenatals-a-vous-de-choisir\\\/\",\"name\":\"Test pr\u00e9natal, diagnostic maladie & handicap du b\u00e9b\u00e9 durant la grossesse\",\"isPartOf\":{\"@id\":\"https:\\\/\\\/insieme.ch\\\/fr\\\/#website\"},\"primaryImageOfPage\":{\"@id\":\"https:\\\/\\\/insieme.ch\\\/fr\\\/nos-activites\\\/projets-et-realisations\\\/tests-prenatals-a-vous-de-choisir\\\/#primaryimage\"},\"image\":{\"@id\":\"https:\\\/\\\/insieme.ch\\\/fr\\\/nos-activites\\\/projets-et-realisations\\\/tests-prenatals-a-vous-de-choisir\\\/#primaryimage\"},\"thumbnailUrl\":\"https:\\\/\\\/insieme.ch\\\/wp-inside\\\/uploads\\\/2021\\\/03\\\/tests-prenatals-a-vous-de-choisir.jpg\",\"datePublished\":\"2021-03-04T10:16:18+00:00\",\"dateModified\":\"2025-12-11T08:36:12+00:00\",\"breadcrumb\":{\"@id\":\"https:\\\/\\\/insieme.ch\\\/fr\\\/nos-activites\\\/projets-et-realisations\\\/tests-prenatals-a-vous-de-choisir\\\/#breadcrumb\"},\"inLanguage\":\"fr-FR\",\"potentialAction\":[{\"@type\":\"ReadAction\",\"target\":[\"https:\\\/\\\/insieme.ch\\\/fr\\\/nos-activites\\\/projets-et-realisations\\\/tests-prenatals-a-vous-de-choisir\\\/\"]}]},{\"@type\":\"ImageObject\",\"inLanguage\":\"fr-FR\",\"@id\":\"https:\\\/\\\/insieme.ch\\\/fr\\\/nos-activites\\\/projets-et-realisations\\\/tests-prenatals-a-vous-de-choisir\\\/#primaryimage\",\"url\":\"https:\\\/\\\/insieme.ch\\\/wp-inside\\\/uploads\\\/2021\\\/03\\\/tests-prenatals-a-vous-de-choisir.jpg\",\"contentUrl\":\"https:\\\/\\\/insieme.ch\\\/wp-inside\\\/uploads\\\/2021\\\/03\\\/tests-prenatals-a-vous-de-choisir.jpg\",\"width\":1920,\"height\":1921,\"caption\":\"Les tests pr\u00e9natals peuvent mettre les futurs parents face \u00e0 des d\u00e9cisions difficiles.\"},{\"@type\":\"BreadcrumbList\",\"@id\":\"https:\\\/\\\/insieme.ch\\\/fr\\\/nos-activites\\\/projets-et-realisations\\\/tests-prenatals-a-vous-de-choisir\\\/#breadcrumb\",\"itemListElement\":[{\"@type\":\"ListItem\",\"position\":1,\"name\":\"Accueil\",\"item\":\"https:\\\/\\\/insieme.ch\\\/fr\\\/\"},{\"@type\":\"ListItem\",\"position\":2,\"name\":\"Activit\u00e9s\",\"item\":\"https:\\\/\\\/insieme.ch\\\/fr\\\/unsere-aktivitaeten\\\/\"},{\"@type\":\"ListItem\",\"position\":3,\"name\":\"Projets et r\u00e9alisations\",\"item\":\"https:\\\/\\\/insieme.ch\\\/fr\\\/nos-activites\\\/projets-et-realisations\\\/\"},{\"@type\":\"ListItem\",\"position\":4,\"name\":\"Tests pr\u00e9natals&#160;: \u00e0 vous de choisir&#160;!\"}]},{\"@type\":\"WebSite\",\"@id\":\"https:\\\/\\\/insieme.ch\\\/fr\\\/#website\",\"url\":\"https:\\\/\\\/insieme.ch\\\/fr\\\/\",\"name\":\"insieme.ch\",\"description\":\"\",\"publisher\":{\"@id\":\"https:\\\/\\\/insieme.ch\\\/fr\\\/#organization\"},\"potentialAction\":[{\"@type\":\"SearchAction\",\"target\":{\"@type\":\"EntryPoint\",\"urlTemplate\":\"https:\\\/\\\/insieme.ch\\\/fr\\\/?s={search_term_string}\"},\"query-input\":{\"@type\":\"PropertyValueSpecification\",\"valueRequired\":true,\"valueName\":\"search_term_string\"}}],\"inLanguage\":\"fr-FR\"},{\"@type\":\"Organization\",\"@id\":\"https:\\\/\\\/insieme.ch\\\/fr\\\/#organization\",\"name\":\"insieme\",\"url\":\"https:\\\/\\\/insieme.ch\\\/fr\\\/\",\"logo\":{\"@type\":\"ImageObject\",\"inLanguage\":\"fr-FR\",\"@id\":\"https:\\\/\\\/insieme.ch\\\/fr\\\/#\\\/schema\\\/logo\\\/image\\\/\",\"url\":\"https:\\\/\\\/insieme.ch\\\/wp-inside\\\/uploads\\\/2021\\\/03\\\/logo-insieme.jpg\",\"contentUrl\":\"https:\\\/\\\/insieme.ch\\\/wp-inside\\\/uploads\\\/2021\\\/03\\\/logo-insieme.jpg\",\"width\":250,\"height\":250,\"caption\":\"insieme\"},\"image\":{\"@id\":\"https:\\\/\\\/insieme.ch\\\/fr\\\/#\\\/schema\\\/logo\\\/image\\\/\"}}]}<\/script>\n<!-- \/ Yoast SEO plugin. -->","yoast_head_json":{"title":"Test pr\u00e9natal, diagnostic maladie & handicap du b\u00e9b\u00e9 durant la grossesse","robots":{"index":"index","follow":"follow","max-snippet":"max-snippet:-1","max-image-preview":"max-image-preview:large","max-video-preview":"max-video-preview:-1"},"canonical":"https:\/\/insieme.ch\/fr\/nos-activites\/projets-et-realisations\/tests-prenatals-a-vous-de-choisir\/","og_locale":"fr_FR","og_type":"article","og_title":"Test pr\u00e9natal, diagnostic maladie & handicap du b\u00e9b\u00e9 durant la grossesse","og_description":"Ce projet sensibilise \u00e0 l\u2019importance de se confronter au plus t\u00f4t aux tests pr\u00e9natals. Les futurs parents obtiennent aide et informations pour prendre des d\u00e9cisions \u00e9clair\u00e9es.","og_url":"https:\/\/insieme.ch\/fr\/nos-activites\/projets-et-realisations\/tests-prenatals-a-vous-de-choisir\/","og_site_name":"insieme.ch","article_modified_time":"2025-12-11T08:36:12+00:00","og_image":[{"width":1920,"height":1921,"url":"https:\/\/insieme.ch\/wp-inside\/uploads\/2021\/03\/tests-prenatals-a-vous-de-choisir.jpg","type":"image\/jpeg"}],"twitter_card":"summary_large_image","twitter_misc":{"Dur\u00e9e de lecture estim\u00e9e":"3 minutes"},"schema":{"@context":"https:\/\/schema.org","@graph":[{"@type":"WebPage","@id":"https:\/\/insieme.ch\/fr\/nos-activites\/projets-et-realisations\/tests-prenatals-a-vous-de-choisir\/","url":"https:\/\/insieme.ch\/fr\/nos-activites\/projets-et-realisations\/tests-prenatals-a-vous-de-choisir\/","name":"Test pr\u00e9natal, diagnostic maladie & handicap du b\u00e9b\u00e9 durant la grossesse","isPartOf":{"@id":"https:\/\/insieme.ch\/fr\/#website"},"primaryImageOfPage":{"@id":"https:\/\/insieme.ch\/fr\/nos-activites\/projets-et-realisations\/tests-prenatals-a-vous-de-choisir\/#primaryimage"},"image":{"@id":"https:\/\/insieme.ch\/fr\/nos-activites\/projets-et-realisations\/tests-prenatals-a-vous-de-choisir\/#primaryimage"},"thumbnailUrl":"https:\/\/insieme.ch\/wp-inside\/uploads\/2021\/03\/tests-prenatals-a-vous-de-choisir.jpg","datePublished":"2021-03-04T10:16:18+00:00","dateModified":"2025-12-11T08:36:12+00:00","breadcrumb":{"@id":"https:\/\/insieme.ch\/fr\/nos-activites\/projets-et-realisations\/tests-prenatals-a-vous-de-choisir\/#breadcrumb"},"inLanguage":"fr-FR","potentialAction":[{"@type":"ReadAction","target":["https:\/\/insieme.ch\/fr\/nos-activites\/projets-et-realisations\/tests-prenatals-a-vous-de-choisir\/"]}]},{"@type":"ImageObject","inLanguage":"fr-FR","@id":"https:\/\/insieme.ch\/fr\/nos-activites\/projets-et-realisations\/tests-prenatals-a-vous-de-choisir\/#primaryimage","url":"https:\/\/insieme.ch\/wp-inside\/uploads\/2021\/03\/tests-prenatals-a-vous-de-choisir.jpg","contentUrl":"https:\/\/insieme.ch\/wp-inside\/uploads\/2021\/03\/tests-prenatals-a-vous-de-choisir.jpg","width":1920,"height":1921,"caption":"Les tests pr\u00e9natals peuvent mettre les futurs parents face \u00e0 des d\u00e9cisions difficiles."},{"@type":"BreadcrumbList","@id":"https:\/\/insieme.ch\/fr\/nos-activites\/projets-et-realisations\/tests-prenatals-a-vous-de-choisir\/#breadcrumb","itemListElement":[{"@type":"ListItem","position":1,"name":"Accueil","item":"https:\/\/insieme.ch\/fr\/"},{"@type":"ListItem","position":2,"name":"Activit\u00e9s","item":"https:\/\/insieme.ch\/fr\/unsere-aktivitaeten\/"},{"@type":"ListItem","position":3,"name":"Projets et r\u00e9alisations","item":"https:\/\/insieme.ch\/fr\/nos-activites\/projets-et-realisations\/"},{"@type":"ListItem","position":4,"name":"Tests pr\u00e9natals&#160;: \u00e0 vous de choisir&#160;!"}]},{"@type":"WebSite","@id":"https:\/\/insieme.ch\/fr\/#website","url":"https:\/\/insieme.ch\/fr\/","name":"insieme.ch","description":"","publisher":{"@id":"https:\/\/insieme.ch\/fr\/#organization"},"potentialAction":[{"@type":"SearchAction","target":{"@type":"EntryPoint","urlTemplate":"https:\/\/insieme.ch\/fr\/?s={search_term_string}"},"query-input":{"@type":"PropertyValueSpecification","valueRequired":true,"valueName":"search_term_string"}}],"inLanguage":"fr-FR"},{"@type":"Organization","@id":"https:\/\/insieme.ch\/fr\/#organization","name":"insieme","url":"https:\/\/insieme.ch\/fr\/","logo":{"@type":"ImageObject","inLanguage":"fr-FR","@id":"https:\/\/insieme.ch\/fr\/#\/schema\/logo\/image\/","url":"https:\/\/insieme.ch\/wp-inside\/uploads\/2021\/03\/logo-insieme.jpg","contentUrl":"https:\/\/insieme.ch\/wp-inside\/uploads\/2021\/03\/logo-insieme.jpg","width":250,"height":250,"caption":"insieme"},"image":{"@id":"https:\/\/insieme.ch\/fr\/#\/schema\/logo\/image\/"}}]}},"_links":{"self":[{"href":"https:\/\/insieme.ch\/fr\/wp-json\/wp\/v2\/pages\/1707","targetHints":{"allow":["GET"]}}],"collection":[{"href":"https:\/\/insieme.ch\/fr\/wp-json\/wp\/v2\/pages"}],"about":[{"href":"https:\/\/insieme.ch\/fr\/wp-json\/wp\/v2\/types\/page"}],"author":[{"embeddable":true,"href":"https:\/\/insieme.ch\/fr\/wp-json\/wp\/v2\/users\/7"}],"replies":[{"embeddable":true,"href":"https:\/\/insieme.ch\/fr\/wp-json\/wp\/v2\/comments?post=1707"}],"version-history":[{"count":12,"href":"https:\/\/insieme.ch\/fr\/wp-json\/wp\/v2\/pages\/1707\/revisions"}],"predecessor-version":[{"id":31698,"href":"https:\/\/insieme.ch\/fr\/wp-json\/wp\/v2\/pages\/1707\/revisions\/31698"}],"up":[{"embeddable":true,"href":"https:\/\/insieme.ch\/fr\/wp-json\/wp\/v2\/pages\/1642"}],"wp:featuredmedia":[{"embeddable":true,"href":"https:\/\/insieme.ch\/fr\/wp-json\/wp\/v2\/media\/2202"}],"wp:attachment":[{"href":"https:\/\/insieme.ch\/fr\/wp-json\/wp\/v2\/media?parent=1707"}],"curies":[{"name":"wp","href":"https:\/\/api.w.org\/{rel}","templated":true}]}}