{"id":1705,"date":"2021-03-04T11:15:37","date_gmt":"2021-03-04T10:15:37","guid":{"rendered":"https:\/\/insieme.ch\/?page_id=1705"},"modified":"2025-12-11T09:35:05","modified_gmt":"2025-12-11T08:35:05","slug":"inclusion-numerique","status":"publish","type":"page","link":"https:\/\/insieme.ch\/fr\/nos-activites\/projets-et-realisations\/inclusion-numerique\/","title":{"rendered":"Inclusion num\u00e9rique&#160;!"},"content":{"rendered":"<p><!-- flzn:zn_pagebanner --><\/p>\n<header id=\"flzn-pagebanner-1\" class=\"zone zn-pagebanner with-bg bg-color\"><span class=\"zone-bg bg-color bgc-yellow-light alignfull\"><\/span><\/p>\n<div class=\"zone-block zn-pagebanner-block alignwide va-center\"><\/div>\n<\/header>\n<p><!-- \/flzn:zn_pagebanner --><br \/>\n<!-- flzn:zn_text_img --><\/p>\n<div id=\"flzn-textimg-1\" class=\"zone zn-textimg with-bg bg-color\"><span class=\"zone-bg bg-color bgc-white alignfull\"><\/span><\/p>\n<div class=\"zone-block zn-textimg-block alignwide va-center\">\n<div class=\"row mw-content-zone\">\n<div class=\"columns large-12\">\n<div class=\"row with-nice-alignment zn-textimg-row va-center\" data-equalizer data-equalize-on=\"large\">\n<div class=\"columns large-6 large-push-6 zn-textimg-colimg\" data-equalizer-watch>\n<div class=\"columns-inner zn-textimg-col-inner\">\n<div class=\"zn-textimg-imgbox\" title=\"L\u2019image pr\u00e9sente les couvertures trilingues de la brochure \u201cinclusion num\u00e9rique!\u201d.\">\n<figure class=\"zn-textimg-figure\">\n\t\t\t\t\t\t\t<img decoding=\"async\" class=\"zn-textimg-img\" src=\"https:\/\/insieme.ch\/wp-inside\/uploads\/2021\/03\/brochure-inclusion-numerique-800x401.jpg\" alt=\"L\u2019image pr\u00e9sente les couvertures trilingues de la brochure \u201cinclusion num\u00e9rique!\u201d.\"\/><br \/>\n\t\t\t\t\t\t\t\t\t\t\t\t\t<\/figure>\n<\/p><\/div>\n<\/p><\/div>\n<\/p><\/div>\n<div class=\"columns large-6 large-pull-6 zn-textimg-coldesc\" data-equalizer-watch>\n<div class=\"columns-inner zn-textimg-descbox\">\n<div class=\"zn-textimg-desc wig-content\">\n<h2>Accompagnement \u00e0 l\u2019utilisation des m\u00e9dias gr\u00e2ce \u00e0 \u00abInclusion num\u00e9rique!\u00bb<\/h2>\n<p>Dans diff\u00e9rents domaines, les m\u00e9dias num\u00e9riques ouvrent de nouveaux horizons aux personnes en situation de handicap mental. Un contenu peut ainsi \u00eatre transmis par le biais d\u2019une image ou d\u2019un enregistrement lorsque les comp\u00e9tences en \u00e9criture sont fortement limit\u00e9es. Consulter des horaires, faire des courses et bien d\u2019autres activit\u00e9s peuvent \u00eatre r\u00e9alis\u00e9es sur un ordinateur au rythme et au moment choisis par la personne et avec l\u2019aide dont elle a besoin. Savoir utiliser les m\u00e9dias num\u00e9riques est aujourd\u2019hui tout aussi important que la ma\u00eetrise de la lecture, de l\u2019\u00e9criture et du calcul. Si l\u2019acc\u00e8s aux m\u00e9dias num\u00e9riques ou les comp\u00e9tences permettant de les utiliser font d\u00e9faut, la participation sociale de la personne est mise \u00e0 mal.<\/p>\n<\/div><\/div>\n<\/p><\/div>\n<\/p><\/div>\n<\/p><\/div>\n<\/p><\/div>\n<\/div>\n<\/div>\n<p><!-- \/flzn:zn_text_img --><br \/>\n<!-- flzn:zn_text --><\/p>\n<div id=\"flzn-text-1\" class=\"zone zn-text with-bg bg-color\"><span class=\"zone-bg bg-color bgc-yellow-light alignfull\"><\/span><\/p>\n<div class=\"zone-block zn-text-block alignwide va-top\">\n<div class=\"row mw-content-zone type-style \">\n<div class=\"columns large-12\">\n<div class=\"row with-nice-alignment nbloc-2 va-top\">\n<div class=\"columns large-6 zn-text-col\">\n<div class=\"columns-inner\">\n<div class=\"wig-content mw-content\">\n<h2>Risques li\u00e9s aux m\u00e9dias num\u00e9riques<\/h2>\n<p>Les m\u00e9dias num\u00e9riques rec\u00e8lent toutefois des dangers, notamment lorsque des contenus ne sont pas correctement compris ou ne peuvent pas plac\u00e9s dans leur contexte. L\u2019utilisateur risque ainsi de tomber sur des contenus pouvant heurter sa sensibilit\u00e9 ou d\u2019\u00eatre victime d\u2019escroquerie ou d\u2019abus. Un autre type de danger est li\u00e9 \u00e0 la capacit\u00e9 de d\u00e9cider si un contenu est de nature priv\u00e9e ou publique. Si ces comp\u00e9tences manquent, l\u2019utilisateur peut courir le risque de divulguer trop d\u2019informations personnelles et s\u2019exposer ainsi \u00e0 des r\u00e9actions n\u00e9gatives.<br \/>\nL\u2019accompagnement \u00e0 l\u2019utilisation d\u2019Internet, un d\u00e9fi<br \/>\nL\u2019accompagnement de personnes en situation de handicap \u00e0 l\u2019utilisation des m\u00e9dias num\u00e9riques et le soutien dans l\u2019acquisition des comp\u00e9tences m\u00e9diatiques constituent un d\u00e9fi important pour les parents et les professionnel\u00b7le\u00b7s travaillant dans les \u00e9coles et les institutions. Un bon \u00e9quilibre entre encouragement et protection doit sans cesse \u00eatre recherch\u00e9.<\/p>\n<\/p><\/div>\n<\/p><\/div>\n<\/p><\/div>\n<div class=\"columns large-6 zn-text-col\">\n<div class=\"columns-inner\">\n<div class=\"wig-content mw-content\">\n<h2>Accompagnement actif \u00e0 l\u2019utilisation de m\u00e9dias, un soutien pour les parents et les autres accompagnant\u00b7e\u00b7s<\/h2>\n<p>insieme souhaite encourager un accompagnement \u00e0 l\u2019utilisation des m\u00e9dias qui aborde concr\u00e8tement chaque \u00e9tape. L\u2019usage des m\u00e9dias par les personnes en situation de handicap mental n\u00e9cessite de l\u2019attention, via un accompagnement par un personne ouverte et engag\u00e9e. La brochure \u00abInclusion num\u00e9rique!\u00bb (all; fr; it) et le site Internet inclusion-numerique.ch (all; fr; it) visent \u00e0 soutenir les parents et les accompagnant\u00b7e\u00b7s dans cette d\u00e9marche \u00e0 la fois passionnante et exigeante.<\/p>\n<p>La brochure \u00abInclusion num\u00e9rique!\u00bb comprend dix cartes m\u00e9mo contenant des conseils sur l\u2019accompagnement \u00e0 l\u2019utilisation des m\u00e9dias. Ces cartes permettent aux parents d\u2019aborder diff\u00e9rentes th\u00e9matiques, pas \u00e0 pas et au rythme qui leur convient. Une s\u00e9rie de liens offre en outre la possibilit\u00e9 d\u2019approfondir certains aspects.<\/p>\n<\/p><\/div>\n<\/p><\/div>\n<\/p><\/div>\n<\/p><\/div>\n<\/p><\/div>\n<\/p><\/div>\n<\/div>\n<\/div>\n<p><!-- \/flzn:zn_text --><br \/>\n<!-- flzn:zn_text --><\/p>\n<div id=\"flzn-text-2\" class=\"zone zn-text\">\n<div class=\"zone-block zn-text-block alignwide va-top\">\n<div class=\"row mw-content-zone type-style \">\n<div class=\"columns large-12\">\n<div class=\"row with-nice-alignment nbloc-2 va-top\">\n<div class=\"columns large-6 zn-text-col\">\n<div class=\"columns-inner\">\n<div class=\"wig-content mw-content\">\n<h2 style=\"text-align: left;\">Partenaires<\/h2>\n<p style=\"text-align: left;\">\u00abInclusion num\u00e9rique!\u00bb est un projet men\u00e9 en collaboration avec la Berufs- Fach- und Fortbildungsschule (BFF) de Berne. Il b\u00e9n\u00e9ficie du soutien de Pr\u00e9vention Suisse de la criminalit\u00e9 (PSC) et de la plateforme \u00abJeunes et m\u00e9dias\u00bb de l\u2019Office f\u00e9d\u00e9ral des assurances sociales (OFAS).<\/p>\n<\/p><\/div>\n<\/p><\/div>\n<\/p><\/div>\n<div class=\"columns large-6 zn-text-col\">\n<div class=\"columns-inner\">\n<div class=\"wig-content mw-content\">\n<h2 style=\"text-align: left;\">Statut<\/h2>\n<p style=\"text-align: left;\">La brochure et le site \u00abInclusion num\u00e9rique!\u00bb sont en ligne depuis 2019.<\/p>\n<p style=\"text-align: left;\"><a class=\"button\" href=\"https:\/\/insieme.ch\/fr\/produit\/inclusion-numerique\/\" target=\"_blank\" rel=\"noopener\">Commander des brochures<\/a><\/p>\n<\/p><\/div>\n<\/p><\/div>\n<\/p><\/div>\n<\/p><\/div>\n<\/p><\/div>\n<\/p><\/div>\n<\/div>\n<\/div>\n<p><!-- \/flzn:zn_text --><br \/>\n<!-- flzn:zn_documents --><\/p>\n<div id=\"flzn-documents-1\" class=\"zone zn-documents with-bg bg-color\"><span class=\"zone-bg bg-color bgc-yellow-light alignfull\"><\/span><\/p>\n<div class=\"zone-block zn-documents-block pdd-top pdd-bottom alignwide va-center\">\n<div class=\"row\">\n<div class=\"columns large-12\">\n<div class=\"zn-documents-titlebox zone-titlebox\" >\n<h2 class=\"zn-documents-title zone-title title-with-deco\">Document \u00e0 t\u00e9l\u00e9charger<\/h2>\n<\/p><\/div>\n<div class=\"row zn-documents-list small-up-1 medium-up-2 large-up-3 blockgrid-center\">\n<div class=\"column zn-documents-item\">\n\t\t\t\t\t\t<a class=\"documentlink downloadlink\" href=\"https:\/\/insieme.ch\/wp-inside\/uploads\/2021\/03\/inclusion-numerique.pdf\" title=\"T\u00e9l\u00e9charger \u00ab inclusion-numerique.pdf \u00bb\" target=\"_blank\"><\/p>\n<h3 class=\"documentlink-title\">Brochure Inclusion num\u00e9rique, PDF<\/h3>\n<p>\t\t\t\t\t\t\t<span class=\"documentlink-txt\">T\u00e9l\u00e9charger le document<\/span><br \/>\n\t\t\t\t\t\t\t\t\t\t\t\t\t\t<span class=\"documentlink-info\"> &#8211; <span class=\"documentlink-weight\">657,58 Ko<\/span><\/span><br \/>\n\t\t\t\t\t\t\t\t\t\t\t\t\t<\/a>\n\t\t\t\t\t<\/div>\n<\/p><\/div>\n<\/p><\/div>\n<\/p><\/div>\n<\/div>\n<\/div>\n<p><!-- \/flzn:zn_documents --><br \/>\n<!-- flzn:zn_list_member --><\/p>\n<div id=\"flzn-listmember-1\" class=\"zone zn-listmember with-bg bg-color\"><span class=\"zone-bg bg-color bgc-transparent alignfull\"><\/span><\/p>\n<div class=\"zone-block zn-listmember-block pdd-top pdd-bottom alignwide va-top\">\n<div class=\"row\">\n<div class=\"columns large-12\">\n<div class=\"zn-listmember-titlebox\">\n<h3 class=\"zn-listmember-title zone-title\">\n\t\t\t\t\t\tResponsable du projet\t\t\t\t\t<\/h3>\n<\/p><\/div>\n<div class=\"row blockgrid-center nb-members-1 small-up-2 medium-up-3 large-up-4\" data-equalizer data-equalize-on=\"medium\">\n<div class=\"column zn-listmember-member\">\n<div class=\"zn-listmember-member-box\">\n<figure class=\"zn-listmember-member-figure\">\n\t\t\t\t\t\t\t<img decoding=\"async\" class=\"zn-listmember-member-img rs_preserve\" src=\"https:\/\/insieme.ch\/wp-inside\/uploads\/2025\/11\/dsc7045b-300x300.jpg\" alt=\"\" data-interchange=\"[https:\/\/insieme.ch\/wp-inside\/uploads\/2025\/11\/dsc7045b-300x300.jpg, small],[https:\/\/insieme.ch\/wp-inside\/uploads\/2025\/11\/dsc7045b-300x300.jpg, gsmall],[https:\/\/insieme.ch\/wp-inside\/uploads\/2025\/11\/dsc7045b-300x300.jpg, glarge],\"><br \/>\n\t\t\t\t\t\t\t\t\t\t\t\t\t<\/figure>\n<div class=\"zn-listmember-member-infos\">\n<div class=\"rs_preserve rs_skip\" data-equalizer-watch>\n<h3 class=\"zn-listmember-member-name\">\n\t\t\t\t\t\t\t\t\tTabea M\u00fcndlein\t\t\t\t\t\t\t\t<\/h3>\n<p class=\"zn-listmember-member-fonction\">\n\t\t\t\t\t\t\t\t\tResponsable th\u00e9matique et charg\u00e9e de projets\t\t\t\t\t\t\t\t<\/p>\n<\/p><\/div>\n<p>\t\t\t\t\t\t\t\t\t\t\t\t\t\t\t\t\t\t\t\t\t\t\t\t<button class=\"zn-listmember-member-button rs_preserve\" type=\"button\" data-toggle=\"zn-listmember-dropdown-1-1\">En savoir plus<\/button><\/p>\n<div class=\"zn-listmember-member-dropdown dropdown-pane rs_preserve\" data-position=\"bottom\" data-alignment=\"center\" id=\"zn-listmember-dropdown-1-1\" data-dropdown data-auto-focus=\"true\">\n<p class=\"zn-listmember-member-desc\">\n\t\t\t\t\t\t\t\t\t\t0313005035\t\t\t\t\t\t\t\t\t<\/p>\n<p class=\"zn-listmember-member-mailbox\">\n\t\t\t\t\t\t\t\t\t\t<a class=\"zn-listmember-member-mail\" href=\"mailto:Tmuendlein@insieme.ch\" title=\"\"><br \/>\n\t\t\t\t\t\t\t\t\t\t\tTmuendlein@insieme.ch\t\t\t\t\t\t\t\t\t\t<\/a>\n\t\t\t\t\t\t\t\t\t<\/p>\n<\/p><\/div>\n<\/p><\/div>\n<\/p><\/div>\n<\/p><\/div>\n<\/p><\/div>\n<\/p><\/div>\n<\/p><\/div>\n<\/p><\/div>\n<\/div>\n<p><!-- \/flzn:zn_list_member --><\/p>\n","protected":false},"excerpt":{"rendered":"<p>Comment accompagner les personnes avec un handicap mental dans leur utilisation des m\u00e9dias num\u00e9riques? Une brochure donne des conseils et accompagne familles et intervenant\u00b7e\u00b7s.<\/p>\n","protected":false},"author":7,"featured_media":2132,"parent":1642,"menu_order":20,"comment_status":"closed","ping_status":"closed","template":"","meta":{"_acf_changed":false,"footnotes":""},"class_list":["post-1705","page","type-page","status-publish","has-post-thumbnail","hentry","wp-sticky"],"acf":[],"yoast_head":"<!-- This site is optimized with the Yoast SEO plugin v27.3 - https:\/\/yoast.com\/product\/yoast-seo-wordpress\/ -->\n<title>Aide ordinateur, internet, m\u00e9dias sociaux personne handicap\u00e9e<\/title>\n<meta name=\"robots\" content=\"index, follow, max-snippet:-1, max-image-preview:large, max-video-preview:-1\" \/>\n<link rel=\"canonical\" href=\"https:\/\/insieme.ch\/fr\/nos-activites\/projets-et-realisations\/inclusion-numerique\/\" \/>\n<meta property=\"og:locale\" content=\"fr_FR\" \/>\n<meta property=\"og:type\" content=\"article\" \/>\n<meta property=\"og:title\" content=\"Aide ordinateur, internet, m\u00e9dias sociaux personne handicap\u00e9e\" \/>\n<meta property=\"og:description\" content=\"Comment accompagner les personnes avec un handicap mental dans leur utilisation des m\u00e9dias num\u00e9riques? Une brochure donne des conseils et accompagne familles et intervenant\u00b7e\u00b7s.\" \/>\n<meta property=\"og:url\" content=\"https:\/\/insieme.ch\/fr\/nos-activites\/projets-et-realisations\/inclusion-numerique\/\" \/>\n<meta property=\"og:site_name\" content=\"insieme.ch\" \/>\n<meta property=\"article:modified_time\" content=\"2025-12-11T08:35:05+00:00\" \/>\n<meta property=\"og:image\" content=\"https:\/\/insieme.ch\/wp-inside\/uploads\/2021\/03\/brochure-inclusion-numerique-scaled.jpg\" \/>\n\t<meta property=\"og:image:width\" content=\"1920\" \/>\n\t<meta property=\"og:image:height\" content=\"962\" \/>\n\t<meta property=\"og:image:type\" content=\"image\/jpeg\" \/>\n<meta name=\"twitter:card\" content=\"summary_large_image\" \/>\n<meta name=\"twitter:label1\" content=\"Dur\u00e9e de lecture estim\u00e9e\" \/>\n\t<meta name=\"twitter:data1\" content=\"3 minutes\" \/>\n<script type=\"application\/ld+json\" class=\"yoast-schema-graph\">{\"@context\":\"https:\\\/\\\/schema.org\",\"@graph\":[{\"@type\":\"WebPage\",\"@id\":\"https:\\\/\\\/insieme.ch\\\/fr\\\/nos-activites\\\/projets-et-realisations\\\/inclusion-numerique\\\/\",\"url\":\"https:\\\/\\\/insieme.ch\\\/fr\\\/nos-activites\\\/projets-et-realisations\\\/inclusion-numerique\\\/\",\"name\":\"Aide ordinateur, internet, m\u00e9dias sociaux personne handicap\u00e9e\",\"isPartOf\":{\"@id\":\"https:\\\/\\\/insieme.ch\\\/fr\\\/#website\"},\"primaryImageOfPage\":{\"@id\":\"https:\\\/\\\/insieme.ch\\\/fr\\\/nos-activites\\\/projets-et-realisations\\\/inclusion-numerique\\\/#primaryimage\"},\"image\":{\"@id\":\"https:\\\/\\\/insieme.ch\\\/fr\\\/nos-activites\\\/projets-et-realisations\\\/inclusion-numerique\\\/#primaryimage\"},\"thumbnailUrl\":\"https:\\\/\\\/insieme.ch\\\/wp-inside\\\/uploads\\\/2021\\\/03\\\/brochure-inclusion-numerique-scaled.jpg\",\"datePublished\":\"2021-03-04T10:15:37+00:00\",\"dateModified\":\"2025-12-11T08:35:05+00:00\",\"breadcrumb\":{\"@id\":\"https:\\\/\\\/insieme.ch\\\/fr\\\/nos-activites\\\/projets-et-realisations\\\/inclusion-numerique\\\/#breadcrumb\"},\"inLanguage\":\"fr-FR\",\"potentialAction\":[{\"@type\":\"ReadAction\",\"target\":[\"https:\\\/\\\/insieme.ch\\\/fr\\\/nos-activites\\\/projets-et-realisations\\\/inclusion-numerique\\\/\"]}]},{\"@type\":\"ImageObject\",\"inLanguage\":\"fr-FR\",\"@id\":\"https:\\\/\\\/insieme.ch\\\/fr\\\/nos-activites\\\/projets-et-realisations\\\/inclusion-numerique\\\/#primaryimage\",\"url\":\"https:\\\/\\\/insieme.ch\\\/wp-inside\\\/uploads\\\/2021\\\/03\\\/brochure-inclusion-numerique-scaled.jpg\",\"contentUrl\":\"https:\\\/\\\/insieme.ch\\\/wp-inside\\\/uploads\\\/2021\\\/03\\\/brochure-inclusion-numerique-scaled.jpg\",\"width\":1920,\"height\":962,\"caption\":\"L\u2019image pr\u00e9sente les couvertures trilingues de la brochure \u201cinclusion num\u00e9rique!\u201d.\"},{\"@type\":\"BreadcrumbList\",\"@id\":\"https:\\\/\\\/insieme.ch\\\/fr\\\/nos-activites\\\/projets-et-realisations\\\/inclusion-numerique\\\/#breadcrumb\",\"itemListElement\":[{\"@type\":\"ListItem\",\"position\":1,\"name\":\"Accueil\",\"item\":\"https:\\\/\\\/insieme.ch\\\/fr\\\/\"},{\"@type\":\"ListItem\",\"position\":2,\"name\":\"Activit\u00e9s\",\"item\":\"https:\\\/\\\/insieme.ch\\\/fr\\\/unsere-aktivitaeten\\\/\"},{\"@type\":\"ListItem\",\"position\":3,\"name\":\"Projets et r\u00e9alisations\",\"item\":\"https:\\\/\\\/insieme.ch\\\/fr\\\/nos-activites\\\/projets-et-realisations\\\/\"},{\"@type\":\"ListItem\",\"position\":4,\"name\":\"Inclusion num\u00e9rique&#160;!\"}]},{\"@type\":\"WebSite\",\"@id\":\"https:\\\/\\\/insieme.ch\\\/fr\\\/#website\",\"url\":\"https:\\\/\\\/insieme.ch\\\/fr\\\/\",\"name\":\"insieme.ch\",\"description\":\"\",\"publisher\":{\"@id\":\"https:\\\/\\\/insieme.ch\\\/fr\\\/#organization\"},\"potentialAction\":[{\"@type\":\"SearchAction\",\"target\":{\"@type\":\"EntryPoint\",\"urlTemplate\":\"https:\\\/\\\/insieme.ch\\\/fr\\\/?s={search_term_string}\"},\"query-input\":{\"@type\":\"PropertyValueSpecification\",\"valueRequired\":true,\"valueName\":\"search_term_string\"}}],\"inLanguage\":\"fr-FR\"},{\"@type\":\"Organization\",\"@id\":\"https:\\\/\\\/insieme.ch\\\/fr\\\/#organization\",\"name\":\"insieme\",\"url\":\"https:\\\/\\\/insieme.ch\\\/fr\\\/\",\"logo\":{\"@type\":\"ImageObject\",\"inLanguage\":\"fr-FR\",\"@id\":\"https:\\\/\\\/insieme.ch\\\/fr\\\/#\\\/schema\\\/logo\\\/image\\\/\",\"url\":\"https:\\\/\\\/insieme.ch\\\/wp-inside\\\/uploads\\\/2021\\\/03\\\/logo-insieme.jpg\",\"contentUrl\":\"https:\\\/\\\/insieme.ch\\\/wp-inside\\\/uploads\\\/2021\\\/03\\\/logo-insieme.jpg\",\"width\":250,\"height\":250,\"caption\":\"insieme\"},\"image\":{\"@id\":\"https:\\\/\\\/insieme.ch\\\/fr\\\/#\\\/schema\\\/logo\\\/image\\\/\"}}]}<\/script>\n<!-- \/ Yoast SEO plugin. -->","yoast_head_json":{"title":"Aide ordinateur, internet, m\u00e9dias sociaux personne handicap\u00e9e","robots":{"index":"index","follow":"follow","max-snippet":"max-snippet:-1","max-image-preview":"max-image-preview:large","max-video-preview":"max-video-preview:-1"},"canonical":"https:\/\/insieme.ch\/fr\/nos-activites\/projets-et-realisations\/inclusion-numerique\/","og_locale":"fr_FR","og_type":"article","og_title":"Aide ordinateur, internet, m\u00e9dias sociaux personne handicap\u00e9e","og_description":"Comment accompagner les personnes avec un handicap mental dans leur utilisation des m\u00e9dias num\u00e9riques? Une brochure donne des conseils et accompagne familles et intervenant\u00b7e\u00b7s.","og_url":"https:\/\/insieme.ch\/fr\/nos-activites\/projets-et-realisations\/inclusion-numerique\/","og_site_name":"insieme.ch","article_modified_time":"2025-12-11T08:35:05+00:00","og_image":[{"width":1920,"height":962,"url":"https:\/\/insieme.ch\/wp-inside\/uploads\/2021\/03\/brochure-inclusion-numerique-scaled.jpg","type":"image\/jpeg"}],"twitter_card":"summary_large_image","twitter_misc":{"Dur\u00e9e de lecture estim\u00e9e":"3 minutes"},"schema":{"@context":"https:\/\/schema.org","@graph":[{"@type":"WebPage","@id":"https:\/\/insieme.ch\/fr\/nos-activites\/projets-et-realisations\/inclusion-numerique\/","url":"https:\/\/insieme.ch\/fr\/nos-activites\/projets-et-realisations\/inclusion-numerique\/","name":"Aide ordinateur, internet, m\u00e9dias sociaux personne handicap\u00e9e","isPartOf":{"@id":"https:\/\/insieme.ch\/fr\/#website"},"primaryImageOfPage":{"@id":"https:\/\/insieme.ch\/fr\/nos-activites\/projets-et-realisations\/inclusion-numerique\/#primaryimage"},"image":{"@id":"https:\/\/insieme.ch\/fr\/nos-activites\/projets-et-realisations\/inclusion-numerique\/#primaryimage"},"thumbnailUrl":"https:\/\/insieme.ch\/wp-inside\/uploads\/2021\/03\/brochure-inclusion-numerique-scaled.jpg","datePublished":"2021-03-04T10:15:37+00:00","dateModified":"2025-12-11T08:35:05+00:00","breadcrumb":{"@id":"https:\/\/insieme.ch\/fr\/nos-activites\/projets-et-realisations\/inclusion-numerique\/#breadcrumb"},"inLanguage":"fr-FR","potentialAction":[{"@type":"ReadAction","target":["https:\/\/insieme.ch\/fr\/nos-activites\/projets-et-realisations\/inclusion-numerique\/"]}]},{"@type":"ImageObject","inLanguage":"fr-FR","@id":"https:\/\/insieme.ch\/fr\/nos-activites\/projets-et-realisations\/inclusion-numerique\/#primaryimage","url":"https:\/\/insieme.ch\/wp-inside\/uploads\/2021\/03\/brochure-inclusion-numerique-scaled.jpg","contentUrl":"https:\/\/insieme.ch\/wp-inside\/uploads\/2021\/03\/brochure-inclusion-numerique-scaled.jpg","width":1920,"height":962,"caption":"L\u2019image pr\u00e9sente les couvertures trilingues de la brochure \u201cinclusion num\u00e9rique!\u201d."},{"@type":"BreadcrumbList","@id":"https:\/\/insieme.ch\/fr\/nos-activites\/projets-et-realisations\/inclusion-numerique\/#breadcrumb","itemListElement":[{"@type":"ListItem","position":1,"name":"Accueil","item":"https:\/\/insieme.ch\/fr\/"},{"@type":"ListItem","position":2,"name":"Activit\u00e9s","item":"https:\/\/insieme.ch\/fr\/unsere-aktivitaeten\/"},{"@type":"ListItem","position":3,"name":"Projets et r\u00e9alisations","item":"https:\/\/insieme.ch\/fr\/nos-activites\/projets-et-realisations\/"},{"@type":"ListItem","position":4,"name":"Inclusion num\u00e9rique&#160;!"}]},{"@type":"WebSite","@id":"https:\/\/insieme.ch\/fr\/#website","url":"https:\/\/insieme.ch\/fr\/","name":"insieme.ch","description":"","publisher":{"@id":"https:\/\/insieme.ch\/fr\/#organization"},"potentialAction":[{"@type":"SearchAction","target":{"@type":"EntryPoint","urlTemplate":"https:\/\/insieme.ch\/fr\/?s={search_term_string}"},"query-input":{"@type":"PropertyValueSpecification","valueRequired":true,"valueName":"search_term_string"}}],"inLanguage":"fr-FR"},{"@type":"Organization","@id":"https:\/\/insieme.ch\/fr\/#organization","name":"insieme","url":"https:\/\/insieme.ch\/fr\/","logo":{"@type":"ImageObject","inLanguage":"fr-FR","@id":"https:\/\/insieme.ch\/fr\/#\/schema\/logo\/image\/","url":"https:\/\/insieme.ch\/wp-inside\/uploads\/2021\/03\/logo-insieme.jpg","contentUrl":"https:\/\/insieme.ch\/wp-inside\/uploads\/2021\/03\/logo-insieme.jpg","width":250,"height":250,"caption":"insieme"},"image":{"@id":"https:\/\/insieme.ch\/fr\/#\/schema\/logo\/image\/"}}]}},"_links":{"self":[{"href":"https:\/\/insieme.ch\/fr\/wp-json\/wp\/v2\/pages\/1705","targetHints":{"allow":["GET"]}}],"collection":[{"href":"https:\/\/insieme.ch\/fr\/wp-json\/wp\/v2\/pages"}],"about":[{"href":"https:\/\/insieme.ch\/fr\/wp-json\/wp\/v2\/types\/page"}],"author":[{"embeddable":true,"href":"https:\/\/insieme.ch\/fr\/wp-json\/wp\/v2\/users\/7"}],"replies":[{"embeddable":true,"href":"https:\/\/insieme.ch\/fr\/wp-json\/wp\/v2\/comments?post=1705"}],"version-history":[{"count":7,"href":"https:\/\/insieme.ch\/fr\/wp-json\/wp\/v2\/pages\/1705\/revisions"}],"predecessor-version":[{"id":31697,"href":"https:\/\/insieme.ch\/fr\/wp-json\/wp\/v2\/pages\/1705\/revisions\/31697"}],"up":[{"embeddable":true,"href":"https:\/\/insieme.ch\/fr\/wp-json\/wp\/v2\/pages\/1642"}],"wp:featuredmedia":[{"embeddable":true,"href":"https:\/\/insieme.ch\/fr\/wp-json\/wp\/v2\/media\/2132"}],"wp:attachment":[{"href":"https:\/\/insieme.ch\/fr\/wp-json\/wp\/v2\/media?parent=1705"}],"curies":[{"name":"wp","href":"https:\/\/api.w.org\/{rel}","templated":true}]}}