{"id":1701,"date":"2021-03-04T11:14:17","date_gmt":"2021-03-04T10:14:17","guid":{"rendered":"https:\/\/insieme.ch\/?page_id=1701"},"modified":"2025-12-11T08:42:35","modified_gmt":"2025-12-11T07:42:35","slug":"insieme-inclut","status":"publish","type":"page","link":"https:\/\/insieme.ch\/fr\/nos-activites\/projets-et-realisations\/insieme-inclut\/","title":{"rendered":"insieme inclut"},"content":{"rendered":"<p><!-- flzn:zn_pagebanner --><\/p>\n<header id=\"flzn-pagebanner-1\" class=\"zone zn-pagebanner with-bg bg-color\"><span class=\"zone-bg bg-color bgc-yellow-light alignfull\"><\/span><\/p>\n<div class=\"zone-block zn-pagebanner-block alignwide va-center\"><\/div>\n<\/header>\n<p><!-- \/flzn:zn_pagebanner --><br \/>\n<!-- flzn:zn_text_img --><\/p>\n<div id=\"flzn-textimg-1\" class=\"zone zn-textimg with-bg bg-color\"><span class=\"zone-bg bg-color bgc-white alignfull\"><\/span><\/p>\n<div class=\"zone-block zn-textimg-block alignwide va-center\">\n<div class=\"row mw-content-zone\">\n<div class=\"columns large-12\">\n<div class=\"row with-nice-alignment zn-textimg-row va-center\" data-equalizer data-equalize-on=\"large\">\n<div class=\"columns large-6 large-push-6 zn-textimg-colimg\" data-equalizer-watch>\n<div class=\"columns-inner zn-textimg-col-inner\">\n<div class=\"zn-textimg-imgbox\" title=\"Un homme debout pr\u00e9sente un expos\u00e9 \u00e0 deux personnes assises.\">\n<figure class=\"zn-textimg-figure\">\n\t\t\t\t\t\t\t<img decoding=\"async\" class=\"zn-textimg-img\" src=\"https:\/\/insieme.ch\/wp-inside\/uploads\/2021\/03\/insieme-inclut-e1619018277249-800x651.jpg\" alt=\"Un homme debout pr\u00e9sente un expos\u00e9 \u00e0 deux personnes assises.\"\/><figcaption class=\"zn-textimg-caption\">insieme s\u2019engage aux c\u00f4t\u00e9s des personnes en situation de handicap mental pour d\u00e9fendre leurs int\u00e9r\u00eats sur le plan politique.<\/figcaption><\/figure>\n<\/p><\/div>\n<\/p><\/div>\n<\/p><\/div>\n<div class=\"columns large-6 large-pull-6 zn-textimg-coldesc\" data-equalizer-watch>\n<div class=\"columns-inner zn-textimg-descbox\">\n<div class=\"zn-textimg-desc wig-content\">\n<h2>insieme inclut: des r\u00e9seaux consacr\u00e9s \u00e0 l\u2019autod\u00e9termination<\/h2>\n<p>Le projet \u00abinsieme inclut\u00bb vise \u00e0 encourager la mise en \u0153uvre de la Convention des Nations Unies relatives aux droits des personnes handicap\u00e9es (CDPH) au sein des associations r\u00e9gionales, du monde politique et de la soci\u00e9t\u00e9. insieme s\u2019engage aux c\u00f4t\u00e9s des personnes en situation de handicap mental pour d\u00e9fendre leurs int\u00e9r\u00eats sur le plan politique. Elle veille ainsi \u00e0 ce que leur voix soit entendue dans l\u2019ensemble de la soci\u00e9t\u00e9.<\/p>\n<\/div><\/div>\n<\/p><\/div>\n<\/p><\/div>\n<\/p><\/div>\n<\/p><\/div>\n<\/div>\n<\/div>\n<p><!-- \/flzn:zn_text_img --><br \/>\n<!-- flzn:zn_text --><\/p>\n<div id=\"flzn-text-1\" class=\"zone zn-text with-bg bg-color\"><span class=\"zone-bg bg-color bgc-white alignfull\"><\/span><\/p>\n<div class=\"zone-block zn-text-block pdd-top-off alignwide va-top\">\n<div class=\"row mw-content-zone type-style \">\n<div class=\"columns large-12\">\n<div class=\"row with-nice-alignment nbloc-2 va-top\">\n<div class=\"columns large-6 zn-text-col\">\n<div class=\"columns-inner\">\n<div class=\"wig-content mw-content\">\n<h2>Autod\u00e9termination pour tous les membres insieme<\/h2>\n<p>Outre parents et proches, les associations r\u00e9gionales insieme comptent parmi leurs membres des personnes en situation de handicap. Celles-ci sont m\u00eame repr\u00e9sent\u00e9es au sein de certains comit\u00e9s. Mais la plupart d\u2019entre elles ont besoin de soutien et d\u2019un environnement adapt\u00e9 pour pouvoir s\u2019engager sur cette voie.<\/p>\n<p>Les groupes consacr\u00e9s \u00e0 l\u2019autod\u00e9termination mis sur pied dans le cadre du projet \u00abinsieme inclut\u00bb donnent l\u2019opportunit\u00e9 aux membres des associations r\u00e9gionales en situation de handicap mental de pouvoir s\u2019organiser par elles-m\u00eames et de prendre leurs propres d\u00e9cisions. Les associations proposent \u00e0 leurs membres en situation de handicap mental une large palette de camps de vacances et d\u2019activit\u00e9s de loisirs et de formation. Ces groupes contribuent \u00e0 ce que les offrent correspondent aux souhaits et aux besoins exprim\u00e9s par les participant\u00b7e\u00b7s. Les membres du groupe re\u00e7oivent le soutien et les informations n\u00e9cessaires en Facile \u00e0 lire et \u00e0 comprendre. Ainsi, ils peuvent agir en toute connaissance de cause et mener \u00e0 bien leurs t\u00e2ches.<\/p>\n<p>En exp\u00e9rimentant des situations au cours desquelles leur voix est prise en consid\u00e9ration mais aussi en menant des \u00e9changes au sein des groupes, elles acqui\u00e8rent des comp\u00e9tences pouvant \u00eatre mises \u00e0 profit dans leur quotidien.<\/p>\n<\/p><\/div>\n<\/p><\/div>\n<\/p><\/div>\n<div class=\"columns large-6 zn-text-col\">\n<div class=\"columns-inner\">\n<div class=\"wig-content mw-content\">\n<h2>Une participation \u00e0 tous les niveaux<\/h2>\n<p>Depuis le lancement du projet \u00abinsieme inclut\u00bb en 2017, des personnes en situation de handicap se sont engag\u00e9es pour d\u00e9velopper plusieurs th\u00e9matiques au sein d\u2019insieme Suisse:<\/p>\n<ul>\n<li>Des groupes du projet \u00abinsieme inclut\u00bb consacr\u00e9s \u00e0 l\u2019autod\u00e9termination contribuent \u00e0 la mise sur pied d\u2019offres de loisirs au sein des associations r\u00e9gionales.<\/li>\n<li>Dans le cadre de l\u2019intervention parlementaire li\u00e9e aux formations \u00e9l\u00e9mentaires AI, des jeunes attirent l\u2019attention des parlementaires et de l\u2019opinion publique sur leurs revendications devant le Palais f\u00e9d\u00e9ral.<\/li>\n<li>Lors de la r\u00e9alisation de \u00abUn Guide pour voter\u00bb en Facile \u00e0 lire et \u00e0 comprendre, un groupe de travail compos\u00e9 de personnes en situation de handicap mental contribue en grande partie \u00e0 finaliser le texte.<\/li>\n<li>Lors des r\u00e9unions du Comit\u00e9 des droits des personnes handicap\u00e9es, au si\u00e8ge de l\u2019ONU \u00e0 Gen\u00e8ve, des membres des groupes r\u00e9gionaux insieme consacr\u00e9s \u00e0 l\u2019autod\u00e9termination se r\u00e9unissent r\u00e9guli\u00e8rement pour porter la voix des personnes avec un handicap. Ce type d\u2019actions fait \u00e9cho au principe fondamental \u00abrien sur nous sans nous\u00bb de plusieurs associations d\u2019auto-repr\u00e9sentants.<\/li>\n<\/ul><\/div>\n<\/p><\/div>\n<\/p><\/div>\n<\/p><\/div>\n<\/p><\/div>\n<\/p><\/div>\n<\/div>\n<\/div>\n<p><!-- \/flzn:zn_text --><br \/>\n<!-- flzn:zn_list_member --><\/p>\n<div id=\"flzn-listmember-1\" class=\"zone zn-listmember with-bg bg-color\"><span class=\"zone-bg bg-color bgc-transparent alignfull\"><\/span><\/p>\n<div class=\"zone-block zn-listmember-block alignwide va-top\">\n<div class=\"row\">\n<div class=\"columns large-12\">\n<div class=\"zn-listmember-titlebox\">\n<h3 class=\"zn-listmember-title zone-title\">\n\t\t\t\t\t\tResponsable du projet\t\t\t\t\t<\/h3>\n<\/p><\/div>\n<div class=\"row blockgrid-center nb-members-1 small-up-2 medium-up-3 large-up-4\" data-equalizer data-equalize-on=\"medium\">\n<div class=\"column zn-listmember-member\">\n<div class=\"zn-listmember-member-box\">\n<figure class=\"zn-listmember-member-figure\">\n\t\t\t\t\t\t\t<img decoding=\"async\" class=\"zn-listmember-member-img rs_preserve\" src=\"https:\/\/insieme.ch\/wp-inside\/uploads\/2025\/11\/dsc5376-300x300.jpg\" alt=\"\" data-interchange=\"[https:\/\/insieme.ch\/wp-inside\/uploads\/2025\/11\/dsc5376-300x300.jpg, small],[https:\/\/insieme.ch\/wp-inside\/uploads\/2025\/11\/dsc5376-300x300.jpg, gsmall],[https:\/\/insieme.ch\/wp-inside\/uploads\/2025\/11\/dsc5376-300x300.jpg, glarge],\"><br \/>\n\t\t\t\t\t\t\t\t\t\t\t\t\t<\/figure>\n<div class=\"zn-listmember-member-infos\">\n<div class=\"rs_preserve rs_skip\" data-equalizer-watch>\n<h3 class=\"zn-listmember-member-name\">\n\t\t\t\t\t\t\t\t\tJan Habegger\t\t\t\t\t\t\t\t<\/h3>\n<p class=\"zn-listmember-member-fonction\">\n\t\t\t\t\t\t\t\t\tCharg\u00e9 de projet\t\t\t\t\t\t\t\t<\/p>\n<\/p><\/div>\n<p>\t\t\t\t\t\t\t\t\t\t\t\t\t\t\t\t\t\t\t\t\t\t\t\t<button class=\"zn-listmember-member-button rs_preserve\" type=\"button\" data-toggle=\"zn-listmember-dropdown-1-1\">En savoir plus<\/button><\/p>\n<div class=\"zn-listmember-member-dropdown dropdown-pane rs_preserve\" data-position=\"bottom\" data-alignment=\"center\" id=\"zn-listmember-dropdown-1-1\" data-dropdown data-auto-focus=\"true\">\n<p class=\"zn-listmember-member-desc\">\n\t\t\t\t\t\t\t\t\t\tAutod\u00e9termination<br \/>Protection de l\u2019adulte\t\t\t\t\t\t\t\t\t<\/p>\n<p class=\"zn-listmember-member-mailbox\">\n\t\t\t\t\t\t\t\t\t\t<a class=\"zn-listmember-member-mail\" href=\"mailto:jhabegger@insieme.ch\" title=\"\"><br \/>\n\t\t\t\t\t\t\t\t\t\t\tjhabegger@insieme.ch\t\t\t\t\t\t\t\t\t\t<\/a>\n\t\t\t\t\t\t\t\t\t<\/p>\n<\/p><\/div>\n<\/p><\/div>\n<\/p><\/div>\n<\/p><\/div>\n<\/p><\/div>\n<\/p><\/div>\n<\/p><\/div>\n<\/p><\/div>\n<\/div>\n<p><!-- \/flzn:zn_list_member --><br \/>\n<!-- flzn:zn_text --><\/p>\n<div id=\"flzn-text-2\" class=\"zone zn-text with-bg bg-color\"><span class=\"zone-bg bg-color bgc-yellow-light alignfull\"><\/span><\/p>\n<div class=\"zone-block zn-text-block pdd-top-off pdd-bottom-off alignwide va-top\">\n<div class=\"row mw-content-zone type-style \">\n<div class=\"columns large-12\">\n<div class=\"row large-up-1 with-nice-alignment nbloc-1\">\n<div class=\"column zn-text-col\">\n<div class=\"column-inner\">\n<div class=\"wig-content mw-content\">\n<h2 style=\"text-align: center;\">Statut<\/h2>\n<p style=\"text-align: center;\">Le projet insieme inclut a \u00e9t\u00e9 d\u00e9velopp\u00e9 entre 2017 \u00e0 2021. Son \u00e9valuation est disponible en allemand.<\/p>\n<\/p><\/div>\n<\/p><\/div>\n<\/p><\/div>\n<\/p><\/div>\n<\/p><\/div>\n<\/p><\/div>\n<\/div>\n<\/div>\n<p><!-- \/flzn:zn_text --><br \/>\n<!-- flzn:zn_documents --><\/p>\n<div id=\"flzn-documents-1\" class=\"zone zn-documents with-bg bg-color\"><span class=\"zone-bg bg-color bgc-white alignfull\"><\/span><\/p>\n<div class=\"zone-block zn-documents-block alignwide va-center\">\n<div class=\"row\">\n<div class=\"columns large-12\">\n<div class=\"zn-documents-titlebox zone-titlebox\" >\n<h2 class=\"zn-documents-title zone-title title-with-deco\">Documents \u00e0 t\u00e9l\u00e9charger<\/h2>\n<\/p><\/div>\n<div class=\"row zn-documents-list small-up-1 medium-up-2 large-up-3 blockgrid-center\">\n<div class=\"column zn-documents-item\">\n\t\t\t\t\t\t<a class=\"documentlink downloadlink\" href=\"https:\/\/insieme.ch\/wp-inside\/uploads\/2023\/01\/insieme-inklusiv_evaluationsbericht_final.pdf\" title=\"T\u00e9l\u00e9charger \u00ab insieme-inklusiv_evaluationsbericht_final.pdf \u00bb\" target=\"_blank\"><\/p>\n<h3 class=\"documentlink-title\">Evaluationsbericht<\/h3>\n<p>\t\t\t\t\t\t\t<span class=\"documentlink-txt\">T\u00e9l\u00e9charger le document<\/span><br \/>\n\t\t\t\t\t\t\t\t\t\t\t\t\t\t<span class=\"documentlink-info\"> &#8211; <span class=\"documentlink-weight\">579,88 Ko<\/span><\/span><br \/>\n\t\t\t\t\t\t\t\t\t\t\t\t\t<\/a>\n\t\t\t\t\t<\/div>\n<\/p><\/div>\n<\/p><\/div>\n<\/p><\/div>\n<\/div>\n<\/div>\n<p><!-- \/flzn:zn_documents --><\/p>\n","protected":false},"excerpt":{"rendered":"<p>Les personnes avec un handicap mental veulent pouvoir d\u00e9cider et s\u2019organiser elles-m\u00eames, y compris chez insieme. \u00abinsieme inclut\u00bb vise \u00e0 renforcer leur pr\u00e9sence et \u00e0 les motiver \u00e0 agir.<\/p>\n","protected":false},"author":7,"featured_media":2082,"parent":1642,"menu_order":10,"comment_status":"closed","ping_status":"closed","template":"","meta":{"_acf_changed":false,"footnotes":""},"class_list":["post-1701","page","type-page","status-publish","has-post-thumbnail","hentry","wp-sticky"],"acf":[],"yoast_head":"<!-- This site is optimized with the Yoast SEO plugin v27.4 - https:\/\/yoast.com\/product\/yoast-seo-wordpress\/ -->\n<title>Autod\u00e9termination &amp; prise de d\u00e9cision personne handicap\u00e9e mentale<\/title>\n<meta name=\"robots\" content=\"index, follow, max-snippet:-1, max-image-preview:large, max-video-preview:-1\" \/>\n<link rel=\"canonical\" href=\"https:\/\/insieme.ch\/fr\/nos-activites\/projets-et-realisations\/insieme-inclut\/\" \/>\n<meta property=\"og:locale\" content=\"fr_FR\" \/>\n<meta property=\"og:type\" content=\"article\" \/>\n<meta property=\"og:title\" content=\"Autod\u00e9termination &amp; prise de d\u00e9cision personne handicap\u00e9e mentale\" \/>\n<meta property=\"og:description\" content=\"Les personnes avec un handicap mental veulent pouvoir d\u00e9cider et s\u2019organiser elles-m\u00eames, y compris chez insieme. \u00abinsieme inclut\u00bb vise \u00e0 renforcer leur pr\u00e9sence et \u00e0 les motiver \u00e0 agir.\" \/>\n<meta property=\"og:url\" content=\"https:\/\/insieme.ch\/fr\/nos-activites\/projets-et-realisations\/insieme-inclut\/\" \/>\n<meta property=\"og:site_name\" content=\"insieme.ch\" \/>\n<meta property=\"article:modified_time\" content=\"2025-12-11T07:42:35+00:00\" \/>\n<meta property=\"og:image\" content=\"https:\/\/insieme.ch\/wp-inside\/uploads\/2021\/03\/insieme-inclut-e1619018277249.jpg\" \/>\n\t<meta property=\"og:image:width\" content=\"1085\" \/>\n\t<meta property=\"og:image:height\" content=\"883\" \/>\n\t<meta property=\"og:image:type\" content=\"image\/jpeg\" \/>\n<meta name=\"twitter:card\" content=\"summary_large_image\" \/>\n<meta name=\"twitter:label1\" content=\"Dur\u00e9e de lecture estim\u00e9e\" \/>\n\t<meta name=\"twitter:data1\" content=\"3 minutes\" \/>\n<script type=\"application\/ld+json\" class=\"yoast-schema-graph\">{\"@context\":\"https:\\\/\\\/schema.org\",\"@graph\":[{\"@type\":\"WebPage\",\"@id\":\"https:\\\/\\\/insieme.ch\\\/fr\\\/nos-activites\\\/projets-et-realisations\\\/insieme-inclut\\\/\",\"url\":\"https:\\\/\\\/insieme.ch\\\/fr\\\/nos-activites\\\/projets-et-realisations\\\/insieme-inclut\\\/\",\"name\":\"Autod\u00e9termination & prise de d\u00e9cision personne handicap\u00e9e mentale\",\"isPartOf\":{\"@id\":\"https:\\\/\\\/insieme.ch\\\/fr\\\/#website\"},\"primaryImageOfPage\":{\"@id\":\"https:\\\/\\\/insieme.ch\\\/fr\\\/nos-activites\\\/projets-et-realisations\\\/insieme-inclut\\\/#primaryimage\"},\"image\":{\"@id\":\"https:\\\/\\\/insieme.ch\\\/fr\\\/nos-activites\\\/projets-et-realisations\\\/insieme-inclut\\\/#primaryimage\"},\"thumbnailUrl\":\"https:\\\/\\\/insieme.ch\\\/wp-inside\\\/uploads\\\/2021\\\/03\\\/insieme-inclut-e1619018277249.jpg\",\"datePublished\":\"2021-03-04T10:14:17+00:00\",\"dateModified\":\"2025-12-11T07:42:35+00:00\",\"breadcrumb\":{\"@id\":\"https:\\\/\\\/insieme.ch\\\/fr\\\/nos-activites\\\/projets-et-realisations\\\/insieme-inclut\\\/#breadcrumb\"},\"inLanguage\":\"fr-FR\",\"potentialAction\":[{\"@type\":\"ReadAction\",\"target\":[\"https:\\\/\\\/insieme.ch\\\/fr\\\/nos-activites\\\/projets-et-realisations\\\/insieme-inclut\\\/\"]}]},{\"@type\":\"ImageObject\",\"inLanguage\":\"fr-FR\",\"@id\":\"https:\\\/\\\/insieme.ch\\\/fr\\\/nos-activites\\\/projets-et-realisations\\\/insieme-inclut\\\/#primaryimage\",\"url\":\"https:\\\/\\\/insieme.ch\\\/wp-inside\\\/uploads\\\/2021\\\/03\\\/insieme-inclut-e1619018277249.jpg\",\"contentUrl\":\"https:\\\/\\\/insieme.ch\\\/wp-inside\\\/uploads\\\/2021\\\/03\\\/insieme-inclut-e1619018277249.jpg\",\"width\":1085,\"height\":883,\"caption\":\"insieme s\u2019engage aux c\u00f4t\u00e9s des personnes en situation de handicap mental pour d\u00e9fendre leurs int\u00e9r\u00eats sur le plan politique.\"},{\"@type\":\"BreadcrumbList\",\"@id\":\"https:\\\/\\\/insieme.ch\\\/fr\\\/nos-activites\\\/projets-et-realisations\\\/insieme-inclut\\\/#breadcrumb\",\"itemListElement\":[{\"@type\":\"ListItem\",\"position\":1,\"name\":\"Accueil\",\"item\":\"https:\\\/\\\/insieme.ch\\\/fr\\\/\"},{\"@type\":\"ListItem\",\"position\":2,\"name\":\"Activit\u00e9s\",\"item\":\"https:\\\/\\\/insieme.ch\\\/fr\\\/unsere-aktivitaeten\\\/\"},{\"@type\":\"ListItem\",\"position\":3,\"name\":\"Projets et r\u00e9alisations\",\"item\":\"https:\\\/\\\/insieme.ch\\\/fr\\\/nos-activites\\\/projets-et-realisations\\\/\"},{\"@type\":\"ListItem\",\"position\":4,\"name\":\"insieme inclut\"}]},{\"@type\":\"WebSite\",\"@id\":\"https:\\\/\\\/insieme.ch\\\/fr\\\/#website\",\"url\":\"https:\\\/\\\/insieme.ch\\\/fr\\\/\",\"name\":\"insieme.ch\",\"description\":\"\",\"publisher\":{\"@id\":\"https:\\\/\\\/insieme.ch\\\/fr\\\/#organization\"},\"potentialAction\":[{\"@type\":\"SearchAction\",\"target\":{\"@type\":\"EntryPoint\",\"urlTemplate\":\"https:\\\/\\\/insieme.ch\\\/fr\\\/?s={search_term_string}\"},\"query-input\":{\"@type\":\"PropertyValueSpecification\",\"valueRequired\":true,\"valueName\":\"search_term_string\"}}],\"inLanguage\":\"fr-FR\"},{\"@type\":\"Organization\",\"@id\":\"https:\\\/\\\/insieme.ch\\\/fr\\\/#organization\",\"name\":\"insieme\",\"url\":\"https:\\\/\\\/insieme.ch\\\/fr\\\/\",\"logo\":{\"@type\":\"ImageObject\",\"inLanguage\":\"fr-FR\",\"@id\":\"https:\\\/\\\/insieme.ch\\\/fr\\\/#\\\/schema\\\/logo\\\/image\\\/\",\"url\":\"https:\\\/\\\/insieme.ch\\\/wp-inside\\\/uploads\\\/2021\\\/03\\\/logo-insieme.jpg\",\"contentUrl\":\"https:\\\/\\\/insieme.ch\\\/wp-inside\\\/uploads\\\/2021\\\/03\\\/logo-insieme.jpg\",\"width\":250,\"height\":250,\"caption\":\"insieme\"},\"image\":{\"@id\":\"https:\\\/\\\/insieme.ch\\\/fr\\\/#\\\/schema\\\/logo\\\/image\\\/\"}}]}<\/script>\n<!-- \/ Yoast SEO plugin. -->","yoast_head_json":{"title":"Autod\u00e9termination & prise de d\u00e9cision personne handicap\u00e9e mentale","robots":{"index":"index","follow":"follow","max-snippet":"max-snippet:-1","max-image-preview":"max-image-preview:large","max-video-preview":"max-video-preview:-1"},"canonical":"https:\/\/insieme.ch\/fr\/nos-activites\/projets-et-realisations\/insieme-inclut\/","og_locale":"fr_FR","og_type":"article","og_title":"Autod\u00e9termination & prise de d\u00e9cision personne handicap\u00e9e mentale","og_description":"Les personnes avec un handicap mental veulent pouvoir d\u00e9cider et s\u2019organiser elles-m\u00eames, y compris chez insieme. \u00abinsieme inclut\u00bb vise \u00e0 renforcer leur pr\u00e9sence et \u00e0 les motiver \u00e0 agir.","og_url":"https:\/\/insieme.ch\/fr\/nos-activites\/projets-et-realisations\/insieme-inclut\/","og_site_name":"insieme.ch","article_modified_time":"2025-12-11T07:42:35+00:00","og_image":[{"width":1085,"height":883,"url":"https:\/\/insieme.ch\/wp-inside\/uploads\/2021\/03\/insieme-inclut-e1619018277249.jpg","type":"image\/jpeg"}],"twitter_card":"summary_large_image","twitter_misc":{"Dur\u00e9e de lecture estim\u00e9e":"3 minutes"},"schema":{"@context":"https:\/\/schema.org","@graph":[{"@type":"WebPage","@id":"https:\/\/insieme.ch\/fr\/nos-activites\/projets-et-realisations\/insieme-inclut\/","url":"https:\/\/insieme.ch\/fr\/nos-activites\/projets-et-realisations\/insieme-inclut\/","name":"Autod\u00e9termination & prise de d\u00e9cision personne handicap\u00e9e mentale","isPartOf":{"@id":"https:\/\/insieme.ch\/fr\/#website"},"primaryImageOfPage":{"@id":"https:\/\/insieme.ch\/fr\/nos-activites\/projets-et-realisations\/insieme-inclut\/#primaryimage"},"image":{"@id":"https:\/\/insieme.ch\/fr\/nos-activites\/projets-et-realisations\/insieme-inclut\/#primaryimage"},"thumbnailUrl":"https:\/\/insieme.ch\/wp-inside\/uploads\/2021\/03\/insieme-inclut-e1619018277249.jpg","datePublished":"2021-03-04T10:14:17+00:00","dateModified":"2025-12-11T07:42:35+00:00","breadcrumb":{"@id":"https:\/\/insieme.ch\/fr\/nos-activites\/projets-et-realisations\/insieme-inclut\/#breadcrumb"},"inLanguage":"fr-FR","potentialAction":[{"@type":"ReadAction","target":["https:\/\/insieme.ch\/fr\/nos-activites\/projets-et-realisations\/insieme-inclut\/"]}]},{"@type":"ImageObject","inLanguage":"fr-FR","@id":"https:\/\/insieme.ch\/fr\/nos-activites\/projets-et-realisations\/insieme-inclut\/#primaryimage","url":"https:\/\/insieme.ch\/wp-inside\/uploads\/2021\/03\/insieme-inclut-e1619018277249.jpg","contentUrl":"https:\/\/insieme.ch\/wp-inside\/uploads\/2021\/03\/insieme-inclut-e1619018277249.jpg","width":1085,"height":883,"caption":"insieme s\u2019engage aux c\u00f4t\u00e9s des personnes en situation de handicap mental pour d\u00e9fendre leurs int\u00e9r\u00eats sur le plan politique."},{"@type":"BreadcrumbList","@id":"https:\/\/insieme.ch\/fr\/nos-activites\/projets-et-realisations\/insieme-inclut\/#breadcrumb","itemListElement":[{"@type":"ListItem","position":1,"name":"Accueil","item":"https:\/\/insieme.ch\/fr\/"},{"@type":"ListItem","position":2,"name":"Activit\u00e9s","item":"https:\/\/insieme.ch\/fr\/unsere-aktivitaeten\/"},{"@type":"ListItem","position":3,"name":"Projets et r\u00e9alisations","item":"https:\/\/insieme.ch\/fr\/nos-activites\/projets-et-realisations\/"},{"@type":"ListItem","position":4,"name":"insieme inclut"}]},{"@type":"WebSite","@id":"https:\/\/insieme.ch\/fr\/#website","url":"https:\/\/insieme.ch\/fr\/","name":"insieme.ch","description":"","publisher":{"@id":"https:\/\/insieme.ch\/fr\/#organization"},"potentialAction":[{"@type":"SearchAction","target":{"@type":"EntryPoint","urlTemplate":"https:\/\/insieme.ch\/fr\/?s={search_term_string}"},"query-input":{"@type":"PropertyValueSpecification","valueRequired":true,"valueName":"search_term_string"}}],"inLanguage":"fr-FR"},{"@type":"Organization","@id":"https:\/\/insieme.ch\/fr\/#organization","name":"insieme","url":"https:\/\/insieme.ch\/fr\/","logo":{"@type":"ImageObject","inLanguage":"fr-FR","@id":"https:\/\/insieme.ch\/fr\/#\/schema\/logo\/image\/","url":"https:\/\/insieme.ch\/wp-inside\/uploads\/2021\/03\/logo-insieme.jpg","contentUrl":"https:\/\/insieme.ch\/wp-inside\/uploads\/2021\/03\/logo-insieme.jpg","width":250,"height":250,"caption":"insieme"},"image":{"@id":"https:\/\/insieme.ch\/fr\/#\/schema\/logo\/image\/"}}]}},"_links":{"self":[{"href":"https:\/\/insieme.ch\/fr\/wp-json\/wp\/v2\/pages\/1701","targetHints":{"allow":["GET"]}}],"collection":[{"href":"https:\/\/insieme.ch\/fr\/wp-json\/wp\/v2\/pages"}],"about":[{"href":"https:\/\/insieme.ch\/fr\/wp-json\/wp\/v2\/types\/page"}],"author":[{"embeddable":true,"href":"https:\/\/insieme.ch\/fr\/wp-json\/wp\/v2\/users\/7"}],"replies":[{"embeddable":true,"href":"https:\/\/insieme.ch\/fr\/wp-json\/wp\/v2\/comments?post=1701"}],"version-history":[{"count":7,"href":"https:\/\/insieme.ch\/fr\/wp-json\/wp\/v2\/pages\/1701\/revisions"}],"predecessor-version":[{"id":31692,"href":"https:\/\/insieme.ch\/fr\/wp-json\/wp\/v2\/pages\/1701\/revisions\/31692"}],"up":[{"embeddable":true,"href":"https:\/\/insieme.ch\/fr\/wp-json\/wp\/v2\/pages\/1642"}],"wp:featuredmedia":[{"embeddable":true,"href":"https:\/\/insieme.ch\/fr\/wp-json\/wp\/v2\/media\/2082"}],"wp:attachment":[{"href":"https:\/\/insieme.ch\/fr\/wp-json\/wp\/v2\/media?parent=1701"}],"curies":[{"name":"wp","href":"https:\/\/api.w.org\/{rel}","templated":true}]}}