{"id":1699,"date":"2021-03-04T11:13:42","date_gmt":"2021-03-04T10:13:42","guid":{"rendered":"https:\/\/insieme.ch\/?page_id=1699"},"modified":"2025-12-11T08:37:04","modified_gmt":"2025-12-11T07:37:04","slug":"make-together","status":"publish","type":"page","link":"https:\/\/insieme.ch\/fr\/nos-activites\/projets-et-realisations\/make-together\/","title":{"rendered":"make together"},"content":{"rendered":"<p><!-- flzn:zn_pagebanner --><\/p>\n<header id=\"flzn-pagebanner-1\" class=\"zone zn-pagebanner with-bg bg-color\"><span class=\"zone-bg bg-color bgc-yellow-light alignfull\"><\/span><\/p>\n<div class=\"zone-block zn-pagebanner-block alignwide va-center\"><\/div>\n<\/header>\n<p><!-- \/flzn:zn_pagebanner --><br \/>\n<!-- flzn:zn_text_img --><\/p>\n<div id=\"flzn-textimg-1\" class=\"zone zn-textimg with-bg bg-color\"><span class=\"zone-bg bg-color bgc-white alignfull\"><\/span><\/p>\n<div class=\"zone-block zn-textimg-block pdd-top-off pdd-bottom-off alignwide va-center\">\n<div class=\"row mw-content-zone\">\n<div class=\"columns large-12\">\n<div class=\"row with-nice-alignment zn-textimg-row va-center\" data-equalizer data-equalize-on=\"large\">\n<div class=\"columns large-6 large-push-6 zn-textimg-colimg\" data-equalizer-watch>\n<div class=\"columns-inner zn-textimg-col-inner\">\n<div class=\"zn-textimg-imgbox\" title=\"Logo Make Together\">\n<figure class=\"zn-textimg-figure\">\n\t\t\t\t\t\t\t<img decoding=\"async\" class=\"zn-textimg-img\" src=\"https:\/\/insieme.ch\/wp-inside\/uploads\/2021\/03\/make-it-together.png\" alt=\"Logo Make Together\"\/><br \/>\n\t\t\t\t\t\t\t\t\t\t\t\t\t<\/figure>\n<\/p><\/div>\n<\/p><\/div>\n<\/p><\/div>\n<div class=\"columns large-6 large-pull-6 zn-textimg-coldesc\" data-equalizer-watch>\n<div class=\"columns-inner zn-textimg-descbox\">\n<div class=\"zn-textimg-desc wig-content\">\n<h2>make together: des rencontre inclusives gr\u00e2ce \u00e0 la cr\u00e9ation<\/h2>\n<p><span style=\"font-weight: 400;\">Les rencontres entre jeunes avec et sans handicap ne sont pas courantes. Cependant, elles sont particuli\u00e8rement importantes pour permettre de d\u00e9passer les pr\u00e9jug\u00e9s, les craintes ou l\u2019impression d\u2019\u00eatre d\u00e9pass\u00e9\u00b7e. Elles offrent ainsi la possibilit\u00e9 de se d\u00e9couvrir des affinit\u00e9s.\u00a0<\/span><\/p>\n<p><span style=\"font-weight: 400;\">Le projet permet des rencontres entre jeunes avec et sans handicap dans le domaine scolaire et extra-scolaire. Dans le cadre des ateliers make together, l&#8217;environnement de ceux-ci (enseignant\u00b7e\u00b7s, parents) peut \u00e9galement \u00eatre sensibilis\u00e9 et motiv\u00e9 \u00e0 mettre sur pied des processus inclusifs.<\/span><\/p>\n<\/div><\/div>\n<\/p><\/div>\n<\/p><\/div>\n<\/p><\/div>\n<\/p><\/div>\n<\/div>\n<\/div>\n<p><!-- \/flzn:zn_text_img --><br \/>\n<!-- flzn:zn_text --><\/p>\n<div id=\"flzn-text-1\" class=\"zone zn-text with-bg bg-color\"><span class=\"zone-bg bg-color bgc-yellow-light alignfull\"><\/span><\/p>\n<div class=\"zone-block zn-text-block alignwide va-top\">\n<div class=\"row mw-content-zone type-style \">\n<div class=\"columns large-12\">\n<div class=\"row with-nice-alignment nbloc-2 va-top\">\n<div class=\"columns large-6 zn-text-col\">\n<div class=\"columns-inner\">\n<div class=\"wig-content mw-content\">\n<h2>Les ateliers make together<\/h2>\n<p>Au cours des ateliers temporaires, les jeunes ont la possibilit\u00e9 de se rencontrer et de travailler ensemble pour cr\u00e9er des projets durables de la \u00abMaker-Community\u00bb. Les \u00abMakers\u00bb, sont des bricoleurs\u00b7euse\u00b7s qui font le lien entre le monde analogique et le monde num\u00e9rique. Au cours de l\u2019atelier make together, les jeunes r\u00e9alisent des activit\u00e9s en commun: fabriquer soi-m\u00eame des objets et les tester est au c\u0153ur du projet. Sous la supervision de professionnel\u00b7le\u00b7s, ils et elles r\u00e9alisent des projets innovants allant de l\u2019artisanat traditionnel \u00e0 l\u2019\u00e9lectronique high-tech.<\/p>\n<p>Les activit\u00e9s de l\u2019atelier make together abordent des aspects \u00e9cologiques: la gestion durable de l\u2019environnement est un th\u00e8me de discussion. Les participant\u00b7e\u00b7s peuvent par exemple fabriquer un chargeur solaire ou recycler des v\u00eatements. L\u2019aspect coop\u00e9ratif offre la chance de cr\u00e9er un environnement inclusif dans lequel les jeunes avec et sans handicap peuvent \u00e9changer des id\u00e9es et apprendre les un\u00b7e\u00b7s des autres.<\/p>\n<\/p><\/div>\n<\/p><\/div>\n<\/p><\/div>\n<div class=\"columns large-6 zn-text-col\">\n<div class=\"columns-inner\">\n<div class=\"wig-content mw-content\">\n<h2>make together,c&#8217;est\u2026<\/h2>\n<ul>\n<li>un pont entre les jeunes avec et sans handicap<\/li>\n<li>une offre qui peut \u00eatre suivie pendant une demi-journ\u00e9e avec peu de pr\u00e9paration<\/li>\n<li>un projet adapt\u00e9 au Plan d\u2019\u00e9tudes<\/li>\n<li>une activit\u00e9 innovante et unique en Suisse<\/li>\n<li>un atelier centr\u00e9 sur les \u00e9l\u00e8ves et orient\u00e9 projets<\/li>\n<\/ul><\/div>\n<\/p><\/div>\n<\/p><\/div>\n<\/p><\/div>\n<\/p><\/div>\n<\/p><\/div>\n<\/div>\n<\/div>\n<p><!-- \/flzn:zn_text --><br \/>\n<!-- flzn:zn_text --><\/p>\n<div id=\"flzn-text-2\" class=\"zone zn-text with-bg bg-color\"><span class=\"zone-bg bg-color bgc-white alignfull\"><\/span><\/p>\n<div class=\"zone-block zn-text-block alignwide va-top\">\n<div class=\"row mw-content-zone type-style \">\n<div class=\"columns large-12\">\n<div class=\"row with-nice-alignment nbloc-2 va-top\">\n<div class=\"columns large-6 zn-text-col\">\n<div class=\"columns-inner\">\n<div class=\"wig-content mw-content\">\n<h2>Devenir actif<\/h2>\n<p>Le site <a href=\"https:\/\/www.maketogether.ch\/fr\/info-fr\/\" target=\"_blank\" rel=\"noopener\">maketogether.ch<\/a> met \u00e0 disposition des informations g\u00e9n\u00e9rales et un calendrier des ateliers. Il propose \u00e9galement des consignes pour organiser des ateliers make together.<\/p>\n<p><a class=\"button\" href=\"mailto:info@maketogether.ch\" target=\"_blank\" rel=\"noopener\">S&#8217;annoncer pour organiser un atelier<\/a><\/p>\n<\/p><\/div>\n<\/p><\/div>\n<\/p><\/div>\n<div class=\"columns large-6 zn-text-col\">\n<div class=\"columns-inner\">\n<div class=\"wig-content mw-content\">\n<h2>Partenaires<\/h2>\n<p>make together est un projet de coop\u00e9ration entre l\u2019Institut de p\u00e9dagogie curative de la Haute Ecole de p\u00e9dagogie sp\u00e9cialis\u00e9e de Berne (PHBern) et insieme Suisse. Ce projet est soutenu financi\u00e8rement par le Bureau f\u00e9d\u00e9ral de l\u2019\u00e9galit\u00e9 pour les personnes handicap\u00e9es (BFEH), la Fondation Ernst G\u00f6hner, le Pour-cent culturel Migros, le Fonds Swisslos du canton de B\u00e2le-Campagne ains que la Fondation GABU.<\/p>\n<\/p><\/div>\n<\/p><\/div>\n<\/p><\/div>\n<\/p><\/div>\n<\/p><\/div>\n<\/p><\/div>\n<\/div>\n<\/div>\n<p><!-- \/flzn:zn_text --><br \/>\n<!-- flzn:zn_text --><\/p>\n<div id=\"flzn-text-3\" class=\"zone zn-text with-bg bg-color\"><span class=\"zone-bg bg-color bgc-yellow-light alignfull\"><\/span><\/p>\n<div class=\"zone-block zn-text-block alignwide va-top\">\n<div class=\"row mw-content-zone type-style \">\n<div class=\"columns large-12\">\n<div class=\"row large-up-1 with-nice-alignment nbloc-1\">\n<div class=\"column zn-text-col\">\n<div class=\"column-inner\">\n<div class=\"wig-content mw-content\">\n<h2 style=\"text-align: center;\">Statut<\/h2>\n<p style=\"text-align: center;\">Le projet est en cours d\u2019\u00e9laboration.<\/p>\n<\/p><\/div>\n<\/p><\/div>\n<\/p><\/div>\n<\/p><\/div>\n<\/p><\/div>\n<\/p><\/div>\n<\/div>\n<\/div>\n<p><!-- \/flzn:zn_text --><br \/>\n<!-- flzn:zn_list_member --><\/p>\n<div id=\"flzn-listmember-1\" class=\"zone zn-listmember with-bg bg-color\"><span class=\"zone-bg bg-color bgc-transparent alignfull\"><\/span><\/p>\n<div class=\"zone-block zn-listmember-block alignwide va-top\">\n<div class=\"row\">\n<div class=\"columns large-12\">\n<div class=\"zn-listmember-titlebox\">\n<h2 class=\"zn-listmember-title zone-title\">\n\t\t\t\t\t\tResponsable du projet\t\t\t\t\t<\/h2>\n<\/p><\/div>\n<div class=\"row blockgrid-center nb-members-1 small-up-2 medium-up-3 large-up-4\" data-equalizer data-equalize-on=\"medium\">\n<div class=\"column zn-listmember-member\">\n<div class=\"zn-listmember-member-box\">\n<figure class=\"zn-listmember-member-figure\">\n\t\t\t\t\t\t\t<img decoding=\"async\" class=\"zn-listmember-member-img rs_preserve\" src=\"https:\/\/insieme.ch\/wp-inside\/uploads\/2025\/11\/dsc4871-300x300.jpg\" alt=\"\" data-interchange=\"[https:\/\/insieme.ch\/wp-inside\/uploads\/2025\/11\/dsc4871-300x300.jpg, small],[https:\/\/insieme.ch\/wp-inside\/uploads\/2025\/11\/dsc4871-300x300.jpg, gsmall],[https:\/\/insieme.ch\/wp-inside\/uploads\/2025\/11\/dsc4871-300x300.jpg, glarge],\"><figcaption class=\"zn-listmember-member-img-caption show-for-sr\">Insieme Team<br \/>\n\u00a9 Danielle Liniger<\/figcaption><\/figure>\n<div class=\"zn-listmember-member-infos\">\n<div class=\"rs_preserve rs_skip\" data-equalizer-watch>\n<h3 class=\"zn-listmember-member-name\">\n\t\t\t\t\t\t\t\t\tThomas Thentz\t\t\t\t\t\t\t\t<\/h3>\n<p class=\"zn-listmember-member-fonction\">\n\t\t\t\t\t\t\t\t\tCharg\u00e9 de projets\t\t\t\t\t\t\t\t<\/p>\n<\/p><\/div>\n<p>\t\t\t\t\t\t\t\t\t\t\t\t\t\t\t\t\t\t\t\t\t\t\t\t<button class=\"zn-listmember-member-button rs_preserve\" type=\"button\" data-toggle=\"zn-listmember-dropdown-1-1\">En savoir plus<\/button><\/p>\n<div class=\"zn-listmember-member-dropdown dropdown-pane rs_preserve\" data-position=\"bottom\" data-alignment=\"center\" id=\"zn-listmember-dropdown-1-1\" data-dropdown data-auto-focus=\"true\">\n<p class=\"zn-listmember-member-desc\">\n\t\t\t\t\t\t\t\t\t\tDiagnostic pr\u00e9natal<br \/> Petit enfance \u2013 Ecole <br \/>Participation culturelle et num\u00e9rique<br \/> Entraide <br \/>Grand \u00e2ge\t\t\t\t\t\t\t\t\t<\/p>\n<p class=\"zn-listmember-member-mailbox\">\n\t\t\t\t\t\t\t\t\t\t<a class=\"zn-listmember-member-mail\" href=\"mailto:tthentz@insieme.ch\" title=\"\"><br \/>\n\t\t\t\t\t\t\t\t\t\t\ttthentz@insieme.ch\t\t\t\t\t\t\t\t\t\t<\/a>\n\t\t\t\t\t\t\t\t\t<\/p>\n<\/p><\/div>\n<\/p><\/div>\n<\/p><\/div>\n<\/p><\/div>\n<\/p><\/div>\n<\/p><\/div>\n<\/p><\/div>\n<\/p><\/div>\n<\/div>\n<p><!-- \/flzn:zn_list_member --><\/p>\n","protected":false},"excerpt":{"rendered":"<p>make together permet des rencontres entre jeunes avec et sans handicap. Lors d\u2019ateliers, ces jeunes ont l\u2019occasion de d\u00e9velopper des projets durables.<\/p>\n","protected":false},"author":7,"featured_media":2040,"parent":1642,"menu_order":5,"comment_status":"closed","ping_status":"closed","template":"","meta":{"_acf_changed":false,"footnotes":""},"class_list":["post-1699","page","type-page","status-publish","has-post-thumbnail","hentry","wp-sticky"],"acf":[],"yoast_head":"<!-- This site is optimized with the Yoast SEO plugin v27.3 - https:\/\/yoast.com\/product\/yoast-seo-wordpress\/ -->\n<title>Rencontres &amp; activit\u00e9s enfants et jeunes avec et sans handicap mental<\/title>\n<meta name=\"robots\" content=\"index, follow, max-snippet:-1, max-image-preview:large, max-video-preview:-1\" \/>\n<link rel=\"canonical\" href=\"https:\/\/insieme.ch\/fr\/nos-activites\/projets-et-realisations\/make-together\/\" \/>\n<meta property=\"og:locale\" content=\"fr_FR\" \/>\n<meta property=\"og:type\" content=\"article\" \/>\n<meta property=\"og:title\" content=\"Rencontres &amp; activit\u00e9s enfants et jeunes avec et sans handicap mental\" \/>\n<meta property=\"og:description\" content=\"make together permet des rencontres entre jeunes avec et sans handicap. Lors d\u2019ateliers, ces jeunes ont l\u2019occasion de d\u00e9velopper des projets durables.\" \/>\n<meta property=\"og:url\" content=\"https:\/\/insieme.ch\/fr\/nos-activites\/projets-et-realisations\/make-together\/\" \/>\n<meta property=\"og:site_name\" content=\"insieme.ch\" \/>\n<meta property=\"article:modified_time\" content=\"2025-12-11T07:37:04+00:00\" \/>\n<meta property=\"og:image\" content=\"https:\/\/insieme.ch\/wp-inside\/uploads\/2021\/03\/make-it-together.png\" \/>\n\t<meta property=\"og:image:width\" content=\"800\" \/>\n\t<meta property=\"og:image:height\" content=\"800\" \/>\n\t<meta property=\"og:image:type\" content=\"image\/png\" \/>\n<meta name=\"twitter:card\" content=\"summary_large_image\" \/>\n<meta name=\"twitter:label1\" content=\"Dur\u00e9e de lecture estim\u00e9e\" \/>\n\t<meta name=\"twitter:data1\" content=\"2 minutes\" \/>\n<script type=\"application\/ld+json\" class=\"yoast-schema-graph\">{\"@context\":\"https:\\\/\\\/schema.org\",\"@graph\":[{\"@type\":\"WebPage\",\"@id\":\"https:\\\/\\\/insieme.ch\\\/fr\\\/nos-activites\\\/projets-et-realisations\\\/make-together\\\/\",\"url\":\"https:\\\/\\\/insieme.ch\\\/fr\\\/nos-activites\\\/projets-et-realisations\\\/make-together\\\/\",\"name\":\"Rencontres & activit\u00e9s enfants et jeunes avec et sans handicap mental\",\"isPartOf\":{\"@id\":\"https:\\\/\\\/insieme.ch\\\/fr\\\/#website\"},\"primaryImageOfPage\":{\"@id\":\"https:\\\/\\\/insieme.ch\\\/fr\\\/nos-activites\\\/projets-et-realisations\\\/make-together\\\/#primaryimage\"},\"image\":{\"@id\":\"https:\\\/\\\/insieme.ch\\\/fr\\\/nos-activites\\\/projets-et-realisations\\\/make-together\\\/#primaryimage\"},\"thumbnailUrl\":\"https:\\\/\\\/insieme.ch\\\/wp-inside\\\/uploads\\\/2021\\\/03\\\/make-it-together.png\",\"datePublished\":\"2021-03-04T10:13:42+00:00\",\"dateModified\":\"2025-12-11T07:37:04+00:00\",\"breadcrumb\":{\"@id\":\"https:\\\/\\\/insieme.ch\\\/fr\\\/nos-activites\\\/projets-et-realisations\\\/make-together\\\/#breadcrumb\"},\"inLanguage\":\"fr-FR\",\"potentialAction\":[{\"@type\":\"ReadAction\",\"target\":[\"https:\\\/\\\/insieme.ch\\\/fr\\\/nos-activites\\\/projets-et-realisations\\\/make-together\\\/\"]}]},{\"@type\":\"ImageObject\",\"inLanguage\":\"fr-FR\",\"@id\":\"https:\\\/\\\/insieme.ch\\\/fr\\\/nos-activites\\\/projets-et-realisations\\\/make-together\\\/#primaryimage\",\"url\":\"https:\\\/\\\/insieme.ch\\\/wp-inside\\\/uploads\\\/2021\\\/03\\\/make-it-together.png\",\"contentUrl\":\"https:\\\/\\\/insieme.ch\\\/wp-inside\\\/uploads\\\/2021\\\/03\\\/make-it-together.png\",\"width\":800,\"height\":800,\"caption\":\"Logo Make Together\"},{\"@type\":\"BreadcrumbList\",\"@id\":\"https:\\\/\\\/insieme.ch\\\/fr\\\/nos-activites\\\/projets-et-realisations\\\/make-together\\\/#breadcrumb\",\"itemListElement\":[{\"@type\":\"ListItem\",\"position\":1,\"name\":\"Accueil\",\"item\":\"https:\\\/\\\/insieme.ch\\\/fr\\\/\"},{\"@type\":\"ListItem\",\"position\":2,\"name\":\"Activit\u00e9s\",\"item\":\"https:\\\/\\\/insieme.ch\\\/fr\\\/unsere-aktivitaeten\\\/\"},{\"@type\":\"ListItem\",\"position\":3,\"name\":\"Projets et r\u00e9alisations\",\"item\":\"https:\\\/\\\/insieme.ch\\\/fr\\\/nos-activites\\\/projets-et-realisations\\\/\"},{\"@type\":\"ListItem\",\"position\":4,\"name\":\"make together\"}]},{\"@type\":\"WebSite\",\"@id\":\"https:\\\/\\\/insieme.ch\\\/fr\\\/#website\",\"url\":\"https:\\\/\\\/insieme.ch\\\/fr\\\/\",\"name\":\"insieme.ch\",\"description\":\"\",\"publisher\":{\"@id\":\"https:\\\/\\\/insieme.ch\\\/fr\\\/#organization\"},\"potentialAction\":[{\"@type\":\"SearchAction\",\"target\":{\"@type\":\"EntryPoint\",\"urlTemplate\":\"https:\\\/\\\/insieme.ch\\\/fr\\\/?s={search_term_string}\"},\"query-input\":{\"@type\":\"PropertyValueSpecification\",\"valueRequired\":true,\"valueName\":\"search_term_string\"}}],\"inLanguage\":\"fr-FR\"},{\"@type\":\"Organization\",\"@id\":\"https:\\\/\\\/insieme.ch\\\/fr\\\/#organization\",\"name\":\"insieme\",\"url\":\"https:\\\/\\\/insieme.ch\\\/fr\\\/\",\"logo\":{\"@type\":\"ImageObject\",\"inLanguage\":\"fr-FR\",\"@id\":\"https:\\\/\\\/insieme.ch\\\/fr\\\/#\\\/schema\\\/logo\\\/image\\\/\",\"url\":\"https:\\\/\\\/insieme.ch\\\/wp-inside\\\/uploads\\\/2021\\\/03\\\/logo-insieme.jpg\",\"contentUrl\":\"https:\\\/\\\/insieme.ch\\\/wp-inside\\\/uploads\\\/2021\\\/03\\\/logo-insieme.jpg\",\"width\":250,\"height\":250,\"caption\":\"insieme\"},\"image\":{\"@id\":\"https:\\\/\\\/insieme.ch\\\/fr\\\/#\\\/schema\\\/logo\\\/image\\\/\"}}]}<\/script>\n<!-- \/ Yoast SEO plugin. -->","yoast_head_json":{"title":"Rencontres & activit\u00e9s enfants et jeunes avec et sans handicap mental","robots":{"index":"index","follow":"follow","max-snippet":"max-snippet:-1","max-image-preview":"max-image-preview:large","max-video-preview":"max-video-preview:-1"},"canonical":"https:\/\/insieme.ch\/fr\/nos-activites\/projets-et-realisations\/make-together\/","og_locale":"fr_FR","og_type":"article","og_title":"Rencontres & activit\u00e9s enfants et jeunes avec et sans handicap mental","og_description":"make together permet des rencontres entre jeunes avec et sans handicap. Lors d\u2019ateliers, ces jeunes ont l\u2019occasion de d\u00e9velopper des projets durables.","og_url":"https:\/\/insieme.ch\/fr\/nos-activites\/projets-et-realisations\/make-together\/","og_site_name":"insieme.ch","article_modified_time":"2025-12-11T07:37:04+00:00","og_image":[{"width":800,"height":800,"url":"https:\/\/insieme.ch\/wp-inside\/uploads\/2021\/03\/make-it-together.png","type":"image\/png"}],"twitter_card":"summary_large_image","twitter_misc":{"Dur\u00e9e de lecture estim\u00e9e":"2 minutes"},"schema":{"@context":"https:\/\/schema.org","@graph":[{"@type":"WebPage","@id":"https:\/\/insieme.ch\/fr\/nos-activites\/projets-et-realisations\/make-together\/","url":"https:\/\/insieme.ch\/fr\/nos-activites\/projets-et-realisations\/make-together\/","name":"Rencontres & activit\u00e9s enfants et jeunes avec et sans handicap mental","isPartOf":{"@id":"https:\/\/insieme.ch\/fr\/#website"},"primaryImageOfPage":{"@id":"https:\/\/insieme.ch\/fr\/nos-activites\/projets-et-realisations\/make-together\/#primaryimage"},"image":{"@id":"https:\/\/insieme.ch\/fr\/nos-activites\/projets-et-realisations\/make-together\/#primaryimage"},"thumbnailUrl":"https:\/\/insieme.ch\/wp-inside\/uploads\/2021\/03\/make-it-together.png","datePublished":"2021-03-04T10:13:42+00:00","dateModified":"2025-12-11T07:37:04+00:00","breadcrumb":{"@id":"https:\/\/insieme.ch\/fr\/nos-activites\/projets-et-realisations\/make-together\/#breadcrumb"},"inLanguage":"fr-FR","potentialAction":[{"@type":"ReadAction","target":["https:\/\/insieme.ch\/fr\/nos-activites\/projets-et-realisations\/make-together\/"]}]},{"@type":"ImageObject","inLanguage":"fr-FR","@id":"https:\/\/insieme.ch\/fr\/nos-activites\/projets-et-realisations\/make-together\/#primaryimage","url":"https:\/\/insieme.ch\/wp-inside\/uploads\/2021\/03\/make-it-together.png","contentUrl":"https:\/\/insieme.ch\/wp-inside\/uploads\/2021\/03\/make-it-together.png","width":800,"height":800,"caption":"Logo Make Together"},{"@type":"BreadcrumbList","@id":"https:\/\/insieme.ch\/fr\/nos-activites\/projets-et-realisations\/make-together\/#breadcrumb","itemListElement":[{"@type":"ListItem","position":1,"name":"Accueil","item":"https:\/\/insieme.ch\/fr\/"},{"@type":"ListItem","position":2,"name":"Activit\u00e9s","item":"https:\/\/insieme.ch\/fr\/unsere-aktivitaeten\/"},{"@type":"ListItem","position":3,"name":"Projets et r\u00e9alisations","item":"https:\/\/insieme.ch\/fr\/nos-activites\/projets-et-realisations\/"},{"@type":"ListItem","position":4,"name":"make together"}]},{"@type":"WebSite","@id":"https:\/\/insieme.ch\/fr\/#website","url":"https:\/\/insieme.ch\/fr\/","name":"insieme.ch","description":"","publisher":{"@id":"https:\/\/insieme.ch\/fr\/#organization"},"potentialAction":[{"@type":"SearchAction","target":{"@type":"EntryPoint","urlTemplate":"https:\/\/insieme.ch\/fr\/?s={search_term_string}"},"query-input":{"@type":"PropertyValueSpecification","valueRequired":true,"valueName":"search_term_string"}}],"inLanguage":"fr-FR"},{"@type":"Organization","@id":"https:\/\/insieme.ch\/fr\/#organization","name":"insieme","url":"https:\/\/insieme.ch\/fr\/","logo":{"@type":"ImageObject","inLanguage":"fr-FR","@id":"https:\/\/insieme.ch\/fr\/#\/schema\/logo\/image\/","url":"https:\/\/insieme.ch\/wp-inside\/uploads\/2021\/03\/logo-insieme.jpg","contentUrl":"https:\/\/insieme.ch\/wp-inside\/uploads\/2021\/03\/logo-insieme.jpg","width":250,"height":250,"caption":"insieme"},"image":{"@id":"https:\/\/insieme.ch\/fr\/#\/schema\/logo\/image\/"}}]}},"_links":{"self":[{"href":"https:\/\/insieme.ch\/fr\/wp-json\/wp\/v2\/pages\/1699","targetHints":{"allow":["GET"]}}],"collection":[{"href":"https:\/\/insieme.ch\/fr\/wp-json\/wp\/v2\/pages"}],"about":[{"href":"https:\/\/insieme.ch\/fr\/wp-json\/wp\/v2\/types\/page"}],"author":[{"embeddable":true,"href":"https:\/\/insieme.ch\/fr\/wp-json\/wp\/v2\/users\/7"}],"replies":[{"embeddable":true,"href":"https:\/\/insieme.ch\/fr\/wp-json\/wp\/v2\/comments?post=1699"}],"version-history":[{"count":9,"href":"https:\/\/insieme.ch\/fr\/wp-json\/wp\/v2\/pages\/1699\/revisions"}],"predecessor-version":[{"id":31691,"href":"https:\/\/insieme.ch\/fr\/wp-json\/wp\/v2\/pages\/1699\/revisions\/31691"}],"up":[{"embeddable":true,"href":"https:\/\/insieme.ch\/fr\/wp-json\/wp\/v2\/pages\/1642"}],"wp:featuredmedia":[{"embeddable":true,"href":"https:\/\/insieme.ch\/fr\/wp-json\/wp\/v2\/media\/2040"}],"wp:attachment":[{"href":"https:\/\/insieme.ch\/fr\/wp-json\/wp\/v2\/media?parent=1699"}],"curies":[{"name":"wp","href":"https:\/\/api.w.org\/{rel}","templated":true}]}}