{"id":1650,"date":"2021-03-04T10:50:38","date_gmt":"2021-03-04T09:50:38","guid":{"rendered":"https:\/\/insieme.ch\/?page_id=1650"},"modified":"2025-12-15T15:12:55","modified_gmt":"2025-12-15T14:12:55","slug":"medias","status":"publish","type":"page","link":"https:\/\/insieme.ch\/fr\/medias\/","title":{"rendered":"M\u00e9dias"},"content":{"rendered":"<p><!-- flzn:zn_pagebanner --><\/p>\n<header id=\"flzn-pagebanner-1\" class=\"zone zn-pagebanner with-bg bg-color\"><span class=\"zone-bg bg-color bgc-yellow-light alignfull\"><\/span><\/p>\n<div class=\"zone-block zn-pagebanner-block alignwide va-center\"><\/div>\n<\/header>\n<p><!-- \/flzn:zn_pagebanner --><br \/>\n<!-- flzn:zn_list_member --><\/p>\n<div id=\"flzn-listmember-1\" class=\"zone zn-listmember with-bg bg-color\"><span class=\"zone-bg bg-color bgc-transparent alignfull\"><\/span><\/p>\n<div class=\"zone-block zn-listmember-block alignwide va-top\">\n<div class=\"row\">\n<div class=\"columns large-12\">\n<div class=\"zn-listmember-titlebox\">\n<h2 class=\"zn-listmember-title zone-title\">\n\t\t\t\t\t\tContacts\t\t\t\t\t<\/h2>\n<\/p><\/div>\n<div class=\"row blockgrid-center nb-members-2 small-up-2 medium-up-3 large-up-4\" data-equalizer data-equalize-on=\"medium\">\n<div class=\"column zn-listmember-member\">\n<div class=\"zn-listmember-member-box\">\n<figure class=\"zn-listmember-member-figure\">\n\t\t\t\t\t\t\t<img decoding=\"async\" class=\"zn-listmember-member-img rs_preserve\" src=\"https:\/\/insieme.ch\/wp-inside\/uploads\/2025\/11\/dsc5532-300x300.jpg\" alt=\"\" data-interchange=\"[https:\/\/insieme.ch\/wp-inside\/uploads\/2025\/11\/dsc5532-300x300.jpg, small],[https:\/\/insieme.ch\/wp-inside\/uploads\/2025\/11\/dsc5532-300x300.jpg, gsmall],[https:\/\/insieme.ch\/wp-inside\/uploads\/2025\/11\/dsc5532-300x300.jpg, glarge],\"><figcaption class=\"zn-listmember-member-img-caption show-for-sr\">Insieme Team<br \/>\n\u00a9 Danielle Liniger<\/figcaption><\/figure>\n<div class=\"zn-listmember-member-infos\">\n<div class=\"rs_preserve rs_skip\" data-equalizer-watch>\n<h3 class=\"zn-listmember-member-name\">\n\t\t\t\t\t\t\t\t\tLise Tran\t\t\t\t\t\t\t\t<\/h3>\n<p class=\"zn-listmember-member-fonction\">\n\t\t\t\t\t\t\t\t\tCharg\u00e9e de communication Suisse romande\t\t\t\t\t\t\t\t<\/p>\n<\/p><\/div>\n<p>\t\t\t\t\t\t\t\t\t\t\t\t\t\t\t\t\t\t\t\t\t\t\t\t<button class=\"zn-listmember-member-button rs_preserve\" type=\"button\" data-toggle=\"zn-listmember-dropdown-1-1\">En savoir plus<\/button><\/p>\n<div class=\"zn-listmember-member-dropdown dropdown-pane rs_preserve\" data-position=\"bottom\" data-alignment=\"center\" id=\"zn-listmember-dropdown-1-1\" data-dropdown data-auto-focus=\"true\">\n<p class=\"zn-listmember-member-desc\">\n\t\t\t\t\t\t\t\t\t\tT\u00e9l.: 031 300 50 20\t\t\t\t\t\t\t\t\t<\/p>\n<p class=\"zn-listmember-member-mailbox\">\n\t\t\t\t\t\t\t\t\t\t<a class=\"zn-listmember-member-mail\" href=\"mailto:Ltran@insieme.ch\" title=\"\"><br \/>\n\t\t\t\t\t\t\t\t\t\t\tLtran@insieme.ch\t\t\t\t\t\t\t\t\t\t<\/a>\n\t\t\t\t\t\t\t\t\t<\/p>\n<\/p><\/div>\n<\/p><\/div>\n<\/p><\/div>\n<\/p><\/div>\n<div class=\"column zn-listmember-member\">\n<div class=\"zn-listmember-member-box\">\n<figure class=\"zn-listmember-member-figure\">\n\t\t\t\t\t\t\t<img decoding=\"async\" class=\"zn-listmember-member-img rs_preserve\" src=\"https:\/\/insieme.ch\/wp-inside\/uploads\/2025\/11\/dsc4487-300x300.jpg\" alt=\"\" data-interchange=\"[https:\/\/insieme.ch\/wp-inside\/uploads\/2025\/11\/dsc4487-300x300.jpg, small],[https:\/\/insieme.ch\/wp-inside\/uploads\/2025\/11\/dsc4487-300x300.jpg, gsmall],[https:\/\/insieme.ch\/wp-inside\/uploads\/2025\/11\/dsc4487-300x300.jpg, glarge],\"><figcaption class=\"zn-listmember-member-img-caption show-for-sr\">Insieme Team<br \/>\n\u00a9 Danielle Liniger<\/figcaption><\/figure>\n<div class=\"zn-listmember-member-infos\">\n<div class=\"rs_preserve rs_skip\" data-equalizer-watch>\n<h3 class=\"zn-listmember-member-name\">\n\t\t\t\t\t\t\t\t\tRegula Sandi\t\t\t\t\t\t\t\t<\/h3>\n<p class=\"zn-listmember-member-fonction\">\n\t\t\t\t\t\t\t\t\tCharg\u00e9e de communication Suisse al\u00e9manique\t\t\t\t\t\t\t\t<\/p>\n<\/p><\/div>\n<p>\t\t\t\t\t\t\t\t\t\t\t\t\t\t\t\t\t\t\t\t\t\t\t\t<button class=\"zn-listmember-member-button rs_preserve\" type=\"button\" data-toggle=\"zn-listmember-dropdown-1-2\">En savoir plus<\/button><\/p>\n<div class=\"zn-listmember-member-dropdown dropdown-pane rs_preserve\" data-position=\"bottom\" data-alignment=\"center\" id=\"zn-listmember-dropdown-1-2\" data-dropdown data-auto-focus=\"true\">\n<p class=\"zn-listmember-member-desc\">\n\t\t\t\t\t\t\t\t\t\tT\u00e9l.: 031 300 50 20\t\t\t\t\t\t\t\t\t<\/p>\n<p class=\"zn-listmember-member-mailbox\">\n\t\t\t\t\t\t\t\t\t\t<a class=\"zn-listmember-member-mail\" href=\"mailto:Rsandi@insieme.ch\" title=\"\"><br \/>\n\t\t\t\t\t\t\t\t\t\t\tRsandi@insieme.ch\t\t\t\t\t\t\t\t\t\t<\/a>\n\t\t\t\t\t\t\t\t\t<\/p>\n<\/p><\/div>\n<\/p><\/div>\n<\/p><\/div>\n<\/p><\/div>\n<\/p><\/div>\n<\/p><\/div>\n<\/p><\/div>\n<\/p><\/div>\n<\/div>\n<p><!-- \/flzn:zn_list_member --><br \/>\n<!-- flzn:zn_text --><\/p>\n<div id=\"flzn-text-1\" class=\"zone zn-text with-bg bg-color\"><span class=\"zone-bg bg-color bgc-white alignfull\"><\/span><\/p>\n<div class=\"zone-block zn-text-block pdd-top-off pdd-bottom-off alignwide va-top\">\n<div class=\"row mw-content-zone type-style \">\n<div class=\"columns large-12\">\n<div class=\"row large-up-1 with-nice-alignment nbloc-1\">\n<div class=\"column zn-text-col\">\n<div class=\"column-inner\">\n<div class=\"wig-content mw-content\">\n<h2 style=\"text-align: center;\">Campagnes<\/h2>\n<\/p><\/div>\n<\/p><\/div>\n<\/p><\/div>\n<\/p><\/div>\n<\/p><\/div>\n<\/p><\/div>\n<\/div>\n<\/div>\n<p><!-- \/flzn:zn_text --><br \/>\n<!-- flzn:zn_text_img --><\/p>\n<div id=\"flzn-textimg-1\" class=\"zone zn-textimg with-bg bg-color\"><span class=\"zone-bg bg-color bgc-white alignfull\"><\/span><\/p>\n<div class=\"zone-block zn-textimg-block pdd-top alignwide va-center\">\n<div class=\"row mw-content-zone\">\n<div class=\"columns large-12\">\n<div class=\"row with-nice-alignment zn-textimg-row va-center\" data-equalizer data-equalize-on=\"large\">\n<div class=\"columns large-6 zn-textimg-colimg\" data-equalizer-watch>\n<div class=\"columns-inner zn-textimg-col-inner\">\n<div class=\"zn-textimg-imgbox\" title=\"Black Dark Elegant Stylish Images Instagram Post\">\n<figure class=\"zn-textimg-figure\">\n\t\t\t\t\t\t\t<img decoding=\"async\" class=\"zn-textimg-img\" src=\"https:\/\/insieme.ch\/wp-inside\/uploads\/2024\/04\/black-dark-elegant-stylish-images-instagram-post-800x800.jpg\" alt=\"\"\/><br \/>\n\t\t\t\t\t\t\t\t\t\t\t\t\t<\/figure>\n<\/p><\/div>\n<\/p><\/div>\n<\/p><\/div>\n<div class=\"columns large-6 zn-textimg-coldesc\" data-equalizer-watch>\n<div class=\"columns-inner zn-textimg-descbox\">\n<div class=\"zn-textimg-desc wig-content\">\n<h5><strong>#JeVote 2023<\/strong><\/h5>\n<p>La campagne insieme #JeVote montre des personnes vivant avec un handicap mental s\u2019entretenir avec des figures politiques. Les vid\u00e9os soulignent leur int\u00e9r\u00eat pour la politique et leur capacit\u00e9 \u00e0 se forger une opinion.<\/p>\n<p>Les clips tourn\u00e9s dans la salle des journalistes du Palais f\u00e9d\u00e9ral, montrent nos protagonistes, des personnes vivant avec handicap mental, rencontrer des politicien\u00b7ne\u00b7s. Ils et elles apprennent \u00e0 se conna\u00eetre et \u00e0 \u00e9changer leurs opinions en se posant mutuellement des questions.<\/p>\n<p>&nbsp;<\/p>\n<p><strong><a class=\"button\" href=\"https:\/\/insieme.ch\/votations\" target=\"_blank\" rel=\"noopener\">Campagne #JeVote<\/a><\/strong><\/p>\n<\/div><\/div>\n<\/p><\/div>\n<\/p><\/div>\n<\/p><\/div>\n<\/p><\/div>\n<\/div>\n<\/div>\n<p><!-- \/flzn:zn_text_img --><br \/>\n<!-- flzn:zn_text_img --><\/p>\n<div id=\"flzn-textimg-2\" class=\"zone zn-textimg with-bg bg-color\"><span class=\"zone-bg bg-color bgc-yellow-light alignfull\"><\/span><\/p>\n<div class=\"zone-block zn-textimg-block alignwide va-center\">\n<div class=\"row mw-content-zone\">\n<div class=\"columns large-12\">\n<div class=\"row with-nice-alignment zn-textimg-row va-center\" data-equalizer data-equalize-on=\"large\">\n<div class=\"columns large-6 large-push-6 zn-textimg-colimg\" data-equalizer-watch>\n<div class=\"columns-inner zn-textimg-col-inner\">\n<div class=\"zn-textimg-imgbox\" title=\"Onze personnes se tiennent debout et regardent l\u2019objectif\">\n<figure class=\"zn-textimg-figure\">\n\t\t\t\t\t\t\t<img decoding=\"async\" class=\"zn-textimg-img\" src=\"https:\/\/insieme.ch\/wp-inside\/uploads\/2021\/03\/sensibilisation_campagne2019_jeveuxvoter-800x455.jpg\" alt=\"Onze personnes se tiennent debout et regardent l\u2019objectif\"\/><figcaption class=\"zn-textimg-caption\">Les droits politiques sont garantis par la Constitution. La r\u00e9alit\u00e9 est pourtant tout autre.<\/figcaption><\/figure>\n<\/p><\/div>\n<\/p><\/div>\n<\/p><\/div>\n<div class=\"columns large-6 large-pull-6 zn-textimg-coldesc\" data-equalizer-watch>\n<div class=\"columns-inner zn-textimg-descbox\">\n<div class=\"zn-textimg-desc wig-content\">\n<h4><strong>#jeveuxvoter <\/strong><strong>2019 <\/strong><\/h4>\n<p>De nombreuses personnes en situation de handicap mental veulent participer au processus politique et en ont le droit. En octobre 2019, insieme Suisse a demand\u00e9 \u00e0 onze d\u2019entre elles pourquoi elles souhaitaient participer aux \u00e9lections f\u00e9d\u00e9rales, ce que cela signifiait pour elles et quelles \u00e9taient leurs pr\u00e9occupations. insieme en a fait une vid\u00e9o et plusieurs films.<\/p>\n<p>\u00abOui, je veux!\u00bb, c\u2019est ce qu\u2019expriment Stefan, Barbara, Thierry, Karin et Bruno, Andreas, Chris, Silvia et Christian, Sabrina et Olivier.<br \/>\nCes personnes veulent voter parce qu\u2019elles sont suisses; elles veulent se forger une opinion et avoir leur mot \u00e0 dire. Parce qu\u2019elles luttent pour une meilleure int\u00e9gration et car ce qui se d\u00e9cide en politique affecte aussi leur vie. Elles veulent que leur voix compte.<\/p>\n<p><a class=\"button secondary outline\" href=\"https:\/\/www.youtube.com\/channel\/UC3k_n5x_16LeM2SEBkqdn-Q\" target=\"_blank\" rel=\"noopener\">Voir les vid\u00e9os<\/a><\/p>\n<\/div><\/div>\n<\/p><\/div>\n<\/p><\/div>\n<\/p><\/div>\n<\/p><\/div>\n<\/div>\n<\/div>\n<p><!-- \/flzn:zn_text_img --><br \/>\n<!-- flzn:zn_documents --><\/p>\n<div id=\"flzn-documents-1\" class=\"zone zn-documents with-bg bg-color\"><span class=\"zone-bg bg-color bgc-white alignfull\"><\/span><\/p>\n<div class=\"zone-block zn-documents-block alignwide va-center\">\n<div class=\"row\">\n<div class=\"columns large-12\">\n<div class=\"zn-documents-titlebox zone-titlebox\" >\n<h2 class=\"zn-documents-title zone-title title-with-deco\">Communiqu\u00e9s de presse<\/h2>\n<\/p><\/div>\n<div class=\"row zn-documents-list small-up-1 medium-up-2 large-up-3 blockgrid-center\">\n<div class=\"column zn-documents-item\">\n\t\t\t\t\t\t<a class=\"documentlink downloadlink\" href=\"https:\/\/insieme.ch\/wp-inside\/uploads\/2025\/06\/communique-de-presse_-pas-de-vision-claire-pour-linclusion.pdf\" title=\"T\u00e9l\u00e9charger \u00ab communique-de-presse_-pas-de-vision-claire-pour-linclusion.pdf \u00bb\" target=\"_blank\"><\/p>\n<h3 class=\"documentlink-title\">Communiqu\u00e9 de presse_ &#8220;Pas de vision claire pour l\u2019inclusion&#8221;<\/h3>\n<p>\t\t\t\t\t\t\t<span class=\"documentlink-txt\">T\u00e9l\u00e9charger le document<\/span><br \/>\n\t\t\t\t\t\t\t\t\t\t\t\t\t\t<span class=\"documentlink-info\"> &#8211; <span class=\"documentlink-weight\">256,66 Ko<\/span><\/span><br \/>\n\t\t\t\t\t\t\t\t\t\t\t\t\t<\/a>\n\t\t\t\t\t<\/div>\n<div class=\"column zn-documents-item\">\n\t\t\t\t\t\t<a class=\"documentlink downloadlink\" href=\"https:\/\/insieme.ch\/wp-inside\/uploads\/2025\/06\/cp_remuneration_proches_aidant.e.s.pdf\" title=\"T\u00e9l\u00e9charger \u00ab cp_remuneration_proches_aidant.e.s.pdf \u00bb\" target=\"_blank\"><\/p>\n<h3 class=\"documentlink-title\">Communiqu\u00e9 de presse_&#8221;R\u00e9mun\u00e9rer les proches aidant\u00b7e\u00b7s \u00e0 la Saint-Glinglin ?&#8221;<\/h3>\n<p>\t\t\t\t\t\t\t<span class=\"documentlink-txt\">T\u00e9l\u00e9charger le document<\/span><br \/>\n\t\t\t\t\t\t\t\t\t\t\t\t\t\t<span class=\"documentlink-info\"> &#8211; <span class=\"documentlink-weight\">139,35 Ko<\/span><\/span><br \/>\n\t\t\t\t\t\t\t\t\t\t\t\t\t<\/a>\n\t\t\t\t\t<\/div>\n<div class=\"column zn-documents-item\">\n\t\t\t\t\t\t<a class=\"documentlink downloadlink\" href=\"https:\/\/insieme.ch\/wp-inside\/uploads\/2024\/05\/communique-de-presse-participation-politique.pdf\" title=\"T\u00e9l\u00e9charger \u00ab communique-de-presse-participation-politique.pdf \u00bb\" target=\"_blank\"><\/p>\n<h3 class=\"documentlink-title\">Communiqu\u00e9 de presse &#8220;Participation politique&#8221;<\/h3>\n<p>\t\t\t\t\t\t\t<span class=\"documentlink-txt\">T\u00e9l\u00e9charger le document<\/span><br \/>\n\t\t\t\t\t\t\t\t\t\t\t\t\t\t<span class=\"documentlink-info\"> &#8211; <span class=\"documentlink-weight\">301,25 Ko<\/span><\/span><br \/>\n\t\t\t\t\t\t\t\t\t\t\t\t\t<\/a>\n\t\t\t\t\t<\/div>\n<div class=\"column zn-documents-item\">\n\t\t\t\t\t\t<a class=\"documentlink downloadlink\" href=\"https:\/\/insieme.ch\/wp-inside\/uploads\/2021\/05\/210511_communique_presse_insieme_f.pdf\" title=\"\" target=\"_blank\"><\/p>\n<h3 class=\"documentlink-title\">Communiqu\u00e9 de presse_ &#8220;Lancement d&#8217;insieme.ch&#8221;<\/h3>\n<p>\t\t\t\t\t\t\t<span class=\"documentlink-txt\">T\u00e9l\u00e9charger le document<\/span><br \/>\n\t\t\t\t\t\t\t\t\t\t\t\t\t\t<span class=\"documentlink-info\"> &#8211; <span class=\"documentlink-weight\">202,10 Ko<\/span><\/span><br \/>\n\t\t\t\t\t\t\t\t\t\t\t\t\t<\/a>\n\t\t\t\t\t<\/div>\n<div class=\"column zn-documents-item\">\n\t\t\t\t\t\t<a class=\"documentlink downloadlink\" href=\"https:\/\/insieme.ch\/wp-inside\/uploads\/2021\/05\/nouveau_site_insieme_falc.pdf\" title=\"T\u00e9l\u00e9charger \u00ab nouveau_site_insieme_falc.pdf \u00bb\" target=\"_blank\"><\/p>\n<h3 class=\"documentlink-title\">Communiqu\u00e9 en Facile \u00e0 Lire \u00abNouveau site insieme\u00bb, PDF<\/h3>\n<p>\t\t\t\t\t\t\t<span class=\"documentlink-txt\">T\u00e9l\u00e9charger le document<\/span><br \/>\n\t\t\t\t\t\t\t\t\t\t\t\t\t\t<span class=\"documentlink-info\"> &#8211; <span class=\"documentlink-weight\">158,94 Ko<\/span><\/span><br \/>\n\t\t\t\t\t\t\t\t\t\t\t\t\t<\/a>\n\t\t\t\t\t<\/div>\n<div class=\"column zn-documents-item\">\n\t\t\t\t\t\t<a class=\"documentlink downloadlink\" href=\"https:\/\/insieme.ch\/wp-inside\/uploads\/2021\/03\/communique_un-guide-pour-voter_f_standard.pdf\" title=\"T\u00e9l\u00e9charger \u00ab communique_un-guide-pour-voter_f_standard.pdf \u00bb\" target=\"_blank\"><\/p>\n<h3 class=\"documentlink-title\">Communiqu\u00e9  \u00abUn guide pour voter\u00bb, PDF<\/h3>\n<p>\t\t\t\t\t\t\t<span class=\"documentlink-txt\">T\u00e9l\u00e9charger le document<\/span><br \/>\n\t\t\t\t\t\t\t\t\t\t\t\t\t\t<span class=\"documentlink-info\"> &#8211; <span class=\"documentlink-weight\">89,58 Ko<\/span><\/span><br \/>\n\t\t\t\t\t\t\t\t\t\t\t\t\t<\/a>\n\t\t\t\t\t<\/div>\n<div class=\"column zn-documents-item\">\n\t\t\t\t\t\t<a class=\"documentlink downloadlink\" href=\"https:\/\/insieme.ch\/wp-inside\/uploads\/2021\/03\/communique_un-guide-pour-voter_f_facile-a-lire.pdf\" title=\"T\u00e9l\u00e9charger \u00ab communique_un-guide-pour-voter_f_facile-a-lire.pdf \u00bb\" target=\"_blank\"><\/p>\n<h3 class=\"documentlink-title\">Communiqu\u00e9 en Facile \u00e0 Lire  \u00abUn guide pour voter\u00bb, PDF<\/h3>\n<p>\t\t\t\t\t\t\t<span class=\"documentlink-txt\">T\u00e9l\u00e9charger le document<\/span><br \/>\n\t\t\t\t\t\t\t\t\t\t\t\t\t\t<span class=\"documentlink-info\"> &#8211; <span class=\"documentlink-weight\">121,73 Ko<\/span><\/span><br \/>\n\t\t\t\t\t\t\t\t\t\t\t\t\t<\/a>\n\t\t\t\t\t<\/div>\n<div class=\"column zn-documents-item\">\n\t\t\t\t\t\t<a class=\"documentlink downloadlink\" href=\"https:\/\/insieme.ch\/wp-inside\/uploads\/2025\/06\/cp_initiative_inclusion.pdf\" title=\"T\u00e9l\u00e9charger \u00ab cp_initiative_inclusion.pdf \u00bb\" target=\"_blank\"><\/p>\n<h3 class=\"documentlink-title\">Communiqu\u00e9 de presse_&#8221;Initiaitve pour l&#8217;inclusion: construire sa vie de mani\u00e8re autonome&#8221;<\/h3>\n<p>\t\t\t\t\t\t\t<span class=\"documentlink-txt\">T\u00e9l\u00e9charger le document<\/span><br \/>\n\t\t\t\t\t\t\t\t\t\t\t\t\t\t<span class=\"documentlink-info\"> &#8211; <span class=\"documentlink-weight\">125,28 Ko<\/span><\/span><br \/>\n\t\t\t\t\t\t\t\t\t\t\t\t\t<\/a>\n\t\t\t\t\t<\/div>\n<\/p><\/div>\n<\/p><\/div>\n<\/p><\/div>\n<\/div>\n<\/div>\n<p><!-- \/flzn:zn_documents --><\/p>\n","protected":false},"excerpt":{"rendered":"<p>Le service m\u00e9dias insieme r\u00e9pond volontiers aux questions des journalistes au sujet de l\u2019organisation et de ses diff\u00e9rentes activit\u00e9s et prises de position.<\/p>\n","protected":false},"author":7,"featured_media":24930,"parent":0,"menu_order":101,"comment_status":"closed","ping_status":"closed","template":"","meta":{"_acf_changed":false,"footnotes":""},"class_list":["post-1650","page","type-page","status-publish","has-post-thumbnail","hentry","wp-sticky"],"acf":[],"yoast_head":"<!-- This site is optimized with the Yoast SEO plugin v27.3 - https:\/\/yoast.com\/product\/yoast-seo-wordpress\/ -->\n<title>M\u00e9dias<\/title>\n<meta name=\"description\" content=\"Le service m\u00e9dias insieme r\u00e9pond volontiers aux questions des journalistes au sujet de l\u2019organisation et de ses diff\u00e9rentes activit\u00e9s et prises de position.\" \/>\n<meta name=\"robots\" content=\"index, follow, max-snippet:-1, max-image-preview:large, max-video-preview:-1\" \/>\n<link rel=\"canonical\" href=\"https:\/\/insieme.ch\/fr\/medias\/\" \/>\n<meta property=\"og:locale\" content=\"fr_FR\" \/>\n<meta property=\"og:type\" content=\"article\" \/>\n<meta property=\"og:title\" content=\"M\u00e9dias\" \/>\n<meta property=\"og:description\" content=\"Le service m\u00e9dias insieme r\u00e9pond volontiers aux questions des journalistes au sujet de l\u2019organisation et de ses diff\u00e9rentes activit\u00e9s et prises de position.\" \/>\n<meta property=\"og:url\" content=\"https:\/\/insieme.ch\/fr\/medias\/\" \/>\n<meta property=\"og:site_name\" content=\"insieme.ch\" \/>\n<meta property=\"article:modified_time\" content=\"2025-12-15T14:12:55+00:00\" \/>\n<meta property=\"og:image\" content=\"https:\/\/insieme.ch\/wp-inside\/uploads\/2024\/04\/black-dark-elegant-stylish-images-instagram-post.jpg\" \/>\n\t<meta property=\"og:image:width\" content=\"1080\" \/>\n\t<meta property=\"og:image:height\" content=\"1080\" \/>\n\t<meta property=\"og:image:type\" content=\"image\/jpeg\" \/>\n<meta name=\"twitter:card\" content=\"summary_large_image\" \/>\n<meta name=\"twitter:label1\" content=\"Dur\u00e9e de lecture estim\u00e9e\" \/>\n\t<meta name=\"twitter:data1\" content=\"2 minutes\" \/>\n<script type=\"application\/ld+json\" class=\"yoast-schema-graph\">{\"@context\":\"https:\\\/\\\/schema.org\",\"@graph\":[{\"@type\":\"WebPage\",\"@id\":\"https:\\\/\\\/insieme.ch\\\/fr\\\/medias\\\/\",\"url\":\"https:\\\/\\\/insieme.ch\\\/fr\\\/medias\\\/\",\"name\":\"M\u00e9dias\",\"isPartOf\":{\"@id\":\"https:\\\/\\\/insieme.ch\\\/fr\\\/#website\"},\"primaryImageOfPage\":{\"@id\":\"https:\\\/\\\/insieme.ch\\\/fr\\\/medias\\\/#primaryimage\"},\"image\":{\"@id\":\"https:\\\/\\\/insieme.ch\\\/fr\\\/medias\\\/#primaryimage\"},\"thumbnailUrl\":\"https:\\\/\\\/insieme.ch\\\/wp-inside\\\/uploads\\\/2024\\\/04\\\/black-dark-elegant-stylish-images-instagram-post.jpg\",\"datePublished\":\"2021-03-04T09:50:38+00:00\",\"dateModified\":\"2025-12-15T14:12:55+00:00\",\"description\":\"Le service m\u00e9dias insieme r\u00e9pond volontiers aux questions des journalistes au sujet de l\u2019organisation et de ses diff\u00e9rentes activit\u00e9s et prises de position.\",\"breadcrumb\":{\"@id\":\"https:\\\/\\\/insieme.ch\\\/fr\\\/medias\\\/#breadcrumb\"},\"inLanguage\":\"fr-FR\",\"potentialAction\":[{\"@type\":\"ReadAction\",\"target\":[\"https:\\\/\\\/insieme.ch\\\/fr\\\/medias\\\/\"]}]},{\"@type\":\"ImageObject\",\"inLanguage\":\"fr-FR\",\"@id\":\"https:\\\/\\\/insieme.ch\\\/fr\\\/medias\\\/#primaryimage\",\"url\":\"https:\\\/\\\/insieme.ch\\\/wp-inside\\\/uploads\\\/2024\\\/04\\\/black-dark-elegant-stylish-images-instagram-post.jpg\",\"contentUrl\":\"https:\\\/\\\/insieme.ch\\\/wp-inside\\\/uploads\\\/2024\\\/04\\\/black-dark-elegant-stylish-images-instagram-post.jpg\",\"width\":1080,\"height\":1080},{\"@type\":\"BreadcrumbList\",\"@id\":\"https:\\\/\\\/insieme.ch\\\/fr\\\/medias\\\/#breadcrumb\",\"itemListElement\":[{\"@type\":\"ListItem\",\"position\":1,\"name\":\"Accueil\",\"item\":\"https:\\\/\\\/insieme.ch\\\/fr\\\/\"},{\"@type\":\"ListItem\",\"position\":2,\"name\":\"M\u00e9dias\"}]},{\"@type\":\"WebSite\",\"@id\":\"https:\\\/\\\/insieme.ch\\\/fr\\\/#website\",\"url\":\"https:\\\/\\\/insieme.ch\\\/fr\\\/\",\"name\":\"insieme.ch\",\"description\":\"\",\"publisher\":{\"@id\":\"https:\\\/\\\/insieme.ch\\\/fr\\\/#organization\"},\"potentialAction\":[{\"@type\":\"SearchAction\",\"target\":{\"@type\":\"EntryPoint\",\"urlTemplate\":\"https:\\\/\\\/insieme.ch\\\/fr\\\/?s={search_term_string}\"},\"query-input\":{\"@type\":\"PropertyValueSpecification\",\"valueRequired\":true,\"valueName\":\"search_term_string\"}}],\"inLanguage\":\"fr-FR\"},{\"@type\":\"Organization\",\"@id\":\"https:\\\/\\\/insieme.ch\\\/fr\\\/#organization\",\"name\":\"insieme\",\"url\":\"https:\\\/\\\/insieme.ch\\\/fr\\\/\",\"logo\":{\"@type\":\"ImageObject\",\"inLanguage\":\"fr-FR\",\"@id\":\"https:\\\/\\\/insieme.ch\\\/fr\\\/#\\\/schema\\\/logo\\\/image\\\/\",\"url\":\"https:\\\/\\\/insieme.ch\\\/wp-inside\\\/uploads\\\/2021\\\/03\\\/logo-insieme.jpg\",\"contentUrl\":\"https:\\\/\\\/insieme.ch\\\/wp-inside\\\/uploads\\\/2021\\\/03\\\/logo-insieme.jpg\",\"width\":250,\"height\":250,\"caption\":\"insieme\"},\"image\":{\"@id\":\"https:\\\/\\\/insieme.ch\\\/fr\\\/#\\\/schema\\\/logo\\\/image\\\/\"}}]}<\/script>\n<!-- \/ Yoast SEO plugin. -->","yoast_head_json":{"title":"M\u00e9dias","description":"Le service m\u00e9dias insieme r\u00e9pond volontiers aux questions des journalistes au sujet de l\u2019organisation et de ses diff\u00e9rentes activit\u00e9s et prises de position.","robots":{"index":"index","follow":"follow","max-snippet":"max-snippet:-1","max-image-preview":"max-image-preview:large","max-video-preview":"max-video-preview:-1"},"canonical":"https:\/\/insieme.ch\/fr\/medias\/","og_locale":"fr_FR","og_type":"article","og_title":"M\u00e9dias","og_description":"Le service m\u00e9dias insieme r\u00e9pond volontiers aux questions des journalistes au sujet de l\u2019organisation et de ses diff\u00e9rentes activit\u00e9s et prises de position.","og_url":"https:\/\/insieme.ch\/fr\/medias\/","og_site_name":"insieme.ch","article_modified_time":"2025-12-15T14:12:55+00:00","og_image":[{"width":1080,"height":1080,"url":"https:\/\/insieme.ch\/wp-inside\/uploads\/2024\/04\/black-dark-elegant-stylish-images-instagram-post.jpg","type":"image\/jpeg"}],"twitter_card":"summary_large_image","twitter_misc":{"Dur\u00e9e de lecture estim\u00e9e":"2 minutes"},"schema":{"@context":"https:\/\/schema.org","@graph":[{"@type":"WebPage","@id":"https:\/\/insieme.ch\/fr\/medias\/","url":"https:\/\/insieme.ch\/fr\/medias\/","name":"M\u00e9dias","isPartOf":{"@id":"https:\/\/insieme.ch\/fr\/#website"},"primaryImageOfPage":{"@id":"https:\/\/insieme.ch\/fr\/medias\/#primaryimage"},"image":{"@id":"https:\/\/insieme.ch\/fr\/medias\/#primaryimage"},"thumbnailUrl":"https:\/\/insieme.ch\/wp-inside\/uploads\/2024\/04\/black-dark-elegant-stylish-images-instagram-post.jpg","datePublished":"2021-03-04T09:50:38+00:00","dateModified":"2025-12-15T14:12:55+00:00","description":"Le service m\u00e9dias insieme r\u00e9pond volontiers aux questions des journalistes au sujet de l\u2019organisation et de ses diff\u00e9rentes activit\u00e9s et prises de position.","breadcrumb":{"@id":"https:\/\/insieme.ch\/fr\/medias\/#breadcrumb"},"inLanguage":"fr-FR","potentialAction":[{"@type":"ReadAction","target":["https:\/\/insieme.ch\/fr\/medias\/"]}]},{"@type":"ImageObject","inLanguage":"fr-FR","@id":"https:\/\/insieme.ch\/fr\/medias\/#primaryimage","url":"https:\/\/insieme.ch\/wp-inside\/uploads\/2024\/04\/black-dark-elegant-stylish-images-instagram-post.jpg","contentUrl":"https:\/\/insieme.ch\/wp-inside\/uploads\/2024\/04\/black-dark-elegant-stylish-images-instagram-post.jpg","width":1080,"height":1080},{"@type":"BreadcrumbList","@id":"https:\/\/insieme.ch\/fr\/medias\/#breadcrumb","itemListElement":[{"@type":"ListItem","position":1,"name":"Accueil","item":"https:\/\/insieme.ch\/fr\/"},{"@type":"ListItem","position":2,"name":"M\u00e9dias"}]},{"@type":"WebSite","@id":"https:\/\/insieme.ch\/fr\/#website","url":"https:\/\/insieme.ch\/fr\/","name":"insieme.ch","description":"","publisher":{"@id":"https:\/\/insieme.ch\/fr\/#organization"},"potentialAction":[{"@type":"SearchAction","target":{"@type":"EntryPoint","urlTemplate":"https:\/\/insieme.ch\/fr\/?s={search_term_string}"},"query-input":{"@type":"PropertyValueSpecification","valueRequired":true,"valueName":"search_term_string"}}],"inLanguage":"fr-FR"},{"@type":"Organization","@id":"https:\/\/insieme.ch\/fr\/#organization","name":"insieme","url":"https:\/\/insieme.ch\/fr\/","logo":{"@type":"ImageObject","inLanguage":"fr-FR","@id":"https:\/\/insieme.ch\/fr\/#\/schema\/logo\/image\/","url":"https:\/\/insieme.ch\/wp-inside\/uploads\/2021\/03\/logo-insieme.jpg","contentUrl":"https:\/\/insieme.ch\/wp-inside\/uploads\/2021\/03\/logo-insieme.jpg","width":250,"height":250,"caption":"insieme"},"image":{"@id":"https:\/\/insieme.ch\/fr\/#\/schema\/logo\/image\/"}}]}},"_links":{"self":[{"href":"https:\/\/insieme.ch\/fr\/wp-json\/wp\/v2\/pages\/1650","targetHints":{"allow":["GET"]}}],"collection":[{"href":"https:\/\/insieme.ch\/fr\/wp-json\/wp\/v2\/pages"}],"about":[{"href":"https:\/\/insieme.ch\/fr\/wp-json\/wp\/v2\/types\/page"}],"author":[{"embeddable":true,"href":"https:\/\/insieme.ch\/fr\/wp-json\/wp\/v2\/users\/7"}],"replies":[{"embeddable":true,"href":"https:\/\/insieme.ch\/fr\/wp-json\/wp\/v2\/comments?post=1650"}],"version-history":[{"count":20,"href":"https:\/\/insieme.ch\/fr\/wp-json\/wp\/v2\/pages\/1650\/revisions"}],"predecessor-version":[{"id":31716,"href":"https:\/\/insieme.ch\/fr\/wp-json\/wp\/v2\/pages\/1650\/revisions\/31716"}],"wp:featuredmedia":[{"embeddable":true,"href":"https:\/\/insieme.ch\/fr\/wp-json\/wp\/v2\/media\/24930"}],"wp:attachment":[{"href":"https:\/\/insieme.ch\/fr\/wp-json\/wp\/v2\/media?parent=1650"}],"curies":[{"name":"wp","href":"https:\/\/api.w.org\/{rel}","templated":true}]}}