{"id":1648,"date":"2021-03-04T10:50:29","date_gmt":"2021-03-04T09:50:29","guid":{"rendered":"https:\/\/insieme.ch\/?page_id=1648"},"modified":"2025-02-25T08:59:44","modified_gmt":"2025-02-25T07:59:44","slug":"sengager","status":"publish","type":"page","link":"https:\/\/insieme.ch\/fr\/sengager\/","title":{"rendered":"S&#8217;engager"},"content":{"rendered":"<p><!-- flzn:zn_pagebanner --><\/p>\n<header id=\"flzn-pagebanner-1\" class=\"zone zn-pagebanner with-bg bg-color\"><span class=\"zone-bg bg-color bgc-yellow-light alignfull\"><\/span><\/p>\n<div class=\"zone-block zn-pagebanner-block alignwide va-center\"><\/div>\n<\/header>\n<p><!-- \/flzn:zn_pagebanner --><br \/>\n<!-- flzn:zn_testimonial_purpose --><\/p>\n<div id=\"flzn-testimonialpurpose-1\" class=\"zone zn-testimonialpurpose with-bg bg-color\"><span class=\"zone-bg bg-color bgc-white alignfull\"><\/span><\/p>\n<div class=\"zone-block zn-testimonialpurpose-block alignwide va-center\">\n<div class=\"row mw-content-zone\">\n<div class=\"columns large-6 large-push-3\">\n<div class=\"zn-testimonial-purpose-titlebox text-center\">\n<h2 class=\"zn-testimonial-purpose-title zone-title titleline\">\n\t\t\t\t\tT\u00e9moignages de b\u00e9n\u00e9voles insieme\t\t\t\t<\/h2>\n<\/p><\/div>\n<div class=\"zn-testimonial\">\n<div class=\"slick-slider zn-slider-testimonial\">\n<div class=\"slick-item\">\n<div class=\"zn-testimonial-carousel-slide\">\n\t\t\t\t\t\t\t\t<img decoding=\"async\" class=\"zn-testimonial-carousel-img\" src=\"https:\/\/insieme.ch\/wp-inside\/uploads\/2021\/03\/andre_wunderle-s-320x320.jpg\" alt=\"Andr\u00e9 Wunderle\" data-interchange=\"[https:\/\/insieme.ch\/wp-inside\/uploads\/2021\/03\/andre_wunderle-s-320x320.jpg, small],[https:\/\/insieme.ch\/wp-inside\/uploads\/2021\/03\/andre_wunderle-s-320x320.jpg, gsmall],[https:\/\/insieme.ch\/wp-inside\/uploads\/2021\/03\/andre_wunderle-s-320x320.jpg, glarge],[https:\/\/insieme.ch\/wp-inside\/uploads\/2021\/03\/andre_wunderle-s-320x320.jpg, xlarge],\"><\/p>\n<div class=\"zn-testimonial-carousel-name\">\n<h3>Andr\u00e9 Wunderle, accompagnant camp de vacances insieme<\/h3>\n<\/p><\/div>\n<div class=\"zn-testimonial-carousel-desc wig-content\">\n<p>\u00ab&#160;Il y a 47 ans, quand j\u2019ai connu le fr\u00e8re de Hanna qui vit avec une trisomie 21, j\u2019ai commenc\u00e9 \u00e0 avoir des contacts avec des personnes diff\u00e9rentes. A 70 ans, je suis retrait\u00e9 et m\u2019engage comme accompagnant lors de camps insieme. C\u2019est une distraction pr\u00e9cieuse pour moi.&#160;\u00bb<\/p>\n<\/p><\/div>\n<\/p><\/div>\n<\/p><\/div>\n<div class=\"slick-item\">\n<div class=\"zn-testimonial-carousel-slide\">\n\t\t\t\t\t\t\t\t<img decoding=\"async\" class=\"zn-testimonial-carousel-img\" src=\"https:\/\/insieme.ch\/wp-inside\/uploads\/2021\/03\/tabea-mundlein-320x320.jpg\" alt=\"Tabea M\u00fcndlein\" data-interchange=\"[https:\/\/insieme.ch\/wp-inside\/uploads\/2021\/03\/tabea-mundlein-320x320.jpg, small],[https:\/\/insieme.ch\/wp-inside\/uploads\/2021\/03\/tabea-mundlein-320x320.jpg, gsmall],[https:\/\/insieme.ch\/wp-inside\/uploads\/2021\/03\/tabea-mundlein-320x320.jpg, glarge],[https:\/\/insieme.ch\/wp-inside\/uploads\/2021\/03\/tabea-mundlein-320x320.jpg, xlarge],\"><\/p>\n<div class=\"zn-testimonial-carousel-name\">\n<h3>Tabea M\u00fcndlein, responsable camps de vacances insieme<\/h3>\n<\/p><\/div>\n<div class=\"zn-testimonial-carousel-desc wig-content\">\n<p>\u00ab&#160;La joie et la gratitude des personnes est contagieuse. Mon engagement au sein d\u2019insieme m\u2019a permis de nouer des amiti\u00e9s et de rentrer chez moi avec des souvenirs qui me donnent encore le sourire.&#160;\u00bb<\/p>\n<\/p><\/div>\n<\/p><\/div>\n<\/p><\/div>\n<div class=\"slick-item\">\n<div class=\"zn-testimonial-carousel-slide\">\n\t\t\t\t\t\t\t\t<img decoding=\"async\" class=\"zn-testimonial-carousel-img\" src=\"https:\/\/insieme.ch\/wp-inside\/uploads\/2021\/03\/noa-weber-320x320.jpg\" alt=\"Noa Weber\" data-interchange=\"[https:\/\/insieme.ch\/wp-inside\/uploads\/2021\/03\/noa-weber-320x320.jpg, small],[https:\/\/insieme.ch\/wp-inside\/uploads\/2021\/03\/noa-weber-320x320.jpg, gsmall],[https:\/\/insieme.ch\/wp-inside\/uploads\/2021\/03\/noa-weber-320x320.jpg, glarge],[https:\/\/insieme.ch\/wp-inside\/uploads\/2021\/03\/noa-weber-320x320.jpg, xlarge],\"><\/p>\n<div class=\"zn-testimonial-carousel-name\">\n<h3>Noah Weber, accompagnant camp de vacances insieme<\/h3>\n<\/p><\/div>\n<div class=\"zn-testimonial-carousel-desc wig-content\">\n<p>\u00ab&#160;Les deux semaines pass\u00e9es comme accompagnant \u00e0 Einsiedeln sont encore un moment fort. On s\u2019amuse toujours bien lors des camps insieme et cela m\u2019a permis de devenir plus patient et empathique.&#160;\u00bb<\/p>\n<\/p><\/div>\n<\/p><\/div>\n<\/p><\/div>\n<\/p><\/div>\n<\/p><\/div>\n<\/p><\/div>\n<div class=\"columns large-6\">\n<div class=\"zn-testimonial-purpose-container\">\n<div class=\"zn-purpose-list\">\n\t\t\t\t\t\t\t\t\t<\/div>\n<\/p><\/div>\n<\/p><\/div>\n<\/p><\/div>\n<\/div>\n<\/div>\n<p><!-- \/flzn:zn_testimonial_purpose --><br \/>\n<!-- flzn:zn_text --><\/p>\n<div id=\"flzn-text-1\" class=\"zone zn-text with-bg bg-color\"><span class=\"zone-bg bg-color bgc-white alignfull\"><\/span><\/p>\n<div class=\"zone-block zn-text-block pdd-top-off pdd-bottom-off alignwide va-center\">\n<div class=\"row mw-content-zone type-style \">\n<div class=\"columns large-12\">\n<div class=\"row with-nice-alignment nbloc-2 va-center\" data-equalizer data-equalize-on=\"large\">\n<div class=\"columns large-6 zn-text-col\" data-equalizer-watch>\n<div class=\"columns-inner\">\n<div class=\"wig-content mw-content\">\n<h2>Devenir b\u00e9n\u00e9vole<\/h2>\n<h3>Contribuer au d\u00e9veloppement d\u2019insieme<\/h3>\n<p>Les associations r\u00e9gionales insieme fonctionnent gr\u00e2ce \u00e0 des b\u00e9n\u00e9voles. Toute personne d\u00e9sireuse de s\u2019engager y est accueillie chaleureusement. Dans toutes les r\u00e9gions du pays, il est possible de s\u2019engager activement au sein des plus petites comme des plus grandes associations, de participer \u00e0 l\u2019\u00e9volution d\u2019insieme, d\u2019apprendre de nouvelles choses, de rencontrer des personnes avec ou sans handicap et de se sentir appartenir \u00e0 une communaut\u00e9.<\/p>\n<p>En fonction de leurs centres d\u2019int\u00e9r\u00eats, les b\u00e9n\u00e9voles peuvent s\u2019engager activement dans diff\u00e9rents domaines, que ce soit de mani\u00e8re ponctuelle ou sur le long terme. Aucune connaissance sp\u00e9cifique pr\u00e9alable n\u2019est requise. Une introduction est propos\u00e9e par insieme. Certaines activit\u00e9s sont r\u00e9tribu\u00e9es.<\/p>\n<p><strong>Exemples d\u2019engagements ponctuels<\/strong><\/p>\n<ul>\n<li>Accompagnement de personne en situation de handicap, par exemple lors des camps de vacances ou lors d\u2019excursions<\/li>\n<li>Co-organisation et mise sur place d\u2019\u00e9v\u00e9nements, par exemple des apr\u00e8s-midis pour les enfants, des sorties pour les jeunes en situation de handicap ou des brunchs r\u00e9unissant les familles<\/li>\n<li>Collaboration au travail effectu\u00e9 sur les stands d\u2019information ou de vente, par exemple lors de festivals ou sur des march\u00e9s<\/li>\n<\/ul>\n<ul>\n<li><\/li>\n<\/ul><\/div>\n<\/p><\/div>\n<\/p><\/div>\n<div class=\"columns large-6 zn-text-col\" data-equalizer-watch>\n<div class=\"columns-inner\">\n<div class=\"wig-content mw-content\">\n<p><strong style=\"font-size: inherit;\">Exemples d\u2019engagements sur le long terme<\/strong><\/p>\n<ul>\n<li>Accompagnant\u00b7e\u00b7s lors de camps de vacances, d\u2019activit\u00e9s de loisirs ou de cours de formation<\/li>\n<li>Responsable de camps de vacances, d\u2019activit\u00e9s de loisirs ou de cours de formation<\/li>\n<li>Collaboration \u00e0 diff\u00e9rentes manifestations et \u00e0 diff\u00e9rents \u00e9v\u00e9nements<\/li>\n<li>Aide ponctuelle au sein du bureau d\u2019insieme Suisse \u00e0 Berne<\/li>\n<\/ul>\n<p>De nombreuses associations r\u00e9gionales sont heureuses d\u2019accueillir des personnes souhaitant s\u2019engager b\u00e9n\u00e9volement au sein de leur comit\u00e9.<\/p>\n<p>Les associations r\u00e9gionales insieme fournissent volontiers davantage d\u2019informations sur les possibilit\u00e9s de s\u2019engager.\u00a0 Dans un premier temps, il est souvent possible de participer en tant qu\u2019observateur\u00b7trice.<\/p>\n<p><strong><a href=\"https:\/\/insieme.ch\/fr\/association\/\">Contacter l\u2019association insieme de votre r\u00e9gion pour y devenir b\u00e9n\u00e9vole<\/a><\/strong><\/p>\n<\/p><\/div>\n<\/p><\/div>\n<\/p><\/div>\n<\/p><\/div>\n<\/p><\/div>\n<\/p><\/div>\n<\/div>\n<\/div>\n<p><!-- \/flzn:zn_text --><br \/>\n<!-- flzn:zn_testimonial_purpose --><\/p>\n<div id=\"flzn-testimonialpurpose-2\" class=\"zone zn-testimonialpurpose with-bg bg-color\"><span class=\"zone-bg bg-color bgc-white alignfull\"><\/span><\/p>\n<div class=\"zone-block zn-testimonialpurpose-block alignwide va-center\">\n<div class=\"row mw-content-zone\">\n<div class=\"columns large-6 large-push-3\">\n<div class=\"zn-testimonial-purpose-titlebox text-center\">\n<h2 class=\"zn-testimonial-purpose-title zone-title titleline\">\n\t\t\t\t\tT\u00e9moignages de membres\t\t\t\t<\/h2>\n<\/p><\/div>\n<div class=\"zn-testimonial\">\n<div class=\"slick-slider zn-slider-testimonial\">\n<div class=\"slick-item\">\n<div class=\"zn-testimonial-carousel-slide\">\n\t\t\t\t\t\t\t\t<img decoding=\"async\" class=\"zn-testimonial-carousel-img\" src=\"https:\/\/insieme.ch\/wp-inside\/uploads\/2021\/03\/jano-flueler-320x320.jpg\" alt=\"Jano Fl\u00fceler\" data-interchange=\"[https:\/\/insieme.ch\/wp-inside\/uploads\/2021\/03\/jano-flueler-320x320.jpg, small],[https:\/\/insieme.ch\/wp-inside\/uploads\/2021\/03\/jano-flueler-320x320.jpg, gsmall],[https:\/\/insieme.ch\/wp-inside\/uploads\/2021\/03\/jano-flueler-320x320.jpg, glarge],[https:\/\/insieme.ch\/wp-inside\/uploads\/2021\/03\/jano-flueler-320x320.jpg, xlarge],\"><\/p>\n<div class=\"zn-testimonial-carousel-name\">\n<h3>Jano Fl\u00fceler, membre insieme<\/h3>\n<\/p><\/div>\n<div class=\"zn-testimonial-carousel-desc wig-content\">\n<p>\u00ab&#160;J\u2019aime aller aux cours de formation organis\u00e9s par insieme. J\u2019aime sp\u00e9cialement les cours de cuisine ou les cours d\u2019informatique. \u00c7a m\u2019int\u00e9resse. Je peux y apprendre quelque chose.&#160;\u00bb<\/p>\n<\/p><\/div>\n<\/p><\/div>\n<\/p><\/div>\n<div class=\"slick-item\">\n<div class=\"zn-testimonial-carousel-slide\">\n\t\t\t\t\t\t\t\t<img decoding=\"async\" class=\"zn-testimonial-carousel-img\" src=\"https:\/\/insieme.ch\/wp-inside\/uploads\/2021\/03\/peter-koch-320x320.jpg\" alt=\"Peter Koch\" data-interchange=\"[https:\/\/insieme.ch\/wp-inside\/uploads\/2021\/03\/peter-koch-320x320.jpg, small],[https:\/\/insieme.ch\/wp-inside\/uploads\/2021\/03\/peter-koch-320x320.jpg, gsmall],[https:\/\/insieme.ch\/wp-inside\/uploads\/2021\/03\/peter-koch-320x320.jpg, glarge],[https:\/\/insieme.ch\/wp-inside\/uploads\/2021\/03\/peter-koch-320x320.jpg, xlarge],\"><\/p>\n<div class=\"zn-testimonial-carousel-name\">\n<h3>Peter Koch, membre insieme <\/h3>\n<\/p><\/div>\n<div class=\"zn-testimonial-carousel-desc wig-content\">\n<p>\u00ab&#160;insieme a soutenu notre famille dans toutes les situations que nous avons travers\u00e9es. Nous avons per\u00e7u le solide engagement de l\u2019association comme personnel, empathique et pr\u00e9venant.&#160;\u00bb<\/p>\n<\/p><\/div>\n<\/p><\/div>\n<\/p><\/div>\n<div class=\"slick-item\">\n<div class=\"zn-testimonial-carousel-slide\">\n\t\t\t\t\t\t\t\t<img decoding=\"async\" class=\"zn-testimonial-carousel-img\" src=\"https:\/\/insieme.ch\/wp-inside\/uploads\/2021\/03\/rachel-muller-320x320.jpg\" alt=\"Rachel M\u00fcller\" data-interchange=\"[https:\/\/insieme.ch\/wp-inside\/uploads\/2021\/03\/rachel-muller-320x320.jpg, small],[https:\/\/insieme.ch\/wp-inside\/uploads\/2021\/03\/rachel-muller-320x320.jpg, gsmall],[https:\/\/insieme.ch\/wp-inside\/uploads\/2021\/03\/rachel-muller-320x320.jpg, glarge],[https:\/\/insieme.ch\/wp-inside\/uploads\/2021\/03\/rachel-muller-320x320.jpg, xlarge],\"><\/p>\n<div class=\"zn-testimonial-carousel-name\">\n<h3>Rachel M\u00fcller, membre insieme<\/h3>\n<\/p><\/div>\n<div class=\"zn-testimonial-carousel-desc wig-content\">\n<p>\u00ab&#160;Gr\u00e2ce \u00e0 l\u2019adh\u00e9sion \u00e0 insieme, mon fils peut participer \u00e0 beaucoup d\u2019activit\u00e9s de loisirs et les diverses manifestations nous permettent de rencontrer d\u2019autres personnes vivant des situations similaires et d\u2019avoir de pr\u00e9cieux \u00e9changes d\u2019exp\u00e9riences.&#160;\u00bb<\/p>\n<\/p><\/div>\n<\/p><\/div>\n<\/p><\/div>\n<\/p><\/div>\n<\/p><\/div>\n<\/p><\/div>\n<div class=\"columns large-6\">\n<div class=\"zn-testimonial-purpose-container\">\n<div class=\"zn-purpose-list\">\n\t\t\t\t\t\t\t\t\t<\/div>\n<\/p><\/div>\n<\/p><\/div>\n<\/p><\/div>\n<\/div>\n<\/div>\n<p><!-- \/flzn:zn_testimonial_purpose --><br \/>\n<!-- flzn:zn_text --><\/p>\n<div id=\"flzn-text-2\" class=\"zone zn-text with-bg bg-color\"><span class=\"zone-bg bg-color bgc-white alignfull\"><\/span><\/p>\n<div class=\"zone-block zn-text-block pdd-top-off pdd-bottom alignwide va-top\">\n<div class=\"row mw-content-zone type-style \">\n<div class=\"columns large-12\">\n<div class=\"row with-nice-alignment nbloc-2 va-top\">\n<div class=\"columns large-6 zn-text-col\">\n<div class=\"columns-inner\">\n<div class=\"wig-content mw-content\">\n<h2>Devenir membre insieme<\/h2>\n<h3>Adh\u00e9rer \u00e0\u00a0 insieme rend plus fort<\/h3>\n<p>Chaque nouvelle adh\u00e9sion donne du poids \u00e0 insieme mais aussi \u00e0 la voix des personnes avec un handicap et de leur famille. Votre adh\u00e9sion n\u2019influence pas que l\u2019association, mais vous rend aussi plus fort.<\/p>\n<p>insieme accueille chaleureusement chaque nouvel\u00b7le adh\u00e9rent\u00b7e. Les quelques 50 associations r\u00e9gionales actives dans toute la Suisse d\u00e9nombrent quelque 8500 membres&#160;: des personnes avec un handicap mental ou des handicaps multiples ainsi que leur famille. D\u2019autres ami\u00b7e\u00b7s et sympathisant\u00b7e\u00b7s sont \u00e9galement les bienvenu\u00b7e\u00b7s.<\/p>\n<p>&nbsp;<\/p>\n<\/p><\/div>\n<\/p><\/div>\n<\/p><\/div>\n<div class=\"columns large-6 zn-text-col\">\n<div class=\"columns-inner\">\n<div class=\"wig-content mw-content\">\n<p><strong>Avantages<\/strong><\/p>\n<p>Pour les personnes avec un handicap mental et leurs proches, adh\u00e9rer \u00e0 une association r\u00e9gionale insieme leur conf\u00e8re de nombreux avantages&#160;:<\/p>\n<ul>\n<li>Int\u00e9grer une communaut\u00e9 et pouvoir \u00e9changer avec d\u2019autres personnes dans des situations similaires<\/li>\n<li>Donner et recevoir des informations sp\u00e9cialis\u00e9es destin\u00e9es aux proches<\/li>\n<li>B\u00e9n\u00e9ficier d\u2019offres de rel\u00e8ve<\/li>\n<li>Participer \u00e0 des cours de formation con\u00e7ues pour les personnes avec un handicap<\/li>\n<li>Profiter d\u2019une offre de loisirs et de vacances con\u00e7ues pour les personnes avec un handicap<\/li>\n<li>B\u00e9n\u00e9ficier d\u2019informations et de conseils<\/li>\n<li>B\u00e9n\u00e9ficier d\u2019un abonnement gratuit au magazine insieme (quatre parutions par an)<\/li>\n<li>Recevoir des rabais pour les manifestations et les offres de l\u2019association r\u00e9gionale<\/li>\n<\/ul>\n<p><strong><a href=\"https:\/\/insieme.ch\/fr\/association\/\">Contacter l\u2019association insieme de votre r\u00e9gion pour y devenir membre<\/a><\/strong><\/p>\n<\/p><\/div>\n<\/p><\/div>\n<\/p><\/div>\n<\/p><\/div>\n<\/p><\/div>\n<\/p><\/div>\n<\/div>\n<\/div>\n<p><!-- \/flzn:zn_text --><\/p>\n","protected":false},"excerpt":{"rendered":"<p>T\u00e9moignages de b\u00e9n\u00e9voles insieme Andr\u00e9 Wunderle, accompagnant camp de vacances insieme \u00ab&#160;Il y a 47 ans, quand j\u2019ai connu le fr\u00e8re de Hanna qui vit avec une trisomie 21, j\u2019ai [&hellip;]<\/p>\n","protected":false},"author":7,"featured_media":0,"parent":0,"menu_order":93,"comment_status":"closed","ping_status":"closed","template":"","meta":{"_acf_changed":false,"footnotes":""},"class_list":["post-1648","page","type-page","status-publish","hentry","wp-sticky"],"acf":[],"yoast_head":"<!-- This site is optimized with the Yoast SEO plugin v27.4 - https:\/\/yoast.com\/product\/yoast-seo-wordpress\/ -->\n<title>Devenir b\u00e9n\u00e9vole &amp; membre association handicap mental Suisse<\/title>\n<meta name=\"robots\" content=\"index, follow, max-snippet:-1, max-image-preview:large, max-video-preview:-1\" \/>\n<link rel=\"canonical\" href=\"https:\/\/insieme.ch\/fr\/sengager\/\" \/>\n<meta property=\"og:locale\" content=\"fr_FR\" \/>\n<meta property=\"og:type\" content=\"article\" \/>\n<meta property=\"og:title\" content=\"Devenir b\u00e9n\u00e9vole &amp; membre association handicap mental Suisse\" \/>\n<meta property=\"og:description\" content=\"T\u00e9moignages de b\u00e9n\u00e9voles insieme Andr\u00e9 Wunderle, accompagnant camp de vacances insieme \u00ab&#160;Il y a 47 ans, quand j\u2019ai connu le fr\u00e8re de Hanna qui vit avec une trisomie 21, j\u2019ai [&hellip;]\" \/>\n<meta property=\"og:url\" content=\"https:\/\/insieme.ch\/fr\/sengager\/\" \/>\n<meta property=\"og:site_name\" content=\"insieme.ch\" \/>\n<meta property=\"article:modified_time\" content=\"2025-02-25T07:59:44+00:00\" \/>\n<meta property=\"og:image\" content=\"https:\/\/insieme.ch\/wp-inside\/uploads\/2021\/03\/andre_wunderle-s-320x320.jpg\" \/>\n<meta name=\"twitter:card\" content=\"summary_large_image\" \/>\n<meta name=\"twitter:label1\" content=\"Dur\u00e9e de lecture estim\u00e9e\" \/>\n\t<meta name=\"twitter:data1\" content=\"4 minutes\" \/>\n<script type=\"application\/ld+json\" class=\"yoast-schema-graph\">{\"@context\":\"https:\\\/\\\/schema.org\",\"@graph\":[{\"@type\":\"WebPage\",\"@id\":\"https:\\\/\\\/insieme.ch\\\/fr\\\/sengager\\\/\",\"url\":\"https:\\\/\\\/insieme.ch\\\/fr\\\/sengager\\\/\",\"name\":\"Devenir b\u00e9n\u00e9vole & membre association handicap mental Suisse\",\"isPartOf\":{\"@id\":\"https:\\\/\\\/insieme.ch\\\/fr\\\/#website\"},\"primaryImageOfPage\":{\"@id\":\"https:\\\/\\\/insieme.ch\\\/fr\\\/sengager\\\/#primaryimage\"},\"image\":{\"@id\":\"https:\\\/\\\/insieme.ch\\\/fr\\\/sengager\\\/#primaryimage\"},\"thumbnailUrl\":\"https:\\\/\\\/insieme.ch\\\/wp-inside\\\/uploads\\\/2021\\\/03\\\/andre_wunderle-s-320x320.jpg\",\"datePublished\":\"2021-03-04T09:50:29+00:00\",\"dateModified\":\"2025-02-25T07:59:44+00:00\",\"breadcrumb\":{\"@id\":\"https:\\\/\\\/insieme.ch\\\/fr\\\/sengager\\\/#breadcrumb\"},\"inLanguage\":\"fr-FR\",\"potentialAction\":[{\"@type\":\"ReadAction\",\"target\":[\"https:\\\/\\\/insieme.ch\\\/fr\\\/sengager\\\/\"]}]},{\"@type\":\"ImageObject\",\"inLanguage\":\"fr-FR\",\"@id\":\"https:\\\/\\\/insieme.ch\\\/fr\\\/sengager\\\/#primaryimage\",\"url\":\"https:\\\/\\\/insieme.ch\\\/wp-inside\\\/uploads\\\/2021\\\/03\\\/andre_wunderle-s-320x320.jpg\",\"contentUrl\":\"https:\\\/\\\/insieme.ch\\\/wp-inside\\\/uploads\\\/2021\\\/03\\\/andre_wunderle-s-320x320.jpg\"},{\"@type\":\"BreadcrumbList\",\"@id\":\"https:\\\/\\\/insieme.ch\\\/fr\\\/sengager\\\/#breadcrumb\",\"itemListElement\":[{\"@type\":\"ListItem\",\"position\":1,\"name\":\"Accueil\",\"item\":\"https:\\\/\\\/insieme.ch\\\/fr\\\/\"},{\"@type\":\"ListItem\",\"position\":2,\"name\":\"S&#8217;engager\"}]},{\"@type\":\"WebSite\",\"@id\":\"https:\\\/\\\/insieme.ch\\\/fr\\\/#website\",\"url\":\"https:\\\/\\\/insieme.ch\\\/fr\\\/\",\"name\":\"insieme.ch\",\"description\":\"\",\"publisher\":{\"@id\":\"https:\\\/\\\/insieme.ch\\\/fr\\\/#organization\"},\"potentialAction\":[{\"@type\":\"SearchAction\",\"target\":{\"@type\":\"EntryPoint\",\"urlTemplate\":\"https:\\\/\\\/insieme.ch\\\/fr\\\/?s={search_term_string}\"},\"query-input\":{\"@type\":\"PropertyValueSpecification\",\"valueRequired\":true,\"valueName\":\"search_term_string\"}}],\"inLanguage\":\"fr-FR\"},{\"@type\":\"Organization\",\"@id\":\"https:\\\/\\\/insieme.ch\\\/fr\\\/#organization\",\"name\":\"insieme\",\"url\":\"https:\\\/\\\/insieme.ch\\\/fr\\\/\",\"logo\":{\"@type\":\"ImageObject\",\"inLanguage\":\"fr-FR\",\"@id\":\"https:\\\/\\\/insieme.ch\\\/fr\\\/#\\\/schema\\\/logo\\\/image\\\/\",\"url\":\"https:\\\/\\\/insieme.ch\\\/wp-inside\\\/uploads\\\/2021\\\/03\\\/logo-insieme.jpg\",\"contentUrl\":\"https:\\\/\\\/insieme.ch\\\/wp-inside\\\/uploads\\\/2021\\\/03\\\/logo-insieme.jpg\",\"width\":250,\"height\":250,\"caption\":\"insieme\"},\"image\":{\"@id\":\"https:\\\/\\\/insieme.ch\\\/fr\\\/#\\\/schema\\\/logo\\\/image\\\/\"}}]}<\/script>\n<!-- \/ Yoast SEO plugin. -->","yoast_head_json":{"title":"Devenir b\u00e9n\u00e9vole & membre association handicap mental Suisse","robots":{"index":"index","follow":"follow","max-snippet":"max-snippet:-1","max-image-preview":"max-image-preview:large","max-video-preview":"max-video-preview:-1"},"canonical":"https:\/\/insieme.ch\/fr\/sengager\/","og_locale":"fr_FR","og_type":"article","og_title":"Devenir b\u00e9n\u00e9vole & membre association handicap mental Suisse","og_description":"T\u00e9moignages de b\u00e9n\u00e9voles insieme Andr\u00e9 Wunderle, accompagnant camp de vacances insieme \u00ab&#160;Il y a 47 ans, quand j\u2019ai connu le fr\u00e8re de Hanna qui vit avec une trisomie 21, j\u2019ai [&hellip;]","og_url":"https:\/\/insieme.ch\/fr\/sengager\/","og_site_name":"insieme.ch","article_modified_time":"2025-02-25T07:59:44+00:00","og_image":[{"url":"https:\/\/insieme.ch\/wp-inside\/uploads\/2021\/03\/andre_wunderle-s-320x320.jpg","type":"","width":"","height":""}],"twitter_card":"summary_large_image","twitter_misc":{"Dur\u00e9e de lecture estim\u00e9e":"4 minutes"},"schema":{"@context":"https:\/\/schema.org","@graph":[{"@type":"WebPage","@id":"https:\/\/insieme.ch\/fr\/sengager\/","url":"https:\/\/insieme.ch\/fr\/sengager\/","name":"Devenir b\u00e9n\u00e9vole & membre association handicap mental Suisse","isPartOf":{"@id":"https:\/\/insieme.ch\/fr\/#website"},"primaryImageOfPage":{"@id":"https:\/\/insieme.ch\/fr\/sengager\/#primaryimage"},"image":{"@id":"https:\/\/insieme.ch\/fr\/sengager\/#primaryimage"},"thumbnailUrl":"https:\/\/insieme.ch\/wp-inside\/uploads\/2021\/03\/andre_wunderle-s-320x320.jpg","datePublished":"2021-03-04T09:50:29+00:00","dateModified":"2025-02-25T07:59:44+00:00","breadcrumb":{"@id":"https:\/\/insieme.ch\/fr\/sengager\/#breadcrumb"},"inLanguage":"fr-FR","potentialAction":[{"@type":"ReadAction","target":["https:\/\/insieme.ch\/fr\/sengager\/"]}]},{"@type":"ImageObject","inLanguage":"fr-FR","@id":"https:\/\/insieme.ch\/fr\/sengager\/#primaryimage","url":"https:\/\/insieme.ch\/wp-inside\/uploads\/2021\/03\/andre_wunderle-s-320x320.jpg","contentUrl":"https:\/\/insieme.ch\/wp-inside\/uploads\/2021\/03\/andre_wunderle-s-320x320.jpg"},{"@type":"BreadcrumbList","@id":"https:\/\/insieme.ch\/fr\/sengager\/#breadcrumb","itemListElement":[{"@type":"ListItem","position":1,"name":"Accueil","item":"https:\/\/insieme.ch\/fr\/"},{"@type":"ListItem","position":2,"name":"S&#8217;engager"}]},{"@type":"WebSite","@id":"https:\/\/insieme.ch\/fr\/#website","url":"https:\/\/insieme.ch\/fr\/","name":"insieme.ch","description":"","publisher":{"@id":"https:\/\/insieme.ch\/fr\/#organization"},"potentialAction":[{"@type":"SearchAction","target":{"@type":"EntryPoint","urlTemplate":"https:\/\/insieme.ch\/fr\/?s={search_term_string}"},"query-input":{"@type":"PropertyValueSpecification","valueRequired":true,"valueName":"search_term_string"}}],"inLanguage":"fr-FR"},{"@type":"Organization","@id":"https:\/\/insieme.ch\/fr\/#organization","name":"insieme","url":"https:\/\/insieme.ch\/fr\/","logo":{"@type":"ImageObject","inLanguage":"fr-FR","@id":"https:\/\/insieme.ch\/fr\/#\/schema\/logo\/image\/","url":"https:\/\/insieme.ch\/wp-inside\/uploads\/2021\/03\/logo-insieme.jpg","contentUrl":"https:\/\/insieme.ch\/wp-inside\/uploads\/2021\/03\/logo-insieme.jpg","width":250,"height":250,"caption":"insieme"},"image":{"@id":"https:\/\/insieme.ch\/fr\/#\/schema\/logo\/image\/"}}]}},"_links":{"self":[{"href":"https:\/\/insieme.ch\/fr\/wp-json\/wp\/v2\/pages\/1648","targetHints":{"allow":["GET"]}}],"collection":[{"href":"https:\/\/insieme.ch\/fr\/wp-json\/wp\/v2\/pages"}],"about":[{"href":"https:\/\/insieme.ch\/fr\/wp-json\/wp\/v2\/types\/page"}],"author":[{"embeddable":true,"href":"https:\/\/insieme.ch\/fr\/wp-json\/wp\/v2\/users\/7"}],"replies":[{"embeddable":true,"href":"https:\/\/insieme.ch\/fr\/wp-json\/wp\/v2\/comments?post=1648"}],"version-history":[{"count":5,"href":"https:\/\/insieme.ch\/fr\/wp-json\/wp\/v2\/pages\/1648\/revisions"}],"predecessor-version":[{"id":9580,"href":"https:\/\/insieme.ch\/fr\/wp-json\/wp\/v2\/pages\/1648\/revisions\/9580"}],"wp:attachment":[{"href":"https:\/\/insieme.ch\/fr\/wp-json\/wp\/v2\/media?parent=1648"}],"curies":[{"name":"wp","href":"https:\/\/api.w.org\/{rel}","templated":true}]}}