{"id":1644,"date":"2021-03-04T10:49:24","date_gmt":"2021-03-04T09:49:24","guid":{"rendered":"https:\/\/insieme.ch\/?page_id=1644"},"modified":"2021-04-28T09:52:04","modified_gmt":"2021-04-28T07:52:04","slug":"sensibilisation","status":"publish","type":"page","link":"https:\/\/insieme.ch\/fr\/nos-activites\/sensibilisation\/","title":{"rendered":"Sensibilisation"},"content":{"rendered":"<p><!-- flzn:zn_banner --><\/p>\n<div id=\"flzn-banner-1\" class=\"zone zn-banner with-bg bg-color\"><span class=\"zone-bg bg-color bgc-white alignfull\"><\/span><\/p>\n<div class=\"zone-block zn-banner-block alignwide va-center\">\n<div class=\"zn-banner-bg zone-bg alignfull\">\n<div class=\"zn-banner-bg-picture is-img\">\n<div class=\"zn-banner-bg-imgs slick-slider slider-banner-bg\">\n<div class=\"zn-banner-bg-imgitem slick-item\">\n<div class=\"zn-banner-bg-imgbg\" data-interchange=\"[https:\/\/insieme.ch\/wp-inside\/uploads\/2021\/03\/sensibilisation-tournage-emission-singularites_clair-bois-425x300.jpg, small],[https:\/\/insieme.ch\/wp-inside\/uploads\/2021\/03\/sensibilisation-tournage-emission-singularites_clair-bois-1280x860.jpg, gsmall],[https:\/\/insieme.ch\/wp-inside\/uploads\/2021\/03\/sensibilisation-tournage-emission-singularites_clair-bois-1280x860.jpg, glarge],[https:\/\/insieme.ch\/wp-inside\/uploads\/2021\/03\/sensibilisation-tournage-emission-singularites_clair-bois-1920x600.jpg, xlarge],\"><\/div>\n<p><img decoding=\"async\" class=\"zn-banner-bg-img\" src=\"https:\/\/insieme.ch\/wp-inside\/uploads\/2021\/03\/sensibilisation-tournage-emission-singularites_clair-bois-425x300.jpg\" alt=\"Lors de l\u2019enregistrement, un cameraman contr\u00f4le la prise de vue des deux pr\u00e9sentateurs de l\u2019\u00e9mission \u00abSingularit\u00e9s\u00bb.\" data-interchange=\"[https:\/\/insieme.ch\/wp-inside\/uploads\/2021\/03\/sensibilisation-tournage-emission-singularites_clair-bois-425x300.jpg, small],[https:\/\/insieme.ch\/wp-inside\/uploads\/2021\/03\/sensibilisation-tournage-emission-singularites_clair-bois-1280x860.jpg, gsmall],[https:\/\/insieme.ch\/wp-inside\/uploads\/2021\/03\/sensibilisation-tournage-emission-singularites_clair-bois-1280x860.jpg, glarge],[https:\/\/insieme.ch\/wp-inside\/uploads\/2021\/03\/sensibilisation-tournage-emission-singularites_clair-bois-1920x600.jpg, xlarge],\"><\/div>\n<\/div>\n<\/div><\/div>\n<div class=\"row zn-banner-row with-bgpic\">\n<div class=\"columns xxlarge-pull-1 zn-banner-col-content\">\n<div class=\"columns-inner\">\n<div class=\"zn-banner-box\">\n<div class=\"zn-banner-content\">\n<div class=\"zn-banner-titlebox\">\n<h2 class=\"zn-banner-title\">\n\t\t\t\t\t\t\t\tinsieme sensibilise le grand public et les autorit\u00e9s aux int\u00e9r\u00eats des personnes avec handicap mental et de leurs proches. \t\t\t\t\t\t\t<\/h2>\n<\/p><\/div>\n<\/p><\/div>\n<\/p><\/div>\n<\/p><\/div>\n<\/p><\/div>\n<\/p><\/div>\n<\/div>\n<\/div>\n<p><!-- \/flzn:zn_banner --><br \/>\n<!-- flzn:zn_pagebanner --><\/p>\n<header id=\"flzn-pagebanner-1\" class=\"zone zn-pagebanner with-bg bg-color\"><span class=\"zone-bg bg-color bgc-white alignfull\"><\/span><\/p>\n<div class=\"zone-block zn-pagebanner-block pdd-bottom-off alignwide va-center\">\n<div class=\"row zn-pagebanner-row with-txt\">\n<div class=\"columns zn-pagebanner-col-content\">\n<div class=\"columns-inner\">\n<div class=\"zn-pagebanner-content\">\n<div class=\"zn-pagebanner-desc wig-content\">\n<p style=\"text-align: center;\">Les personnes en situation de handicap mental doivent \u00eatre consid\u00e9r\u00e9es comme des membres \u00e0 part enti\u00e8re de la soci\u00e9t\u00e9. Comme chaque \u00eatre humain, elles poss\u00e8dent des qualit\u00e9s et des faiblesses et veulent participer \u00e0 la vie sociale. R\u00e9duire la peur du contact et favoriser la sympathie et la solidarit\u00e9 sont les objectifs d\u2019insieme. Dans la perspective d\u2019une soci\u00e9t\u00e9 solidaire et inclusive, \u00e0 laquelle les personnes avec handicap appartiennent et participent tout naturellement, insieme communique activement via diff\u00e9rents canaux. Elle produit des publications concernant les aspects importants du handicap mental et m\u00e8ne des campagnes de sensibilisation. Elle publie \u00e9galement le magazine insieme et est pr\u00e9sente sur les r\u00e9seaux sociaux.<\/p>\n<\/p><\/div>\n<\/p><\/div>\n<\/p><\/div>\n<\/p><\/div>\n<\/p><\/div>\n<\/p><\/div>\n<\/header>\n<p><!-- \/flzn:zn_pagebanner --><\/p>\n","protected":false},"excerpt":{"rendered":"<p>insieme sensibilise le grand public et les autorit\u00e9s aux int\u00e9r\u00eats des personnes avec handicap mental et de leurs proches.<\/p>\n","protected":false},"author":7,"featured_media":2228,"parent":1638,"menu_order":15,"comment_status":"closed","ping_status":"closed","template":"","meta":{"_acf_changed":false,"footnotes":""},"class_list":["post-1644","page","type-page","status-publish","has-post-thumbnail","hentry","wp-sticky"],"acf":[],"yoast_head":"<!-- This site is optimized with the Yoast SEO plugin v27.4 - https:\/\/yoast.com\/product\/yoast-seo-wordpress\/ -->\n<title>Association sensibilisation handicap mental Suisse<\/title>\n<meta name=\"robots\" content=\"index, follow, max-snippet:-1, max-image-preview:large, max-video-preview:-1\" \/>\n<link rel=\"canonical\" href=\"https:\/\/insieme.ch\/fr\/nos-activites\/sensibilisation\/\" \/>\n<meta property=\"og:locale\" content=\"fr_FR\" \/>\n<meta property=\"og:type\" content=\"article\" \/>\n<meta property=\"og:title\" content=\"Association sensibilisation handicap mental Suisse\" \/>\n<meta property=\"og:description\" content=\"insieme sensibilise le grand public et les autorit\u00e9s aux int\u00e9r\u00eats des personnes avec handicap mental et de leurs proches.\" \/>\n<meta property=\"og:url\" content=\"https:\/\/insieme.ch\/fr\/nos-activites\/sensibilisation\/\" \/>\n<meta property=\"og:site_name\" content=\"insieme.ch\" \/>\n<meta property=\"article:modified_time\" content=\"2021-04-28T07:52:04+00:00\" \/>\n<meta property=\"og:image\" content=\"https:\/\/insieme.ch\/wp-inside\/uploads\/2021\/03\/sensibilisation-tournage-emission-singularites_clair-bois-scaled.jpg\" \/>\n\t<meta property=\"og:image:width\" content=\"1920\" \/>\n\t<meta property=\"og:image:height\" content=\"1280\" \/>\n\t<meta property=\"og:image:type\" content=\"image\/jpeg\" \/>\n<meta name=\"twitter:card\" content=\"summary_large_image\" \/>\n<meta name=\"twitter:label1\" content=\"Dur\u00e9e de lecture estim\u00e9e\" \/>\n\t<meta name=\"twitter:data1\" content=\"1 minute\" \/>\n<script type=\"application\/ld+json\" class=\"yoast-schema-graph\">{\"@context\":\"https:\\\/\\\/schema.org\",\"@graph\":[{\"@type\":\"WebPage\",\"@id\":\"https:\\\/\\\/insieme.ch\\\/fr\\\/nos-activites\\\/sensibilisation\\\/\",\"url\":\"https:\\\/\\\/insieme.ch\\\/fr\\\/nos-activites\\\/sensibilisation\\\/\",\"name\":\"Association sensibilisation handicap mental Suisse\",\"isPartOf\":{\"@id\":\"https:\\\/\\\/insieme.ch\\\/fr\\\/#website\"},\"primaryImageOfPage\":{\"@id\":\"https:\\\/\\\/insieme.ch\\\/fr\\\/nos-activites\\\/sensibilisation\\\/#primaryimage\"},\"image\":{\"@id\":\"https:\\\/\\\/insieme.ch\\\/fr\\\/nos-activites\\\/sensibilisation\\\/#primaryimage\"},\"thumbnailUrl\":\"https:\\\/\\\/insieme.ch\\\/wp-inside\\\/uploads\\\/2021\\\/03\\\/sensibilisation-tournage-emission-singularites_clair-bois-scaled.jpg\",\"datePublished\":\"2021-03-04T09:49:24+00:00\",\"dateModified\":\"2021-04-28T07:52:04+00:00\",\"breadcrumb\":{\"@id\":\"https:\\\/\\\/insieme.ch\\\/fr\\\/nos-activites\\\/sensibilisation\\\/#breadcrumb\"},\"inLanguage\":\"fr-FR\",\"potentialAction\":[{\"@type\":\"ReadAction\",\"target\":[\"https:\\\/\\\/insieme.ch\\\/fr\\\/nos-activites\\\/sensibilisation\\\/\"]}]},{\"@type\":\"ImageObject\",\"inLanguage\":\"fr-FR\",\"@id\":\"https:\\\/\\\/insieme.ch\\\/fr\\\/nos-activites\\\/sensibilisation\\\/#primaryimage\",\"url\":\"https:\\\/\\\/insieme.ch\\\/wp-inside\\\/uploads\\\/2021\\\/03\\\/sensibilisation-tournage-emission-singularites_clair-bois-scaled.jpg\",\"contentUrl\":\"https:\\\/\\\/insieme.ch\\\/wp-inside\\\/uploads\\\/2021\\\/03\\\/sensibilisation-tournage-emission-singularites_clair-bois-scaled.jpg\",\"width\":1920,\"height\":1280,\"caption\":\"Tournage de l\u2019\u00e9mission \u00abSingularit\u00e9s\u00bb \u00e0 la Fondation Clair Bois, Gen\u00e8ve\"},{\"@type\":\"BreadcrumbList\",\"@id\":\"https:\\\/\\\/insieme.ch\\\/fr\\\/nos-activites\\\/sensibilisation\\\/#breadcrumb\",\"itemListElement\":[{\"@type\":\"ListItem\",\"position\":1,\"name\":\"Accueil\",\"item\":\"https:\\\/\\\/insieme.ch\\\/fr\\\/\"},{\"@type\":\"ListItem\",\"position\":2,\"name\":\"Activit\u00e9s\",\"item\":\"https:\\\/\\\/insieme.ch\\\/fr\\\/unsere-aktivitaeten\\\/\"},{\"@type\":\"ListItem\",\"position\":3,\"name\":\"Sensibilisation\"}]},{\"@type\":\"WebSite\",\"@id\":\"https:\\\/\\\/insieme.ch\\\/fr\\\/#website\",\"url\":\"https:\\\/\\\/insieme.ch\\\/fr\\\/\",\"name\":\"insieme.ch\",\"description\":\"\",\"publisher\":{\"@id\":\"https:\\\/\\\/insieme.ch\\\/fr\\\/#organization\"},\"potentialAction\":[{\"@type\":\"SearchAction\",\"target\":{\"@type\":\"EntryPoint\",\"urlTemplate\":\"https:\\\/\\\/insieme.ch\\\/fr\\\/?s={search_term_string}\"},\"query-input\":{\"@type\":\"PropertyValueSpecification\",\"valueRequired\":true,\"valueName\":\"search_term_string\"}}],\"inLanguage\":\"fr-FR\"},{\"@type\":\"Organization\",\"@id\":\"https:\\\/\\\/insieme.ch\\\/fr\\\/#organization\",\"name\":\"insieme\",\"url\":\"https:\\\/\\\/insieme.ch\\\/fr\\\/\",\"logo\":{\"@type\":\"ImageObject\",\"inLanguage\":\"fr-FR\",\"@id\":\"https:\\\/\\\/insieme.ch\\\/fr\\\/#\\\/schema\\\/logo\\\/image\\\/\",\"url\":\"https:\\\/\\\/insieme.ch\\\/wp-inside\\\/uploads\\\/2021\\\/03\\\/logo-insieme.jpg\",\"contentUrl\":\"https:\\\/\\\/insieme.ch\\\/wp-inside\\\/uploads\\\/2021\\\/03\\\/logo-insieme.jpg\",\"width\":250,\"height\":250,\"caption\":\"insieme\"},\"image\":{\"@id\":\"https:\\\/\\\/insieme.ch\\\/fr\\\/#\\\/schema\\\/logo\\\/image\\\/\"}}]}<\/script>\n<!-- \/ Yoast SEO plugin. -->","yoast_head_json":{"title":"Association sensibilisation handicap mental Suisse","robots":{"index":"index","follow":"follow","max-snippet":"max-snippet:-1","max-image-preview":"max-image-preview:large","max-video-preview":"max-video-preview:-1"},"canonical":"https:\/\/insieme.ch\/fr\/nos-activites\/sensibilisation\/","og_locale":"fr_FR","og_type":"article","og_title":"Association sensibilisation handicap mental Suisse","og_description":"insieme sensibilise le grand public et les autorit\u00e9s aux int\u00e9r\u00eats des personnes avec handicap mental et de leurs proches.","og_url":"https:\/\/insieme.ch\/fr\/nos-activites\/sensibilisation\/","og_site_name":"insieme.ch","article_modified_time":"2021-04-28T07:52:04+00:00","og_image":[{"width":1920,"height":1280,"url":"https:\/\/insieme.ch\/wp-inside\/uploads\/2021\/03\/sensibilisation-tournage-emission-singularites_clair-bois-scaled.jpg","type":"image\/jpeg"}],"twitter_card":"summary_large_image","twitter_misc":{"Dur\u00e9e de lecture estim\u00e9e":"1 minute"},"schema":{"@context":"https:\/\/schema.org","@graph":[{"@type":"WebPage","@id":"https:\/\/insieme.ch\/fr\/nos-activites\/sensibilisation\/","url":"https:\/\/insieme.ch\/fr\/nos-activites\/sensibilisation\/","name":"Association sensibilisation handicap mental Suisse","isPartOf":{"@id":"https:\/\/insieme.ch\/fr\/#website"},"primaryImageOfPage":{"@id":"https:\/\/insieme.ch\/fr\/nos-activites\/sensibilisation\/#primaryimage"},"image":{"@id":"https:\/\/insieme.ch\/fr\/nos-activites\/sensibilisation\/#primaryimage"},"thumbnailUrl":"https:\/\/insieme.ch\/wp-inside\/uploads\/2021\/03\/sensibilisation-tournage-emission-singularites_clair-bois-scaled.jpg","datePublished":"2021-03-04T09:49:24+00:00","dateModified":"2021-04-28T07:52:04+00:00","breadcrumb":{"@id":"https:\/\/insieme.ch\/fr\/nos-activites\/sensibilisation\/#breadcrumb"},"inLanguage":"fr-FR","potentialAction":[{"@type":"ReadAction","target":["https:\/\/insieme.ch\/fr\/nos-activites\/sensibilisation\/"]}]},{"@type":"ImageObject","inLanguage":"fr-FR","@id":"https:\/\/insieme.ch\/fr\/nos-activites\/sensibilisation\/#primaryimage","url":"https:\/\/insieme.ch\/wp-inside\/uploads\/2021\/03\/sensibilisation-tournage-emission-singularites_clair-bois-scaled.jpg","contentUrl":"https:\/\/insieme.ch\/wp-inside\/uploads\/2021\/03\/sensibilisation-tournage-emission-singularites_clair-bois-scaled.jpg","width":1920,"height":1280,"caption":"Tournage de l\u2019\u00e9mission \u00abSingularit\u00e9s\u00bb \u00e0 la Fondation Clair Bois, Gen\u00e8ve"},{"@type":"BreadcrumbList","@id":"https:\/\/insieme.ch\/fr\/nos-activites\/sensibilisation\/#breadcrumb","itemListElement":[{"@type":"ListItem","position":1,"name":"Accueil","item":"https:\/\/insieme.ch\/fr\/"},{"@type":"ListItem","position":2,"name":"Activit\u00e9s","item":"https:\/\/insieme.ch\/fr\/unsere-aktivitaeten\/"},{"@type":"ListItem","position":3,"name":"Sensibilisation"}]},{"@type":"WebSite","@id":"https:\/\/insieme.ch\/fr\/#website","url":"https:\/\/insieme.ch\/fr\/","name":"insieme.ch","description":"","publisher":{"@id":"https:\/\/insieme.ch\/fr\/#organization"},"potentialAction":[{"@type":"SearchAction","target":{"@type":"EntryPoint","urlTemplate":"https:\/\/insieme.ch\/fr\/?s={search_term_string}"},"query-input":{"@type":"PropertyValueSpecification","valueRequired":true,"valueName":"search_term_string"}}],"inLanguage":"fr-FR"},{"@type":"Organization","@id":"https:\/\/insieme.ch\/fr\/#organization","name":"insieme","url":"https:\/\/insieme.ch\/fr\/","logo":{"@type":"ImageObject","inLanguage":"fr-FR","@id":"https:\/\/insieme.ch\/fr\/#\/schema\/logo\/image\/","url":"https:\/\/insieme.ch\/wp-inside\/uploads\/2021\/03\/logo-insieme.jpg","contentUrl":"https:\/\/insieme.ch\/wp-inside\/uploads\/2021\/03\/logo-insieme.jpg","width":250,"height":250,"caption":"insieme"},"image":{"@id":"https:\/\/insieme.ch\/fr\/#\/schema\/logo\/image\/"}}]}},"_links":{"self":[{"href":"https:\/\/insieme.ch\/fr\/wp-json\/wp\/v2\/pages\/1644","targetHints":{"allow":["GET"]}}],"collection":[{"href":"https:\/\/insieme.ch\/fr\/wp-json\/wp\/v2\/pages"}],"about":[{"href":"https:\/\/insieme.ch\/fr\/wp-json\/wp\/v2\/types\/page"}],"author":[{"embeddable":true,"href":"https:\/\/insieme.ch\/fr\/wp-json\/wp\/v2\/users\/7"}],"replies":[{"embeddable":true,"href":"https:\/\/insieme.ch\/fr\/wp-json\/wp\/v2\/comments?post=1644"}],"version-history":[{"count":5,"href":"https:\/\/insieme.ch\/fr\/wp-json\/wp\/v2\/pages\/1644\/revisions"}],"predecessor-version":[{"id":9549,"href":"https:\/\/insieme.ch\/fr\/wp-json\/wp\/v2\/pages\/1644\/revisions\/9549"}],"up":[{"embeddable":true,"href":"https:\/\/insieme.ch\/fr\/wp-json\/wp\/v2\/pages\/1638"}],"wp:featuredmedia":[{"embeddable":true,"href":"https:\/\/insieme.ch\/fr\/wp-json\/wp\/v2\/media\/2228"}],"wp:attachment":[{"href":"https:\/\/insieme.ch\/fr\/wp-json\/wp\/v2\/media?parent=1644"}],"curies":[{"name":"wp","href":"https:\/\/api.w.org\/{rel}","templated":true}]}}