{"id":1248,"date":"2021-02-19T10:04:34","date_gmt":"2021-02-19T09:04:34","guid":{"rendered":"https:\/\/insieme.ch?page_id=1248"},"modified":"2025-02-25T08:59:57","modified_gmt":"2025-02-25T07:59:57","slug":"falc","status":"publish","type":"page","link":"https:\/\/insieme.ch\/fr\/falc\/","title":{"rendered":"Facile \u00e0 lire"},"content":{"rendered":"<p><!-- flzn:zn_banner --><\/p>\n<div id=\"flzn-banner-1\" class=\"zone zn-banner with-bg bg-color\"><span class=\"zone-bg bg-color bgc-white alignfull\"><\/span><\/p>\n<div class=\"zone-block zn-banner-block alignwide va-center\">\n<div class=\"zn-banner-bg zone-bg alignfull\">\n<div class=\"zn-banner-bg-picture is-img\">\n<div class=\"zn-banner-bg-imgs rs_preserve slick-slider slider-banner-bg\">\n<div class=\"zn-banner-bg-imgitem slick-item\">\n<div class=\"zn-banner-bg-imgbg rs_preserve\" data-interchange=\"[https:\/\/insieme.ch\/wp-inside\/uploads\/2021\/03\/facile-a-lire-425x300.jpg, small],[https:\/\/insieme.ch\/wp-inside\/uploads\/2021\/03\/facile-a-lire-1280x860.jpg, gsmall],[https:\/\/insieme.ch\/wp-inside\/uploads\/2021\/03\/facile-a-lire-1280x860.jpg, glarge],[https:\/\/insieme.ch\/wp-inside\/uploads\/2021\/03\/facile-a-lire-1920x600.jpg, xlarge],\"><\/div>\n<p><img decoding=\"async\" class=\"zn-banner-bg-img rs_preserve\" src=\"https:\/\/insieme.ch\/wp-inside\/uploads\/2021\/03\/facile-a-lire-425x300.jpg\" alt=\"Un panneau indique que les livres expos\u00e9s sont en FALC\" data-interchange=\"[https:\/\/insieme.ch\/wp-inside\/uploads\/2021\/03\/facile-a-lire-425x300.jpg, small],[https:\/\/insieme.ch\/wp-inside\/uploads\/2021\/03\/facile-a-lire-1280x860.jpg, gsmall],[https:\/\/insieme.ch\/wp-inside\/uploads\/2021\/03\/facile-a-lire-1280x860.jpg, glarge],[https:\/\/insieme.ch\/wp-inside\/uploads\/2021\/03\/facile-a-lire-1920x600.jpg, xlarge],\"><\/div>\n<\/div>\n<\/div><\/div>\n<div class=\"row zn-banner-row with-bgpic rs_preserve\">\n<div class=\"columns xxlarge-pull-1 zn-banner-col-content\">\n<div class=\"columns-inner\">\n<div class=\"zn-banner-box\">\n<div class=\"zn-banner-content\">\n<div class=\"zn-banner-titlebox\">\n<div class=\"readspeaker_button_container\">\n<div id=\"readspeaker_button\" class=\"rs_skip rsbtn rs_preserve\"><a rel=\"nofollow\" class=\"rsbtn_play\" accesskey=\"L\" title=\"Ecoutez le texte avec ReadSpeaker webReader\" href=\"\/\/app-eu.readspeaker.com\/cgi-bin\/rsent?customerid=12240&#038;lang=fr_fr&#038;readid=global-main&#038;url=https%3A%2F%2Finsieme.ch%2Ffr%2Ffalc%2F\"><span class=\"rsbtn_left rsimg rspart\"><span class=\"rsbtn_text\"><span>Ecouter<\/span><\/span><\/span><span class=\"rsbtn_right rsimg rsplay rspart\"><\/span><\/a><\/div>\n<\/div>\n<h2 class=\"zn-banner-title\">\n\t\t\t\t\t\t\t\tSur ce site internet vous trouvez des textes en facile \u00e0 lire et \u00e0 comprendre. Le facile \u00e0 lire et \u00e0 comprendre s\u2019appelle aussi le FALC ou le langage simplifi\u00e9.\t\t\t\t\t\t\t<\/h2>\n<\/p><\/div>\n<\/p><\/div>\n<\/p><\/div>\n<\/p><\/div>\n<\/p><\/div>\n<\/p><\/div>\n<\/div>\n<\/div>\n<p><!-- \/flzn:zn_banner --><br \/>\n<!-- flzn:zn_pagebanner --><\/p>\n<header id=\"flzn-pagebanner-1\" class=\"zone zn-pagebanner with-bg bg-color\"><span class=\"zone-bg bg-color bgc-white alignfull\"><\/span><\/p>\n<div class=\"zone-block zn-pagebanner-block pdd-top pdd-bottom-off alignfull va-center\">\n<div class=\"row zn-pagebanner-row\">\n<div class=\"columns zn-pagebanner-col-content\">\n<div class=\"columns-inner\">\n<div class=\"zn-pagebanner-content\"><\/div>\n<\/p><\/div>\n<\/p><\/div>\n<\/p><\/div>\n<\/p><\/div>\n<\/header>\n<p><!-- \/flzn:zn_pagebanner --><br \/>\n<!-- flzn:zn_text --><\/p>\n<div id=\"flzn-text-1\" class=\"zone zn-text\">\n<div class=\"zone-block zn-text-block pdd-top-off alignwide va-top\">\n<div class=\"row mw-content-zone type-style  widthbig\">\n<div class=\"columns large-12\">\n<div class=\"row large-up-1 with-nice-alignment nbloc-1\">\n<div class=\"column zn-text-col\">\n<div class=\"column-inner\">\n<div class=\"wig-content mw-content\">\n<p>Sur ce site internet vous trouvez des textes en facile \u00e0 lire et \u00e0 comprendre.<br \/>\nCela veut dire :<br \/>\nCes textes sont faciles \u00e0 lire.<br \/>\nCes textes sont faciles \u00e0 comprendre.<br \/>\nLe facile \u00e0 lire et \u00e0 comprendre s\u2019appelle aussi le FALC ou le langage simplifi\u00e9.<br \/>\nPour faire plus court dans la suite du texte, on dit : le facile \u00e0 lire.<br \/>\nLe facile \u00e0 lire utilise des r\u00e8gles sp\u00e9ciales.<br \/>\nPar exemple :<\/p>\n<ul>\n<li>Le facile \u00e0 lire utilise des mots simples.<\/li>\n<li>Les mots difficiles sont expliqu\u00e9s.<\/li>\n<li>Le facile \u00e0 lire utilise des phrases courtes.<\/li>\n<\/ul>\n<p>Beaucoup de personnes peuvent mieux comprendre les textes en facile \u00e0 lire.<br \/>\nLes personnes en situation de handicap mental<br \/>\npeuvent aussi mieux comprendre<br \/>\nles textes en facile \u00e0 lire.<\/p>\n<h2>Le facile \u00e0 lire et \u00e0 comprendre sur le site internet<\/h2>\n<p>Vous voulez lire un texte en facile \u00e0 lire ?<br \/>\nAlors cliquez sur le logo bleu<\/p>\n<p><img decoding=\"async\" loading=\"lazy\" class=\"wp-image-6942 size-thumbnail\" src=\"https:\/\/insieme.ch\/wp-inside\/uploads\/2021\/03\/logo-as-jpeg-150x150.jpg\" alt=\"Facile \u00e0 lire et \u00e0 comprendre\" width=\"150\" height=\"150\" srcset=\"https:\/\/insieme.ch\/wp-inside\/uploads\/2021\/03\/logo-as-jpeg-150x150.jpg 150w, https:\/\/insieme.ch\/wp-inside\/uploads\/2021\/03\/logo-as-jpeg-500x500.jpg 500w, https:\/\/insieme.ch\/wp-inside\/uploads\/2021\/03\/logo-as-jpeg-100x100.jpg 100w, https:\/\/insieme.ch\/wp-inside\/uploads\/2021\/03\/logo-as-jpeg-800x794.jpg 800w, https:\/\/insieme.ch\/wp-inside\/uploads\/2021\/03\/logo-as-jpeg-300x300.jpg 300w, https:\/\/insieme.ch\/wp-inside\/uploads\/2021\/03\/logo-as-jpeg-768x762.jpg 768w, https:\/\/insieme.ch\/wp-inside\/uploads\/2021\/03\/logo-as-jpeg-320x320.jpg 320w, https:\/\/insieme.ch\/wp-inside\/uploads\/2021\/03\/logo-as-jpeg-65x65.jpg 65w, https:\/\/insieme.ch\/wp-inside\/uploads\/2021\/03\/logo-as-jpeg-185x185.jpg 185w, https:\/\/insieme.ch\/wp-inside\/uploads\/2021\/03\/logo-as-jpeg-200x200.jpg 200w, https:\/\/insieme.ch\/wp-inside\/uploads\/2021\/03\/logo-as-jpeg.jpg 829w\" sizes=\"auto, (max-width: 150px) 100vw, 150px\" \/> Facile \u00e0 lire et \u00e0 comprendre<\/p>\n<p>Ce logo bleu se situe en haut et \u00e0 gauche de l\u2019\u00e9cran.<br \/>\nEnsuite vous pouvez lire le texte en facile \u00e0 lire et \u00e0 comprendre.<\/p>\n<p>Vous voulez \u00e9couter un texte ?<br \/>\nVous trouvez un logo gris sur l\u2019\u00e9cran.<\/p>\n<p><img decoding=\"async\" loading=\"lazy\" class=\"wp-image-6944 size-full\" src=\"https:\/\/insieme.ch\/wp-inside\/uploads\/2021\/03\/horen.jpg\" alt=\"Ecouter \" width=\"57\" height=\"50\" \/> Ecouter<\/p>\n<p>Ensuite vous pouvez \u00e9couter le texte en facile \u00e0 lire et \u00e0 comprendre.<br \/>\nSur le site internet, \u00e0 diff\u00e9rents endroits, vous trouvez des textes en facile \u00e0 lire.<br \/>\nVous voulez voir tous les textes en facile \u00e0 lire ?<br \/>\nAlors vous pouvez cliquer sur ces liens pour trouver tous les textes en facile \u00e0 lire:<\/p>\n<ul>\n<li><strong><a href=\"https:\/\/insieme.ch\/fr\/theme\/vie-professionnelle\/\">Vie professionnelle<\/a><\/strong>\n<ul>\n<li><a href=\"https:\/\/insieme.ch\/fr\/theme\/vie-professionnelle\/formation-professionnelle\/\" target=\"_blank\" rel=\"noopener\">Formation professionnelle<\/a><\/li>\n<\/ul>\n<\/li>\n<li><strong><a href=\"https:\/\/insieme.ch\/fr\/theme\/logement\/\">Logement<\/a><\/strong>\n<ul>\n<li><a href=\"https:\/\/insieme.ch\/fr\/theme\/logement\/logements-de-type-prive\/\" target=\"_blank\" rel=\"noopener\">Logement de type \u00ab\u00a0priv\u00e9\u00a0\u00bb<\/a><\/li>\n<\/ul>\n<\/li>\n<li><strong><a href=\"https:\/\/insieme.ch\/fr\/theme\/handicap-mental\/\">Handicap mental<\/a><\/strong><\/li>\n<li><strong><a href=\"https:\/\/insieme.ch\/fr\/theme\/inclusion\/\">Inclusion<\/a><\/strong>\n<ul>\n<li><a href=\"https:\/\/insieme.ch\/fr\/theme\/inclusion\/codetermination-et-autorepresentation\/\" target=\"_blank\" rel=\"noopener\">Cod\u00e9termination et autorepr\u00e9sentation<\/a><\/li>\n<li><a href=\"https:\/\/insieme.ch\/fr\/theme\/inclusion\/cdph\/\" target=\"_blank\" rel=\"noopener\">Convention des Nations Unies<\/a><\/li>\n<li><a href=\"https:\/\/insieme.ch\/fr\/theme\/inclusion\/participation-politique\/\" target=\"_blank\" rel=\"noopener\">Participation politique<\/a><\/li>\n<\/ul>\n<\/li>\n<li><strong><a href=\"https:\/\/insieme.ch\/fr\/theme\/petite-enfance-et-qualite-de-vie\/\">Petite enfance et \u00e9cole<\/a><\/strong><\/li>\n<li><strong><a href=\"https:\/\/insieme.ch\/fr\/theme\/famille\/\">Famille\u00a0<\/a><\/strong>\n<ul>\n<li><a href=\"https:\/\/insieme.ch\/fr\/theme\/famille\/desir-denfant-et-parentalite\/\" target=\"_blank\" rel=\"noopener\">D\u00e9sir d&rsquo;enfant et parentalit\u00e9<\/a><\/li>\n<\/ul>\n<\/li>\n<li><strong><a href=\"https:\/\/insieme.ch\/fr\/theme\/loisirs\/\">Loisirs<\/a><\/strong><\/li>\n<li><strong><a href=\"https:\/\/insieme.ch\/fr\/theme\/sante-et-qualite-de-vie\/\">Sant\u00e9 et qualit\u00e9 de vie<\/a><\/strong>\n<ul>\n<li><a href=\"https:\/\/insieme.ch\/fr\/theme\/sante-et-qualite-de-vie\/acces-aux-soins\/\" target=\"_blank\" rel=\"noopener\">Acc\u00e8s aux soins<\/a><\/li>\n<li><a href=\"https:\/\/insieme.ch\/fr\/theme\/sante-et-qualite-de-vie\/amour-et-sexualite\/\" target=\"_blank\" rel=\"noopener\">Amour et sexualit\u00e9<\/a><\/li>\n<\/ul>\n<\/li>\n<\/ul>\n<h2>Pourquoi des informations en facile \u00e0 lire ?<\/h2>\n<p>insieme est une organisation pour les personnes en situation de handicap mental et<br \/>\nleurs familles.<br \/>\nDans une organisation beaucoup de personnes travaillent ensemble.<br \/>\nCes personnes ont les m\u00eames id\u00e9es et les m\u00eames objectifs.<br \/>\nCes personnes travaillent ensemble pour y arriver.<br \/>\nChez insieme il y a aussi beaucoup de personnes en situation de handicap mental.<br \/>\ninsieme s\u2019engage pour aider les personnes en situation de handicap mental.<br \/>\nLes personnes en situation de handicap mental doivent pouvoir :<\/p>\n<ul>\n<li>s&rsquo;informer<\/li>\n<li>discuter et participer \u00e0 tout<\/li>\n<li>r\u00e9aliser leurs id\u00e9es<\/li>\n<li>r\u00e9aliser leurs d\u00e9sirs<\/li>\n<\/ul>\n<p>Pour cela, les personnes en situation de handicap mental ont besoin<br \/>\nd\u2019informations en facile \u00e0 lire.<br \/>\nPour cela, le site internet propose des informations importantes en facile \u00e0 lire.<\/p>\n<h2>Sur le blog d\u2019insieme : d\u00e9couvrons des r\u00e9cits extra-ordinaires<\/h2>\n<p>Sur notre blog insieme on trouve aussi des informations en facile \u00e0 lire.<br \/>\nCe blog s&rsquo;appelle :<br \/>\n<strong>Blog insieme : r\u00e9cits extra-ordinaires<\/strong><br \/>\nSur ce blog vous trouvez beaucoup de choses diff\u00e9rentes.<br \/>\nOn appelle cela des contenus.<br \/>\nPar exemple :<\/p>\n<ul>\n<li>un texte<\/li>\n<li>une photo<\/li>\n<li>un dessin<\/li>\n<li>une vid\u00e9o<\/li>\n<li>ou encore beaucoup d\u2019autres choses<\/li>\n<\/ul>\n<p>Beaucoup de personnes mettent des contenus sur le blog.<br \/>\nDes contenus sur diff\u00e9rents sujets.<br \/>\nQuelques contenus sont \u00e9crits en facile \u00e0 lire et \u00e0 comprendre.<br \/>\nPour les voir cliquez sur ce lien :<br \/>\n<strong><a href=\"https:\/\/blog.insieme.ch\/fr\/falc\/\" target=\"_blank\" rel=\"noopener\">Articles en FALC<\/a><\/strong><br \/>\nVous voulez aussi apporter un contenu et participer ?<br \/>\nAlors prenez contact avec nous.<br \/>\nPour cela cliquez sur ce lien :<br \/>\n<strong><a href=\"https:\/\/blog.insieme.ch\/fr\/participer-au-blog\/\" target=\"_blank\" rel=\"noopener\">Participer au blog<\/a><\/strong><\/p>\n<\/p><\/div>\n<\/p><\/div>\n<\/p><\/div>\n<\/p><\/div>\n<\/p><\/div>\n<\/p><\/div>\n<\/div>\n<\/div>\n<p><!-- \/flzn:zn_text --><\/p>\n","protected":false},"excerpt":{"rendered":"<p>Ecouter Sur ce site internet vous trouvez des textes en facile \u00e0 lire et \u00e0 comprendre. Le facile \u00e0 lire et \u00e0 comprendre s\u2019appelle aussi le FALC ou le langage [&hellip;]<\/p>\n","protected":false},"author":7,"featured_media":0,"parent":0,"menu_order":116,"comment_status":"closed","ping_status":"closed","template":"","meta":{"_acf_changed":false,"footnotes":""},"class_list":["post-1248","page","type-page","status-publish","hentry","wp-sticky"],"acf":[],"yoast_head":"<!-- This site is optimized with the Yoast SEO plugin v27.4 - https:\/\/yoast.com\/product\/yoast-seo-wordpress\/ -->\n<title>Facile \u00e0 lire et \u00e0 comprendre, site association Suisse FALC<\/title>\n<meta name=\"robots\" content=\"index, follow, max-snippet:-1, max-image-preview:large, max-video-preview:-1\" \/>\n<link rel=\"canonical\" href=\"https:\/\/insieme.ch\/fr\/falc\/\" \/>\n<meta property=\"og:locale\" content=\"fr_FR\" \/>\n<meta property=\"og:type\" content=\"article\" \/>\n<meta property=\"og:title\" content=\"Facile \u00e0 lire et \u00e0 comprendre, site association Suisse FALC\" \/>\n<meta property=\"og:description\" content=\"Ecouter Sur ce site internet vous trouvez des textes en facile \u00e0 lire et \u00e0 comprendre. Le facile \u00e0 lire et \u00e0 comprendre s\u2019appelle aussi le FALC ou le langage [&hellip;]\" \/>\n<meta property=\"og:url\" content=\"https:\/\/insieme.ch\/fr\/falc\/\" \/>\n<meta property=\"og:site_name\" content=\"insieme.ch\" \/>\n<meta property=\"article:modified_time\" content=\"2025-02-25T07:59:57+00:00\" \/>\n<meta property=\"og:image\" content=\"https:\/\/insieme.ch\/wp-inside\/uploads\/2021\/03\/facile-a-lire-425x300.jpg\" \/>\n<meta name=\"twitter:card\" content=\"summary_large_image\" \/>\n<meta name=\"twitter:label1\" content=\"Dur\u00e9e de lecture estim\u00e9e\" \/>\n\t<meta name=\"twitter:data1\" content=\"3 minutes\" \/>\n<script type=\"application\/ld+json\" class=\"yoast-schema-graph\">{\"@context\":\"https:\\\/\\\/schema.org\",\"@graph\":[{\"@type\":\"WebPage\",\"@id\":\"https:\\\/\\\/insieme.ch\\\/fr\\\/falc\\\/\",\"url\":\"https:\\\/\\\/insieme.ch\\\/fr\\\/falc\\\/\",\"name\":\"Facile \u00e0 lire et \u00e0 comprendre, site association Suisse FALC\",\"isPartOf\":{\"@id\":\"https:\\\/\\\/insieme.ch\\\/fr\\\/#website\"},\"primaryImageOfPage\":{\"@id\":\"https:\\\/\\\/insieme.ch\\\/fr\\\/falc\\\/#primaryimage\"},\"image\":{\"@id\":\"https:\\\/\\\/insieme.ch\\\/fr\\\/falc\\\/#primaryimage\"},\"thumbnailUrl\":\"https:\\\/\\\/insieme.ch\\\/wp-inside\\\/uploads\\\/2021\\\/03\\\/facile-a-lire-425x300.jpg\",\"datePublished\":\"2021-02-19T09:04:34+00:00\",\"dateModified\":\"2025-02-25T07:59:57+00:00\",\"breadcrumb\":{\"@id\":\"https:\\\/\\\/insieme.ch\\\/fr\\\/falc\\\/#breadcrumb\"},\"inLanguage\":\"fr-FR\",\"potentialAction\":[{\"@type\":\"ReadAction\",\"target\":[\"https:\\\/\\\/insieme.ch\\\/fr\\\/falc\\\/\"]}]},{\"@type\":\"ImageObject\",\"inLanguage\":\"fr-FR\",\"@id\":\"https:\\\/\\\/insieme.ch\\\/fr\\\/falc\\\/#primaryimage\",\"url\":\"https:\\\/\\\/insieme.ch\\\/wp-inside\\\/uploads\\\/2021\\\/03\\\/facile-a-lire-425x300.jpg\",\"contentUrl\":\"https:\\\/\\\/insieme.ch\\\/wp-inside\\\/uploads\\\/2021\\\/03\\\/facile-a-lire-425x300.jpg\"},{\"@type\":\"BreadcrumbList\",\"@id\":\"https:\\\/\\\/insieme.ch\\\/fr\\\/falc\\\/#breadcrumb\",\"itemListElement\":[{\"@type\":\"ListItem\",\"position\":1,\"name\":\"Accueil\",\"item\":\"https:\\\/\\\/insieme.ch\\\/fr\\\/\"},{\"@type\":\"ListItem\",\"position\":2,\"name\":\"Facile \u00e0 lire\"}]},{\"@type\":\"WebSite\",\"@id\":\"https:\\\/\\\/insieme.ch\\\/fr\\\/#website\",\"url\":\"https:\\\/\\\/insieme.ch\\\/fr\\\/\",\"name\":\"insieme.ch\",\"description\":\"\",\"publisher\":{\"@id\":\"https:\\\/\\\/insieme.ch\\\/fr\\\/#organization\"},\"potentialAction\":[{\"@type\":\"SearchAction\",\"target\":{\"@type\":\"EntryPoint\",\"urlTemplate\":\"https:\\\/\\\/insieme.ch\\\/fr\\\/?s={search_term_string}\"},\"query-input\":{\"@type\":\"PropertyValueSpecification\",\"valueRequired\":true,\"valueName\":\"search_term_string\"}}],\"inLanguage\":\"fr-FR\"},{\"@type\":\"Organization\",\"@id\":\"https:\\\/\\\/insieme.ch\\\/fr\\\/#organization\",\"name\":\"insieme\",\"url\":\"https:\\\/\\\/insieme.ch\\\/fr\\\/\",\"logo\":{\"@type\":\"ImageObject\",\"inLanguage\":\"fr-FR\",\"@id\":\"https:\\\/\\\/insieme.ch\\\/fr\\\/#\\\/schema\\\/logo\\\/image\\\/\",\"url\":\"https:\\\/\\\/insieme.ch\\\/wp-inside\\\/uploads\\\/2021\\\/03\\\/logo-insieme.jpg\",\"contentUrl\":\"https:\\\/\\\/insieme.ch\\\/wp-inside\\\/uploads\\\/2021\\\/03\\\/logo-insieme.jpg\",\"width\":250,\"height\":250,\"caption\":\"insieme\"},\"image\":{\"@id\":\"https:\\\/\\\/insieme.ch\\\/fr\\\/#\\\/schema\\\/logo\\\/image\\\/\"}}]}<\/script>\n<!-- \/ Yoast SEO plugin. -->","yoast_head_json":{"title":"Facile \u00e0 lire et \u00e0 comprendre, site association Suisse FALC","robots":{"index":"index","follow":"follow","max-snippet":"max-snippet:-1","max-image-preview":"max-image-preview:large","max-video-preview":"max-video-preview:-1"},"canonical":"https:\/\/insieme.ch\/fr\/falc\/","og_locale":"fr_FR","og_type":"article","og_title":"Facile \u00e0 lire et \u00e0 comprendre, site association Suisse FALC","og_description":"Ecouter Sur ce site internet vous trouvez des textes en facile \u00e0 lire et \u00e0 comprendre. Le facile \u00e0 lire et \u00e0 comprendre s\u2019appelle aussi le FALC ou le langage [&hellip;]","og_url":"https:\/\/insieme.ch\/fr\/falc\/","og_site_name":"insieme.ch","article_modified_time":"2025-02-25T07:59:57+00:00","og_image":[{"url":"https:\/\/insieme.ch\/wp-inside\/uploads\/2021\/03\/facile-a-lire-425x300.jpg","type":"","width":"","height":""}],"twitter_card":"summary_large_image","twitter_misc":{"Dur\u00e9e de lecture estim\u00e9e":"3 minutes"},"schema":{"@context":"https:\/\/schema.org","@graph":[{"@type":"WebPage","@id":"https:\/\/insieme.ch\/fr\/falc\/","url":"https:\/\/insieme.ch\/fr\/falc\/","name":"Facile \u00e0 lire et \u00e0 comprendre, site association Suisse FALC","isPartOf":{"@id":"https:\/\/insieme.ch\/fr\/#website"},"primaryImageOfPage":{"@id":"https:\/\/insieme.ch\/fr\/falc\/#primaryimage"},"image":{"@id":"https:\/\/insieme.ch\/fr\/falc\/#primaryimage"},"thumbnailUrl":"https:\/\/insieme.ch\/wp-inside\/uploads\/2021\/03\/facile-a-lire-425x300.jpg","datePublished":"2021-02-19T09:04:34+00:00","dateModified":"2025-02-25T07:59:57+00:00","breadcrumb":{"@id":"https:\/\/insieme.ch\/fr\/falc\/#breadcrumb"},"inLanguage":"fr-FR","potentialAction":[{"@type":"ReadAction","target":["https:\/\/insieme.ch\/fr\/falc\/"]}]},{"@type":"ImageObject","inLanguage":"fr-FR","@id":"https:\/\/insieme.ch\/fr\/falc\/#primaryimage","url":"https:\/\/insieme.ch\/wp-inside\/uploads\/2021\/03\/facile-a-lire-425x300.jpg","contentUrl":"https:\/\/insieme.ch\/wp-inside\/uploads\/2021\/03\/facile-a-lire-425x300.jpg"},{"@type":"BreadcrumbList","@id":"https:\/\/insieme.ch\/fr\/falc\/#breadcrumb","itemListElement":[{"@type":"ListItem","position":1,"name":"Accueil","item":"https:\/\/insieme.ch\/fr\/"},{"@type":"ListItem","position":2,"name":"Facile \u00e0 lire"}]},{"@type":"WebSite","@id":"https:\/\/insieme.ch\/fr\/#website","url":"https:\/\/insieme.ch\/fr\/","name":"insieme.ch","description":"","publisher":{"@id":"https:\/\/insieme.ch\/fr\/#organization"},"potentialAction":[{"@type":"SearchAction","target":{"@type":"EntryPoint","urlTemplate":"https:\/\/insieme.ch\/fr\/?s={search_term_string}"},"query-input":{"@type":"PropertyValueSpecification","valueRequired":true,"valueName":"search_term_string"}}],"inLanguage":"fr-FR"},{"@type":"Organization","@id":"https:\/\/insieme.ch\/fr\/#organization","name":"insieme","url":"https:\/\/insieme.ch\/fr\/","logo":{"@type":"ImageObject","inLanguage":"fr-FR","@id":"https:\/\/insieme.ch\/fr\/#\/schema\/logo\/image\/","url":"https:\/\/insieme.ch\/wp-inside\/uploads\/2021\/03\/logo-insieme.jpg","contentUrl":"https:\/\/insieme.ch\/wp-inside\/uploads\/2021\/03\/logo-insieme.jpg","width":250,"height":250,"caption":"insieme"},"image":{"@id":"https:\/\/insieme.ch\/fr\/#\/schema\/logo\/image\/"}}]}},"_links":{"self":[{"href":"https:\/\/insieme.ch\/fr\/wp-json\/wp\/v2\/pages\/1248","targetHints":{"allow":["GET"]}}],"collection":[{"href":"https:\/\/insieme.ch\/fr\/wp-json\/wp\/v2\/pages"}],"about":[{"href":"https:\/\/insieme.ch\/fr\/wp-json\/wp\/v2\/types\/page"}],"author":[{"embeddable":true,"href":"https:\/\/insieme.ch\/fr\/wp-json\/wp\/v2\/users\/7"}],"replies":[{"embeddable":true,"href":"https:\/\/insieme.ch\/fr\/wp-json\/wp\/v2\/comments?post=1248"}],"version-history":[{"count":9,"href":"https:\/\/insieme.ch\/fr\/wp-json\/wp\/v2\/pages\/1248\/revisions"}],"predecessor-version":[{"id":19172,"href":"https:\/\/insieme.ch\/fr\/wp-json\/wp\/v2\/pages\/1248\/revisions\/19172"}],"wp:attachment":[{"href":"https:\/\/insieme.ch\/fr\/wp-json\/wp\/v2\/media?parent=1248"}],"curies":[{"name":"wp","href":"https:\/\/api.w.org\/{rel}","templated":true}]}}