{"id":1129,"date":"2021-02-17T12:33:20","date_gmt":"2021-02-17T11:33:20","guid":{"rendered":"https:\/\/insieme.ch?page_id=1129"},"modified":"2025-02-25T08:59:54","modified_gmt":"2025-02-25T07:59:54","slug":"a-propos-de-la-fonction-ecouter-readspeaker-webreader","status":"publish","type":"page","link":"https:\/\/insieme.ch\/fr\/a-propos-de-la-fonction-ecouter-readspeaker-webreader\/","title":{"rendered":"\u00c0 propos de la fonction Ecouter&#160;: ReadSpeaker webReader"},"content":{"rendered":"<p><!-- flzn:zn_pagebanner --><\/p>\n<header id=\"flzn-pagebanner-1\" class=\"zone zn-pagebanner with-bg bg-color\"><span class=\"zone-bg bg-color bgc-gray alignfull\"><\/span><\/p>\n<div class=\"zone-block zn-pagebanner-block alignwide va-center\"><\/div>\n<\/header>\n<p><!-- \/flzn:zn_pagebanner --><br \/>\n<!-- flzn:zn_text --><\/p>\n<div id=\"flzn-text-1\" class=\"zone zn-text\">\n<div class=\"zone-block zn-text-block va-top\">\n<div class=\"row mw-content-zone  type-style aucun\">\n<div class=\"columns large-12\">\n<div class=\"row large-up-1 with-nice-alignment nbloc-1\">\n<div class=\"column zn-text-col\">\n<div class=\"column-inner\">\n<div class=\"wig-content mw-content\">\n<p>Avec ReadSpeaker webReader, les contenus en ligne sont lus \u00e0 haute voix. Un seul clic suffit pour que le texte soit simultan\u00e9ment lu \u00e0 haute voix et mis en surbrillance de fa\u00e7on \u00e0 suivre plus facilement la lecture, quel que soit le terminal que vous utilisez et o\u00f9 que vous vous trouviez. Le contenu est plus accessible, et le parcourir devient une exp\u00e9rience plus enrichissante. En tant qu\u2019utilisateur, vous n\u2019avez rien \u00e0 t\u00e9l\u00e9charger.<\/p>\n<h3>Comment \u00e7a marche&#160;?<\/h3>\n<p>Activez ReadSpeaker webReader en cliquant sur le bouton Ecouter.<\/p>\n<p><img decoding=\"async\" loading=\"lazy\" class=\"alignnone size-full wp-image-1125\" src=\"https:\/\/insieme.ch\/wp-inside\/uploads\/2021\/02\/wr_listen_fr.png\" alt=\"\" width=\"144\" height=\"33\" \/><\/p>\n<p>Avec ReadSpeaker webReader vous pouvez \u00e9galement&#160;:<\/p>\n<ul>\n<li>S\u00e9lectionnez un texte et cliquez sur le bouton \u00c9couter qui s\u2019affiche dans le menu contextuel pour d\u00e9clencher la lecture<\/li>\n<li>Survoler un paragraphe et le faire lire automatiquement \u00e0 haute voix<\/li>\n<li>Acc\u00e9der \u00e0 une version \u00e9pur\u00e9e de la page et s\u00e9lectionner la police, la taille et la couleur du texte lu<\/li>\n<li>T\u00e9l\u00e9charger une version audio du contenu consult\u00e9 pour l\u2019\u00e9couter plus tard en mode hors-ligne<\/li>\n<li>Traduire un texte s\u00e9lectionn\u00e9 dans diff\u00e9rentes langues, et le faire lire dans la langue choisie<\/li>\n<li>Personnaliser la vitesse de lecture, les couleurs de surbrillance et d\u2019autres param\u00e8tres<\/li>\n<li>Activer la visibilit\u00e9 du texte renforc\u00e9e afin de pouvoir agrandir le texte lu dans une cartouche en bas de page<\/li>\n<li>S\u00e9lectionner un mot et rechercher sa d\u00e9finition dans le dictionnaire<\/li>\n<\/ul>\n<p>Vous trouverez dans l\u2019outil Aide de la barre d\u2019outils des instructions claires et d\u00e9taill\u00e9es sur la fa\u00e7on d\u2019utiliser chaque fonctionnalit\u00e9 de webReader&#160;!<\/p>\n<p><img decoding=\"async\" loading=\"lazy\" class=\"alignnone size-full wp-image-1127\" src=\"https:\/\/insieme.ch\/wp-inside\/uploads\/2021\/02\/wr_toolbox_fr.png\" alt=\"\" width=\"281\" height=\"97\" srcset=\"https:\/\/insieme.ch\/wp-inside\/uploads\/2021\/02\/wr_toolbox_fr.png 281w, https:\/\/insieme.ch\/wp-inside\/uploads\/2021\/02\/wr_toolbox_fr-195x67.png 195w\" sizes=\"auto, (max-width: 281px) 100vw, 281px\" \/><\/p>\n<h3>Navigation par le clavier<\/h3>\n<p>webReader peut \u00eatre activ\u00e9, c\u2019est-\u00e0-dire que le bouton \u00c9coutez peut \u00eatre mis en \u00e9vidence, avec la touche d\u2019acc\u00e8s \u00ab&#160;K&#160;\u00bb. La touche d\u2019acc\u00e8s \u00ab&#160;L&#160;\u00bb met le lecteur audio en \u00e9vidence et d\u00e9marre la lecture. De nombreux outils et fonctionnalit\u00e9s webReader disposent \u00e9galement d\u2019une touche d\u2019acc\u00e8s d\u00e9di\u00e9e. Les touches d\u2019acc\u00e8s sont activ\u00e9es gr\u00e2ce \u00e0 des touches modificateurs, qui varient selon le navigateur et le syst\u00e8me d\u2019exploitation utilis\u00e9s&#160;: voir\u00a0<a href=\"https:\/\/en.wikipedia.org\/wiki\/Access_key\">https:\/\/en.wikipedia.org\/wiki\/Access_key<\/a>. (lien vers une page en anglais).<\/p>\n<p>\u00c0 l\u2019int\u00e9rieur du lecteur audio, c\u2019est-\u00e0- dire lorsque l\u2019utilisateur a mis le lecteur audio en \u00e9vidence, la combinaison de touches tab\/shift+tab peut \u00eatre utilis\u00e9e pour naviguer, et la touche \u00ab&#160;Entr\u00e9e&#160;\u00bb pour activer un bouton ou une option en particulier.<\/p>\n<ul>\n<li>Mettre le bouton Ecouter en \u00e9vidence&#160;: Modificateurs + K<\/li>\n<li>Activer le lecteur WebReader&#160;: Modificateurs + L<\/li>\n<li>Ouvrir\/Fermer la barre d&rsquo;outils&#160;: Modificateurs + 1<\/li>\n<li>Ouvrir la rubrique Aide&#160;: Modificateurs + I<\/li>\n<li>Autres raccourcis clavier&#160;: Voir rubrique Aide<\/li>\n<\/ul>\n<h3>Cookies<\/h3>\n<p>L\u2019utilisation de webReader est optimis\u00e9e lorsque les cookies sont activ\u00e9s car ils permettent de sauvegarder les param\u00e8tres personnels de l\u2019utilisateur entre deux sessions.<\/p>\n<h3>Compatibilit\u00e9<\/h3>\n<p>webReader est une solution qui fonctionne sur&#160;:<\/p>\n<ul>\n<li>Tous les terminaux couramment utilis\u00e9s&#160;: PC, ordinateur portable, Chromebook, tablette, smartphone etc.<\/li>\n<li>Tous les principaux syst\u00e8mes d\u2019exploitation&#160;: Windows, Chrome, Android, iOS, macOS etc.<\/li>\n<li>Tous les principaux navigateurs Web&#160;:\n<ul>\n<li>pour les PC et les ordinateurs portables&#160;: IE7+, Edge, Chrome, Firefox et Safari<\/li>\n<li>pour les appareils mobiles&#160;: Safari et Chrome sur les appareils IOS, Chrome sur les appareils Android, Chrome et Edge sur les Windows Phone<\/li>\n<\/ul>\n<\/li>\n<\/ul>\n<p>Pour en savoir plus sur ReadSpeaker, rendez-vous sur\u00a0<a href=\"http:\/\/www.readspeaker.com\/\" target=\"_blank\" rel=\"noopener\">www.readspeaker.com<\/a><\/p>\n<\/p><\/div>\n<\/p><\/div>\n<\/p><\/div>\n<\/p><\/div>\n<\/p><\/div>\n<\/p><\/div>\n<\/div>\n<\/div>\n<p><!-- \/flzn:zn_text --><\/p>\n","protected":false},"excerpt":{"rendered":"<p>Avec ReadSpeaker webReader, les contenus en ligne sont lus \u00e0 haute voix. Un seul clic suffit pour que le texte soit simultan\u00e9ment lu \u00e0 haute voix et mis en surbrillance [&hellip;]<\/p>\n","protected":false},"author":7,"featured_media":0,"parent":0,"menu_order":109,"comment_status":"closed","ping_status":"closed","template":"","meta":{"_acf_changed":false,"footnotes":""},"class_list":["post-1129","page","type-page","status-publish","hentry","wp-sticky"],"acf":[],"yoast_head":"<!-- This site is optimized with the Yoast SEO plugin v27.3 - https:\/\/yoast.com\/product\/yoast-seo-wordpress\/ -->\n<title>\u00c0 propos de la fonction Ecouter : ReadSpeaker webReader<\/title>\n<meta name=\"robots\" content=\"index, follow, max-snippet:-1, max-image-preview:large, max-video-preview:-1\" \/>\n<link rel=\"canonical\" href=\"https:\/\/insieme.ch\/fr\/a-propos-de-la-fonction-ecouter-readspeaker-webreader\/\" \/>\n<meta property=\"og:locale\" content=\"fr_FR\" \/>\n<meta property=\"og:type\" content=\"article\" \/>\n<meta property=\"og:title\" content=\"\u00c0 propos de la fonction Ecouter : ReadSpeaker webReader\" \/>\n<meta property=\"og:description\" content=\"Avec ReadSpeaker webReader, les contenus en ligne sont lus \u00e0 haute voix. Un seul clic suffit pour que le texte soit simultan\u00e9ment lu \u00e0 haute voix et mis en surbrillance [&hellip;]\" \/>\n<meta property=\"og:url\" content=\"https:\/\/insieme.ch\/fr\/a-propos-de-la-fonction-ecouter-readspeaker-webreader\/\" \/>\n<meta property=\"og:site_name\" content=\"insieme.ch\" \/>\n<meta property=\"article:modified_time\" content=\"2025-02-25T07:59:54+00:00\" \/>\n<meta property=\"og:image\" content=\"https:\/\/insieme.ch\/wp-inside\/uploads\/2021\/02\/wr_listen_fr.png\" \/>\n\t<meta property=\"og:image:width\" content=\"144\" \/>\n\t<meta property=\"og:image:height\" content=\"33\" \/>\n\t<meta property=\"og:image:type\" content=\"image\/png\" \/>\n<meta name=\"twitter:card\" content=\"summary_large_image\" \/>\n<meta name=\"twitter:label1\" content=\"Dur\u00e9e de lecture estim\u00e9e\" \/>\n\t<meta name=\"twitter:data1\" content=\"3 minutes\" \/>\n<script type=\"application\/ld+json\" class=\"yoast-schema-graph\">{\"@context\":\"https:\\\/\\\/schema.org\",\"@graph\":[{\"@type\":\"WebPage\",\"@id\":\"https:\\\/\\\/insieme.ch\\\/fr\\\/a-propos-de-la-fonction-ecouter-readspeaker-webreader\\\/\",\"url\":\"https:\\\/\\\/insieme.ch\\\/fr\\\/a-propos-de-la-fonction-ecouter-readspeaker-webreader\\\/\",\"name\":\"\u00c0 propos de la fonction Ecouter : ReadSpeaker webReader\",\"isPartOf\":{\"@id\":\"https:\\\/\\\/insieme.ch\\\/fr\\\/#website\"},\"primaryImageOfPage\":{\"@id\":\"https:\\\/\\\/insieme.ch\\\/fr\\\/a-propos-de-la-fonction-ecouter-readspeaker-webreader\\\/#primaryimage\"},\"image\":{\"@id\":\"https:\\\/\\\/insieme.ch\\\/fr\\\/a-propos-de-la-fonction-ecouter-readspeaker-webreader\\\/#primaryimage\"},\"thumbnailUrl\":\"https:\\\/\\\/insieme.ch\\\/wp-inside\\\/uploads\\\/2021\\\/02\\\/wr_listen_fr.png\",\"datePublished\":\"2021-02-17T11:33:20+00:00\",\"dateModified\":\"2025-02-25T07:59:54+00:00\",\"breadcrumb\":{\"@id\":\"https:\\\/\\\/insieme.ch\\\/fr\\\/a-propos-de-la-fonction-ecouter-readspeaker-webreader\\\/#breadcrumb\"},\"inLanguage\":\"fr-FR\",\"potentialAction\":[{\"@type\":\"ReadAction\",\"target\":[\"https:\\\/\\\/insieme.ch\\\/fr\\\/a-propos-de-la-fonction-ecouter-readspeaker-webreader\\\/\"]}]},{\"@type\":\"ImageObject\",\"inLanguage\":\"fr-FR\",\"@id\":\"https:\\\/\\\/insieme.ch\\\/fr\\\/a-propos-de-la-fonction-ecouter-readspeaker-webreader\\\/#primaryimage\",\"url\":\"https:\\\/\\\/insieme.ch\\\/wp-inside\\\/uploads\\\/2021\\\/02\\\/wr_listen_fr.png\",\"contentUrl\":\"https:\\\/\\\/insieme.ch\\\/wp-inside\\\/uploads\\\/2021\\\/02\\\/wr_listen_fr.png\"},{\"@type\":\"BreadcrumbList\",\"@id\":\"https:\\\/\\\/insieme.ch\\\/fr\\\/a-propos-de-la-fonction-ecouter-readspeaker-webreader\\\/#breadcrumb\",\"itemListElement\":[{\"@type\":\"ListItem\",\"position\":1,\"name\":\"Accueil\",\"item\":\"https:\\\/\\\/insieme.ch\\\/fr\\\/\"},{\"@type\":\"ListItem\",\"position\":2,\"name\":\"\u00c0 propos de la fonction Ecouter : ReadSpeaker webReader\"}]},{\"@type\":\"WebSite\",\"@id\":\"https:\\\/\\\/insieme.ch\\\/fr\\\/#website\",\"url\":\"https:\\\/\\\/insieme.ch\\\/fr\\\/\",\"name\":\"insieme.ch\",\"description\":\"\",\"publisher\":{\"@id\":\"https:\\\/\\\/insieme.ch\\\/fr\\\/#organization\"},\"potentialAction\":[{\"@type\":\"SearchAction\",\"target\":{\"@type\":\"EntryPoint\",\"urlTemplate\":\"https:\\\/\\\/insieme.ch\\\/fr\\\/?s={search_term_string}\"},\"query-input\":{\"@type\":\"PropertyValueSpecification\",\"valueRequired\":true,\"valueName\":\"search_term_string\"}}],\"inLanguage\":\"fr-FR\"},{\"@type\":\"Organization\",\"@id\":\"https:\\\/\\\/insieme.ch\\\/fr\\\/#organization\",\"name\":\"insieme\",\"url\":\"https:\\\/\\\/insieme.ch\\\/fr\\\/\",\"logo\":{\"@type\":\"ImageObject\",\"inLanguage\":\"fr-FR\",\"@id\":\"https:\\\/\\\/insieme.ch\\\/fr\\\/#\\\/schema\\\/logo\\\/image\\\/\",\"url\":\"https:\\\/\\\/insieme.ch\\\/wp-inside\\\/uploads\\\/2021\\\/03\\\/logo-insieme.jpg\",\"contentUrl\":\"https:\\\/\\\/insieme.ch\\\/wp-inside\\\/uploads\\\/2021\\\/03\\\/logo-insieme.jpg\",\"width\":250,\"height\":250,\"caption\":\"insieme\"},\"image\":{\"@id\":\"https:\\\/\\\/insieme.ch\\\/fr\\\/#\\\/schema\\\/logo\\\/image\\\/\"}}]}<\/script>\n<!-- \/ Yoast SEO plugin. -->","yoast_head_json":{"title":"\u00c0 propos de la fonction Ecouter : ReadSpeaker webReader","robots":{"index":"index","follow":"follow","max-snippet":"max-snippet:-1","max-image-preview":"max-image-preview:large","max-video-preview":"max-video-preview:-1"},"canonical":"https:\/\/insieme.ch\/fr\/a-propos-de-la-fonction-ecouter-readspeaker-webreader\/","og_locale":"fr_FR","og_type":"article","og_title":"\u00c0 propos de la fonction Ecouter : ReadSpeaker webReader","og_description":"Avec ReadSpeaker webReader, les contenus en ligne sont lus \u00e0 haute voix. Un seul clic suffit pour que le texte soit simultan\u00e9ment lu \u00e0 haute voix et mis en surbrillance [&hellip;]","og_url":"https:\/\/insieme.ch\/fr\/a-propos-de-la-fonction-ecouter-readspeaker-webreader\/","og_site_name":"insieme.ch","article_modified_time":"2025-02-25T07:59:54+00:00","og_image":[{"width":144,"height":33,"url":"https:\/\/insieme.ch\/wp-inside\/uploads\/2021\/02\/wr_listen_fr.png","type":"image\/png"}],"twitter_card":"summary_large_image","twitter_misc":{"Dur\u00e9e de lecture estim\u00e9e":"3 minutes"},"schema":{"@context":"https:\/\/schema.org","@graph":[{"@type":"WebPage","@id":"https:\/\/insieme.ch\/fr\/a-propos-de-la-fonction-ecouter-readspeaker-webreader\/","url":"https:\/\/insieme.ch\/fr\/a-propos-de-la-fonction-ecouter-readspeaker-webreader\/","name":"\u00c0 propos de la fonction Ecouter : ReadSpeaker webReader","isPartOf":{"@id":"https:\/\/insieme.ch\/fr\/#website"},"primaryImageOfPage":{"@id":"https:\/\/insieme.ch\/fr\/a-propos-de-la-fonction-ecouter-readspeaker-webreader\/#primaryimage"},"image":{"@id":"https:\/\/insieme.ch\/fr\/a-propos-de-la-fonction-ecouter-readspeaker-webreader\/#primaryimage"},"thumbnailUrl":"https:\/\/insieme.ch\/wp-inside\/uploads\/2021\/02\/wr_listen_fr.png","datePublished":"2021-02-17T11:33:20+00:00","dateModified":"2025-02-25T07:59:54+00:00","breadcrumb":{"@id":"https:\/\/insieme.ch\/fr\/a-propos-de-la-fonction-ecouter-readspeaker-webreader\/#breadcrumb"},"inLanguage":"fr-FR","potentialAction":[{"@type":"ReadAction","target":["https:\/\/insieme.ch\/fr\/a-propos-de-la-fonction-ecouter-readspeaker-webreader\/"]}]},{"@type":"ImageObject","inLanguage":"fr-FR","@id":"https:\/\/insieme.ch\/fr\/a-propos-de-la-fonction-ecouter-readspeaker-webreader\/#primaryimage","url":"https:\/\/insieme.ch\/wp-inside\/uploads\/2021\/02\/wr_listen_fr.png","contentUrl":"https:\/\/insieme.ch\/wp-inside\/uploads\/2021\/02\/wr_listen_fr.png"},{"@type":"BreadcrumbList","@id":"https:\/\/insieme.ch\/fr\/a-propos-de-la-fonction-ecouter-readspeaker-webreader\/#breadcrumb","itemListElement":[{"@type":"ListItem","position":1,"name":"Accueil","item":"https:\/\/insieme.ch\/fr\/"},{"@type":"ListItem","position":2,"name":"\u00c0 propos de la fonction Ecouter : ReadSpeaker webReader"}]},{"@type":"WebSite","@id":"https:\/\/insieme.ch\/fr\/#website","url":"https:\/\/insieme.ch\/fr\/","name":"insieme.ch","description":"","publisher":{"@id":"https:\/\/insieme.ch\/fr\/#organization"},"potentialAction":[{"@type":"SearchAction","target":{"@type":"EntryPoint","urlTemplate":"https:\/\/insieme.ch\/fr\/?s={search_term_string}"},"query-input":{"@type":"PropertyValueSpecification","valueRequired":true,"valueName":"search_term_string"}}],"inLanguage":"fr-FR"},{"@type":"Organization","@id":"https:\/\/insieme.ch\/fr\/#organization","name":"insieme","url":"https:\/\/insieme.ch\/fr\/","logo":{"@type":"ImageObject","inLanguage":"fr-FR","@id":"https:\/\/insieme.ch\/fr\/#\/schema\/logo\/image\/","url":"https:\/\/insieme.ch\/wp-inside\/uploads\/2021\/03\/logo-insieme.jpg","contentUrl":"https:\/\/insieme.ch\/wp-inside\/uploads\/2021\/03\/logo-insieme.jpg","width":250,"height":250,"caption":"insieme"},"image":{"@id":"https:\/\/insieme.ch\/fr\/#\/schema\/logo\/image\/"}}]}},"_links":{"self":[{"href":"https:\/\/insieme.ch\/fr\/wp-json\/wp\/v2\/pages\/1129","targetHints":{"allow":["GET"]}}],"collection":[{"href":"https:\/\/insieme.ch\/fr\/wp-json\/wp\/v2\/pages"}],"about":[{"href":"https:\/\/insieme.ch\/fr\/wp-json\/wp\/v2\/types\/page"}],"author":[{"embeddable":true,"href":"https:\/\/insieme.ch\/fr\/wp-json\/wp\/v2\/users\/7"}],"replies":[{"embeddable":true,"href":"https:\/\/insieme.ch\/fr\/wp-json\/wp\/v2\/comments?post=1129"}],"version-history":[{"count":5,"href":"https:\/\/insieme.ch\/fr\/wp-json\/wp\/v2\/pages\/1129\/revisions"}],"predecessor-version":[{"id":1596,"href":"https:\/\/insieme.ch\/fr\/wp-json\/wp\/v2\/pages\/1129\/revisions\/1596"}],"wp:attachment":[{"href":"https:\/\/insieme.ch\/fr\/wp-json\/wp\/v2\/media?parent=1129"}],"curies":[{"name":"wp","href":"https:\/\/api.w.org\/{rel}","templated":true}]}}